
{"id":7349,"date":"2019-07-05T12:10:26","date_gmt":"2019-07-05T10:10:26","guid":{"rendered":"http:\/\/www.comercialanma.es\/?post_type=product&#038;p=7349"},"modified":"2019-07-05T12:14:44","modified_gmt":"2019-07-05T10:14:44","slug":"ginebra-ginraw-barcelona-70cl","status":"publish","type":"product","link":"https:\/\/www.comercialanma.es\/?product=ginebra-ginraw-barcelona-70cl","title":{"rendered":"Ginebra Ginraw Barcelona 70cl."},"content":{"rendered":"<p>Esta ginebra pretende captar la esencia de la ciudad de Barcelona y colocarse a la altura de su gastronom\u00eda m\u00e1s reputada. Forman parte de ella bot\u00e1nicos como el lim\u00f3n, el cedro, la hoja de lima kaffir, lim\u00f3n, laurel, cardamomo negro y semillas de cilantro, con el indispensable enebro proporcionando un resultado delicado con una baja sensaci\u00f3n alcoholica. El resultado es una ginebra delicada y perfumada de profunda fragancia a c\u00edtricos, flores y hierbas frescas y una boca amable donde aparecen ligeras notas especiadas, saladas y ahumadas. Elaborada en peque\u00f1os y limitados lotes, la destilaci\u00f3n se elabora de una forma doble, haci\u00e9ndose por un lado la del enebro mediante el m\u00e9todo tradicional en alambique de cobre y la de los bot\u00e1nicos mediante un sistema de destilaci\u00f3n a baja temperatura empleado en gastronom\u00eda.<\/p>\n","protected":false},"excerpt":{"rendered":"<p>La Gin Raw es una gastronomic gin, elaborada mediante una combinaci\u00f3n de sistemas tradicionales y las \u00faltimas t\u00e9cnicas gastron\u00f3micas. La Gin Raw ha sido elaborada por un chef (Xano Saguer del Espai Sucre), un sumiller (Sergi Figueres), un mix\u00f3logo (Javier Caballero) y un perfumista (Rossend Mateu) y Montse Mascar\u00f3.<\/p>\n","protected":false},"featured_media":7350,"template":"","meta":{"spay_email":""},"yoast_head":"<!-- This site is optimized with the Yoast SEO plugin v15.9 - https:\/\/yoast.com\/wordpress\/plugins\/seo\/ -->\n<title>Ginebra Ginraw Barcelona 70cl. - Comercial de Hosteleria Anma<\/title>\n<meta name=\"robots\" content=\"index, follow, max-snippet:-1, max-image-preview:large, max-video-preview:-1\" \/>\n<link rel=\"canonical\" href=\"https:\/\/www.comercialanma.es\/?product=ginebra-ginraw-barcelona-70cl\" \/>\n<meta property=\"og:locale\" content=\"es_ES\" \/>\n<meta property=\"og:type\" content=\"article\" \/>\n<meta property=\"og:title\" content=\"Ginebra Ginraw Barcelona 70cl. - Comercial de Hosteleria Anma\" \/>\n<meta property=\"og:description\" content=\"La Gin Raw es una gastronomic gin, elaborada mediante una combinaci\u00f3n de sistemas tradicionales y las \u00faltimas t\u00e9cnicas gastron\u00f3micas. La Gin Raw ha sido elaborada por un chef (Xano Saguer del Espai Sucre), un sumiller (Sergi Figueres), un mix\u00f3logo (Javier Caballero) y un perfumista (Rossend Mateu) y Montse Mascar\u00f3.\" \/>\n<meta property=\"og:url\" content=\"https:\/\/www.comercialanma.es\/?product=ginebra-ginraw-barcelona-70cl\" \/>\n<meta property=\"og:site_name\" content=\"Comercial de Hosteleria Anma\" \/>\n<meta property=\"article:publisher\" content=\"https:\/\/www.facebook.com\/AnmaHosteleria\" \/>\n<meta property=\"article:modified_time\" content=\"2019-07-05T10:14:44+00:00\" \/>\n<meta property=\"og:image\" content=\"https:\/\/i2.wp.com\/www.comercialanma.es\/wp-content\/uploads\/2019\/07\/Ginraw-Barcelona.jpg?fit=1200%2C1200&#038;ssl=1\" \/>\n\t<meta property=\"og:image:width\" content=\"1200\" \/>\n\t<meta property=\"og:image:height\" content=\"1200\" \/>\n<meta name=\"twitter:card\" content=\"summary_large_image\" \/>\n<meta name=\"twitter:label1\" content=\"Tiempo de lectura\">\n\t<meta name=\"twitter:data1\" content=\"1 minuto\">\n<script type=\"application\/ld+json\" class=\"yoast-schema-graph\">{\"@context\":\"https:\/\/schema.org\",\"@graph\":[{\"@type\":\"Organization\",\"@id\":\"https:\/\/www.comercialanma.es\/#organization\",\"name\":\"Comercial Anma\",\"url\":\"https:\/\/www.comercialanma.es\/\",\"sameAs\":[\"https:\/\/www.facebook.com\/AnmaHosteleria\",\"https:\/\/www.instagram.com\/anmahosteleria\/?hl=es\",\"https:\/\/www.youtube.com\/channel\/UCT2nmn08Ntks0hmpZPnDgCA\"],\"logo\":{\"@type\":\"ImageObject\",\"@id\":\"https:\/\/www.comercialanma.es\/#logo\",\"inLanguage\":\"es\",\"url\":\"https:\/\/i2.wp.com\/www.comercialanma.es\/wp-content\/uploads\/2019\/06\/logo-anma-color.png?fit=247%2C101&ssl=1\",\"width\":247,\"height\":101,\"caption\":\"Comercial Anma\"},\"image\":{\"@id\":\"https:\/\/www.comercialanma.es\/#logo\"}},{\"@type\":\"WebSite\",\"@id\":\"https:\/\/www.comercialanma.es\/#website\",\"url\":\"https:\/\/www.comercialanma.es\/\",\"name\":\"Comercial de Hosteleria Anma\",\"description\":\"\",\"publisher\":{\"@id\":\"https:\/\/www.comercialanma.es\/#organization\"},\"potentialAction\":[{\"@type\":\"SearchAction\",\"target\":\"https:\/\/www.comercialanma.es\/?s={search_term_string}\",\"query-input\":\"required name=search_term_string\"}],\"inLanguage\":\"es\"},{\"@type\":\"ImageObject\",\"@id\":\"https:\/\/www.comercialanma.es\/?product=ginebra-ginraw-barcelona-70cl#primaryimage\",\"inLanguage\":\"es\",\"url\":\"https:\/\/i2.wp.com\/www.comercialanma.es\/wp-content\/uploads\/2019\/07\/Ginraw-Barcelona.jpg?fit=1200%2C1200&ssl=1\",\"width\":1200,\"height\":1200},{\"@type\":\"WebPage\",\"@id\":\"https:\/\/www.comercialanma.es\/?product=ginebra-ginraw-barcelona-70cl#webpage\",\"url\":\"https:\/\/www.comercialanma.es\/?product=ginebra-ginraw-barcelona-70cl\",\"name\":\"Ginebra Ginraw Barcelona 70cl. - Comercial de Hosteleria Anma\",\"isPartOf\":{\"@id\":\"https:\/\/www.comercialanma.es\/#website\"},\"primaryImageOfPage\":{\"@id\":\"https:\/\/www.comercialanma.es\/?product=ginebra-ginraw-barcelona-70cl#primaryimage\"},\"datePublished\":\"2019-07-05T10:10:26+00:00\",\"dateModified\":\"2019-07-05T10:14:44+00:00\",\"breadcrumb\":{\"@id\":\"https:\/\/www.comercialanma.es\/?product=ginebra-ginraw-barcelona-70cl#breadcrumb\"},\"inLanguage\":\"es\",\"potentialAction\":[{\"@type\":\"ReadAction\",\"target\":[\"https:\/\/www.comercialanma.es\/?product=ginebra-ginraw-barcelona-70cl\"]}]},{\"@type\":\"BreadcrumbList\",\"@id\":\"https:\/\/www.comercialanma.es\/?product=ginebra-ginraw-barcelona-70cl#breadcrumb\",\"itemListElement\":[{\"@type\":\"ListItem\",\"position\":1,\"item\":{\"@type\":\"WebPage\",\"@id\":\"https:\/\/www.comercialanma.es\/\",\"url\":\"https:\/\/www.comercialanma.es\/\",\"name\":\"Portada\"}},{\"@type\":\"ListItem\",\"position\":2,\"item\":{\"@type\":\"WebPage\",\"@id\":\"https:\/\/www.comercialanma.es\/?page_id=3963\",\"url\":\"https:\/\/www.comercialanma.es\/?page_id=3963\",\"name\":\"Cat\\u00e1logo de Productos\"}},{\"@type\":\"ListItem\",\"position\":3,\"item\":{\"@type\":\"WebPage\",\"@id\":\"https:\/\/www.comercialanma.es\/?product=ginebra-ginraw-barcelona-70cl\",\"url\":\"https:\/\/www.comercialanma.es\/?product=ginebra-ginraw-barcelona-70cl\",\"name\":\"Ginebra Ginraw Barcelona 70cl.\"}}]}]}<\/script>\n<!-- \/ Yoast SEO plugin. -->","_links":{"self":[{"href":"https:\/\/www.comercialanma.es\/index.php?rest_route=\/wp\/v2\/product\/7349"}],"collection":[{"href":"https:\/\/www.comercialanma.es\/index.php?rest_route=\/wp\/v2\/product"}],"about":[{"href":"https:\/\/www.comercialanma.es\/index.php?rest_route=\/wp\/v2\/types\/product"}],"version-history":[{"count":1,"href":"https:\/\/www.comercialanma.es\/index.php?rest_route=\/wp\/v2\/product\/7349\/revisions"}],"predecessor-version":[{"id":7351,"href":"https:\/\/www.comercialanma.es\/index.php?rest_route=\/wp\/v2\/product\/7349\/revisions\/7351"}],"wp:featuredmedia":[{"embeddable":true,"href":"https:\/\/www.comercialanma.es\/index.php?rest_route=\/wp\/v2\/media\/7350"}],"wp:attachment":[{"href":"https:\/\/www.comercialanma.es\/index.php?rest_route=%2Fwp%2Fv2%2Fmedia&parent=7349"}],"curies":[{"name":"wp","href":"https:\/\/api.w.org\/{rel}","templated":true}]}}