
{"id":7366,"date":"2019-07-05T12:36:23","date_gmt":"2019-07-05T10:36:23","guid":{"rendered":"http:\/\/www.comercialanma.es\/?post_type=product&#038;p=7366"},"modified":"2021-04-19T10:18:06","modified_gmt":"2021-04-19T08:18:06","slug":"ginebra-masters-70cl","status":"publish","type":"product","link":"https:\/\/www.comercialanma.es\/?product=ginebra-masters-70cl","title":{"rendered":"Ginebra Master\u00b4s 70cl."},"content":{"rendered":"<ul>\n<li>M\u00e1s de 5 generaciones dedicadas exclusivamente a la elaboraci\u00f3n de productos de alta gama con personalidad propia y \u00fanica.<\/li>\n<li>Empresa radicada desde sus inicios en la poblaci\u00f3n de Vilanova i la Geltr\u00fa, ciudad mediterr\u00e1nea y de reconocida cultura vitivin\u00edcola (D.O. Pened\u00e9s) muy cercana a Barcelona.<\/li>\n<li>Ginebra Master\\&#8217;s Dry Gin es una ginebra tridestilada de alta calidad por su delicado proceso de elaboraci\u00f3n, siguiendo el m\u00e9todo &#8220;London Dry Gin&#8221;.<\/li>\n<li>Destilada con alcoholes de grano y una cuidadosa selecci\u00f3n de plantas arom\u00e1ticas que la hacen delicada y exclusiva para paladares que sepan disfrutarla sola y sin prisas.<\/li>\n<li>Capacidad: 70 CL<\/li>\n<li>Graduaci\u00f3n Alcoh\u00f3lica: 40%Vol.<\/li>\n<\/ul>\n","protected":false},"excerpt":{"rendered":"<p>Destiler\u00edas MG es una empresa familiar con m\u00e1s de 150 a\u00f1os de experiencia en el sector y desde el a\u00f1o 1940 como elaboradora de bebidas alcoh\u00f3licas.<\/p>\n","protected":false},"featured_media":16318,"template":"","meta":{"spay_email":""},"yoast_head":"<!-- This site is optimized with the Yoast SEO plugin v15.9 - https:\/\/yoast.com\/wordpress\/plugins\/seo\/ -->\n<title>Ginebra Master\u00b4s 70cl. - Comercial de Hosteleria Anma<\/title>\n<meta name=\"robots\" content=\"index, follow, max-snippet:-1, max-image-preview:large, max-video-preview:-1\" \/>\n<link rel=\"canonical\" href=\"https:\/\/www.comercialanma.es\/?product=ginebra-masters-70cl\" \/>\n<meta property=\"og:locale\" content=\"es_ES\" \/>\n<meta property=\"og:type\" content=\"article\" \/>\n<meta property=\"og:title\" content=\"Ginebra Master\u00b4s 70cl. - Comercial de Hosteleria Anma\" \/>\n<meta property=\"og:description\" content=\"Destiler\u00edas MG es una empresa familiar con m\u00e1s de 150 a\u00f1os de experiencia en el sector y desde el a\u00f1o 1940 como elaboradora de bebidas alcoh\u00f3licas.\" \/>\n<meta property=\"og:url\" content=\"https:\/\/www.comercialanma.es\/?product=ginebra-masters-70cl\" \/>\n<meta property=\"og:site_name\" content=\"Comercial de Hosteleria Anma\" \/>\n<meta property=\"article:publisher\" content=\"https:\/\/www.facebook.com\/AnmaHosteleria\" \/>\n<meta property=\"article:modified_time\" content=\"2021-04-19T08:18:06+00:00\" \/>\n<meta property=\"og:image\" content=\"https:\/\/i1.wp.com\/www.comercialanma.es\/wp-content\/uploads\/2019\/07\/Master\u00b4s-gin-clasico.jpg?fit=1080%2C1080&#038;ssl=1\" \/>\n\t<meta property=\"og:image:width\" content=\"1080\" \/>\n\t<meta property=\"og:image:height\" content=\"1080\" \/>\n<meta name=\"twitter:card\" content=\"summary_large_image\" \/>\n<meta name=\"twitter:label1\" content=\"Tiempo de lectura\">\n\t<meta name=\"twitter:data1\" content=\"1 minuto\">\n<script type=\"application\/ld+json\" class=\"yoast-schema-graph\">{\"@context\":\"https:\/\/schema.org\",\"@graph\":[{\"@type\":\"Organization\",\"@id\":\"https:\/\/www.comercialanma.es\/#organization\",\"name\":\"Comercial Anma\",\"url\":\"https:\/\/www.comercialanma.es\/\",\"sameAs\":[\"https:\/\/www.facebook.com\/AnmaHosteleria\",\"https:\/\/www.instagram.com\/anmahosteleria\/?hl=es\",\"https:\/\/www.youtube.com\/channel\/UCT2nmn08Ntks0hmpZPnDgCA\"],\"logo\":{\"@type\":\"ImageObject\",\"@id\":\"https:\/\/www.comercialanma.es\/#logo\",\"inLanguage\":\"es\",\"url\":\"https:\/\/i2.wp.com\/www.comercialanma.es\/wp-content\/uploads\/2019\/06\/logo-anma-color.png?fit=247%2C101&ssl=1\",\"width\":247,\"height\":101,\"caption\":\"Comercial Anma\"},\"image\":{\"@id\":\"https:\/\/www.comercialanma.es\/#logo\"}},{\"@type\":\"WebSite\",\"@id\":\"https:\/\/www.comercialanma.es\/#website\",\"url\":\"https:\/\/www.comercialanma.es\/\",\"name\":\"Comercial de Hosteleria Anma\",\"description\":\"\",\"publisher\":{\"@id\":\"https:\/\/www.comercialanma.es\/#organization\"},\"potentialAction\":[{\"@type\":\"SearchAction\",\"target\":\"https:\/\/www.comercialanma.es\/?s={search_term_string}\",\"query-input\":\"required name=search_term_string\"}],\"inLanguage\":\"es\"},{\"@type\":\"ImageObject\",\"@id\":\"https:\/\/www.comercialanma.es\/?product=ginebra-masters-70cl#primaryimage\",\"inLanguage\":\"es\",\"url\":\"https:\/\/i1.wp.com\/www.comercialanma.es\/wp-content\/uploads\/2019\/07\/Master\\u00b4s-gin-clasico.jpg?fit=1080%2C1080&ssl=1\",\"width\":1080,\"height\":1080},{\"@type\":\"WebPage\",\"@id\":\"https:\/\/www.comercialanma.es\/?product=ginebra-masters-70cl#webpage\",\"url\":\"https:\/\/www.comercialanma.es\/?product=ginebra-masters-70cl\",\"name\":\"Ginebra Master\\u00b4s 70cl. - Comercial de Hosteleria Anma\",\"isPartOf\":{\"@id\":\"https:\/\/www.comercialanma.es\/#website\"},\"primaryImageOfPage\":{\"@id\":\"https:\/\/www.comercialanma.es\/?product=ginebra-masters-70cl#primaryimage\"},\"datePublished\":\"2019-07-05T10:36:23+00:00\",\"dateModified\":\"2021-04-19T08:18:06+00:00\",\"breadcrumb\":{\"@id\":\"https:\/\/www.comercialanma.es\/?product=ginebra-masters-70cl#breadcrumb\"},\"inLanguage\":\"es\",\"potentialAction\":[{\"@type\":\"ReadAction\",\"target\":[\"https:\/\/www.comercialanma.es\/?product=ginebra-masters-70cl\"]}]},{\"@type\":\"BreadcrumbList\",\"@id\":\"https:\/\/www.comercialanma.es\/?product=ginebra-masters-70cl#breadcrumb\",\"itemListElement\":[{\"@type\":\"ListItem\",\"position\":1,\"item\":{\"@type\":\"WebPage\",\"@id\":\"https:\/\/www.comercialanma.es\/\",\"url\":\"https:\/\/www.comercialanma.es\/\",\"name\":\"Portada\"}},{\"@type\":\"ListItem\",\"position\":2,\"item\":{\"@type\":\"WebPage\",\"@id\":\"https:\/\/www.comercialanma.es\/?page_id=3963\",\"url\":\"https:\/\/www.comercialanma.es\/?page_id=3963\",\"name\":\"Cat\\u00e1logo de Productos\"}},{\"@type\":\"ListItem\",\"position\":3,\"item\":{\"@type\":\"WebPage\",\"@id\":\"https:\/\/www.comercialanma.es\/?product=ginebra-masters-70cl\",\"url\":\"https:\/\/www.comercialanma.es\/?product=ginebra-masters-70cl\",\"name\":\"Ginebra Master\\u00b4s 70cl.\"}}]}]}<\/script>\n<!-- \/ Yoast SEO plugin. -->","_links":{"self":[{"href":"https:\/\/www.comercialanma.es\/index.php?rest_route=\/wp\/v2\/product\/7366"}],"collection":[{"href":"https:\/\/www.comercialanma.es\/index.php?rest_route=\/wp\/v2\/product"}],"about":[{"href":"https:\/\/www.comercialanma.es\/index.php?rest_route=\/wp\/v2\/types\/product"}],"version-history":[{"count":1,"href":"https:\/\/www.comercialanma.es\/index.php?rest_route=\/wp\/v2\/product\/7366\/revisions"}],"predecessor-version":[{"id":7368,"href":"https:\/\/www.comercialanma.es\/index.php?rest_route=\/wp\/v2\/product\/7366\/revisions\/7368"}],"wp:featuredmedia":[{"embeddable":true,"href":"https:\/\/www.comercialanma.es\/index.php?rest_route=\/wp\/v2\/media\/16318"}],"wp:attachment":[{"href":"https:\/\/www.comercialanma.es\/index.php?rest_route=%2Fwp%2Fv2%2Fmedia&parent=7366"}],"curies":[{"name":"wp","href":"https:\/\/api.w.org\/{rel}","templated":true}]}}