
{"id":7463,"date":"2019-07-08T10:02:10","date_gmt":"2019-07-08T08:02:10","guid":{"rendered":"http:\/\/www.comercialanma.es\/?post_type=product&#038;p=7463"},"modified":"2019-07-08T10:05:40","modified_gmt":"2019-07-08T08:05:40","slug":"ginebra-haymans-1850-70cl","status":"publish","type":"product","link":"https:\/\/www.comercialanma.es\/?product=ginebra-haymans-1850-70cl","title":{"rendered":"Ginebra Haymans 1850 70cl."},"content":{"rendered":"<p>La\u00a0empresa original\u00a0Hayman fue fundada en\u00a01800 por James Burrough, el gran abuelo del actual presidente, Christopher Hayman. James Burrough cre\u00f3 la ginebra de renombre mundial Beefeater. Aunque Beefeater Gin y James Burrough\u00a0se vendieron a Whitbread en 1987, la familia Hayman\u00a0conserv\u00f3 parte de la empresa y continu\u00f3 la tradici\u00f3n de la destilaci\u00f3n y mezcla de ginebra y otras bebidas blancas.<\/p>\n<p>Christopher Hayman tiene m\u00e1s de 35 a\u00f1os de experiencia en las bebidas comerciales tras haber ingresado en James Burrough limited en 1969 y ocup\u00f3 el cargo de Director de Operaciones durante casi 15 a\u00f1os en que \u00e9l controlaba la destilaci\u00f3n y la producci\u00f3n de Gin Beefeater.<\/p>\n<p>Christopher es uno de los m\u00e1s experimentados &#8220;Gin Master &#8216; del mundo.<\/p>\n<p>Hayman&#8217;s 1850 Reserve es\u00a0una ginebra destilada a partir de una receta de la decada del 1850. Reposada en barricas de whisky escoc\u00e9s de 3 a 4 semanas que le proporcionan unas notas suaves a especias y pimienta con una dominante de enebro y cilantro. Es una ginebra arom\u00e1tica, con cuerpo y de sabor tradicional a enebro con notas especiadas, terrosas y a regaliz.<\/p>\n<p>Esta ginebra\u00a0se obtiene en lotes de unas 5000 botellas.<\/p>\n","protected":false},"excerpt":{"rendered":"<p>Hayman&#8217;s 1850 Reserve es\u00a0una ginebra destilada a partir de una receta de la decada del 1850. Reposada en barricas de whisky escoc\u00e9s de 3 a 4 semanas que le proporcionan unas notas suaves a especias y pimienta con una dominante de enebro y cilantro.<\/p>\n","protected":false},"featured_media":7464,"template":"","meta":{"spay_email":""},"yoast_head":"<!-- This site is optimized with the Yoast SEO plugin v15.9 - https:\/\/yoast.com\/wordpress\/plugins\/seo\/ -->\n<title>Ginebra Haymans 1850 70cl. - Comercial de Hosteleria Anma<\/title>\n<meta name=\"robots\" content=\"index, follow, max-snippet:-1, max-image-preview:large, max-video-preview:-1\" \/>\n<link rel=\"canonical\" href=\"https:\/\/www.comercialanma.es\/?product=ginebra-haymans-1850-70cl\" \/>\n<meta property=\"og:locale\" content=\"es_ES\" \/>\n<meta property=\"og:type\" content=\"article\" \/>\n<meta property=\"og:title\" content=\"Ginebra Haymans 1850 70cl. - Comercial de Hosteleria Anma\" \/>\n<meta property=\"og:description\" content=\"Hayman&#039;s 1850 Reserve es\u00a0una ginebra destilada a partir de una receta de la decada del 1850. Reposada en barricas de whisky escoc\u00e9s de 3 a 4 semanas que le proporcionan unas notas suaves a especias y pimienta con una dominante de enebro y cilantro.\" \/>\n<meta property=\"og:url\" content=\"https:\/\/www.comercialanma.es\/?product=ginebra-haymans-1850-70cl\" \/>\n<meta property=\"og:site_name\" content=\"Comercial de Hosteleria Anma\" \/>\n<meta property=\"article:publisher\" content=\"https:\/\/www.facebook.com\/AnmaHosteleria\" \/>\n<meta property=\"article:modified_time\" content=\"2019-07-08T08:05:40+00:00\" \/>\n<meta property=\"og:image\" content=\"https:\/\/i2.wp.com\/www.comercialanma.es\/wp-content\/uploads\/2019\/07\/Haymans-1850.jpg?fit=1200%2C1200&#038;ssl=1\" \/>\n\t<meta property=\"og:image:width\" content=\"1200\" \/>\n\t<meta property=\"og:image:height\" content=\"1200\" \/>\n<meta name=\"twitter:card\" content=\"summary_large_image\" \/>\n<meta name=\"twitter:label1\" content=\"Tiempo de lectura\">\n\t<meta name=\"twitter:data1\" content=\"1 minuto\">\n<script type=\"application\/ld+json\" class=\"yoast-schema-graph\">{\"@context\":\"https:\/\/schema.org\",\"@graph\":[{\"@type\":\"Organization\",\"@id\":\"https:\/\/www.comercialanma.es\/#organization\",\"name\":\"Comercial Anma\",\"url\":\"https:\/\/www.comercialanma.es\/\",\"sameAs\":[\"https:\/\/www.facebook.com\/AnmaHosteleria\",\"https:\/\/www.instagram.com\/anmahosteleria\/?hl=es\",\"https:\/\/www.youtube.com\/channel\/UCT2nmn08Ntks0hmpZPnDgCA\"],\"logo\":{\"@type\":\"ImageObject\",\"@id\":\"https:\/\/www.comercialanma.es\/#logo\",\"inLanguage\":\"es\",\"url\":\"https:\/\/i2.wp.com\/www.comercialanma.es\/wp-content\/uploads\/2019\/06\/logo-anma-color.png?fit=247%2C101&ssl=1\",\"width\":247,\"height\":101,\"caption\":\"Comercial Anma\"},\"image\":{\"@id\":\"https:\/\/www.comercialanma.es\/#logo\"}},{\"@type\":\"WebSite\",\"@id\":\"https:\/\/www.comercialanma.es\/#website\",\"url\":\"https:\/\/www.comercialanma.es\/\",\"name\":\"Comercial de Hosteleria Anma\",\"description\":\"\",\"publisher\":{\"@id\":\"https:\/\/www.comercialanma.es\/#organization\"},\"potentialAction\":[{\"@type\":\"SearchAction\",\"target\":\"https:\/\/www.comercialanma.es\/?s={search_term_string}\",\"query-input\":\"required name=search_term_string\"}],\"inLanguage\":\"es\"},{\"@type\":\"ImageObject\",\"@id\":\"https:\/\/www.comercialanma.es\/?product=ginebra-haymans-1850-70cl#primaryimage\",\"inLanguage\":\"es\",\"url\":\"https:\/\/i2.wp.com\/www.comercialanma.es\/wp-content\/uploads\/2019\/07\/Haymans-1850.jpg?fit=1200%2C1200&ssl=1\",\"width\":1200,\"height\":1200},{\"@type\":\"WebPage\",\"@id\":\"https:\/\/www.comercialanma.es\/?product=ginebra-haymans-1850-70cl#webpage\",\"url\":\"https:\/\/www.comercialanma.es\/?product=ginebra-haymans-1850-70cl\",\"name\":\"Ginebra Haymans 1850 70cl. - Comercial de Hosteleria Anma\",\"isPartOf\":{\"@id\":\"https:\/\/www.comercialanma.es\/#website\"},\"primaryImageOfPage\":{\"@id\":\"https:\/\/www.comercialanma.es\/?product=ginebra-haymans-1850-70cl#primaryimage\"},\"datePublished\":\"2019-07-08T08:02:10+00:00\",\"dateModified\":\"2019-07-08T08:05:40+00:00\",\"breadcrumb\":{\"@id\":\"https:\/\/www.comercialanma.es\/?product=ginebra-haymans-1850-70cl#breadcrumb\"},\"inLanguage\":\"es\",\"potentialAction\":[{\"@type\":\"ReadAction\",\"target\":[\"https:\/\/www.comercialanma.es\/?product=ginebra-haymans-1850-70cl\"]}]},{\"@type\":\"BreadcrumbList\",\"@id\":\"https:\/\/www.comercialanma.es\/?product=ginebra-haymans-1850-70cl#breadcrumb\",\"itemListElement\":[{\"@type\":\"ListItem\",\"position\":1,\"item\":{\"@type\":\"WebPage\",\"@id\":\"https:\/\/www.comercialanma.es\/\",\"url\":\"https:\/\/www.comercialanma.es\/\",\"name\":\"Portada\"}},{\"@type\":\"ListItem\",\"position\":2,\"item\":{\"@type\":\"WebPage\",\"@id\":\"https:\/\/www.comercialanma.es\/?page_id=3963\",\"url\":\"https:\/\/www.comercialanma.es\/?page_id=3963\",\"name\":\"Cat\\u00e1logo de Productos\"}},{\"@type\":\"ListItem\",\"position\":3,\"item\":{\"@type\":\"WebPage\",\"@id\":\"https:\/\/www.comercialanma.es\/?product=ginebra-haymans-1850-70cl\",\"url\":\"https:\/\/www.comercialanma.es\/?product=ginebra-haymans-1850-70cl\",\"name\":\"Ginebra Haymans 1850 70cl.\"}}]}]}<\/script>\n<!-- \/ Yoast SEO plugin. -->","_links":{"self":[{"href":"https:\/\/www.comercialanma.es\/index.php?rest_route=\/wp\/v2\/product\/7463"}],"collection":[{"href":"https:\/\/www.comercialanma.es\/index.php?rest_route=\/wp\/v2\/product"}],"about":[{"href":"https:\/\/www.comercialanma.es\/index.php?rest_route=\/wp\/v2\/types\/product"}],"version-history":[{"count":1,"href":"https:\/\/www.comercialanma.es\/index.php?rest_route=\/wp\/v2\/product\/7463\/revisions"}],"predecessor-version":[{"id":7465,"href":"https:\/\/www.comercialanma.es\/index.php?rest_route=\/wp\/v2\/product\/7463\/revisions\/7465"}],"wp:featuredmedia":[{"embeddable":true,"href":"https:\/\/www.comercialanma.es\/index.php?rest_route=\/wp\/v2\/media\/7464"}],"wp:attachment":[{"href":"https:\/\/www.comercialanma.es\/index.php?rest_route=%2Fwp%2Fv2%2Fmedia&parent=7463"}],"curies":[{"name":"wp","href":"https:\/\/api.w.org\/{rel}","templated":true}]}}