
{"id":7479,"date":"2019-07-08T10:38:18","date_gmt":"2019-07-08T08:38:18","guid":{"rendered":"http:\/\/www.comercialanma.es\/?post_type=product&#038;p=7479"},"modified":"2019-07-08T10:45:46","modified_gmt":"2019-07-08T08:45:46","slug":"ginebra-botanic-premium-70cl","status":"publish","type":"product","link":"https:\/\/www.comercialanma.es\/?product=ginebra-botanic-premium-70cl","title":{"rendered":"Ginebra Botanic Premium 70cl."},"content":{"rendered":"<h3>Notas de cata:<\/h3>\n<ul>\n<li>Es una ginebra muy luminosa y transparente.<\/li>\n<li>A la nariz muestra aires c\u00edtricos, a menta, adem\u00e1s de notas ex\u00f3ticas especiadas de cardamomo.<\/li>\n<li>Al paladar es fresca, con notas c\u00edtricas muy sofisticadas.<\/li>\n<li>Bot\u00e1nic Premium es ideal para preparar el cl\u00e1sico gin t\u00f3nic, lo que le a\u00f1ade el exotismo de sus bot\u00e1nicos.<\/li>\n<\/ul>\n<p>&nbsp;<\/p>\n","protected":false},"excerpt":{"rendered":"<p>Ginebra de grano ingl\u00e9s\u00a0sometida a tres procesos de destilaci\u00f3n. En su elaboraci\u00f3n se han utilizado bayas de enebro, semillas de cilantro, ra\u00edz de ang\u00e9lica, c\u00e1scara de naranja, c\u00e1scara de lim\u00f3n, polvo de ra\u00edz de lirio, polvo de ra\u00edz de regaliz, corteza de cassia, c\u00e1scara de almendra dulce, naranja dulce y mano de Buda. En nariz es una ginebra ligera y seca. En boca es muy ligera, suave y elegante, destacando los bot\u00e1nicos. Un Gin Tonic es muy suave y elegante. Sus posibilidades para crear refrescantes combinados y deliciosos c\u00f3cteles, tanto cl\u00e1sicos como contempor\u00e1neos, son ilimitadas.<\/p>\n<p>&nbsp;<\/p>\n<p>&nbsp;<\/p>\n<p>&nbsp;<\/p>\n","protected":false},"featured_media":7480,"template":"","meta":{"spay_email":""},"yoast_head":"<!-- This site is optimized with the Yoast SEO plugin v15.9 - https:\/\/yoast.com\/wordpress\/plugins\/seo\/ -->\n<title>Ginebra Botanic Premium 70cl. - Comercial de Hosteleria Anma<\/title>\n<meta name=\"robots\" content=\"index, follow, max-snippet:-1, max-image-preview:large, max-video-preview:-1\" \/>\n<link rel=\"canonical\" href=\"https:\/\/www.comercialanma.es\/?product=ginebra-botanic-premium-70cl\" \/>\n<meta property=\"og:locale\" content=\"es_ES\" \/>\n<meta property=\"og:type\" content=\"article\" \/>\n<meta property=\"og:title\" content=\"Ginebra Botanic Premium 70cl. - Comercial de Hosteleria Anma\" \/>\n<meta property=\"og:description\" content=\"Ginebra de grano ingl\u00e9s\u00a0sometida a tres procesos de destilaci\u00f3n. En su elaboraci\u00f3n se han utilizado bayas de enebro, semillas de cilantro, ra\u00edz de ang\u00e9lica, c\u00e1scara de naranja, c\u00e1scara de lim\u00f3n, polvo de ra\u00edz de lirio, polvo de ra\u00edz de regaliz, corteza de cassia, c\u00e1scara de almendra dulce, naranja dulce y mano de Buda. En nariz es una ginebra ligera y seca. En boca es muy ligera, suave y elegante, destacando los bot\u00e1nicos. Un Gin Tonic es muy suave y elegante. Sus posibilidades para crear refrescantes combinados y deliciosos c\u00f3cteles, tanto cl\u00e1sicos como contempor\u00e1neos, son ilimitadas.  &nbsp;  &nbsp;  &nbsp;\" \/>\n<meta property=\"og:url\" content=\"https:\/\/www.comercialanma.es\/?product=ginebra-botanic-premium-70cl\" \/>\n<meta property=\"og:site_name\" content=\"Comercial de Hosteleria Anma\" \/>\n<meta property=\"article:publisher\" content=\"https:\/\/www.facebook.com\/AnmaHosteleria\" \/>\n<meta property=\"article:modified_time\" content=\"2019-07-08T08:45:46+00:00\" \/>\n<meta property=\"og:image\" content=\"https:\/\/i0.wp.com\/www.comercialanma.es\/wp-content\/uploads\/2019\/07\/Botanic-Premium.jpg?fit=1200%2C1200&#038;ssl=1\" \/>\n\t<meta property=\"og:image:width\" content=\"1200\" \/>\n\t<meta property=\"og:image:height\" content=\"1200\" \/>\n<meta name=\"twitter:card\" content=\"summary_large_image\" \/>\n<script type=\"application\/ld+json\" class=\"yoast-schema-graph\">{\"@context\":\"https:\/\/schema.org\",\"@graph\":[{\"@type\":\"Organization\",\"@id\":\"https:\/\/www.comercialanma.es\/#organization\",\"name\":\"Comercial Anma\",\"url\":\"https:\/\/www.comercialanma.es\/\",\"sameAs\":[\"https:\/\/www.facebook.com\/AnmaHosteleria\",\"https:\/\/www.instagram.com\/anmahosteleria\/?hl=es\",\"https:\/\/www.youtube.com\/channel\/UCT2nmn08Ntks0hmpZPnDgCA\"],\"logo\":{\"@type\":\"ImageObject\",\"@id\":\"https:\/\/www.comercialanma.es\/#logo\",\"inLanguage\":\"es\",\"url\":\"https:\/\/i2.wp.com\/www.comercialanma.es\/wp-content\/uploads\/2019\/06\/logo-anma-color.png?fit=247%2C101&ssl=1\",\"width\":247,\"height\":101,\"caption\":\"Comercial Anma\"},\"image\":{\"@id\":\"https:\/\/www.comercialanma.es\/#logo\"}},{\"@type\":\"WebSite\",\"@id\":\"https:\/\/www.comercialanma.es\/#website\",\"url\":\"https:\/\/www.comercialanma.es\/\",\"name\":\"Comercial de Hosteleria Anma\",\"description\":\"\",\"publisher\":{\"@id\":\"https:\/\/www.comercialanma.es\/#organization\"},\"potentialAction\":[{\"@type\":\"SearchAction\",\"target\":\"https:\/\/www.comercialanma.es\/?s={search_term_string}\",\"query-input\":\"required name=search_term_string\"}],\"inLanguage\":\"es\"},{\"@type\":\"ImageObject\",\"@id\":\"https:\/\/www.comercialanma.es\/?product=ginebra-botanic-premium-70cl#primaryimage\",\"inLanguage\":\"es\",\"url\":\"https:\/\/i0.wp.com\/www.comercialanma.es\/wp-content\/uploads\/2019\/07\/Botanic-Premium.jpg?fit=1200%2C1200&ssl=1\",\"width\":1200,\"height\":1200},{\"@type\":\"WebPage\",\"@id\":\"https:\/\/www.comercialanma.es\/?product=ginebra-botanic-premium-70cl#webpage\",\"url\":\"https:\/\/www.comercialanma.es\/?product=ginebra-botanic-premium-70cl\",\"name\":\"Ginebra Botanic Premium 70cl. - Comercial de Hosteleria Anma\",\"isPartOf\":{\"@id\":\"https:\/\/www.comercialanma.es\/#website\"},\"primaryImageOfPage\":{\"@id\":\"https:\/\/www.comercialanma.es\/?product=ginebra-botanic-premium-70cl#primaryimage\"},\"datePublished\":\"2019-07-08T08:38:18+00:00\",\"dateModified\":\"2019-07-08T08:45:46+00:00\",\"breadcrumb\":{\"@id\":\"https:\/\/www.comercialanma.es\/?product=ginebra-botanic-premium-70cl#breadcrumb\"},\"inLanguage\":\"es\",\"potentialAction\":[{\"@type\":\"ReadAction\",\"target\":[\"https:\/\/www.comercialanma.es\/?product=ginebra-botanic-premium-70cl\"]}]},{\"@type\":\"BreadcrumbList\",\"@id\":\"https:\/\/www.comercialanma.es\/?product=ginebra-botanic-premium-70cl#breadcrumb\",\"itemListElement\":[{\"@type\":\"ListItem\",\"position\":1,\"item\":{\"@type\":\"WebPage\",\"@id\":\"https:\/\/www.comercialanma.es\/\",\"url\":\"https:\/\/www.comercialanma.es\/\",\"name\":\"Portada\"}},{\"@type\":\"ListItem\",\"position\":2,\"item\":{\"@type\":\"WebPage\",\"@id\":\"https:\/\/www.comercialanma.es\/?page_id=3963\",\"url\":\"https:\/\/www.comercialanma.es\/?page_id=3963\",\"name\":\"Cat\\u00e1logo de Productos\"}},{\"@type\":\"ListItem\",\"position\":3,\"item\":{\"@type\":\"WebPage\",\"@id\":\"https:\/\/www.comercialanma.es\/?product=ginebra-botanic-premium-70cl\",\"url\":\"https:\/\/www.comercialanma.es\/?product=ginebra-botanic-premium-70cl\",\"name\":\"Ginebra Botanic Premium 70cl.\"}}]}]}<\/script>\n<!-- \/ Yoast SEO plugin. -->","_links":{"self":[{"href":"https:\/\/www.comercialanma.es\/index.php?rest_route=\/wp\/v2\/product\/7479"}],"collection":[{"href":"https:\/\/www.comercialanma.es\/index.php?rest_route=\/wp\/v2\/product"}],"about":[{"href":"https:\/\/www.comercialanma.es\/index.php?rest_route=\/wp\/v2\/types\/product"}],"version-history":[{"count":1,"href":"https:\/\/www.comercialanma.es\/index.php?rest_route=\/wp\/v2\/product\/7479\/revisions"}],"predecessor-version":[{"id":7481,"href":"https:\/\/www.comercialanma.es\/index.php?rest_route=\/wp\/v2\/product\/7479\/revisions\/7481"}],"wp:featuredmedia":[{"embeddable":true,"href":"https:\/\/www.comercialanma.es\/index.php?rest_route=\/wp\/v2\/media\/7480"}],"wp:attachment":[{"href":"https:\/\/www.comercialanma.es\/index.php?rest_route=%2Fwp%2Fv2%2Fmedia&parent=7479"}],"curies":[{"name":"wp","href":"https:\/\/api.w.org\/{rel}","templated":true}]}}