
{"id":7511,"date":"2019-07-08T16:12:40","date_gmt":"2019-07-08T14:12:40","guid":{"rendered":"http:\/\/www.comercialanma.es\/?post_type=product&#038;p=7511"},"modified":"2019-07-08T16:17:35","modified_gmt":"2019-07-08T14:17:35","slug":"ginebra-beefeater-crow-jewell-1l","status":"publish","type":"product","link":"https:\/\/www.comercialanma.es\/?product=ginebra-beefeater-crow-jewell-1l","title":{"rendered":"Ginebra Beefeater Crow Jewell 1L."},"content":{"rendered":"<h3>Nota de cata:<\/h3>\n<ul>\n<li>Aromas pronunciados a c\u00edtricos con notas a pino, enebro y especias.<\/li>\n<li>Al paladar es c\u00edtrica y equilibrada, con sabor a enebro, regaliz y pimiento.<\/li>\n<li>Final refrescante.<\/li>\n<li>Graduaci\u00f3n: 50\u00ba<\/li>\n<\/ul>\n","protected":false},"excerpt":{"rendered":"<div id=\"short_description_content\" class=\"rte align_justify\">\n<div>\n<p>Gin Beefeater Crown Jewel es una ginebra tipo London Dry, elaborada seg\u00fan la receta del Beefeater Original de 9 bot\u00e1nicos, con la adici\u00f3n de pomelo, que le aporta frescura y notas c\u00edtricas. Adem\u00e1s, posee un mayor contenido alcoh\u00f3lico: 50% frente a los 40% del Beefeater Original. Originalmente se lanzo al mercado en 1993, y solo se vend\u00eda en los Duty Free de los aeropuertos. En 2015 se lanz\u00f3 al mercando de nuevo en una edici\u00f3n limitada y numerada de 2000 botellas. Esta ginebra rinde homenaje a los cuervos que habitan en la Torre de Londres y que guardan la monarqu\u00eda brit\u00e1nica, ya que dice la leyenda que \u201cIf the ravens leave the Tower, the kingdom will fall\u201d, o sea, si alg\u00fan d\u00eda los cuervos dejan la Torre, la Torre caer\u00e1 y con ella el imperio brit\u00e1nico. Los nombres de los seis cuervos que habitan la Torre se encuentran impresos en el lateral de la botella.<\/p>\n<\/div>\n<p>&nbsp;<\/p>\n<\/div>\n<p>&nbsp;<\/p>\n<p>&nbsp;<\/p>\n","protected":false},"featured_media":7512,"template":"","meta":{"spay_email":""},"yoast_head":"<!-- This site is optimized with the Yoast SEO plugin v15.9 - https:\/\/yoast.com\/wordpress\/plugins\/seo\/ -->\n<title>Ginebra Beefeater Crow Jewell 1L. - Comercial de Hosteleria Anma<\/title>\n<meta name=\"robots\" content=\"index, follow, max-snippet:-1, max-image-preview:large, max-video-preview:-1\" \/>\n<link rel=\"canonical\" href=\"https:\/\/www.comercialanma.es\/?product=ginebra-beefeater-crow-jewell-1l\" \/>\n<meta property=\"og:locale\" content=\"es_ES\" \/>\n<meta property=\"og:type\" content=\"article\" \/>\n<meta property=\"og:title\" content=\"Ginebra Beefeater Crow Jewell 1L. - Comercial de Hosteleria Anma\" \/>\n<meta property=\"og:description\" content=\"Gin Beefeater Crown Jewel es una ginebra tipo London Dry, elaborada seg\u00fan la receta del Beefeater Original de 9 bot\u00e1nicos, con la adici\u00f3n de pomelo, que le aporta frescura y notas c\u00edtricas. Adem\u00e1s, posee un mayor contenido alcoh\u00f3lico: 50% frente a los 40% del Beefeater Original. Originalmente se lanzo al mercado en 1993, y solo se vend\u00eda en los Duty Free de los aeropuertos. En 2015 se lanz\u00f3 al mercando de nuevo en una edici\u00f3n limitada y numerada de 2000 botellas. Esta ginebra rinde homenaje a los cuervos que habitan en la Torre de Londres y que guardan la monarqu\u00eda brit\u00e1nica, ya que dice la leyenda que \u201cIf the ravens leave the Tower, the kingdom will fall\u201d, o sea, si alg\u00fan d\u00eda los cuervos dejan la Torre, la Torre caer\u00e1 y con ella el imperio brit\u00e1nico. Los nombres de los seis cuervos que habitan la Torre se encuentran impresos en el lateral de la botella.   &nbsp;   &nbsp;  &nbsp;\" \/>\n<meta property=\"og:url\" content=\"https:\/\/www.comercialanma.es\/?product=ginebra-beefeater-crow-jewell-1l\" \/>\n<meta property=\"og:site_name\" content=\"Comercial de Hosteleria Anma\" \/>\n<meta property=\"article:publisher\" content=\"https:\/\/www.facebook.com\/AnmaHosteleria\" \/>\n<meta property=\"article:modified_time\" content=\"2019-07-08T14:17:35+00:00\" \/>\n<meta property=\"og:image\" content=\"https:\/\/i0.wp.com\/www.comercialanma.es\/wp-content\/uploads\/2019\/07\/Beefeater-Crown-Jewell.jpg?fit=1200%2C1200&#038;ssl=1\" \/>\n\t<meta property=\"og:image:width\" content=\"1200\" \/>\n\t<meta property=\"og:image:height\" content=\"1200\" \/>\n<meta name=\"twitter:card\" content=\"summary_large_image\" \/>\n<script type=\"application\/ld+json\" class=\"yoast-schema-graph\">{\"@context\":\"https:\/\/schema.org\",\"@graph\":[{\"@type\":\"Organization\",\"@id\":\"https:\/\/www.comercialanma.es\/#organization\",\"name\":\"Comercial Anma\",\"url\":\"https:\/\/www.comercialanma.es\/\",\"sameAs\":[\"https:\/\/www.facebook.com\/AnmaHosteleria\",\"https:\/\/www.instagram.com\/anmahosteleria\/?hl=es\",\"https:\/\/www.youtube.com\/channel\/UCT2nmn08Ntks0hmpZPnDgCA\"],\"logo\":{\"@type\":\"ImageObject\",\"@id\":\"https:\/\/www.comercialanma.es\/#logo\",\"inLanguage\":\"es\",\"url\":\"https:\/\/i2.wp.com\/www.comercialanma.es\/wp-content\/uploads\/2019\/06\/logo-anma-color.png?fit=247%2C101&ssl=1\",\"width\":247,\"height\":101,\"caption\":\"Comercial Anma\"},\"image\":{\"@id\":\"https:\/\/www.comercialanma.es\/#logo\"}},{\"@type\":\"WebSite\",\"@id\":\"https:\/\/www.comercialanma.es\/#website\",\"url\":\"https:\/\/www.comercialanma.es\/\",\"name\":\"Comercial de Hosteleria Anma\",\"description\":\"\",\"publisher\":{\"@id\":\"https:\/\/www.comercialanma.es\/#organization\"},\"potentialAction\":[{\"@type\":\"SearchAction\",\"target\":\"https:\/\/www.comercialanma.es\/?s={search_term_string}\",\"query-input\":\"required name=search_term_string\"}],\"inLanguage\":\"es\"},{\"@type\":\"ImageObject\",\"@id\":\"https:\/\/www.comercialanma.es\/?product=ginebra-beefeater-crow-jewell-1l#primaryimage\",\"inLanguage\":\"es\",\"url\":\"https:\/\/i0.wp.com\/www.comercialanma.es\/wp-content\/uploads\/2019\/07\/Beefeater-Crown-Jewell.jpg?fit=1200%2C1200&ssl=1\",\"width\":1200,\"height\":1200},{\"@type\":\"WebPage\",\"@id\":\"https:\/\/www.comercialanma.es\/?product=ginebra-beefeater-crow-jewell-1l#webpage\",\"url\":\"https:\/\/www.comercialanma.es\/?product=ginebra-beefeater-crow-jewell-1l\",\"name\":\"Ginebra Beefeater Crow Jewell 1L. - Comercial de Hosteleria Anma\",\"isPartOf\":{\"@id\":\"https:\/\/www.comercialanma.es\/#website\"},\"primaryImageOfPage\":{\"@id\":\"https:\/\/www.comercialanma.es\/?product=ginebra-beefeater-crow-jewell-1l#primaryimage\"},\"datePublished\":\"2019-07-08T14:12:40+00:00\",\"dateModified\":\"2019-07-08T14:17:35+00:00\",\"breadcrumb\":{\"@id\":\"https:\/\/www.comercialanma.es\/?product=ginebra-beefeater-crow-jewell-1l#breadcrumb\"},\"inLanguage\":\"es\",\"potentialAction\":[{\"@type\":\"ReadAction\",\"target\":[\"https:\/\/www.comercialanma.es\/?product=ginebra-beefeater-crow-jewell-1l\"]}]},{\"@type\":\"BreadcrumbList\",\"@id\":\"https:\/\/www.comercialanma.es\/?product=ginebra-beefeater-crow-jewell-1l#breadcrumb\",\"itemListElement\":[{\"@type\":\"ListItem\",\"position\":1,\"item\":{\"@type\":\"WebPage\",\"@id\":\"https:\/\/www.comercialanma.es\/\",\"url\":\"https:\/\/www.comercialanma.es\/\",\"name\":\"Portada\"}},{\"@type\":\"ListItem\",\"position\":2,\"item\":{\"@type\":\"WebPage\",\"@id\":\"https:\/\/www.comercialanma.es\/?page_id=3963\",\"url\":\"https:\/\/www.comercialanma.es\/?page_id=3963\",\"name\":\"Cat\\u00e1logo de Productos\"}},{\"@type\":\"ListItem\",\"position\":3,\"item\":{\"@type\":\"WebPage\",\"@id\":\"https:\/\/www.comercialanma.es\/?product=ginebra-beefeater-crow-jewell-1l\",\"url\":\"https:\/\/www.comercialanma.es\/?product=ginebra-beefeater-crow-jewell-1l\",\"name\":\"Ginebra Beefeater Crow Jewell 1L.\"}}]}]}<\/script>\n<!-- \/ Yoast SEO plugin. -->","_links":{"self":[{"href":"https:\/\/www.comercialanma.es\/index.php?rest_route=\/wp\/v2\/product\/7511"}],"collection":[{"href":"https:\/\/www.comercialanma.es\/index.php?rest_route=\/wp\/v2\/product"}],"about":[{"href":"https:\/\/www.comercialanma.es\/index.php?rest_route=\/wp\/v2\/types\/product"}],"version-history":[{"count":1,"href":"https:\/\/www.comercialanma.es\/index.php?rest_route=\/wp\/v2\/product\/7511\/revisions"}],"predecessor-version":[{"id":7513,"href":"https:\/\/www.comercialanma.es\/index.php?rest_route=\/wp\/v2\/product\/7511\/revisions\/7513"}],"wp:featuredmedia":[{"embeddable":true,"href":"https:\/\/www.comercialanma.es\/index.php?rest_route=\/wp\/v2\/media\/7512"}],"wp:attachment":[{"href":"https:\/\/www.comercialanma.es\/index.php?rest_route=%2Fwp%2Fv2%2Fmedia&parent=7511"}],"curies":[{"name":"wp","href":"https:\/\/api.w.org\/{rel}","templated":true}]}}