
{"id":7517,"date":"2019-07-08T16:26:46","date_gmt":"2019-07-08T14:26:46","guid":{"rendered":"http:\/\/www.comercialanma.es\/?post_type=product&#038;p=7517"},"modified":"2019-07-08T17:27:00","modified_gmt":"2019-07-08T15:27:00","slug":"ginebra-star-of-bombay","status":"publish","type":"product","link":"https:\/\/www.comercialanma.es\/?product=ginebra-star-of-bombay","title":{"rendered":"Ginebra Star of Bombay 70cl."},"content":{"rendered":"<h3>Nota de cata:<\/h3>\n<ul>\n<li>Nariz: Encuentra inmediatamente la nota clave de Bombay, un aroma potente, fresco y estimulante de enebros maduros pero ahora combinado con una profunda nota de ricos c\u00edtricos y floral. Existe la complejidad arom\u00e1tica proporcionada por la infusi\u00f3n por vapor, pero ahora da una sensaci\u00f3n m\u00e1s sabrosa, elevando las notas m\u00e1s altas.<\/li>\n<li>Paladar: Se llena en un instante con la suavidad de la ginebra y por la flexibilidad propuesta por la destilaci\u00f3n lenta. El primer sabor es equilibrado, arm\u00f3nico y muy bien integrado, pero luego le da a las capas m\u00e1s complejas: Una nota audaz de enebros respaldado nuevamente por los ricos los c\u00edtricos de bergamota; una, la redondez suave con especias y una profunda nota floral fragante del Ambreta. Cuenta con un redondeado y opulento car\u00e1cter a diferencia de muchos espirituosos claros; una textura que recuerda m\u00e1s a un alcohol que ha envejecido y madurado en madera.<\/li>\n<li>Boca: Contin\u00faa, se sostiene en la boca y luego se cierra con una elevaci\u00f3n de cilantro, c\u00edtricos y una sensaci\u00f3n persistente de suaves especias florales.<\/li>\n<\/ul>\n<p>&nbsp;<\/p>\n","protected":false},"excerpt":{"rendered":"<p>Star of Bombay es una ginebra de extraordinaria complejidad que tiene un sabor m\u00e1s parecido a un alcohol envejecido. Tanto es as\u00ed que se puede beber sola con hielo. Es una incre\u00edble sorpresa que una ginebra pueda beberse y disfrutarse de esta manera. Aunque lo ideal ser\u00eda disfrutarla en forma de Gin-tonic como una alternativa a un coctel por la noche. La idea que hay detr\u00e1s de Star of Bombay es potenciar el excepcional equilibrio de Bombay Sapphire con dos nuevos bot\u00e1nicos: c\u00e1scaras de bergamota y semillas de ambreta.<\/p>\n<p>&nbsp;<\/p>\n","protected":false},"featured_media":7518,"template":"","meta":{"spay_email":""},"yoast_head":"<!-- This site is optimized with the Yoast SEO plugin v15.9 - https:\/\/yoast.com\/wordpress\/plugins\/seo\/ -->\n<title>Ginebra Star of Bombay 70cl. - Comercial de Hosteleria Anma<\/title>\n<meta name=\"robots\" content=\"index, follow, max-snippet:-1, max-image-preview:large, max-video-preview:-1\" \/>\n<link rel=\"canonical\" href=\"https:\/\/www.comercialanma.es\/?product=ginebra-star-of-bombay\" \/>\n<meta property=\"og:locale\" content=\"es_ES\" \/>\n<meta property=\"og:type\" content=\"article\" \/>\n<meta property=\"og:title\" content=\"Ginebra Star of Bombay 70cl. - Comercial de Hosteleria Anma\" \/>\n<meta property=\"og:description\" content=\"Star of Bombay es una ginebra de extraordinaria complejidad que tiene un sabor m\u00e1s parecido a un alcohol envejecido. Tanto es as\u00ed que se puede beber sola con hielo. Es una incre\u00edble sorpresa que una ginebra pueda beberse y disfrutarse de esta manera. Aunque lo ideal ser\u00eda disfrutarla en forma de Gin-tonic como una alternativa a un coctel por la noche. La idea que hay detr\u00e1s de Star of Bombay es potenciar el excepcional equilibrio de Bombay Sapphire con dos nuevos bot\u00e1nicos: c\u00e1scaras de bergamota y semillas de ambreta.  &nbsp;\" \/>\n<meta property=\"og:url\" content=\"https:\/\/www.comercialanma.es\/?product=ginebra-star-of-bombay\" \/>\n<meta property=\"og:site_name\" content=\"Comercial de Hosteleria Anma\" \/>\n<meta property=\"article:publisher\" content=\"https:\/\/www.facebook.com\/AnmaHosteleria\" \/>\n<meta property=\"article:modified_time\" content=\"2019-07-08T15:27:00+00:00\" \/>\n<meta property=\"og:image\" content=\"https:\/\/i1.wp.com\/www.comercialanma.es\/wp-content\/uploads\/2019\/07\/Star-of-Bombay.jpg?fit=1200%2C1200&#038;ssl=1\" \/>\n\t<meta property=\"og:image:width\" content=\"1200\" \/>\n\t<meta property=\"og:image:height\" content=\"1200\" \/>\n<meta name=\"twitter:card\" content=\"summary_large_image\" \/>\n<meta name=\"twitter:label1\" content=\"Tiempo de lectura\">\n\t<meta name=\"twitter:data1\" content=\"1 minuto\">\n<script type=\"application\/ld+json\" class=\"yoast-schema-graph\">{\"@context\":\"https:\/\/schema.org\",\"@graph\":[{\"@type\":\"Organization\",\"@id\":\"https:\/\/www.comercialanma.es\/#organization\",\"name\":\"Comercial Anma\",\"url\":\"https:\/\/www.comercialanma.es\/\",\"sameAs\":[\"https:\/\/www.facebook.com\/AnmaHosteleria\",\"https:\/\/www.instagram.com\/anmahosteleria\/?hl=es\",\"https:\/\/www.youtube.com\/channel\/UCT2nmn08Ntks0hmpZPnDgCA\"],\"logo\":{\"@type\":\"ImageObject\",\"@id\":\"https:\/\/www.comercialanma.es\/#logo\",\"inLanguage\":\"es\",\"url\":\"https:\/\/i2.wp.com\/www.comercialanma.es\/wp-content\/uploads\/2019\/06\/logo-anma-color.png?fit=247%2C101&ssl=1\",\"width\":247,\"height\":101,\"caption\":\"Comercial Anma\"},\"image\":{\"@id\":\"https:\/\/www.comercialanma.es\/#logo\"}},{\"@type\":\"WebSite\",\"@id\":\"https:\/\/www.comercialanma.es\/#website\",\"url\":\"https:\/\/www.comercialanma.es\/\",\"name\":\"Comercial de Hosteleria Anma\",\"description\":\"\",\"publisher\":{\"@id\":\"https:\/\/www.comercialanma.es\/#organization\"},\"potentialAction\":[{\"@type\":\"SearchAction\",\"target\":\"https:\/\/www.comercialanma.es\/?s={search_term_string}\",\"query-input\":\"required name=search_term_string\"}],\"inLanguage\":\"es\"},{\"@type\":\"ImageObject\",\"@id\":\"https:\/\/www.comercialanma.es\/?product=ginebra-star-of-bombay#primaryimage\",\"inLanguage\":\"es\",\"url\":\"https:\/\/i1.wp.com\/www.comercialanma.es\/wp-content\/uploads\/2019\/07\/Star-of-Bombay.jpg?fit=1200%2C1200&ssl=1\",\"width\":1200,\"height\":1200},{\"@type\":\"WebPage\",\"@id\":\"https:\/\/www.comercialanma.es\/?product=ginebra-star-of-bombay#webpage\",\"url\":\"https:\/\/www.comercialanma.es\/?product=ginebra-star-of-bombay\",\"name\":\"Ginebra Star of Bombay 70cl. - Comercial de Hosteleria Anma\",\"isPartOf\":{\"@id\":\"https:\/\/www.comercialanma.es\/#website\"},\"primaryImageOfPage\":{\"@id\":\"https:\/\/www.comercialanma.es\/?product=ginebra-star-of-bombay#primaryimage\"},\"datePublished\":\"2019-07-08T14:26:46+00:00\",\"dateModified\":\"2019-07-08T15:27:00+00:00\",\"breadcrumb\":{\"@id\":\"https:\/\/www.comercialanma.es\/?product=ginebra-star-of-bombay#breadcrumb\"},\"inLanguage\":\"es\",\"potentialAction\":[{\"@type\":\"ReadAction\",\"target\":[\"https:\/\/www.comercialanma.es\/?product=ginebra-star-of-bombay\"]}]},{\"@type\":\"BreadcrumbList\",\"@id\":\"https:\/\/www.comercialanma.es\/?product=ginebra-star-of-bombay#breadcrumb\",\"itemListElement\":[{\"@type\":\"ListItem\",\"position\":1,\"item\":{\"@type\":\"WebPage\",\"@id\":\"https:\/\/www.comercialanma.es\/\",\"url\":\"https:\/\/www.comercialanma.es\/\",\"name\":\"Portada\"}},{\"@type\":\"ListItem\",\"position\":2,\"item\":{\"@type\":\"WebPage\",\"@id\":\"https:\/\/www.comercialanma.es\/?page_id=3963\",\"url\":\"https:\/\/www.comercialanma.es\/?page_id=3963\",\"name\":\"Cat\\u00e1logo de Productos\"}},{\"@type\":\"ListItem\",\"position\":3,\"item\":{\"@type\":\"WebPage\",\"@id\":\"https:\/\/www.comercialanma.es\/?product=ginebra-star-of-bombay\",\"url\":\"https:\/\/www.comercialanma.es\/?product=ginebra-star-of-bombay\",\"name\":\"Ginebra Star of Bombay 70cl.\"}}]}]}<\/script>\n<!-- \/ Yoast SEO plugin. -->","_links":{"self":[{"href":"https:\/\/www.comercialanma.es\/index.php?rest_route=\/wp\/v2\/product\/7517"}],"collection":[{"href":"https:\/\/www.comercialanma.es\/index.php?rest_route=\/wp\/v2\/product"}],"about":[{"href":"https:\/\/www.comercialanma.es\/index.php?rest_route=\/wp\/v2\/types\/product"}],"version-history":[{"count":2,"href":"https:\/\/www.comercialanma.es\/index.php?rest_route=\/wp\/v2\/product\/7517\/revisions"}],"predecessor-version":[{"id":7525,"href":"https:\/\/www.comercialanma.es\/index.php?rest_route=\/wp\/v2\/product\/7517\/revisions\/7525"}],"wp:featuredmedia":[{"embeddable":true,"href":"https:\/\/www.comercialanma.es\/index.php?rest_route=\/wp\/v2\/media\/7518"}],"wp:attachment":[{"href":"https:\/\/www.comercialanma.es\/index.php?rest_route=%2Fwp%2Fv2%2Fmedia&parent=7517"}],"curies":[{"name":"wp","href":"https:\/\/api.w.org\/{rel}","templated":true}]}}