
{"id":7532,"date":"2019-07-08T17:37:56","date_gmt":"2019-07-08T15:37:56","guid":{"rendered":"http:\/\/www.comercialanma.es\/?post_type=product&#038;p=7532"},"modified":"2019-07-08T17:43:26","modified_gmt":"2019-07-08T15:43:26","slug":"ginebra-plymouth-std-70cl","status":"publish","type":"product","link":"https:\/\/www.comercialanma.es\/?product=ginebra-plymouth-std-70cl","title":{"rendered":"Ginebra Plymouth Std 70cl."},"content":{"rendered":"<h3>Nota de cata:<\/h3>\n<ul>\n<li>Color: Cristalino.<\/li>\n<li>Aroma:\u00a0Rico y fresco de enebro seguido de unas notas de cardamomo y coriandro.<\/li>\n<li>Sabor: Suave, con mucho cuerpo con un ligero toque dulce. Elegante, largo, fresco y arom\u00e1tico<\/li>\n<\/ul>\n","protected":false},"excerpt":{"rendered":"<p>La suavidad y sabor \u00fanico de Plymouth son el resultado de un proceso de destilaci\u00f3n tradicional. Su producci\u00f3n es limitada dado que se destila en el alambique de cobre original de 1855.<\/p>\n<p>Desde hace 17 a\u00f1os, Sean Harrison, maestro destilador de Plymouth, salvaguarda la receta manteniendo intactos tanto el proceso artesanal como el lugar hist\u00f3rico donde comenz\u00f3 a producirse siglos antes.<\/p>\n<p>Es el resultado de una equilibrada mezcla de 7 bot\u00e1nicos cuidadosamente seleccio-nados sumados a la pureza del agua del Parque Nacional de Dartmoor.<\/p>\n<p>Tiene un sabor caracter\u00edstico y complejo ligeramente dulce, se diferencia de las London Dry en que no tiene ning\u00fan ingrediente amargo. El car\u00e1cter \u00fanico de esta ginebra reside en que ninguno de sus ingredientes destaca sobre los otros.<\/p>\n","protected":false},"featured_media":7533,"template":"","meta":{"spay_email":""},"yoast_head":"<!-- This site is optimized with the Yoast SEO plugin v15.9 - https:\/\/yoast.com\/wordpress\/plugins\/seo\/ -->\n<title>Ginebra Plymouth Std 70cl. - Comercial de Hosteleria Anma<\/title>\n<meta name=\"robots\" content=\"index, follow, max-snippet:-1, max-image-preview:large, max-video-preview:-1\" \/>\n<link rel=\"canonical\" href=\"https:\/\/www.comercialanma.es\/?product=ginebra-plymouth-std-70cl\" \/>\n<meta property=\"og:locale\" content=\"es_ES\" \/>\n<meta property=\"og:type\" content=\"article\" \/>\n<meta property=\"og:title\" content=\"Ginebra Plymouth Std 70cl. - Comercial de Hosteleria Anma\" \/>\n<meta property=\"og:description\" content=\"La suavidad y sabor \u00fanico de Plymouth son el resultado de un proceso de destilaci\u00f3n tradicional. Su producci\u00f3n es limitada dado que se destila en el alambique de cobre original de 1855.  Desde hace 17 a\u00f1os, Sean Harrison, maestro destilador de Plymouth, salvaguarda la receta manteniendo intactos tanto el proceso artesanal como el lugar hist\u00f3rico donde comenz\u00f3 a producirse siglos antes.  Es el resultado de una equilibrada mezcla de 7 bot\u00e1nicos cuidadosamente seleccio-nados sumados a la pureza del agua del Parque Nacional de Dartmoor.  Tiene un sabor caracter\u00edstico y complejo ligeramente dulce, se diferencia de las London Dry en que no tiene ning\u00fan ingrediente amargo. El car\u00e1cter \u00fanico de esta ginebra reside en que ninguno de sus ingredientes destaca sobre los otros.\" \/>\n<meta property=\"og:url\" content=\"https:\/\/www.comercialanma.es\/?product=ginebra-plymouth-std-70cl\" \/>\n<meta property=\"og:site_name\" content=\"Comercial de Hosteleria Anma\" \/>\n<meta property=\"article:publisher\" content=\"https:\/\/www.facebook.com\/AnmaHosteleria\" \/>\n<meta property=\"article:modified_time\" content=\"2019-07-08T15:43:26+00:00\" \/>\n<meta property=\"og:image\" content=\"https:\/\/i0.wp.com\/www.comercialanma.es\/wp-content\/uploads\/2019\/07\/Plymouth.jpg?fit=1200%2C1200&#038;ssl=1\" \/>\n\t<meta property=\"og:image:width\" content=\"1200\" \/>\n\t<meta property=\"og:image:height\" content=\"1200\" \/>\n<meta name=\"twitter:card\" content=\"summary_large_image\" \/>\n<script type=\"application\/ld+json\" class=\"yoast-schema-graph\">{\"@context\":\"https:\/\/schema.org\",\"@graph\":[{\"@type\":\"Organization\",\"@id\":\"https:\/\/www.comercialanma.es\/#organization\",\"name\":\"Comercial Anma\",\"url\":\"https:\/\/www.comercialanma.es\/\",\"sameAs\":[\"https:\/\/www.facebook.com\/AnmaHosteleria\",\"https:\/\/www.instagram.com\/anmahosteleria\/?hl=es\",\"https:\/\/www.youtube.com\/channel\/UCT2nmn08Ntks0hmpZPnDgCA\"],\"logo\":{\"@type\":\"ImageObject\",\"@id\":\"https:\/\/www.comercialanma.es\/#logo\",\"inLanguage\":\"es\",\"url\":\"https:\/\/i2.wp.com\/www.comercialanma.es\/wp-content\/uploads\/2019\/06\/logo-anma-color.png?fit=247%2C101&ssl=1\",\"width\":247,\"height\":101,\"caption\":\"Comercial Anma\"},\"image\":{\"@id\":\"https:\/\/www.comercialanma.es\/#logo\"}},{\"@type\":\"WebSite\",\"@id\":\"https:\/\/www.comercialanma.es\/#website\",\"url\":\"https:\/\/www.comercialanma.es\/\",\"name\":\"Comercial de Hosteleria Anma\",\"description\":\"\",\"publisher\":{\"@id\":\"https:\/\/www.comercialanma.es\/#organization\"},\"potentialAction\":[{\"@type\":\"SearchAction\",\"target\":\"https:\/\/www.comercialanma.es\/?s={search_term_string}\",\"query-input\":\"required name=search_term_string\"}],\"inLanguage\":\"es\"},{\"@type\":\"ImageObject\",\"@id\":\"https:\/\/www.comercialanma.es\/?product=ginebra-plymouth-std-70cl#primaryimage\",\"inLanguage\":\"es\",\"url\":\"https:\/\/i0.wp.com\/www.comercialanma.es\/wp-content\/uploads\/2019\/07\/Plymouth.jpg?fit=1200%2C1200&ssl=1\",\"width\":1200,\"height\":1200},{\"@type\":\"WebPage\",\"@id\":\"https:\/\/www.comercialanma.es\/?product=ginebra-plymouth-std-70cl#webpage\",\"url\":\"https:\/\/www.comercialanma.es\/?product=ginebra-plymouth-std-70cl\",\"name\":\"Ginebra Plymouth Std 70cl. - Comercial de Hosteleria Anma\",\"isPartOf\":{\"@id\":\"https:\/\/www.comercialanma.es\/#website\"},\"primaryImageOfPage\":{\"@id\":\"https:\/\/www.comercialanma.es\/?product=ginebra-plymouth-std-70cl#primaryimage\"},\"datePublished\":\"2019-07-08T15:37:56+00:00\",\"dateModified\":\"2019-07-08T15:43:26+00:00\",\"breadcrumb\":{\"@id\":\"https:\/\/www.comercialanma.es\/?product=ginebra-plymouth-std-70cl#breadcrumb\"},\"inLanguage\":\"es\",\"potentialAction\":[{\"@type\":\"ReadAction\",\"target\":[\"https:\/\/www.comercialanma.es\/?product=ginebra-plymouth-std-70cl\"]}]},{\"@type\":\"BreadcrumbList\",\"@id\":\"https:\/\/www.comercialanma.es\/?product=ginebra-plymouth-std-70cl#breadcrumb\",\"itemListElement\":[{\"@type\":\"ListItem\",\"position\":1,\"item\":{\"@type\":\"WebPage\",\"@id\":\"https:\/\/www.comercialanma.es\/\",\"url\":\"https:\/\/www.comercialanma.es\/\",\"name\":\"Portada\"}},{\"@type\":\"ListItem\",\"position\":2,\"item\":{\"@type\":\"WebPage\",\"@id\":\"https:\/\/www.comercialanma.es\/?page_id=3963\",\"url\":\"https:\/\/www.comercialanma.es\/?page_id=3963\",\"name\":\"Cat\\u00e1logo de Productos\"}},{\"@type\":\"ListItem\",\"position\":3,\"item\":{\"@type\":\"WebPage\",\"@id\":\"https:\/\/www.comercialanma.es\/?product=ginebra-plymouth-std-70cl\",\"url\":\"https:\/\/www.comercialanma.es\/?product=ginebra-plymouth-std-70cl\",\"name\":\"Ginebra Plymouth Std 70cl.\"}}]}]}<\/script>\n<!-- \/ Yoast SEO plugin. -->","_links":{"self":[{"href":"https:\/\/www.comercialanma.es\/index.php?rest_route=\/wp\/v2\/product\/7532"}],"collection":[{"href":"https:\/\/www.comercialanma.es\/index.php?rest_route=\/wp\/v2\/product"}],"about":[{"href":"https:\/\/www.comercialanma.es\/index.php?rest_route=\/wp\/v2\/types\/product"}],"version-history":[{"count":1,"href":"https:\/\/www.comercialanma.es\/index.php?rest_route=\/wp\/v2\/product\/7532\/revisions"}],"predecessor-version":[{"id":7534,"href":"https:\/\/www.comercialanma.es\/index.php?rest_route=\/wp\/v2\/product\/7532\/revisions\/7534"}],"wp:featuredmedia":[{"embeddable":true,"href":"https:\/\/www.comercialanma.es\/index.php?rest_route=\/wp\/v2\/media\/7533"}],"wp:attachment":[{"href":"https:\/\/www.comercialanma.es\/index.php?rest_route=%2Fwp%2Fv2%2Fmedia&parent=7532"}],"curies":[{"name":"wp","href":"https:\/\/api.w.org\/{rel}","templated":true}]}}