
{"id":7563,"date":"2019-07-09T09:58:20","date_gmt":"2019-07-09T07:58:20","guid":{"rendered":"http:\/\/www.comercialanma.es\/?post_type=product&#038;p=7563"},"modified":"2019-07-09T10:07:37","modified_gmt":"2019-07-09T08:07:37","slug":"ginebra-gvine-nouaison-70cl","status":"publish","type":"product","link":"https:\/\/www.comercialanma.es\/?product=ginebra-gvine-nouaison-70cl","title":{"rendered":"Ginebra G\u00b4Vine Nouaison 70cl."},"content":{"rendered":"<p>El vino obtenido de las uvas Ugni Blanc,que crecen en la regi\u00f3n de Cognac de Francia, sufre una cu\u00e1duple destilaci\u00f3n.<\/p>\n<p>Entre sus ingredientes encontramos: nuez moscada, jengibre, regaliz, cardamomo, corteza de cassia, cilantro, bayas de enebro y de cubeb.<\/p>\n<p>El resultado final es una ginebra fresca y especiada pero m\u00e1s seca que Floraison.<\/p>\n<p>La Ginebra G Vigne Nouaison es de procedencia francesa.<\/p>\n<p>Si tiene alguna duda a la hora de comprar Ginebra G Vigne Nouaison pongase en contacto con nuestro sumiller y le asesorar\u00e1 sin compromiso.<\/p>\n","protected":false},"excerpt":{"rendered":"<p>G\u00b4Vine Nouaison, que se presenta en una botella igual que su hermana G\u00b4Vine Floraison s\u00f3lo que su color verde ha cambiado por el gris.<\/p>\n<p>Se trata de la primera ginebra elaborada de alcoholes neutros de la uva y de la flor de la uva, con una graduaci\u00f3n de 43,9.<\/p>\n","protected":false},"featured_media":7564,"template":"","meta":{"spay_email":""},"yoast_head":"<!-- This site is optimized with the Yoast SEO plugin v15.9 - https:\/\/yoast.com\/wordpress\/plugins\/seo\/ -->\n<title>Ginebra G\u00b4Vine Nouaison 70cl. - Comercial de Hosteleria Anma<\/title>\n<meta name=\"robots\" content=\"index, follow, max-snippet:-1, max-image-preview:large, max-video-preview:-1\" \/>\n<link rel=\"canonical\" href=\"https:\/\/www.comercialanma.es\/?product=ginebra-gvine-nouaison-70cl\" \/>\n<meta property=\"og:locale\" content=\"es_ES\" \/>\n<meta property=\"og:type\" content=\"article\" \/>\n<meta property=\"og:title\" content=\"Ginebra G\u00b4Vine Nouaison 70cl. - Comercial de Hosteleria Anma\" \/>\n<meta property=\"og:description\" content=\"G\u00b4Vine Nouaison, que se presenta en una botella igual que su hermana G\u00b4Vine Floraison s\u00f3lo que su color verde ha cambiado por el gris.  Se trata de la primera ginebra elaborada de alcoholes neutros de la uva y de la flor de la uva, con una graduaci\u00f3n de 43,9.\" \/>\n<meta property=\"og:url\" content=\"https:\/\/www.comercialanma.es\/?product=ginebra-gvine-nouaison-70cl\" \/>\n<meta property=\"og:site_name\" content=\"Comercial de Hosteleria Anma\" \/>\n<meta property=\"article:publisher\" content=\"https:\/\/www.facebook.com\/AnmaHosteleria\" \/>\n<meta property=\"article:modified_time\" content=\"2019-07-09T08:07:37+00:00\" \/>\n<meta property=\"og:image\" content=\"https:\/\/i0.wp.com\/www.comercialanma.es\/wp-content\/uploads\/2019\/07\/Gvine-nouaison.jpg?fit=1200%2C1200&#038;ssl=1\" \/>\n\t<meta property=\"og:image:width\" content=\"1200\" \/>\n\t<meta property=\"og:image:height\" content=\"1200\" \/>\n<meta name=\"twitter:card\" content=\"summary_large_image\" \/>\n<script type=\"application\/ld+json\" class=\"yoast-schema-graph\">{\"@context\":\"https:\/\/schema.org\",\"@graph\":[{\"@type\":\"Organization\",\"@id\":\"https:\/\/www.comercialanma.es\/#organization\",\"name\":\"Comercial Anma\",\"url\":\"https:\/\/www.comercialanma.es\/\",\"sameAs\":[\"https:\/\/www.facebook.com\/AnmaHosteleria\",\"https:\/\/www.instagram.com\/anmahosteleria\/?hl=es\",\"https:\/\/www.youtube.com\/channel\/UCT2nmn08Ntks0hmpZPnDgCA\"],\"logo\":{\"@type\":\"ImageObject\",\"@id\":\"https:\/\/www.comercialanma.es\/#logo\",\"inLanguage\":\"es\",\"url\":\"https:\/\/i2.wp.com\/www.comercialanma.es\/wp-content\/uploads\/2019\/06\/logo-anma-color.png?fit=247%2C101&ssl=1\",\"width\":247,\"height\":101,\"caption\":\"Comercial Anma\"},\"image\":{\"@id\":\"https:\/\/www.comercialanma.es\/#logo\"}},{\"@type\":\"WebSite\",\"@id\":\"https:\/\/www.comercialanma.es\/#website\",\"url\":\"https:\/\/www.comercialanma.es\/\",\"name\":\"Comercial de Hosteleria Anma\",\"description\":\"\",\"publisher\":{\"@id\":\"https:\/\/www.comercialanma.es\/#organization\"},\"potentialAction\":[{\"@type\":\"SearchAction\",\"target\":\"https:\/\/www.comercialanma.es\/?s={search_term_string}\",\"query-input\":\"required name=search_term_string\"}],\"inLanguage\":\"es\"},{\"@type\":\"ImageObject\",\"@id\":\"https:\/\/www.comercialanma.es\/?product=ginebra-gvine-nouaison-70cl#primaryimage\",\"inLanguage\":\"es\",\"url\":\"https:\/\/i0.wp.com\/www.comercialanma.es\/wp-content\/uploads\/2019\/07\/Gvine-nouaison.jpg?fit=1200%2C1200&ssl=1\",\"width\":1200,\"height\":1200},{\"@type\":\"WebPage\",\"@id\":\"https:\/\/www.comercialanma.es\/?product=ginebra-gvine-nouaison-70cl#webpage\",\"url\":\"https:\/\/www.comercialanma.es\/?product=ginebra-gvine-nouaison-70cl\",\"name\":\"Ginebra G\\u00b4Vine Nouaison 70cl. - Comercial de Hosteleria Anma\",\"isPartOf\":{\"@id\":\"https:\/\/www.comercialanma.es\/#website\"},\"primaryImageOfPage\":{\"@id\":\"https:\/\/www.comercialanma.es\/?product=ginebra-gvine-nouaison-70cl#primaryimage\"},\"datePublished\":\"2019-07-09T07:58:20+00:00\",\"dateModified\":\"2019-07-09T08:07:37+00:00\",\"breadcrumb\":{\"@id\":\"https:\/\/www.comercialanma.es\/?product=ginebra-gvine-nouaison-70cl#breadcrumb\"},\"inLanguage\":\"es\",\"potentialAction\":[{\"@type\":\"ReadAction\",\"target\":[\"https:\/\/www.comercialanma.es\/?product=ginebra-gvine-nouaison-70cl\"]}]},{\"@type\":\"BreadcrumbList\",\"@id\":\"https:\/\/www.comercialanma.es\/?product=ginebra-gvine-nouaison-70cl#breadcrumb\",\"itemListElement\":[{\"@type\":\"ListItem\",\"position\":1,\"item\":{\"@type\":\"WebPage\",\"@id\":\"https:\/\/www.comercialanma.es\/\",\"url\":\"https:\/\/www.comercialanma.es\/\",\"name\":\"Portada\"}},{\"@type\":\"ListItem\",\"position\":2,\"item\":{\"@type\":\"WebPage\",\"@id\":\"https:\/\/www.comercialanma.es\/?page_id=3963\",\"url\":\"https:\/\/www.comercialanma.es\/?page_id=3963\",\"name\":\"Cat\\u00e1logo de Productos\"}},{\"@type\":\"ListItem\",\"position\":3,\"item\":{\"@type\":\"WebPage\",\"@id\":\"https:\/\/www.comercialanma.es\/?product=ginebra-gvine-nouaison-70cl\",\"url\":\"https:\/\/www.comercialanma.es\/?product=ginebra-gvine-nouaison-70cl\",\"name\":\"Ginebra G\\u00b4Vine Nouaison 70cl.\"}}]}]}<\/script>\n<!-- \/ Yoast SEO plugin. -->","_links":{"self":[{"href":"https:\/\/www.comercialanma.es\/index.php?rest_route=\/wp\/v2\/product\/7563"}],"collection":[{"href":"https:\/\/www.comercialanma.es\/index.php?rest_route=\/wp\/v2\/product"}],"about":[{"href":"https:\/\/www.comercialanma.es\/index.php?rest_route=\/wp\/v2\/types\/product"}],"version-history":[{"count":2,"href":"https:\/\/www.comercialanma.es\/index.php?rest_route=\/wp\/v2\/product\/7563\/revisions"}],"predecessor-version":[{"id":7566,"href":"https:\/\/www.comercialanma.es\/index.php?rest_route=\/wp\/v2\/product\/7563\/revisions\/7566"}],"wp:featuredmedia":[{"embeddable":true,"href":"https:\/\/www.comercialanma.es\/index.php?rest_route=\/wp\/v2\/media\/7564"}],"wp:attachment":[{"href":"https:\/\/www.comercialanma.es\/index.php?rest_route=%2Fwp%2Fv2%2Fmedia&parent=7563"}],"curies":[{"name":"wp","href":"https:\/\/api.w.org\/{rel}","templated":true}]}}