
{"id":7586,"date":"2019-07-09T11:32:05","date_gmt":"2019-07-09T09:32:05","guid":{"rendered":"http:\/\/www.comercialanma.es\/?post_type=product&#038;p=7586"},"modified":"2019-07-09T11:35:23","modified_gmt":"2019-07-09T09:35:23","slug":"ginebra-copperhead-box-50cl-3x5cl","status":"publish","type":"product","link":"https:\/\/www.comercialanma.es\/?product=ginebra-copperhead-box-50cl-3x5cl","title":{"rendered":"Ginebra Copperhead Box 50cl.+3x5cl."},"content":{"rendered":"<div id=\"tabs_content_container\">\n<div id=\"tab_cata_0\" class=\"tab_content catas_review_container\">\n<p>&nbsp;<\/p>\n<p>&nbsp;<\/p>\n<\/div>\n<\/div>\n","protected":false},"excerpt":{"rendered":"<p><span class=\"tlid-translation translation\" lang=\"es\"><span title=\"\">Una maravillosamente presentada &#8220;Alchemist&#8217;s Box&#8221; de Copperhead Gin, que contiene una botella de 50 cl de su ginebra belga hecha con solo 5 bot\u00e1nicos, Juniper, Cardamom, Orange peel, Angelica y Coriander y tres botellas diferentes de amargos o &#8220;mezclas&#8221; que le brindan la oportunidad.<\/span> <span class=\"\" title=\"\">tomar el asunto en tus propias manos, como un alquimista.<\/span> <span class=\"\" title=\"\">Se pueden usar para resaltar ciertos aspectos de la ginebra y para diferentes ocasiones: Digestivum contiene jengibre para ayudar a la digesti\u00f3n despu\u00e9s de una comida, Aperitivum contiene ang\u00e9lica y pomelo para limpiar el paladar, mientras que Energeticus contiene un mont\u00f3n de guaran\u00e1 para un pick-me-up<\/span> <span title=\"\">!<\/span><\/span><\/p>\n","protected":false},"featured_media":7587,"template":"","meta":{"spay_email":""},"yoast_head":"<!-- This site is optimized with the Yoast SEO plugin v15.9 - https:\/\/yoast.com\/wordpress\/plugins\/seo\/ -->\n<title>Ginebra Copperhead Box 50cl.+3x5cl. - Comercial de Hosteleria Anma<\/title>\n<meta name=\"robots\" content=\"index, follow, max-snippet:-1, max-image-preview:large, max-video-preview:-1\" \/>\n<link rel=\"canonical\" href=\"https:\/\/www.comercialanma.es\/?product=ginebra-copperhead-box-50cl-3x5cl\" \/>\n<meta property=\"og:locale\" content=\"es_ES\" \/>\n<meta property=\"og:type\" content=\"article\" \/>\n<meta property=\"og:title\" content=\"Ginebra Copperhead Box 50cl.+3x5cl. - Comercial de Hosteleria Anma\" \/>\n<meta property=\"og:description\" content=\"Una maravillosamente presentada &quot;Alchemist&#039;s Box&quot; de Copperhead Gin, que contiene una botella de 50 cl de su ginebra belga hecha con solo 5 bot\u00e1nicos, Juniper, Cardamom, Orange peel, Angelica y Coriander y tres botellas diferentes de amargos o &quot;mezclas&quot; que le brindan la oportunidad. tomar el asunto en tus propias manos, como un alquimista. Se pueden usar para resaltar ciertos aspectos de la ginebra y para diferentes ocasiones: Digestivum contiene jengibre para ayudar a la digesti\u00f3n despu\u00e9s de una comida, Aperitivum contiene ang\u00e9lica y pomelo para limpiar el paladar, mientras que Energeticus contiene un mont\u00f3n de guaran\u00e1 para un pick-me-up !\" \/>\n<meta property=\"og:url\" content=\"https:\/\/www.comercialanma.es\/?product=ginebra-copperhead-box-50cl-3x5cl\" \/>\n<meta property=\"og:site_name\" content=\"Comercial de Hosteleria Anma\" \/>\n<meta property=\"article:publisher\" content=\"https:\/\/www.facebook.com\/AnmaHosteleria\" \/>\n<meta property=\"article:modified_time\" content=\"2019-07-09T09:35:23+00:00\" \/>\n<meta property=\"og:image\" content=\"https:\/\/i0.wp.com\/www.comercialanma.es\/wp-content\/uploads\/2019\/07\/Box-Copperhead.jpg?fit=1200%2C1200&#038;ssl=1\" \/>\n\t<meta property=\"og:image:width\" content=\"1200\" \/>\n\t<meta property=\"og:image:height\" content=\"1200\" \/>\n<meta name=\"twitter:card\" content=\"summary_large_image\" \/>\n<script type=\"application\/ld+json\" class=\"yoast-schema-graph\">{\"@context\":\"https:\/\/schema.org\",\"@graph\":[{\"@type\":\"Organization\",\"@id\":\"https:\/\/www.comercialanma.es\/#organization\",\"name\":\"Comercial Anma\",\"url\":\"https:\/\/www.comercialanma.es\/\",\"sameAs\":[\"https:\/\/www.facebook.com\/AnmaHosteleria\",\"https:\/\/www.instagram.com\/anmahosteleria\/?hl=es\",\"https:\/\/www.youtube.com\/channel\/UCT2nmn08Ntks0hmpZPnDgCA\"],\"logo\":{\"@type\":\"ImageObject\",\"@id\":\"https:\/\/www.comercialanma.es\/#logo\",\"inLanguage\":\"es\",\"url\":\"https:\/\/i2.wp.com\/www.comercialanma.es\/wp-content\/uploads\/2019\/06\/logo-anma-color.png?fit=247%2C101&ssl=1\",\"width\":247,\"height\":101,\"caption\":\"Comercial Anma\"},\"image\":{\"@id\":\"https:\/\/www.comercialanma.es\/#logo\"}},{\"@type\":\"WebSite\",\"@id\":\"https:\/\/www.comercialanma.es\/#website\",\"url\":\"https:\/\/www.comercialanma.es\/\",\"name\":\"Comercial de Hosteleria Anma\",\"description\":\"\",\"publisher\":{\"@id\":\"https:\/\/www.comercialanma.es\/#organization\"},\"potentialAction\":[{\"@type\":\"SearchAction\",\"target\":\"https:\/\/www.comercialanma.es\/?s={search_term_string}\",\"query-input\":\"required name=search_term_string\"}],\"inLanguage\":\"es\"},{\"@type\":\"ImageObject\",\"@id\":\"https:\/\/www.comercialanma.es\/?product=ginebra-copperhead-box-50cl-3x5cl#primaryimage\",\"inLanguage\":\"es\",\"url\":\"https:\/\/i0.wp.com\/www.comercialanma.es\/wp-content\/uploads\/2019\/07\/Box-Copperhead.jpg?fit=1200%2C1200&ssl=1\",\"width\":1200,\"height\":1200},{\"@type\":\"WebPage\",\"@id\":\"https:\/\/www.comercialanma.es\/?product=ginebra-copperhead-box-50cl-3x5cl#webpage\",\"url\":\"https:\/\/www.comercialanma.es\/?product=ginebra-copperhead-box-50cl-3x5cl\",\"name\":\"Ginebra Copperhead Box 50cl.+3x5cl. - Comercial de Hosteleria Anma\",\"isPartOf\":{\"@id\":\"https:\/\/www.comercialanma.es\/#website\"},\"primaryImageOfPage\":{\"@id\":\"https:\/\/www.comercialanma.es\/?product=ginebra-copperhead-box-50cl-3x5cl#primaryimage\"},\"datePublished\":\"2019-07-09T09:32:05+00:00\",\"dateModified\":\"2019-07-09T09:35:23+00:00\",\"breadcrumb\":{\"@id\":\"https:\/\/www.comercialanma.es\/?product=ginebra-copperhead-box-50cl-3x5cl#breadcrumb\"},\"inLanguage\":\"es\",\"potentialAction\":[{\"@type\":\"ReadAction\",\"target\":[\"https:\/\/www.comercialanma.es\/?product=ginebra-copperhead-box-50cl-3x5cl\"]}]},{\"@type\":\"BreadcrumbList\",\"@id\":\"https:\/\/www.comercialanma.es\/?product=ginebra-copperhead-box-50cl-3x5cl#breadcrumb\",\"itemListElement\":[{\"@type\":\"ListItem\",\"position\":1,\"item\":{\"@type\":\"WebPage\",\"@id\":\"https:\/\/www.comercialanma.es\/\",\"url\":\"https:\/\/www.comercialanma.es\/\",\"name\":\"Portada\"}},{\"@type\":\"ListItem\",\"position\":2,\"item\":{\"@type\":\"WebPage\",\"@id\":\"https:\/\/www.comercialanma.es\/?page_id=3963\",\"url\":\"https:\/\/www.comercialanma.es\/?page_id=3963\",\"name\":\"Cat\\u00e1logo de Productos\"}},{\"@type\":\"ListItem\",\"position\":3,\"item\":{\"@type\":\"WebPage\",\"@id\":\"https:\/\/www.comercialanma.es\/?product=ginebra-copperhead-box-50cl-3x5cl\",\"url\":\"https:\/\/www.comercialanma.es\/?product=ginebra-copperhead-box-50cl-3x5cl\",\"name\":\"Ginebra Copperhead Box 50cl.+3x5cl.\"}}]}]}<\/script>\n<!-- \/ Yoast SEO plugin. -->","_links":{"self":[{"href":"https:\/\/www.comercialanma.es\/index.php?rest_route=\/wp\/v2\/product\/7586"}],"collection":[{"href":"https:\/\/www.comercialanma.es\/index.php?rest_route=\/wp\/v2\/product"}],"about":[{"href":"https:\/\/www.comercialanma.es\/index.php?rest_route=\/wp\/v2\/types\/product"}],"version-history":[{"count":1,"href":"https:\/\/www.comercialanma.es\/index.php?rest_route=\/wp\/v2\/product\/7586\/revisions"}],"predecessor-version":[{"id":7588,"href":"https:\/\/www.comercialanma.es\/index.php?rest_route=\/wp\/v2\/product\/7586\/revisions\/7588"}],"wp:featuredmedia":[{"embeddable":true,"href":"https:\/\/www.comercialanma.es\/index.php?rest_route=\/wp\/v2\/media\/7587"}],"wp:attachment":[{"href":"https:\/\/www.comercialanma.es\/index.php?rest_route=%2Fwp%2Fv2%2Fmedia&parent=7586"}],"curies":[{"name":"wp","href":"https:\/\/api.w.org\/{rel}","templated":true}]}}