
{"id":7601,"date":"2019-07-09T12:13:09","date_gmt":"2019-07-09T10:13:09","guid":{"rendered":"http:\/\/www.comercialanma.es\/?post_type=product&#038;p=7601"},"modified":"2019-07-09T12:19:27","modified_gmt":"2019-07-09T10:19:27","slug":"ginebra-citadelle-reserva-2014-70cl","status":"publish","type":"product","link":"https:\/\/www.comercialanma.es\/?product=ginebra-citadelle-reserva-2014-70cl","title":{"rendered":"Ginebra Citadelle Reserva 2014 70cl."},"content":{"rendered":"<div id=\"tab_cata_2013\" class=\"tab_content catas_review_container\">\n<h3>Nota de cata:<\/h3>\n<ul>\n<li class=\"sp catas_review col-xs-12 nopadding\"><span class=\"cata_title\">Cata a la vista<\/span> <span class=\"cata_content\">De color oro p\u00e1lido. Brillante.<\/span><\/li>\n<li class=\"sp catas_review col-xs-12 nopadding\"><span class=\"cata_title\">Cata en nariz<\/span> <span class=\"cata_content\">Muy arom\u00e1tica. <\/span><\/li>\n<li class=\"sp catas_review col-xs-12 nopadding\"><span class=\"cata_content\">Notas de frutos secos y tostados derivados de su paso por las barricas. <\/span><\/li>\n<li class=\"sp catas_review col-xs-12 nopadding\"><span class=\"cata_content\">Aparecen tambi\u00e9n notas de chocolate y de frutas tropicales maduras (pl\u00e1tano, pi\u00f1a).<\/span><\/li>\n<li class=\"sp catas_review col-xs-12 nopadding\"><span class=\"cata_title\">Cata en boca<\/span> <span class=\"cata_content\">Sabrosa y compleja, suave al paladar. <\/span><\/li>\n<li class=\"sp catas_review col-xs-12 nopadding\"><span class=\"cata_content\">El frescor de los c\u00edtricos y el an\u00eds estrellado aparece junto a sutiles notas de su paso por madera como la vainilla, la canela, los tostados. <\/span><\/li>\n<li class=\"sp catas_review col-xs-12 nopadding\"><span class=\"cata_content\">Final persistente y muy agradable.<\/span><\/li>\n<\/ul>\n<\/div>\n","protected":false},"excerpt":{"rendered":"<p>&nbsp;<\/p>\n<div id=\"info_valoracion\">\n<p>Alexandre Gabriel caus\u00f3 sensaci\u00f3n al producir Citadelle R\u00e9serve envejecida en madera. Nadie hab\u00eda visto una ginebra envejecida desde hac\u00eda casi un siglo. Con Citadelle R\u00e9serve, Maison Ferrand celebr\u00f3 el renacimiento de las ginebras envejecidas.<\/p>\n<\/div>\n<p>&nbsp;<\/p>\n","protected":false},"featured_media":7602,"template":"","meta":{"spay_email":""},"yoast_head":"<!-- This site is optimized with the Yoast SEO plugin v15.9 - https:\/\/yoast.com\/wordpress\/plugins\/seo\/ -->\n<title>Ginebra Citadelle Reserva 2014 70cl. - Comercial de Hosteleria Anma<\/title>\n<meta name=\"robots\" content=\"index, follow, max-snippet:-1, max-image-preview:large, max-video-preview:-1\" \/>\n<link rel=\"canonical\" href=\"https:\/\/www.comercialanma.es\/?product=ginebra-citadelle-reserva-2014-70cl\" \/>\n<meta property=\"og:locale\" content=\"es_ES\" \/>\n<meta property=\"og:type\" content=\"article\" \/>\n<meta property=\"og:title\" content=\"Ginebra Citadelle Reserva 2014 70cl. - Comercial de Hosteleria Anma\" \/>\n<meta property=\"og:description\" content=\"&nbsp;   Alexandre Gabriel caus\u00f3 sensaci\u00f3n al producir Citadelle R\u00e9serve envejecida en madera. Nadie hab\u00eda visto una ginebra envejecida desde hac\u00eda casi un siglo. Con Citadelle R\u00e9serve, Maison Ferrand celebr\u00f3 el renacimiento de las ginebras envejecidas.   &nbsp;\" \/>\n<meta property=\"og:url\" content=\"https:\/\/www.comercialanma.es\/?product=ginebra-citadelle-reserva-2014-70cl\" \/>\n<meta property=\"og:site_name\" content=\"Comercial de Hosteleria Anma\" \/>\n<meta property=\"article:publisher\" content=\"https:\/\/www.facebook.com\/AnmaHosteleria\" \/>\n<meta property=\"article:modified_time\" content=\"2019-07-09T10:19:27+00:00\" \/>\n<meta property=\"og:image\" content=\"https:\/\/i0.wp.com\/www.comercialanma.es\/wp-content\/uploads\/2019\/07\/Citadelle-reserva.jpg?fit=1200%2C1200&#038;ssl=1\" \/>\n\t<meta property=\"og:image:width\" content=\"1200\" \/>\n\t<meta property=\"og:image:height\" content=\"1200\" \/>\n<meta name=\"twitter:card\" content=\"summary_large_image\" \/>\n<script type=\"application\/ld+json\" class=\"yoast-schema-graph\">{\"@context\":\"https:\/\/schema.org\",\"@graph\":[{\"@type\":\"Organization\",\"@id\":\"https:\/\/www.comercialanma.es\/#organization\",\"name\":\"Comercial Anma\",\"url\":\"https:\/\/www.comercialanma.es\/\",\"sameAs\":[\"https:\/\/www.facebook.com\/AnmaHosteleria\",\"https:\/\/www.instagram.com\/anmahosteleria\/?hl=es\",\"https:\/\/www.youtube.com\/channel\/UCT2nmn08Ntks0hmpZPnDgCA\"],\"logo\":{\"@type\":\"ImageObject\",\"@id\":\"https:\/\/www.comercialanma.es\/#logo\",\"inLanguage\":\"es\",\"url\":\"https:\/\/i2.wp.com\/www.comercialanma.es\/wp-content\/uploads\/2019\/06\/logo-anma-color.png?fit=247%2C101&ssl=1\",\"width\":247,\"height\":101,\"caption\":\"Comercial Anma\"},\"image\":{\"@id\":\"https:\/\/www.comercialanma.es\/#logo\"}},{\"@type\":\"WebSite\",\"@id\":\"https:\/\/www.comercialanma.es\/#website\",\"url\":\"https:\/\/www.comercialanma.es\/\",\"name\":\"Comercial de Hosteleria Anma\",\"description\":\"\",\"publisher\":{\"@id\":\"https:\/\/www.comercialanma.es\/#organization\"},\"potentialAction\":[{\"@type\":\"SearchAction\",\"target\":\"https:\/\/www.comercialanma.es\/?s={search_term_string}\",\"query-input\":\"required name=search_term_string\"}],\"inLanguage\":\"es\"},{\"@type\":\"ImageObject\",\"@id\":\"https:\/\/www.comercialanma.es\/?product=ginebra-citadelle-reserva-2014-70cl#primaryimage\",\"inLanguage\":\"es\",\"url\":\"https:\/\/i0.wp.com\/www.comercialanma.es\/wp-content\/uploads\/2019\/07\/Citadelle-reserva.jpg?fit=1200%2C1200&ssl=1\",\"width\":1200,\"height\":1200},{\"@type\":\"WebPage\",\"@id\":\"https:\/\/www.comercialanma.es\/?product=ginebra-citadelle-reserva-2014-70cl#webpage\",\"url\":\"https:\/\/www.comercialanma.es\/?product=ginebra-citadelle-reserva-2014-70cl\",\"name\":\"Ginebra Citadelle Reserva 2014 70cl. - Comercial de Hosteleria Anma\",\"isPartOf\":{\"@id\":\"https:\/\/www.comercialanma.es\/#website\"},\"primaryImageOfPage\":{\"@id\":\"https:\/\/www.comercialanma.es\/?product=ginebra-citadelle-reserva-2014-70cl#primaryimage\"},\"datePublished\":\"2019-07-09T10:13:09+00:00\",\"dateModified\":\"2019-07-09T10:19:27+00:00\",\"breadcrumb\":{\"@id\":\"https:\/\/www.comercialanma.es\/?product=ginebra-citadelle-reserva-2014-70cl#breadcrumb\"},\"inLanguage\":\"es\",\"potentialAction\":[{\"@type\":\"ReadAction\",\"target\":[\"https:\/\/www.comercialanma.es\/?product=ginebra-citadelle-reserva-2014-70cl\"]}]},{\"@type\":\"BreadcrumbList\",\"@id\":\"https:\/\/www.comercialanma.es\/?product=ginebra-citadelle-reserva-2014-70cl#breadcrumb\",\"itemListElement\":[{\"@type\":\"ListItem\",\"position\":1,\"item\":{\"@type\":\"WebPage\",\"@id\":\"https:\/\/www.comercialanma.es\/\",\"url\":\"https:\/\/www.comercialanma.es\/\",\"name\":\"Portada\"}},{\"@type\":\"ListItem\",\"position\":2,\"item\":{\"@type\":\"WebPage\",\"@id\":\"https:\/\/www.comercialanma.es\/?page_id=3963\",\"url\":\"https:\/\/www.comercialanma.es\/?page_id=3963\",\"name\":\"Cat\\u00e1logo de Productos\"}},{\"@type\":\"ListItem\",\"position\":3,\"item\":{\"@type\":\"WebPage\",\"@id\":\"https:\/\/www.comercialanma.es\/?product=ginebra-citadelle-reserva-2014-70cl\",\"url\":\"https:\/\/www.comercialanma.es\/?product=ginebra-citadelle-reserva-2014-70cl\",\"name\":\"Ginebra Citadelle Reserva 2014 70cl.\"}}]}]}<\/script>\n<!-- \/ Yoast SEO plugin. -->","_links":{"self":[{"href":"https:\/\/www.comercialanma.es\/index.php?rest_route=\/wp\/v2\/product\/7601"}],"collection":[{"href":"https:\/\/www.comercialanma.es\/index.php?rest_route=\/wp\/v2\/product"}],"about":[{"href":"https:\/\/www.comercialanma.es\/index.php?rest_route=\/wp\/v2\/types\/product"}],"version-history":[{"count":1,"href":"https:\/\/www.comercialanma.es\/index.php?rest_route=\/wp\/v2\/product\/7601\/revisions"}],"predecessor-version":[{"id":7603,"href":"https:\/\/www.comercialanma.es\/index.php?rest_route=\/wp\/v2\/product\/7601\/revisions\/7603"}],"wp:featuredmedia":[{"embeddable":true,"href":"https:\/\/www.comercialanma.es\/index.php?rest_route=\/wp\/v2\/media\/7602"}],"wp:attachment":[{"href":"https:\/\/www.comercialanma.es\/index.php?rest_route=%2Fwp%2Fv2%2Fmedia&parent=7601"}],"curies":[{"name":"wp","href":"https:\/\/api.w.org\/{rel}","templated":true}]}}