
{"id":7609,"date":"2019-07-09T12:28:04","date_gmt":"2019-07-09T10:28:04","guid":{"rendered":"http:\/\/www.comercialanma.es\/?post_type=product&#038;p=7609"},"modified":"2019-07-09T12:33:02","modified_gmt":"2019-07-09T10:33:02","slug":"ginebra-burroughs-70cl","status":"publish","type":"product","link":"https:\/\/www.comercialanma.es\/?product=ginebra-burroughs-70cl","title":{"rendered":"Ginebra Burrough\u00b4s Reserve 70cl."},"content":{"rendered":"<ul>\n<li>Beefeater Burrough&#8217;s Reserve es una ginebra inglesa, de clase ultra premium, a\u00f1ejada en barricas de roble de Jean de Lillet.<\/li>\n<li>Es de las pocas ginebras que se envejecen.<\/li>\n<li>Elaborada seg\u00fan la receta original de Beefeater, perfeccionada en 1860 por el fundador de la compa\u00f1\u00eda, James Burrough, que da nombre a la ginebra, es supervisada por el actual Maestro Destilador, Desmond Payne.<\/li>\n<\/ul>\n","protected":false},"excerpt":{"rendered":"<p>Beefeater Burrough&#8217;s Reserve es una ginebra inglesa, de clase ultra premium, a\u00f1ejada en barricas de roble de Jean de Lillet. Es de las pocas ginebras que se envejecen.<\/p>\n<p>Elaborada seg\u00fan la receta original de Beefeater, perfeccionada en 1860 por el fundador de la compa\u00f1\u00eda, James Burrough, que da nombre a la ginebra, es supervisada por el actual Maestro Destilador, Desmond Payne.<\/p>\n","protected":false},"featured_media":7610,"template":"","meta":{"spay_email":""},"yoast_head":"<!-- This site is optimized with the Yoast SEO plugin v15.9 - https:\/\/yoast.com\/wordpress\/plugins\/seo\/ -->\n<title>Ginebra Burrough\u00b4s Reserve 70cl. - Comercial de Hosteleria Anma<\/title>\n<meta name=\"robots\" content=\"index, follow, max-snippet:-1, max-image-preview:large, max-video-preview:-1\" \/>\n<link rel=\"canonical\" href=\"https:\/\/www.comercialanma.es\/?product=ginebra-burroughs-70cl\" \/>\n<meta property=\"og:locale\" content=\"es_ES\" \/>\n<meta property=\"og:type\" content=\"article\" \/>\n<meta property=\"og:title\" content=\"Ginebra Burrough\u00b4s Reserve 70cl. - Comercial de Hosteleria Anma\" \/>\n<meta property=\"og:description\" content=\"Beefeater Burrough&#039;s Reserve es una ginebra inglesa, de clase ultra premium, a\u00f1ejada en barricas de roble de Jean de Lillet. Es de las pocas ginebras que se envejecen.  Elaborada seg\u00fan la receta original de Beefeater, perfeccionada en 1860 por el fundador de la compa\u00f1\u00eda, James Burrough, que da nombre a la ginebra, es supervisada por el actual Maestro Destilador, Desmond Payne.\" \/>\n<meta property=\"og:url\" content=\"https:\/\/www.comercialanma.es\/?product=ginebra-burroughs-70cl\" \/>\n<meta property=\"og:site_name\" content=\"Comercial de Hosteleria Anma\" \/>\n<meta property=\"article:publisher\" content=\"https:\/\/www.facebook.com\/AnmaHosteleria\" \/>\n<meta property=\"article:modified_time\" content=\"2019-07-09T10:33:02+00:00\" \/>\n<meta property=\"og:image\" content=\"https:\/\/i2.wp.com\/www.comercialanma.es\/wp-content\/uploads\/2019\/07\/Borroughs.jpg?fit=1200%2C1200&#038;ssl=1\" \/>\n\t<meta property=\"og:image:width\" content=\"1200\" \/>\n\t<meta property=\"og:image:height\" content=\"1200\" \/>\n<meta name=\"twitter:card\" content=\"summary_large_image\" \/>\n<script type=\"application\/ld+json\" class=\"yoast-schema-graph\">{\"@context\":\"https:\/\/schema.org\",\"@graph\":[{\"@type\":\"Organization\",\"@id\":\"https:\/\/www.comercialanma.es\/#organization\",\"name\":\"Comercial Anma\",\"url\":\"https:\/\/www.comercialanma.es\/\",\"sameAs\":[\"https:\/\/www.facebook.com\/AnmaHosteleria\",\"https:\/\/www.instagram.com\/anmahosteleria\/?hl=es\",\"https:\/\/www.youtube.com\/channel\/UCT2nmn08Ntks0hmpZPnDgCA\"],\"logo\":{\"@type\":\"ImageObject\",\"@id\":\"https:\/\/www.comercialanma.es\/#logo\",\"inLanguage\":\"es\",\"url\":\"https:\/\/i2.wp.com\/www.comercialanma.es\/wp-content\/uploads\/2019\/06\/logo-anma-color.png?fit=247%2C101&ssl=1\",\"width\":247,\"height\":101,\"caption\":\"Comercial Anma\"},\"image\":{\"@id\":\"https:\/\/www.comercialanma.es\/#logo\"}},{\"@type\":\"WebSite\",\"@id\":\"https:\/\/www.comercialanma.es\/#website\",\"url\":\"https:\/\/www.comercialanma.es\/\",\"name\":\"Comercial de Hosteleria Anma\",\"description\":\"\",\"publisher\":{\"@id\":\"https:\/\/www.comercialanma.es\/#organization\"},\"potentialAction\":[{\"@type\":\"SearchAction\",\"target\":\"https:\/\/www.comercialanma.es\/?s={search_term_string}\",\"query-input\":\"required name=search_term_string\"}],\"inLanguage\":\"es\"},{\"@type\":\"ImageObject\",\"@id\":\"https:\/\/www.comercialanma.es\/?product=ginebra-burroughs-70cl#primaryimage\",\"inLanguage\":\"es\",\"url\":\"https:\/\/i2.wp.com\/www.comercialanma.es\/wp-content\/uploads\/2019\/07\/Borroughs.jpg?fit=1200%2C1200&ssl=1\",\"width\":1200,\"height\":1200},{\"@type\":\"WebPage\",\"@id\":\"https:\/\/www.comercialanma.es\/?product=ginebra-burroughs-70cl#webpage\",\"url\":\"https:\/\/www.comercialanma.es\/?product=ginebra-burroughs-70cl\",\"name\":\"Ginebra Burrough\\u00b4s Reserve 70cl. - Comercial de Hosteleria Anma\",\"isPartOf\":{\"@id\":\"https:\/\/www.comercialanma.es\/#website\"},\"primaryImageOfPage\":{\"@id\":\"https:\/\/www.comercialanma.es\/?product=ginebra-burroughs-70cl#primaryimage\"},\"datePublished\":\"2019-07-09T10:28:04+00:00\",\"dateModified\":\"2019-07-09T10:33:02+00:00\",\"breadcrumb\":{\"@id\":\"https:\/\/www.comercialanma.es\/?product=ginebra-burroughs-70cl#breadcrumb\"},\"inLanguage\":\"es\",\"potentialAction\":[{\"@type\":\"ReadAction\",\"target\":[\"https:\/\/www.comercialanma.es\/?product=ginebra-burroughs-70cl\"]}]},{\"@type\":\"BreadcrumbList\",\"@id\":\"https:\/\/www.comercialanma.es\/?product=ginebra-burroughs-70cl#breadcrumb\",\"itemListElement\":[{\"@type\":\"ListItem\",\"position\":1,\"item\":{\"@type\":\"WebPage\",\"@id\":\"https:\/\/www.comercialanma.es\/\",\"url\":\"https:\/\/www.comercialanma.es\/\",\"name\":\"Portada\"}},{\"@type\":\"ListItem\",\"position\":2,\"item\":{\"@type\":\"WebPage\",\"@id\":\"https:\/\/www.comercialanma.es\/?page_id=3963\",\"url\":\"https:\/\/www.comercialanma.es\/?page_id=3963\",\"name\":\"Cat\\u00e1logo de Productos\"}},{\"@type\":\"ListItem\",\"position\":3,\"item\":{\"@type\":\"WebPage\",\"@id\":\"https:\/\/www.comercialanma.es\/?product=ginebra-burroughs-70cl\",\"url\":\"https:\/\/www.comercialanma.es\/?product=ginebra-burroughs-70cl\",\"name\":\"Ginebra Burrough\\u00b4s Reserve 70cl.\"}}]}]}<\/script>\n<!-- \/ Yoast SEO plugin. -->","_links":{"self":[{"href":"https:\/\/www.comercialanma.es\/index.php?rest_route=\/wp\/v2\/product\/7609"}],"collection":[{"href":"https:\/\/www.comercialanma.es\/index.php?rest_route=\/wp\/v2\/product"}],"about":[{"href":"https:\/\/www.comercialanma.es\/index.php?rest_route=\/wp\/v2\/types\/product"}],"version-history":[{"count":2,"href":"https:\/\/www.comercialanma.es\/index.php?rest_route=\/wp\/v2\/product\/7609\/revisions"}],"predecessor-version":[{"id":7612,"href":"https:\/\/www.comercialanma.es\/index.php?rest_route=\/wp\/v2\/product\/7609\/revisions\/7612"}],"wp:featuredmedia":[{"embeddable":true,"href":"https:\/\/www.comercialanma.es\/index.php?rest_route=\/wp\/v2\/media\/7610"}],"wp:attachment":[{"href":"https:\/\/www.comercialanma.es\/index.php?rest_route=%2Fwp%2Fv2%2Fmedia&parent=7609"}],"curies":[{"name":"wp","href":"https:\/\/api.w.org\/{rel}","templated":true}]}}