
{"id":7628,"date":"2019-07-09T12:59:09","date_gmt":"2019-07-09T10:59:09","guid":{"rendered":"http:\/\/www.comercialanma.es\/?post_type=product&#038;p=7628"},"modified":"2019-07-09T13:03:01","modified_gmt":"2019-07-09T11:03:01","slug":"ginebra-caorunn-scotch-70cl","status":"publish","type":"product","link":"https:\/\/www.comercialanma.es\/?product=ginebra-caorunn-scotch-70cl","title":{"rendered":"Ginebra Caorunn Scotch 70cl."},"content":{"rendered":"<h3>Nota de cata:<\/h3>\n<div id=\"tabs_content_container\">\n<div id=\"tab_cata_0\" class=\"tab_content catas_review_container\">\n<ul>\n<li class=\"sp catas_review col-xs-12 nopadding\"><span class=\"cata_title\">Cata a la vista<\/span> <span class=\"cata_content\">Limpia y cristalina.<\/span><\/li>\n<li class=\"sp catas_review col-xs-12 nopadding\"><span class=\"cata_title\">Cata en nariz<\/span> <span class=\"cata_content\">Presenta un fresco aroma c\u00edtrico y floral, sutilmente especiado y arom\u00e1tico.<\/span><\/li>\n<li class=\"sp catas_review col-xs-12 nopadding\"><span class=\"cata_title\">Cata en boca<\/span> <span class=\"cata_content\">En boca es limpio, fresco, dulce y lleno de aromas. <\/span><\/li>\n<li class=\"sp catas_review col-xs-12 nopadding\"><span class=\"cata_content\">Tiene un gran cuerpo. <\/span><\/li>\n<li class=\"sp catas_review col-xs-12 nopadding\"><span class=\"cata_content\">El final es muy duradero y refrescante, aunque ligeramente seco.<\/span><\/li>\n<\/ul>\n<\/div>\n<\/div>\n","protected":false},"excerpt":{"rendered":"<p><strong>Caorunn<\/strong> es una ginebra artesanal que se elabora en la destiler\u00eda Balmenach Distillery en peque\u00f1os lotes controlados. Para su elaboraci\u00f3n se utiliza el agua pura escocesa de los manantiales circundantes, los ingredientes celtas tradicionales y alcohol de grano puro, en lugar de melaza como se suele hacer.<br \/>\nEl grano se vaporiza en una c\u00e1mara de cobre de los a\u00f1os 20, con una capacidad para cuatro bandejas. Se extienden los ingredientes bot\u00e1nicos en estas bandejas, lo que hace que el vapor del alcohol de grano se fusione con los bot\u00e1nicos, impregnando sus aromas y sabores.<br \/>\nLos bot\u00e1nicos que constituyen su receta son el enebro, cilantro, piel de lim\u00f3n y naranja, ra\u00edz de ang\u00e9lica y casia. Junto a estos ingredientes cl\u00e1sicos se mezclan otros de origen celta: brezo, diente de le\u00f3n, mirto, bayas de serbal de los cazadores y manzana Coul Blush. Para subrayar su sabor refrescante, se recomienda servirse con una rodaja de manzana roja.<\/p>\n","protected":false},"featured_media":7629,"template":"","meta":{"spay_email":""},"yoast_head":"<!-- This site is optimized with the Yoast SEO plugin v15.9 - https:\/\/yoast.com\/wordpress\/plugins\/seo\/ -->\n<title>Ginebra Caorunn Scotch 70cl. - Comercial de Hosteleria Anma<\/title>\n<meta name=\"robots\" content=\"index, follow, max-snippet:-1, max-image-preview:large, max-video-preview:-1\" \/>\n<link rel=\"canonical\" href=\"https:\/\/www.comercialanma.es\/?product=ginebra-caorunn-scotch-70cl\" \/>\n<meta property=\"og:locale\" content=\"es_ES\" \/>\n<meta property=\"og:type\" content=\"article\" \/>\n<meta property=\"og:title\" content=\"Ginebra Caorunn Scotch 70cl. - Comercial de Hosteleria Anma\" \/>\n<meta property=\"og:description\" content=\"Caorunn es una ginebra artesanal que se elabora en la destiler\u00eda Balmenach Distillery en peque\u00f1os lotes controlados. Para su elaboraci\u00f3n se utiliza el agua pura escocesa de los manantiales circundantes, los ingredientes celtas tradicionales y alcohol de grano puro, en lugar de melaza como se suele hacer. El grano se vaporiza en una c\u00e1mara de cobre de los a\u00f1os 20, con una capacidad para cuatro bandejas. Se extienden los ingredientes bot\u00e1nicos en estas bandejas, lo que hace que el vapor del alcohol de grano se fusione con los bot\u00e1nicos, impregnando sus aromas y sabores. Los bot\u00e1nicos que constituyen su receta son el enebro, cilantro, piel de lim\u00f3n y naranja, ra\u00edz de ang\u00e9lica y casia. Junto a estos ingredientes cl\u00e1sicos se mezclan otros de origen celta: brezo, diente de le\u00f3n, mirto, bayas de serbal de los cazadores y manzana Coul Blush. Para subrayar su sabor refrescante, se recomienda servirse con una rodaja de manzana roja.\" \/>\n<meta property=\"og:url\" content=\"https:\/\/www.comercialanma.es\/?product=ginebra-caorunn-scotch-70cl\" \/>\n<meta property=\"og:site_name\" content=\"Comercial de Hosteleria Anma\" \/>\n<meta property=\"article:publisher\" content=\"https:\/\/www.facebook.com\/AnmaHosteleria\" \/>\n<meta property=\"article:modified_time\" content=\"2019-07-09T11:03:01+00:00\" \/>\n<meta property=\"og:image\" content=\"https:\/\/i0.wp.com\/www.comercialanma.es\/wp-content\/uploads\/2019\/07\/Caorunn-Scotch.jpg?fit=1200%2C1200&#038;ssl=1\" \/>\n\t<meta property=\"og:image:width\" content=\"1200\" \/>\n\t<meta property=\"og:image:height\" content=\"1200\" \/>\n<meta name=\"twitter:card\" content=\"summary_large_image\" \/>\n<script type=\"application\/ld+json\" class=\"yoast-schema-graph\">{\"@context\":\"https:\/\/schema.org\",\"@graph\":[{\"@type\":\"Organization\",\"@id\":\"https:\/\/www.comercialanma.es\/#organization\",\"name\":\"Comercial Anma\",\"url\":\"https:\/\/www.comercialanma.es\/\",\"sameAs\":[\"https:\/\/www.facebook.com\/AnmaHosteleria\",\"https:\/\/www.instagram.com\/anmahosteleria\/?hl=es\",\"https:\/\/www.youtube.com\/channel\/UCT2nmn08Ntks0hmpZPnDgCA\"],\"logo\":{\"@type\":\"ImageObject\",\"@id\":\"https:\/\/www.comercialanma.es\/#logo\",\"inLanguage\":\"es\",\"url\":\"https:\/\/i2.wp.com\/www.comercialanma.es\/wp-content\/uploads\/2019\/06\/logo-anma-color.png?fit=247%2C101&ssl=1\",\"width\":247,\"height\":101,\"caption\":\"Comercial Anma\"},\"image\":{\"@id\":\"https:\/\/www.comercialanma.es\/#logo\"}},{\"@type\":\"WebSite\",\"@id\":\"https:\/\/www.comercialanma.es\/#website\",\"url\":\"https:\/\/www.comercialanma.es\/\",\"name\":\"Comercial de Hosteleria Anma\",\"description\":\"\",\"publisher\":{\"@id\":\"https:\/\/www.comercialanma.es\/#organization\"},\"potentialAction\":[{\"@type\":\"SearchAction\",\"target\":\"https:\/\/www.comercialanma.es\/?s={search_term_string}\",\"query-input\":\"required name=search_term_string\"}],\"inLanguage\":\"es\"},{\"@type\":\"ImageObject\",\"@id\":\"https:\/\/www.comercialanma.es\/?product=ginebra-caorunn-scotch-70cl#primaryimage\",\"inLanguage\":\"es\",\"url\":\"https:\/\/i0.wp.com\/www.comercialanma.es\/wp-content\/uploads\/2019\/07\/Caorunn-Scotch.jpg?fit=1200%2C1200&ssl=1\",\"width\":1200,\"height\":1200},{\"@type\":\"WebPage\",\"@id\":\"https:\/\/www.comercialanma.es\/?product=ginebra-caorunn-scotch-70cl#webpage\",\"url\":\"https:\/\/www.comercialanma.es\/?product=ginebra-caorunn-scotch-70cl\",\"name\":\"Ginebra Caorunn Scotch 70cl. - Comercial de Hosteleria Anma\",\"isPartOf\":{\"@id\":\"https:\/\/www.comercialanma.es\/#website\"},\"primaryImageOfPage\":{\"@id\":\"https:\/\/www.comercialanma.es\/?product=ginebra-caorunn-scotch-70cl#primaryimage\"},\"datePublished\":\"2019-07-09T10:59:09+00:00\",\"dateModified\":\"2019-07-09T11:03:01+00:00\",\"breadcrumb\":{\"@id\":\"https:\/\/www.comercialanma.es\/?product=ginebra-caorunn-scotch-70cl#breadcrumb\"},\"inLanguage\":\"es\",\"potentialAction\":[{\"@type\":\"ReadAction\",\"target\":[\"https:\/\/www.comercialanma.es\/?product=ginebra-caorunn-scotch-70cl\"]}]},{\"@type\":\"BreadcrumbList\",\"@id\":\"https:\/\/www.comercialanma.es\/?product=ginebra-caorunn-scotch-70cl#breadcrumb\",\"itemListElement\":[{\"@type\":\"ListItem\",\"position\":1,\"item\":{\"@type\":\"WebPage\",\"@id\":\"https:\/\/www.comercialanma.es\/\",\"url\":\"https:\/\/www.comercialanma.es\/\",\"name\":\"Portada\"}},{\"@type\":\"ListItem\",\"position\":2,\"item\":{\"@type\":\"WebPage\",\"@id\":\"https:\/\/www.comercialanma.es\/?page_id=3963\",\"url\":\"https:\/\/www.comercialanma.es\/?page_id=3963\",\"name\":\"Cat\\u00e1logo de Productos\"}},{\"@type\":\"ListItem\",\"position\":3,\"item\":{\"@type\":\"WebPage\",\"@id\":\"https:\/\/www.comercialanma.es\/?product=ginebra-caorunn-scotch-70cl\",\"url\":\"https:\/\/www.comercialanma.es\/?product=ginebra-caorunn-scotch-70cl\",\"name\":\"Ginebra Caorunn Scotch 70cl.\"}}]}]}<\/script>\n<!-- \/ Yoast SEO plugin. -->","_links":{"self":[{"href":"https:\/\/www.comercialanma.es\/index.php?rest_route=\/wp\/v2\/product\/7628"}],"collection":[{"href":"https:\/\/www.comercialanma.es\/index.php?rest_route=\/wp\/v2\/product"}],"about":[{"href":"https:\/\/www.comercialanma.es\/index.php?rest_route=\/wp\/v2\/types\/product"}],"version-history":[{"count":1,"href":"https:\/\/www.comercialanma.es\/index.php?rest_route=\/wp\/v2\/product\/7628\/revisions"}],"predecessor-version":[{"id":7630,"href":"https:\/\/www.comercialanma.es\/index.php?rest_route=\/wp\/v2\/product\/7628\/revisions\/7630"}],"wp:featuredmedia":[{"embeddable":true,"href":"https:\/\/www.comercialanma.es\/index.php?rest_route=\/wp\/v2\/media\/7629"}],"wp:attachment":[{"href":"https:\/\/www.comercialanma.es\/index.php?rest_route=%2Fwp%2Fv2%2Fmedia&parent=7628"}],"curies":[{"name":"wp","href":"https:\/\/api.w.org\/{rel}","templated":true}]}}