
{"id":7638,"date":"2019-07-09T15:52:10","date_gmt":"2019-07-09T13:52:10","guid":{"rendered":"http:\/\/www.comercialanma.es\/?post_type=product&#038;p=7638"},"modified":"2019-07-09T15:57:11","modified_gmt":"2019-07-09T13:57:11","slug":"ginebra-mombasa-club-70cl","status":"publish","type":"product","link":"https:\/\/www.comercialanma.es\/?product=ginebra-mombasa-club-70cl","title":{"rendered":"Ginebra Mombasa club 70cl."},"content":{"rendered":"","protected":false},"excerpt":{"rendered":"<div>\n<p>Mombasa Club es una ginebra premium tipo London Dry de reciente creaci\u00f3n pese a que su f\u00f3rmula se remonta a finales del siglo XIX. Posee una graduaci\u00f3n alcoh\u00f3lica de 41,5% vol. y su est\u00e9tica rememora el esp\u00edritu aventurero de los antiguos comerciantes brit\u00e1nicos.<\/p>\n<p>Se trata de una ginebra incolora y brillante que en su fase olfativa deja entrever una base de enebro conjuntada con otras notas especiadas. En boca es un destilado con buena potencia que deja huella de sus bot\u00e1nicos de calidad, lo que le convierte en una ginebra vers\u00e1til y apetecible que se puede degustar sola, en gin tonic y en c\u00f3cteles de autor.<\/p>\n<\/div>\n","protected":false},"featured_media":7639,"template":"","meta":{"spay_email":""},"yoast_head":"<!-- This site is optimized with the Yoast SEO plugin v15.9 - https:\/\/yoast.com\/wordpress\/plugins\/seo\/ -->\n<title>Ginebra Mombasa club 70cl. - Comercial de Hosteleria Anma<\/title>\n<meta name=\"robots\" content=\"index, follow, max-snippet:-1, max-image-preview:large, max-video-preview:-1\" \/>\n<link rel=\"canonical\" href=\"https:\/\/www.comercialanma.es\/?product=ginebra-mombasa-club-70cl\" \/>\n<meta property=\"og:locale\" content=\"es_ES\" \/>\n<meta property=\"og:type\" content=\"article\" \/>\n<meta property=\"og:title\" content=\"Ginebra Mombasa club 70cl. - Comercial de Hosteleria Anma\" \/>\n<meta property=\"og:description\" content=\"Mombasa Club es una ginebra premium tipo London Dry de reciente creaci\u00f3n pese a que su f\u00f3rmula se remonta a finales del siglo XIX. Posee una graduaci\u00f3n alcoh\u00f3lica de 41,5% vol. y su est\u00e9tica rememora el esp\u00edritu aventurero de los antiguos comerciantes brit\u00e1nicos.  Se trata de una ginebra incolora y brillante que en su fase olfativa deja entrever una base de enebro conjuntada con otras notas especiadas. En boca es un destilado con buena potencia que deja huella de sus bot\u00e1nicos de calidad, lo que le convierte en una ginebra vers\u00e1til y apetecible que se puede degustar sola, en gin tonic y en c\u00f3cteles de autor.\" \/>\n<meta property=\"og:url\" content=\"https:\/\/www.comercialanma.es\/?product=ginebra-mombasa-club-70cl\" \/>\n<meta property=\"og:site_name\" content=\"Comercial de Hosteleria Anma\" \/>\n<meta property=\"article:publisher\" content=\"https:\/\/www.facebook.com\/AnmaHosteleria\" \/>\n<meta property=\"article:modified_time\" content=\"2019-07-09T13:57:11+00:00\" \/>\n<meta property=\"og:image\" content=\"https:\/\/i0.wp.com\/www.comercialanma.es\/wp-content\/uploads\/2019\/07\/Mombasa-club.jpg?fit=1200%2C1200&#038;ssl=1\" \/>\n\t<meta property=\"og:image:width\" content=\"1200\" \/>\n\t<meta property=\"og:image:height\" content=\"1200\" \/>\n<meta name=\"twitter:card\" content=\"summary_large_image\" \/>\n<script type=\"application\/ld+json\" class=\"yoast-schema-graph\">{\"@context\":\"https:\/\/schema.org\",\"@graph\":[{\"@type\":\"Organization\",\"@id\":\"https:\/\/www.comercialanma.es\/#organization\",\"name\":\"Comercial Anma\",\"url\":\"https:\/\/www.comercialanma.es\/\",\"sameAs\":[\"https:\/\/www.facebook.com\/AnmaHosteleria\",\"https:\/\/www.instagram.com\/anmahosteleria\/?hl=es\",\"https:\/\/www.youtube.com\/channel\/UCT2nmn08Ntks0hmpZPnDgCA\"],\"logo\":{\"@type\":\"ImageObject\",\"@id\":\"https:\/\/www.comercialanma.es\/#logo\",\"inLanguage\":\"es\",\"url\":\"https:\/\/i2.wp.com\/www.comercialanma.es\/wp-content\/uploads\/2019\/06\/logo-anma-color.png?fit=247%2C101&ssl=1\",\"width\":247,\"height\":101,\"caption\":\"Comercial Anma\"},\"image\":{\"@id\":\"https:\/\/www.comercialanma.es\/#logo\"}},{\"@type\":\"WebSite\",\"@id\":\"https:\/\/www.comercialanma.es\/#website\",\"url\":\"https:\/\/www.comercialanma.es\/\",\"name\":\"Comercial de Hosteleria Anma\",\"description\":\"\",\"publisher\":{\"@id\":\"https:\/\/www.comercialanma.es\/#organization\"},\"potentialAction\":[{\"@type\":\"SearchAction\",\"target\":\"https:\/\/www.comercialanma.es\/?s={search_term_string}\",\"query-input\":\"required name=search_term_string\"}],\"inLanguage\":\"es\"},{\"@type\":\"ImageObject\",\"@id\":\"https:\/\/www.comercialanma.es\/?product=ginebra-mombasa-club-70cl#primaryimage\",\"inLanguage\":\"es\",\"url\":\"https:\/\/i0.wp.com\/www.comercialanma.es\/wp-content\/uploads\/2019\/07\/Mombasa-club.jpg?fit=1200%2C1200&ssl=1\",\"width\":1200,\"height\":1200},{\"@type\":\"WebPage\",\"@id\":\"https:\/\/www.comercialanma.es\/?product=ginebra-mombasa-club-70cl#webpage\",\"url\":\"https:\/\/www.comercialanma.es\/?product=ginebra-mombasa-club-70cl\",\"name\":\"Ginebra Mombasa club 70cl. - Comercial de Hosteleria Anma\",\"isPartOf\":{\"@id\":\"https:\/\/www.comercialanma.es\/#website\"},\"primaryImageOfPage\":{\"@id\":\"https:\/\/www.comercialanma.es\/?product=ginebra-mombasa-club-70cl#primaryimage\"},\"datePublished\":\"2019-07-09T13:52:10+00:00\",\"dateModified\":\"2019-07-09T13:57:11+00:00\",\"breadcrumb\":{\"@id\":\"https:\/\/www.comercialanma.es\/?product=ginebra-mombasa-club-70cl#breadcrumb\"},\"inLanguage\":\"es\",\"potentialAction\":[{\"@type\":\"ReadAction\",\"target\":[\"https:\/\/www.comercialanma.es\/?product=ginebra-mombasa-club-70cl\"]}]},{\"@type\":\"BreadcrumbList\",\"@id\":\"https:\/\/www.comercialanma.es\/?product=ginebra-mombasa-club-70cl#breadcrumb\",\"itemListElement\":[{\"@type\":\"ListItem\",\"position\":1,\"item\":{\"@type\":\"WebPage\",\"@id\":\"https:\/\/www.comercialanma.es\/\",\"url\":\"https:\/\/www.comercialanma.es\/\",\"name\":\"Portada\"}},{\"@type\":\"ListItem\",\"position\":2,\"item\":{\"@type\":\"WebPage\",\"@id\":\"https:\/\/www.comercialanma.es\/?page_id=3963\",\"url\":\"https:\/\/www.comercialanma.es\/?page_id=3963\",\"name\":\"Cat\\u00e1logo de Productos\"}},{\"@type\":\"ListItem\",\"position\":3,\"item\":{\"@type\":\"WebPage\",\"@id\":\"https:\/\/www.comercialanma.es\/?product=ginebra-mombasa-club-70cl\",\"url\":\"https:\/\/www.comercialanma.es\/?product=ginebra-mombasa-club-70cl\",\"name\":\"Ginebra Mombasa club 70cl.\"}}]}]}<\/script>\n<!-- \/ Yoast SEO plugin. -->","_links":{"self":[{"href":"https:\/\/www.comercialanma.es\/index.php?rest_route=\/wp\/v2\/product\/7638"}],"collection":[{"href":"https:\/\/www.comercialanma.es\/index.php?rest_route=\/wp\/v2\/product"}],"about":[{"href":"https:\/\/www.comercialanma.es\/index.php?rest_route=\/wp\/v2\/types\/product"}],"version-history":[{"count":1,"href":"https:\/\/www.comercialanma.es\/index.php?rest_route=\/wp\/v2\/product\/7638\/revisions"}],"predecessor-version":[{"id":7640,"href":"https:\/\/www.comercialanma.es\/index.php?rest_route=\/wp\/v2\/product\/7638\/revisions\/7640"}],"wp:featuredmedia":[{"embeddable":true,"href":"https:\/\/www.comercialanma.es\/index.php?rest_route=\/wp\/v2\/media\/7639"}],"wp:attachment":[{"href":"https:\/\/www.comercialanma.es\/index.php?rest_route=%2Fwp%2Fv2%2Fmedia&parent=7638"}],"curies":[{"name":"wp","href":"https:\/\/api.w.org\/{rel}","templated":true}]}}