
{"id":7647,"date":"2019-07-09T16:45:38","date_gmt":"2019-07-09T14:45:38","guid":{"rendered":"http:\/\/www.comercialanma.es\/?post_type=product&#038;p=7647"},"modified":"2020-03-02T08:07:13","modified_gmt":"2020-03-02T07:07:13","slug":"ginebra-ki-no-bi-japonesa-70cl","status":"publish","type":"product","link":"https:\/\/www.comercialanma.es\/?product=ginebra-ki-no-bi-japonesa-70cl","title":{"rendered":"Ginebra Ki No Bi Japonesa 70cl."},"content":{"rendered":"","protected":false},"excerpt":{"rendered":"<p><strong>KI NO BI Gin<\/strong> (La belleza de las estaciones, en japon\u00e9s) est\u00e1 inspirada en la tradici\u00f3n y es destilada, mezclada y embotellada en Kioto siguiendo un proceso totalmente artesanal.<\/p>\n<p>Esta <strong>ginebra premium<\/strong> se elabora con alcohol de arroz destilado con \u00a0agua pura de la zona de Fushimi, bot\u00e1nicos japoneses tales como yuzu amarillo del norte de la prefectura de Kyoto, virutas de madera del hinoki (cipr\u00e9s japon\u00e9s), hoja de bamb\u00fa, t\u00e9 del gyokuro de la regi\u00f3n de Uji y bayas verdes del sansh\u014d (grano de pimienta japonesa) \u00a0Destilada por separado en seis categor\u00edas: base, c\u00edtricos, hierbas, especias, flores y t\u00e9.<\/p>\n<ul>\n<li>Color transparente y brillante. Aroma fresco de yuzu, y pimienta sansho. En boca ligeramente c\u00edtrica, seca, con un final ligeramente picante y c\u00e1lido.<\/li>\n<li>Graducaci\u00f3n: 45,7\u00ba<\/li>\n<\/ul>\n","protected":false},"featured_media":7648,"template":"","meta":{"spay_email":""},"yoast_head":"<!-- This site is optimized with the Yoast SEO plugin v15.9 - https:\/\/yoast.com\/wordpress\/plugins\/seo\/ -->\n<title>Ginebra Ki No Bi Japonesa 70cl. - Comercial de Hosteleria Anma<\/title>\n<meta name=\"robots\" content=\"index, follow, max-snippet:-1, max-image-preview:large, max-video-preview:-1\" \/>\n<link rel=\"canonical\" href=\"https:\/\/www.comercialanma.es\/?product=ginebra-ki-no-bi-japonesa-70cl\" \/>\n<meta property=\"og:locale\" content=\"es_ES\" \/>\n<meta property=\"og:type\" content=\"article\" \/>\n<meta property=\"og:title\" content=\"Ginebra Ki No Bi Japonesa 70cl. - Comercial de Hosteleria Anma\" \/>\n<meta property=\"og:description\" content=\"KI NO BI Gin (La belleza de las estaciones, en japon\u00e9s) est\u00e1 inspirada en la tradici\u00f3n y es destilada, mezclada y embotellada en Kioto siguiendo un proceso totalmente artesanal.  Esta ginebra premium se elabora con alcohol de arroz destilado con \u00a0agua pura de la zona de Fushimi, bot\u00e1nicos japoneses tales como yuzu amarillo del norte de la prefectura de Kyoto, virutas de madera del hinoki (cipr\u00e9s japon\u00e9s), hoja de bamb\u00fa, t\u00e9 del gyokuro de la regi\u00f3n de Uji y bayas verdes del sansh\u014d (grano de pimienta japonesa) \u00a0Destilada por separado en seis categor\u00edas: base, c\u00edtricos, hierbas, especias, flores y t\u00e9.   Color transparente y brillante. Aroma fresco de yuzu, y pimienta sansho. En boca ligeramente c\u00edtrica, seca, con un final ligeramente picante y c\u00e1lido.  Graducaci\u00f3n: 45,7\u00ba\" \/>\n<meta property=\"og:url\" content=\"https:\/\/www.comercialanma.es\/?product=ginebra-ki-no-bi-japonesa-70cl\" \/>\n<meta property=\"og:site_name\" content=\"Comercial de Hosteleria Anma\" \/>\n<meta property=\"article:publisher\" content=\"https:\/\/www.facebook.com\/AnmaHosteleria\" \/>\n<meta property=\"article:modified_time\" content=\"2020-03-02T07:07:13+00:00\" \/>\n<meta property=\"og:image\" content=\"https:\/\/i2.wp.com\/www.comercialanma.es\/wp-content\/uploads\/2019\/07\/Ki-No-Bi.jpg?fit=1200%2C1200&#038;ssl=1\" \/>\n\t<meta property=\"og:image:width\" content=\"1200\" \/>\n\t<meta property=\"og:image:height\" content=\"1200\" \/>\n<meta name=\"twitter:card\" content=\"summary_large_image\" \/>\n<script type=\"application\/ld+json\" class=\"yoast-schema-graph\">{\"@context\":\"https:\/\/schema.org\",\"@graph\":[{\"@type\":\"Organization\",\"@id\":\"https:\/\/www.comercialanma.es\/#organization\",\"name\":\"Comercial Anma\",\"url\":\"https:\/\/www.comercialanma.es\/\",\"sameAs\":[\"https:\/\/www.facebook.com\/AnmaHosteleria\",\"https:\/\/www.instagram.com\/anmahosteleria\/?hl=es\",\"https:\/\/www.youtube.com\/channel\/UCT2nmn08Ntks0hmpZPnDgCA\"],\"logo\":{\"@type\":\"ImageObject\",\"@id\":\"https:\/\/www.comercialanma.es\/#logo\",\"inLanguage\":\"es\",\"url\":\"https:\/\/i2.wp.com\/www.comercialanma.es\/wp-content\/uploads\/2019\/06\/logo-anma-color.png?fit=247%2C101&ssl=1\",\"width\":247,\"height\":101,\"caption\":\"Comercial Anma\"},\"image\":{\"@id\":\"https:\/\/www.comercialanma.es\/#logo\"}},{\"@type\":\"WebSite\",\"@id\":\"https:\/\/www.comercialanma.es\/#website\",\"url\":\"https:\/\/www.comercialanma.es\/\",\"name\":\"Comercial de Hosteleria Anma\",\"description\":\"\",\"publisher\":{\"@id\":\"https:\/\/www.comercialanma.es\/#organization\"},\"potentialAction\":[{\"@type\":\"SearchAction\",\"target\":\"https:\/\/www.comercialanma.es\/?s={search_term_string}\",\"query-input\":\"required name=search_term_string\"}],\"inLanguage\":\"es\"},{\"@type\":\"ImageObject\",\"@id\":\"https:\/\/www.comercialanma.es\/?product=ginebra-ki-no-bi-japonesa-70cl#primaryimage\",\"inLanguage\":\"es\",\"url\":\"https:\/\/i2.wp.com\/www.comercialanma.es\/wp-content\/uploads\/2019\/07\/Ki-No-Bi.jpg?fit=1200%2C1200&ssl=1\",\"width\":1200,\"height\":1200},{\"@type\":\"WebPage\",\"@id\":\"https:\/\/www.comercialanma.es\/?product=ginebra-ki-no-bi-japonesa-70cl#webpage\",\"url\":\"https:\/\/www.comercialanma.es\/?product=ginebra-ki-no-bi-japonesa-70cl\",\"name\":\"Ginebra Ki No Bi Japonesa 70cl. - Comercial de Hosteleria Anma\",\"isPartOf\":{\"@id\":\"https:\/\/www.comercialanma.es\/#website\"},\"primaryImageOfPage\":{\"@id\":\"https:\/\/www.comercialanma.es\/?product=ginebra-ki-no-bi-japonesa-70cl#primaryimage\"},\"datePublished\":\"2019-07-09T14:45:38+00:00\",\"dateModified\":\"2020-03-02T07:07:13+00:00\",\"breadcrumb\":{\"@id\":\"https:\/\/www.comercialanma.es\/?product=ginebra-ki-no-bi-japonesa-70cl#breadcrumb\"},\"inLanguage\":\"es\",\"potentialAction\":[{\"@type\":\"ReadAction\",\"target\":[\"https:\/\/www.comercialanma.es\/?product=ginebra-ki-no-bi-japonesa-70cl\"]}]},{\"@type\":\"BreadcrumbList\",\"@id\":\"https:\/\/www.comercialanma.es\/?product=ginebra-ki-no-bi-japonesa-70cl#breadcrumb\",\"itemListElement\":[{\"@type\":\"ListItem\",\"position\":1,\"item\":{\"@type\":\"WebPage\",\"@id\":\"https:\/\/www.comercialanma.es\/\",\"url\":\"https:\/\/www.comercialanma.es\/\",\"name\":\"Portada\"}},{\"@type\":\"ListItem\",\"position\":2,\"item\":{\"@type\":\"WebPage\",\"@id\":\"https:\/\/www.comercialanma.es\/?page_id=3963\",\"url\":\"https:\/\/www.comercialanma.es\/?page_id=3963\",\"name\":\"Cat\\u00e1logo de Productos\"}},{\"@type\":\"ListItem\",\"position\":3,\"item\":{\"@type\":\"WebPage\",\"@id\":\"https:\/\/www.comercialanma.es\/?product=ginebra-ki-no-bi-japonesa-70cl\",\"url\":\"https:\/\/www.comercialanma.es\/?product=ginebra-ki-no-bi-japonesa-70cl\",\"name\":\"Ginebra Ki No Bi Japonesa 70cl.\"}}]}]}<\/script>\n<!-- \/ Yoast SEO plugin. -->","_links":{"self":[{"href":"https:\/\/www.comercialanma.es\/index.php?rest_route=\/wp\/v2\/product\/7647"}],"collection":[{"href":"https:\/\/www.comercialanma.es\/index.php?rest_route=\/wp\/v2\/product"}],"about":[{"href":"https:\/\/www.comercialanma.es\/index.php?rest_route=\/wp\/v2\/types\/product"}],"version-history":[{"count":1,"href":"https:\/\/www.comercialanma.es\/index.php?rest_route=\/wp\/v2\/product\/7647\/revisions"}],"predecessor-version":[{"id":7649,"href":"https:\/\/www.comercialanma.es\/index.php?rest_route=\/wp\/v2\/product\/7647\/revisions\/7649"}],"wp:featuredmedia":[{"embeddable":true,"href":"https:\/\/www.comercialanma.es\/index.php?rest_route=\/wp\/v2\/media\/7648"}],"wp:attachment":[{"href":"https:\/\/www.comercialanma.es\/index.php?rest_route=%2Fwp%2Fv2%2Fmedia&parent=7647"}],"curies":[{"name":"wp","href":"https:\/\/api.w.org\/{rel}","templated":true}]}}