
{"id":7675,"date":"2019-07-09T17:30:12","date_gmt":"2019-07-09T15:30:12","guid":{"rendered":"http:\/\/www.comercialanma.es\/?post_type=product&#038;p=7675"},"modified":"2019-07-09T17:41:28","modified_gmt":"2019-07-09T15:41:28","slug":"ginebra-filliers-28-botanicas-50cl","status":"publish","type":"product","link":"https:\/\/www.comercialanma.es\/?product=ginebra-filliers-28-botanicas-50cl","title":{"rendered":"Ginebra Filliers 28 Botanicas 50cl."},"content":{"rendered":"","protected":false},"excerpt":{"rendered":"<p>Filliers premium 28 expresa la manera tradicional y artesana que tienen en la Destiler\u00eda Filliers localizada en B\u00c9LGICA de hacer las cosas. Fue FIRMIN FILLIERS (1888-!965) tercera generaci\u00f3n de la familia destilera FILLIERS quien destilo esta magnifica ginebra despu\u00e9s de la Primera Guerra Mundial se empez\u00f3 a a destilar de forma continua tras la Guerra<span class=\"text_exposed_show\"> pero al comenzar la segunda Guerra Mundial la formula se perdi\u00f3. Hace unos a\u00f1os BERNAD FILLIERS (nieto de FIRMIN FILLIERS) actual due\u00f1o de la destiler\u00eda encontr\u00f3 la formula original en el archivo de su querido abuelo y ha querido rendirle homenaje distinguiendo esta magn\u00edfica Gin siendo 100% fiel a la receta original.<\/span><\/p>\n","protected":false},"featured_media":7676,"template":"","meta":{"spay_email":""},"yoast_head":"<!-- This site is optimized with the Yoast SEO plugin v15.9 - https:\/\/yoast.com\/wordpress\/plugins\/seo\/ -->\n<title>Ginebra Filliers 28 Botanicas 50cl. - Comercial de Hosteleria Anma<\/title>\n<meta name=\"robots\" content=\"index, follow, max-snippet:-1, max-image-preview:large, max-video-preview:-1\" \/>\n<link rel=\"canonical\" href=\"https:\/\/www.comercialanma.es\/?product=ginebra-filliers-28-botanicas-50cl\" \/>\n<meta property=\"og:locale\" content=\"es_ES\" \/>\n<meta property=\"og:type\" content=\"article\" \/>\n<meta property=\"og:title\" content=\"Ginebra Filliers 28 Botanicas 50cl. - Comercial de Hosteleria Anma\" \/>\n<meta property=\"og:description\" content=\"Filliers premium 28 expresa la manera tradicional y artesana que tienen en la Destiler\u00eda Filliers localizada en B\u00c9LGICA de hacer las cosas. Fue FIRMIN FILLIERS (1888-!965) tercera generaci\u00f3n de la familia destilera FILLIERS quien destilo esta magnifica ginebra despu\u00e9s de la Primera Guerra Mundial se empez\u00f3 a a destilar de forma continua tras la Guerra pero al comenzar la segunda Guerra Mundial la formula se perdi\u00f3. Hace unos a\u00f1os BERNAD FILLIERS (nieto de FIRMIN FILLIERS) actual due\u00f1o de la destiler\u00eda encontr\u00f3 la formula original en el archivo de su querido abuelo y ha querido rendirle homenaje distinguiendo esta magn\u00edfica Gin siendo 100% fiel a la receta original.\" \/>\n<meta property=\"og:url\" content=\"https:\/\/www.comercialanma.es\/?product=ginebra-filliers-28-botanicas-50cl\" \/>\n<meta property=\"og:site_name\" content=\"Comercial de Hosteleria Anma\" \/>\n<meta property=\"article:publisher\" content=\"https:\/\/www.facebook.com\/AnmaHosteleria\" \/>\n<meta property=\"article:modified_time\" content=\"2019-07-09T15:41:28+00:00\" \/>\n<meta property=\"og:image\" content=\"https:\/\/i2.wp.com\/www.comercialanma.es\/wp-content\/uploads\/2019\/07\/Filliers-28-botanicas.jpg?fit=1200%2C1200&#038;ssl=1\" \/>\n\t<meta property=\"og:image:width\" content=\"1200\" \/>\n\t<meta property=\"og:image:height\" content=\"1200\" \/>\n<meta name=\"twitter:card\" content=\"summary_large_image\" \/>\n<script type=\"application\/ld+json\" class=\"yoast-schema-graph\">{\"@context\":\"https:\/\/schema.org\",\"@graph\":[{\"@type\":\"Organization\",\"@id\":\"https:\/\/www.comercialanma.es\/#organization\",\"name\":\"Comercial Anma\",\"url\":\"https:\/\/www.comercialanma.es\/\",\"sameAs\":[\"https:\/\/www.facebook.com\/AnmaHosteleria\",\"https:\/\/www.instagram.com\/anmahosteleria\/?hl=es\",\"https:\/\/www.youtube.com\/channel\/UCT2nmn08Ntks0hmpZPnDgCA\"],\"logo\":{\"@type\":\"ImageObject\",\"@id\":\"https:\/\/www.comercialanma.es\/#logo\",\"inLanguage\":\"es\",\"url\":\"https:\/\/i2.wp.com\/www.comercialanma.es\/wp-content\/uploads\/2019\/06\/logo-anma-color.png?fit=247%2C101&ssl=1\",\"width\":247,\"height\":101,\"caption\":\"Comercial Anma\"},\"image\":{\"@id\":\"https:\/\/www.comercialanma.es\/#logo\"}},{\"@type\":\"WebSite\",\"@id\":\"https:\/\/www.comercialanma.es\/#website\",\"url\":\"https:\/\/www.comercialanma.es\/\",\"name\":\"Comercial de Hosteleria Anma\",\"description\":\"\",\"publisher\":{\"@id\":\"https:\/\/www.comercialanma.es\/#organization\"},\"potentialAction\":[{\"@type\":\"SearchAction\",\"target\":\"https:\/\/www.comercialanma.es\/?s={search_term_string}\",\"query-input\":\"required name=search_term_string\"}],\"inLanguage\":\"es\"},{\"@type\":\"ImageObject\",\"@id\":\"https:\/\/www.comercialanma.es\/?product=ginebra-filliers-28-botanicas-50cl#primaryimage\",\"inLanguage\":\"es\",\"url\":\"https:\/\/i2.wp.com\/www.comercialanma.es\/wp-content\/uploads\/2019\/07\/Filliers-28-botanicas.jpg?fit=1200%2C1200&ssl=1\",\"width\":1200,\"height\":1200},{\"@type\":\"WebPage\",\"@id\":\"https:\/\/www.comercialanma.es\/?product=ginebra-filliers-28-botanicas-50cl#webpage\",\"url\":\"https:\/\/www.comercialanma.es\/?product=ginebra-filliers-28-botanicas-50cl\",\"name\":\"Ginebra Filliers 28 Botanicas 50cl. - Comercial de Hosteleria Anma\",\"isPartOf\":{\"@id\":\"https:\/\/www.comercialanma.es\/#website\"},\"primaryImageOfPage\":{\"@id\":\"https:\/\/www.comercialanma.es\/?product=ginebra-filliers-28-botanicas-50cl#primaryimage\"},\"datePublished\":\"2019-07-09T15:30:12+00:00\",\"dateModified\":\"2019-07-09T15:41:28+00:00\",\"breadcrumb\":{\"@id\":\"https:\/\/www.comercialanma.es\/?product=ginebra-filliers-28-botanicas-50cl#breadcrumb\"},\"inLanguage\":\"es\",\"potentialAction\":[{\"@type\":\"ReadAction\",\"target\":[\"https:\/\/www.comercialanma.es\/?product=ginebra-filliers-28-botanicas-50cl\"]}]},{\"@type\":\"BreadcrumbList\",\"@id\":\"https:\/\/www.comercialanma.es\/?product=ginebra-filliers-28-botanicas-50cl#breadcrumb\",\"itemListElement\":[{\"@type\":\"ListItem\",\"position\":1,\"item\":{\"@type\":\"WebPage\",\"@id\":\"https:\/\/www.comercialanma.es\/\",\"url\":\"https:\/\/www.comercialanma.es\/\",\"name\":\"Portada\"}},{\"@type\":\"ListItem\",\"position\":2,\"item\":{\"@type\":\"WebPage\",\"@id\":\"https:\/\/www.comercialanma.es\/?page_id=3963\",\"url\":\"https:\/\/www.comercialanma.es\/?page_id=3963\",\"name\":\"Cat\\u00e1logo de Productos\"}},{\"@type\":\"ListItem\",\"position\":3,\"item\":{\"@type\":\"WebPage\",\"@id\":\"https:\/\/www.comercialanma.es\/?product=ginebra-filliers-28-botanicas-50cl\",\"url\":\"https:\/\/www.comercialanma.es\/?product=ginebra-filliers-28-botanicas-50cl\",\"name\":\"Ginebra Filliers 28 Botanicas 50cl.\"}}]}]}<\/script>\n<!-- \/ Yoast SEO plugin. -->","_links":{"self":[{"href":"https:\/\/www.comercialanma.es\/index.php?rest_route=\/wp\/v2\/product\/7675"}],"collection":[{"href":"https:\/\/www.comercialanma.es\/index.php?rest_route=\/wp\/v2\/product"}],"about":[{"href":"https:\/\/www.comercialanma.es\/index.php?rest_route=\/wp\/v2\/types\/product"}],"version-history":[{"count":2,"href":"https:\/\/www.comercialanma.es\/index.php?rest_route=\/wp\/v2\/product\/7675\/revisions"}],"predecessor-version":[{"id":7681,"href":"https:\/\/www.comercialanma.es\/index.php?rest_route=\/wp\/v2\/product\/7675\/revisions\/7681"}],"wp:featuredmedia":[{"embeddable":true,"href":"https:\/\/www.comercialanma.es\/index.php?rest_route=\/wp\/v2\/media\/7676"}],"wp:attachment":[{"href":"https:\/\/www.comercialanma.es\/index.php?rest_route=%2Fwp%2Fv2%2Fmedia&parent=7675"}],"curies":[{"name":"wp","href":"https:\/\/api.w.org\/{rel}","templated":true}]}}