
{"id":7684,"date":"2019-07-10T09:09:01","date_gmt":"2019-07-10T07:09:01","guid":{"rendered":"http:\/\/www.comercialanma.es\/?post_type=product&#038;p=7684"},"modified":"2019-07-10T09:33:33","modified_gmt":"2019-07-10T07:33:33","slug":"ginebra-gvine-floraison-175l-luminoso","status":"publish","type":"product","link":"https:\/\/www.comercialanma.es\/?product=ginebra-gvine-floraison-175l-luminoso","title":{"rendered":"Ginebra G\u00b4Vine Floraison 1,75L. Luminoso"},"content":{"rendered":"","protected":false},"excerpt":{"rendered":"<p>G&#8217;Vine Night Edition Magnum\u00a0presenta el lado m\u00e1s cautivador de G&#8217;Vine Floraison.\u00a0La nueva presentaci\u00f3n, de gran impacto visual, cuenta con un acabado metalizado e incorpora una luz led que ilumina la botella desde el interior\u00a0que sin duda iluminar\u00e1 las noches m\u00e1s exclusivas.<\/p>\n<p>G&#8217;Vine\u00a0es un gin franc\u00e9s elaborado a partir de uva, ingrediente noble pocas veces utilizado en la elaboraci\u00f3n de gin. La uva es el lienzo perfecto para que se expresen la complejidad y la elicadeza de las diez plantas y especias que componen G&#8217;Vine. Entre ellas figura un ingrediente in\u00e9dito: la flor de uva, que aromatiza el vi\u00f1edo con su delicado perfume durante tan s\u00f3lo unos d\u00edas al a\u00f1o. La combinaci\u00f3n de esta cautivadora flor, que se recoge a mano en el mes de Junio, con el buqu\u00e9 de plantas arom\u00e1ticas crea el frescor y la suavidad tan caracter\u00edsticas de G&#8217;Vine.<\/p>\n","protected":false},"featured_media":7689,"template":"","meta":{"spay_email":""},"yoast_head":"<!-- This site is optimized with the Yoast SEO plugin v15.9 - https:\/\/yoast.com\/wordpress\/plugins\/seo\/ -->\n<title>Ginebra G\u00b4Vine Floraison 1,75L. Luminoso - Comercial de Hosteleria Anma<\/title>\n<meta name=\"robots\" content=\"index, follow, max-snippet:-1, max-image-preview:large, max-video-preview:-1\" \/>\n<link rel=\"canonical\" href=\"https:\/\/www.comercialanma.es\/?product=ginebra-gvine-floraison-175l-luminoso\" \/>\n<meta property=\"og:locale\" content=\"es_ES\" \/>\n<meta property=\"og:type\" content=\"article\" \/>\n<meta property=\"og:title\" content=\"Ginebra G\u00b4Vine Floraison 1,75L. Luminoso - Comercial de Hosteleria Anma\" \/>\n<meta property=\"og:description\" content=\"G&#039;Vine Night Edition Magnum\u00a0presenta el lado m\u00e1s cautivador de G&#039;Vine Floraison.\u00a0La nueva presentaci\u00f3n, de gran impacto visual, cuenta con un acabado metalizado e incorpora una luz led que ilumina la botella desde el interior\u00a0que sin duda iluminar\u00e1 las noches m\u00e1s exclusivas.  G&#039;Vine\u00a0es un gin franc\u00e9s elaborado a partir de uva, ingrediente noble pocas veces utilizado en la elaboraci\u00f3n de gin. La uva es el lienzo perfecto para que se expresen la complejidad y la elicadeza de las diez plantas y especias que componen G&#039;Vine. Entre ellas figura un ingrediente in\u00e9dito: la flor de uva, que aromatiza el vi\u00f1edo con su delicado perfume durante tan s\u00f3lo unos d\u00edas al a\u00f1o. La combinaci\u00f3n de esta cautivadora flor, que se recoge a mano en el mes de Junio, con el buqu\u00e9 de plantas arom\u00e1ticas crea el frescor y la suavidad tan caracter\u00edsticas de G&#039;Vine.\" \/>\n<meta property=\"og:url\" content=\"https:\/\/www.comercialanma.es\/?product=ginebra-gvine-floraison-175l-luminoso\" \/>\n<meta property=\"og:site_name\" content=\"Comercial de Hosteleria Anma\" \/>\n<meta property=\"article:publisher\" content=\"https:\/\/www.facebook.com\/AnmaHosteleria\" \/>\n<meta property=\"article:modified_time\" content=\"2019-07-10T07:33:33+00:00\" \/>\n<meta property=\"og:image\" content=\"https:\/\/i1.wp.com\/www.comercialanma.es\/wp-content\/uploads\/2019\/07\/Gvine-Luminoso.png?fit=1200%2C1200&#038;ssl=1\" \/>\n\t<meta property=\"og:image:width\" content=\"1200\" \/>\n\t<meta property=\"og:image:height\" content=\"1200\" \/>\n<meta name=\"twitter:card\" content=\"summary_large_image\" \/>\n<script type=\"application\/ld+json\" class=\"yoast-schema-graph\">{\"@context\":\"https:\/\/schema.org\",\"@graph\":[{\"@type\":\"Organization\",\"@id\":\"https:\/\/www.comercialanma.es\/#organization\",\"name\":\"Comercial Anma\",\"url\":\"https:\/\/www.comercialanma.es\/\",\"sameAs\":[\"https:\/\/www.facebook.com\/AnmaHosteleria\",\"https:\/\/www.instagram.com\/anmahosteleria\/?hl=es\",\"https:\/\/www.youtube.com\/channel\/UCT2nmn08Ntks0hmpZPnDgCA\"],\"logo\":{\"@type\":\"ImageObject\",\"@id\":\"https:\/\/www.comercialanma.es\/#logo\",\"inLanguage\":\"es\",\"url\":\"https:\/\/i2.wp.com\/www.comercialanma.es\/wp-content\/uploads\/2019\/06\/logo-anma-color.png?fit=247%2C101&ssl=1\",\"width\":247,\"height\":101,\"caption\":\"Comercial Anma\"},\"image\":{\"@id\":\"https:\/\/www.comercialanma.es\/#logo\"}},{\"@type\":\"WebSite\",\"@id\":\"https:\/\/www.comercialanma.es\/#website\",\"url\":\"https:\/\/www.comercialanma.es\/\",\"name\":\"Comercial de Hosteleria Anma\",\"description\":\"\",\"publisher\":{\"@id\":\"https:\/\/www.comercialanma.es\/#organization\"},\"potentialAction\":[{\"@type\":\"SearchAction\",\"target\":\"https:\/\/www.comercialanma.es\/?s={search_term_string}\",\"query-input\":\"required name=search_term_string\"}],\"inLanguage\":\"es\"},{\"@type\":\"ImageObject\",\"@id\":\"https:\/\/www.comercialanma.es\/?product=ginebra-gvine-floraison-175l-luminoso#primaryimage\",\"inLanguage\":\"es\",\"url\":\"https:\/\/i1.wp.com\/www.comercialanma.es\/wp-content\/uploads\/2019\/07\/Gvine-Luminoso.png?fit=1200%2C1200&ssl=1\",\"width\":1200,\"height\":1200},{\"@type\":\"WebPage\",\"@id\":\"https:\/\/www.comercialanma.es\/?product=ginebra-gvine-floraison-175l-luminoso#webpage\",\"url\":\"https:\/\/www.comercialanma.es\/?product=ginebra-gvine-floraison-175l-luminoso\",\"name\":\"Ginebra G\\u00b4Vine Floraison 1,75L. Luminoso - Comercial de Hosteleria Anma\",\"isPartOf\":{\"@id\":\"https:\/\/www.comercialanma.es\/#website\"},\"primaryImageOfPage\":{\"@id\":\"https:\/\/www.comercialanma.es\/?product=ginebra-gvine-floraison-175l-luminoso#primaryimage\"},\"datePublished\":\"2019-07-10T07:09:01+00:00\",\"dateModified\":\"2019-07-10T07:33:33+00:00\",\"breadcrumb\":{\"@id\":\"https:\/\/www.comercialanma.es\/?product=ginebra-gvine-floraison-175l-luminoso#breadcrumb\"},\"inLanguage\":\"es\",\"potentialAction\":[{\"@type\":\"ReadAction\",\"target\":[\"https:\/\/www.comercialanma.es\/?product=ginebra-gvine-floraison-175l-luminoso\"]}]},{\"@type\":\"BreadcrumbList\",\"@id\":\"https:\/\/www.comercialanma.es\/?product=ginebra-gvine-floraison-175l-luminoso#breadcrumb\",\"itemListElement\":[{\"@type\":\"ListItem\",\"position\":1,\"item\":{\"@type\":\"WebPage\",\"@id\":\"https:\/\/www.comercialanma.es\/\",\"url\":\"https:\/\/www.comercialanma.es\/\",\"name\":\"Portada\"}},{\"@type\":\"ListItem\",\"position\":2,\"item\":{\"@type\":\"WebPage\",\"@id\":\"https:\/\/www.comercialanma.es\/?page_id=3963\",\"url\":\"https:\/\/www.comercialanma.es\/?page_id=3963\",\"name\":\"Cat\\u00e1logo de Productos\"}},{\"@type\":\"ListItem\",\"position\":3,\"item\":{\"@type\":\"WebPage\",\"@id\":\"https:\/\/www.comercialanma.es\/?product=ginebra-gvine-floraison-175l-luminoso\",\"url\":\"https:\/\/www.comercialanma.es\/?product=ginebra-gvine-floraison-175l-luminoso\",\"name\":\"Ginebra G\\u00b4Vine Floraison 1,75L. Luminoso\"}}]}]}<\/script>\n<!-- \/ Yoast SEO plugin. -->","_links":{"self":[{"href":"https:\/\/www.comercialanma.es\/index.php?rest_route=\/wp\/v2\/product\/7684"}],"collection":[{"href":"https:\/\/www.comercialanma.es\/index.php?rest_route=\/wp\/v2\/product"}],"about":[{"href":"https:\/\/www.comercialanma.es\/index.php?rest_route=\/wp\/v2\/types\/product"}],"version-history":[{"count":1,"href":"https:\/\/www.comercialanma.es\/index.php?rest_route=\/wp\/v2\/product\/7684\/revisions"}],"predecessor-version":[{"id":7688,"href":"https:\/\/www.comercialanma.es\/index.php?rest_route=\/wp\/v2\/product\/7684\/revisions\/7688"}],"wp:featuredmedia":[{"embeddable":true,"href":"https:\/\/www.comercialanma.es\/index.php?rest_route=\/wp\/v2\/media\/7689"}],"wp:attachment":[{"href":"https:\/\/www.comercialanma.es\/index.php?rest_route=%2Fwp%2Fv2%2Fmedia&parent=7684"}],"curies":[{"name":"wp","href":"https:\/\/api.w.org\/{rel}","templated":true}]}}