
{"id":7704,"date":"2019-07-10T10:01:24","date_gmt":"2019-07-10T08:01:24","guid":{"rendered":"http:\/\/www.comercialanma.es\/?post_type=product&#038;p=7704"},"modified":"2019-07-10T10:11:15","modified_gmt":"2019-07-10T08:11:15","slug":"ginebra-bombay-sapphire-175l-luminoso","status":"publish","type":"product","link":"https:\/\/www.comercialanma.es\/?product=ginebra-bombay-sapphire-175l-luminoso","title":{"rendered":"Ginebra Bombay Sapphire 1,75L. Luminoso"},"content":{"rendered":"<div>\n<div>\n<h3>Nota de cata:<\/h3>\n<ul>\n<li>Cata a la vista Color transparente y cristalino.<\/li>\n<li>Cata en nariz Equilibradas fragancias de las bot\u00e1nicas, notas destacables de enebro, c\u00edtricos y fragancias de especias.<\/li>\n<li>Cata en boca Ligeramente aterciopelada, seca, suave, equilibrada en gustos pero con un predominio\u00a0del enebro\u00a0destacable.<\/li>\n<li>Las bot\u00e1nicas aportan un toque de frescura a la ginebra; final marcado pero manteniendo todo su esp\u00edritu.<\/li>\n<\/ul>\n<\/div>\n<\/div>\n<p>&nbsp;<\/p>\n","protected":false},"excerpt":{"rendered":"<p>Bombay Sapphire procede de alcohol de grano. 10 bot\u00e1nicas. Receta original de mitad del s. XVIII, 1761. Proceso \u00fanico, infusi\u00f3n al vapor: Bombay Sapphire no se destila conjuntamente con las bot\u00e1nicas. La infusi\u00f3n se llevar\u00e1 a cabo haciendo pasar el destilado en estado gaseoso entre las bot\u00e1nicas previamente picadas, as\u00ed se consigue la absorci\u00f3n de los m\u00e1s delicados aromas. Para este proceso se utilizan los dos \u00fanicos modelos existentes de alambique de cobre Carterhead que han sido modificados para llevar a cabo la infusi\u00f3n al vapor. El resultado final se rebaja con agua del lago Vyrnwy. La ginebra se elabora en la Greenall Distillery. Ginebra premium.<\/p>\n","protected":false},"featured_media":7705,"template":"","meta":{"spay_email":""},"yoast_head":"<!-- This site is optimized with the Yoast SEO plugin v15.9 - https:\/\/yoast.com\/wordpress\/plugins\/seo\/ -->\n<title>Ginebra Bombay Sapphire 1,75L. Luminoso - Comercial de Hosteleria Anma<\/title>\n<meta name=\"robots\" content=\"index, follow, max-snippet:-1, max-image-preview:large, max-video-preview:-1\" \/>\n<link rel=\"canonical\" href=\"https:\/\/www.comercialanma.es\/?product=ginebra-bombay-sapphire-175l-luminoso\" \/>\n<meta property=\"og:locale\" content=\"es_ES\" \/>\n<meta property=\"og:type\" content=\"article\" \/>\n<meta property=\"og:title\" content=\"Ginebra Bombay Sapphire 1,75L. Luminoso - Comercial de Hosteleria Anma\" \/>\n<meta property=\"og:description\" content=\"Bombay Sapphire procede de alcohol de grano. 10 bot\u00e1nicas. Receta original de mitad del s. XVIII, 1761. Proceso \u00fanico, infusi\u00f3n al vapor: Bombay Sapphire no se destila conjuntamente con las bot\u00e1nicas. La infusi\u00f3n se llevar\u00e1 a cabo haciendo pasar el destilado en estado gaseoso entre las bot\u00e1nicas previamente picadas, as\u00ed se consigue la absorci\u00f3n de los m\u00e1s delicados aromas. Para este proceso se utilizan los dos \u00fanicos modelos existentes de alambique de cobre Carterhead que han sido modificados para llevar a cabo la infusi\u00f3n al vapor. El resultado final se rebaja con agua del lago Vyrnwy. La ginebra se elabora en la Greenall Distillery. Ginebra premium.\" \/>\n<meta property=\"og:url\" content=\"https:\/\/www.comercialanma.es\/?product=ginebra-bombay-sapphire-175l-luminoso\" \/>\n<meta property=\"og:site_name\" content=\"Comercial de Hosteleria Anma\" \/>\n<meta property=\"article:publisher\" content=\"https:\/\/www.facebook.com\/AnmaHosteleria\" \/>\n<meta property=\"article:modified_time\" content=\"2019-07-10T08:11:15+00:00\" \/>\n<meta property=\"og:image\" content=\"https:\/\/i1.wp.com\/www.comercialanma.es\/wp-content\/uploads\/2019\/07\/Bombay-Sapphire-Luminoso.jpg?fit=1200%2C1200&#038;ssl=1\" \/>\n\t<meta property=\"og:image:width\" content=\"1200\" \/>\n\t<meta property=\"og:image:height\" content=\"1200\" \/>\n<meta name=\"twitter:card\" content=\"summary_large_image\" \/>\n<script type=\"application\/ld+json\" class=\"yoast-schema-graph\">{\"@context\":\"https:\/\/schema.org\",\"@graph\":[{\"@type\":\"Organization\",\"@id\":\"https:\/\/www.comercialanma.es\/#organization\",\"name\":\"Comercial Anma\",\"url\":\"https:\/\/www.comercialanma.es\/\",\"sameAs\":[\"https:\/\/www.facebook.com\/AnmaHosteleria\",\"https:\/\/www.instagram.com\/anmahosteleria\/?hl=es\",\"https:\/\/www.youtube.com\/channel\/UCT2nmn08Ntks0hmpZPnDgCA\"],\"logo\":{\"@type\":\"ImageObject\",\"@id\":\"https:\/\/www.comercialanma.es\/#logo\",\"inLanguage\":\"es\",\"url\":\"https:\/\/i2.wp.com\/www.comercialanma.es\/wp-content\/uploads\/2019\/06\/logo-anma-color.png?fit=247%2C101&ssl=1\",\"width\":247,\"height\":101,\"caption\":\"Comercial Anma\"},\"image\":{\"@id\":\"https:\/\/www.comercialanma.es\/#logo\"}},{\"@type\":\"WebSite\",\"@id\":\"https:\/\/www.comercialanma.es\/#website\",\"url\":\"https:\/\/www.comercialanma.es\/\",\"name\":\"Comercial de Hosteleria Anma\",\"description\":\"\",\"publisher\":{\"@id\":\"https:\/\/www.comercialanma.es\/#organization\"},\"potentialAction\":[{\"@type\":\"SearchAction\",\"target\":\"https:\/\/www.comercialanma.es\/?s={search_term_string}\",\"query-input\":\"required name=search_term_string\"}],\"inLanguage\":\"es\"},{\"@type\":\"ImageObject\",\"@id\":\"https:\/\/www.comercialanma.es\/?product=ginebra-bombay-sapphire-175l-luminoso#primaryimage\",\"inLanguage\":\"es\",\"url\":\"https:\/\/i1.wp.com\/www.comercialanma.es\/wp-content\/uploads\/2019\/07\/Bombay-Sapphire-Luminoso.jpg?fit=1200%2C1200&ssl=1\",\"width\":1200,\"height\":1200},{\"@type\":\"WebPage\",\"@id\":\"https:\/\/www.comercialanma.es\/?product=ginebra-bombay-sapphire-175l-luminoso#webpage\",\"url\":\"https:\/\/www.comercialanma.es\/?product=ginebra-bombay-sapphire-175l-luminoso\",\"name\":\"Ginebra Bombay Sapphire 1,75L. Luminoso - Comercial de Hosteleria Anma\",\"isPartOf\":{\"@id\":\"https:\/\/www.comercialanma.es\/#website\"},\"primaryImageOfPage\":{\"@id\":\"https:\/\/www.comercialanma.es\/?product=ginebra-bombay-sapphire-175l-luminoso#primaryimage\"},\"datePublished\":\"2019-07-10T08:01:24+00:00\",\"dateModified\":\"2019-07-10T08:11:15+00:00\",\"breadcrumb\":{\"@id\":\"https:\/\/www.comercialanma.es\/?product=ginebra-bombay-sapphire-175l-luminoso#breadcrumb\"},\"inLanguage\":\"es\",\"potentialAction\":[{\"@type\":\"ReadAction\",\"target\":[\"https:\/\/www.comercialanma.es\/?product=ginebra-bombay-sapphire-175l-luminoso\"]}]},{\"@type\":\"BreadcrumbList\",\"@id\":\"https:\/\/www.comercialanma.es\/?product=ginebra-bombay-sapphire-175l-luminoso#breadcrumb\",\"itemListElement\":[{\"@type\":\"ListItem\",\"position\":1,\"item\":{\"@type\":\"WebPage\",\"@id\":\"https:\/\/www.comercialanma.es\/\",\"url\":\"https:\/\/www.comercialanma.es\/\",\"name\":\"Portada\"}},{\"@type\":\"ListItem\",\"position\":2,\"item\":{\"@type\":\"WebPage\",\"@id\":\"https:\/\/www.comercialanma.es\/?page_id=3963\",\"url\":\"https:\/\/www.comercialanma.es\/?page_id=3963\",\"name\":\"Cat\\u00e1logo de Productos\"}},{\"@type\":\"ListItem\",\"position\":3,\"item\":{\"@type\":\"WebPage\",\"@id\":\"https:\/\/www.comercialanma.es\/?product=ginebra-bombay-sapphire-175l-luminoso\",\"url\":\"https:\/\/www.comercialanma.es\/?product=ginebra-bombay-sapphire-175l-luminoso\",\"name\":\"Ginebra Bombay Sapphire 1,75L. Luminoso\"}}]}]}<\/script>\n<!-- \/ Yoast SEO plugin. -->","_links":{"self":[{"href":"https:\/\/www.comercialanma.es\/index.php?rest_route=\/wp\/v2\/product\/7704"}],"collection":[{"href":"https:\/\/www.comercialanma.es\/index.php?rest_route=\/wp\/v2\/product"}],"about":[{"href":"https:\/\/www.comercialanma.es\/index.php?rest_route=\/wp\/v2\/types\/product"}],"version-history":[{"count":3,"href":"https:\/\/www.comercialanma.es\/index.php?rest_route=\/wp\/v2\/product\/7704\/revisions"}],"predecessor-version":[{"id":7708,"href":"https:\/\/www.comercialanma.es\/index.php?rest_route=\/wp\/v2\/product\/7704\/revisions\/7708"}],"wp:featuredmedia":[{"embeddable":true,"href":"https:\/\/www.comercialanma.es\/index.php?rest_route=\/wp\/v2\/media\/7705"}],"wp:attachment":[{"href":"https:\/\/www.comercialanma.es\/index.php?rest_route=%2Fwp%2Fv2%2Fmedia&parent=7704"}],"curies":[{"name":"wp","href":"https:\/\/api.w.org\/{rel}","templated":true}]}}