
{"id":7714,"date":"2019-07-10T10:35:37","date_gmt":"2019-07-10T08:35:37","guid":{"rendered":"http:\/\/www.comercialanma.es\/?post_type=product&#038;p=7714"},"modified":"2019-07-10T10:39:01","modified_gmt":"2019-07-10T08:39:01","slug":"jarabe-blue-tropic-rives-1l","status":"publish","type":"product","link":"https:\/\/www.comercialanma.es\/?product=jarabe-blue-tropic-rives-1l","title":{"rendered":"Jarabe Blue Tropic Rives 1L."},"content":{"rendered":"","protected":false},"excerpt":{"rendered":"<p>Elaborada con zumo concentrado de frutas tropicales, Kiwi, Maracuy\u00e1, Lima y Manzanas.<\/p>\n<p>De color azul brillante e intenso aporta una nota de fantas\u00eda a todo tipo de combinados.<\/p>\n<p>Es el ingrediente ideal e indispensable para dar un toque ex\u00f3tico y diferente a numerosos c\u00f3cteles. Servir muy fr\u00eda o diluida con agua.<\/p>\n","protected":false},"featured_media":7715,"template":"","meta":{"spay_email":""},"yoast_head":"<!-- This site is optimized with the Yoast SEO plugin v15.9 - https:\/\/yoast.com\/wordpress\/plugins\/seo\/ -->\n<title>Jarabe Blue Tropic Rives 1L. - Comercial de Hosteleria Anma<\/title>\n<meta name=\"robots\" content=\"index, follow, max-snippet:-1, max-image-preview:large, max-video-preview:-1\" \/>\n<link rel=\"canonical\" href=\"https:\/\/www.comercialanma.es\/?product=jarabe-blue-tropic-rives-1l\" \/>\n<meta property=\"og:locale\" content=\"es_ES\" \/>\n<meta property=\"og:type\" content=\"article\" \/>\n<meta property=\"og:title\" content=\"Jarabe Blue Tropic Rives 1L. - Comercial de Hosteleria Anma\" \/>\n<meta property=\"og:description\" content=\"Elaborada con zumo concentrado de frutas tropicales, Kiwi, Maracuy\u00e1, Lima y Manzanas.  De color azul brillante e intenso aporta una nota de fantas\u00eda a todo tipo de combinados.  Es el ingrediente ideal e indispensable para dar un toque ex\u00f3tico y diferente a numerosos c\u00f3cteles. Servir muy fr\u00eda o diluida con agua.\" \/>\n<meta property=\"og:url\" content=\"https:\/\/www.comercialanma.es\/?product=jarabe-blue-tropic-rives-1l\" \/>\n<meta property=\"og:site_name\" content=\"Comercial de Hosteleria Anma\" \/>\n<meta property=\"article:publisher\" content=\"https:\/\/www.facebook.com\/AnmaHosteleria\" \/>\n<meta property=\"article:modified_time\" content=\"2019-07-10T08:39:01+00:00\" \/>\n<meta property=\"og:image\" content=\"https:\/\/i1.wp.com\/www.comercialanma.es\/wp-content\/uploads\/2019\/07\/Blue-Tropic-Rives.jpg?fit=1200%2C1200&#038;ssl=1\" \/>\n\t<meta property=\"og:image:width\" content=\"1200\" \/>\n\t<meta property=\"og:image:height\" content=\"1200\" \/>\n<meta name=\"twitter:card\" content=\"summary_large_image\" \/>\n<script type=\"application\/ld+json\" class=\"yoast-schema-graph\">{\"@context\":\"https:\/\/schema.org\",\"@graph\":[{\"@type\":\"Organization\",\"@id\":\"https:\/\/www.comercialanma.es\/#organization\",\"name\":\"Comercial Anma\",\"url\":\"https:\/\/www.comercialanma.es\/\",\"sameAs\":[\"https:\/\/www.facebook.com\/AnmaHosteleria\",\"https:\/\/www.instagram.com\/anmahosteleria\/?hl=es\",\"https:\/\/www.youtube.com\/channel\/UCT2nmn08Ntks0hmpZPnDgCA\"],\"logo\":{\"@type\":\"ImageObject\",\"@id\":\"https:\/\/www.comercialanma.es\/#logo\",\"inLanguage\":\"es\",\"url\":\"https:\/\/i2.wp.com\/www.comercialanma.es\/wp-content\/uploads\/2019\/06\/logo-anma-color.png?fit=247%2C101&ssl=1\",\"width\":247,\"height\":101,\"caption\":\"Comercial Anma\"},\"image\":{\"@id\":\"https:\/\/www.comercialanma.es\/#logo\"}},{\"@type\":\"WebSite\",\"@id\":\"https:\/\/www.comercialanma.es\/#website\",\"url\":\"https:\/\/www.comercialanma.es\/\",\"name\":\"Comercial de Hosteleria Anma\",\"description\":\"\",\"publisher\":{\"@id\":\"https:\/\/www.comercialanma.es\/#organization\"},\"potentialAction\":[{\"@type\":\"SearchAction\",\"target\":\"https:\/\/www.comercialanma.es\/?s={search_term_string}\",\"query-input\":\"required name=search_term_string\"}],\"inLanguage\":\"es\"},{\"@type\":\"ImageObject\",\"@id\":\"https:\/\/www.comercialanma.es\/?product=jarabe-blue-tropic-rives-1l#primaryimage\",\"inLanguage\":\"es\",\"url\":\"https:\/\/i1.wp.com\/www.comercialanma.es\/wp-content\/uploads\/2019\/07\/Blue-Tropic-Rives.jpg?fit=1200%2C1200&ssl=1\",\"width\":1200,\"height\":1200},{\"@type\":\"WebPage\",\"@id\":\"https:\/\/www.comercialanma.es\/?product=jarabe-blue-tropic-rives-1l#webpage\",\"url\":\"https:\/\/www.comercialanma.es\/?product=jarabe-blue-tropic-rives-1l\",\"name\":\"Jarabe Blue Tropic Rives 1L. - Comercial de Hosteleria Anma\",\"isPartOf\":{\"@id\":\"https:\/\/www.comercialanma.es\/#website\"},\"primaryImageOfPage\":{\"@id\":\"https:\/\/www.comercialanma.es\/?product=jarabe-blue-tropic-rives-1l#primaryimage\"},\"datePublished\":\"2019-07-10T08:35:37+00:00\",\"dateModified\":\"2019-07-10T08:39:01+00:00\",\"breadcrumb\":{\"@id\":\"https:\/\/www.comercialanma.es\/?product=jarabe-blue-tropic-rives-1l#breadcrumb\"},\"inLanguage\":\"es\",\"potentialAction\":[{\"@type\":\"ReadAction\",\"target\":[\"https:\/\/www.comercialanma.es\/?product=jarabe-blue-tropic-rives-1l\"]}]},{\"@type\":\"BreadcrumbList\",\"@id\":\"https:\/\/www.comercialanma.es\/?product=jarabe-blue-tropic-rives-1l#breadcrumb\",\"itemListElement\":[{\"@type\":\"ListItem\",\"position\":1,\"item\":{\"@type\":\"WebPage\",\"@id\":\"https:\/\/www.comercialanma.es\/\",\"url\":\"https:\/\/www.comercialanma.es\/\",\"name\":\"Portada\"}},{\"@type\":\"ListItem\",\"position\":2,\"item\":{\"@type\":\"WebPage\",\"@id\":\"https:\/\/www.comercialanma.es\/?page_id=3963\",\"url\":\"https:\/\/www.comercialanma.es\/?page_id=3963\",\"name\":\"Cat\\u00e1logo de Productos\"}},{\"@type\":\"ListItem\",\"position\":3,\"item\":{\"@type\":\"WebPage\",\"@id\":\"https:\/\/www.comercialanma.es\/?product=jarabe-blue-tropic-rives-1l\",\"url\":\"https:\/\/www.comercialanma.es\/?product=jarabe-blue-tropic-rives-1l\",\"name\":\"Jarabe Blue Tropic Rives 1L.\"}}]}]}<\/script>\n<!-- \/ Yoast SEO plugin. -->","_links":{"self":[{"href":"https:\/\/www.comercialanma.es\/index.php?rest_route=\/wp\/v2\/product\/7714"}],"collection":[{"href":"https:\/\/www.comercialanma.es\/index.php?rest_route=\/wp\/v2\/product"}],"about":[{"href":"https:\/\/www.comercialanma.es\/index.php?rest_route=\/wp\/v2\/types\/product"}],"version-history":[{"count":1,"href":"https:\/\/www.comercialanma.es\/index.php?rest_route=\/wp\/v2\/product\/7714\/revisions"}],"predecessor-version":[{"id":7716,"href":"https:\/\/www.comercialanma.es\/index.php?rest_route=\/wp\/v2\/product\/7714\/revisions\/7716"}],"wp:featuredmedia":[{"embeddable":true,"href":"https:\/\/www.comercialanma.es\/index.php?rest_route=\/wp\/v2\/media\/7715"}],"wp:attachment":[{"href":"https:\/\/www.comercialanma.es\/index.php?rest_route=%2Fwp%2Fv2%2Fmedia&parent=7714"}],"curies":[{"name":"wp","href":"https:\/\/api.w.org\/{rel}","templated":true}]}}