
{"id":7852,"date":"2019-07-11T09:41:09","date_gmt":"2019-07-11T07:41:09","guid":{"rendered":"http:\/\/www.comercialanma.es\/?post_type=product&#038;p=7852"},"modified":"2019-07-11T09:46:50","modified_gmt":"2019-07-11T07:46:50","slug":"odk-crema-chocolate-blanco-1l","status":"publish","type":"product","link":"https:\/\/www.comercialanma.es\/?product=odk-crema-chocolate-blanco-1l","title":{"rendered":"ODK crema Chocolate blanco 1L."},"content":{"rendered":"<div>\n<h3>Nota de cata:<\/h3>\n<p>A la vista, <strong>ODK Creamy White Chocolate<\/strong> toma el color blanco del chocolate. Al paladar es cremoso y suave, de sabor intenso a chocolate blanco. Resulta ideal para darle un toque distinto y muy profesional a caf\u00e9s, frappes, cocktails, smoothies y batidos, con los que se mezcla con facilidad; as\u00ed como para preparar recetas de postres y adornar tus bebidas favoritas, con y sin alcohol. Adem\u00e1s, al no contener gluten, es apto para cel\u00edacos.<\/p>\n<\/div>\n<div class=\"field field-name-field-bouche field-type-text-long field-label-above\">\n<div class=\"field-label\">\n<div class=\"field-item even\">\n<p>&nbsp;<\/p>\n<\/div>\n<\/div>\n<\/div>\n","protected":false},"excerpt":{"rendered":"<p><strong>Crema de chocolate blanco sin gluten<\/strong>, especialmente elaborada para complementar bebidas con leche caliente, o c\u00f3cteles, combinados y postres. Con cada bote de ODK se pueden preparar aproximadamente entre 35 y 50 bebidas. Adem\u00e1s, su envase permite una f\u00e1cil utilizaci\u00f3n, sin desperdiciar ni una gota de producto. Lo elabora a <strong>Orsadrinks<\/strong>, empresa italiana nacida en Tur\u00edn en 1994, que se ha especializado en la creaci\u00f3n de siropes, pur\u00e9s y cremas para cocteler\u00eda.<\/p>\n","protected":false},"featured_media":7853,"template":"","meta":{"spay_email":""},"yoast_head":"<!-- This site is optimized with the Yoast SEO plugin v15.9 - https:\/\/yoast.com\/wordpress\/plugins\/seo\/ -->\n<title>ODK crema Chocolate blanco 1L. - Comercial de Hosteleria Anma<\/title>\n<meta name=\"robots\" content=\"index, follow, max-snippet:-1, max-image-preview:large, max-video-preview:-1\" \/>\n<link rel=\"canonical\" href=\"https:\/\/www.comercialanma.es\/?product=odk-crema-chocolate-blanco-1l\" \/>\n<meta property=\"og:locale\" content=\"es_ES\" \/>\n<meta property=\"og:type\" content=\"article\" \/>\n<meta property=\"og:title\" content=\"ODK crema Chocolate blanco 1L. - Comercial de Hosteleria Anma\" \/>\n<meta property=\"og:description\" content=\"Crema de chocolate blanco sin gluten, especialmente elaborada para complementar bebidas con leche caliente, o c\u00f3cteles, combinados y postres. Con cada bote de ODK se pueden preparar aproximadamente entre 35 y 50 bebidas. Adem\u00e1s, su envase permite una f\u00e1cil utilizaci\u00f3n, sin desperdiciar ni una gota de producto. Lo elabora a Orsadrinks, empresa italiana nacida en Tur\u00edn en 1994, que se ha especializado en la creaci\u00f3n de siropes, pur\u00e9s y cremas para cocteler\u00eda.\" \/>\n<meta property=\"og:url\" content=\"https:\/\/www.comercialanma.es\/?product=odk-crema-chocolate-blanco-1l\" \/>\n<meta property=\"og:site_name\" content=\"Comercial de Hosteleria Anma\" \/>\n<meta property=\"article:publisher\" content=\"https:\/\/www.facebook.com\/AnmaHosteleria\" \/>\n<meta property=\"article:modified_time\" content=\"2019-07-11T07:46:50+00:00\" \/>\n<meta property=\"og:image\" content=\"https:\/\/i0.wp.com\/www.comercialanma.es\/wp-content\/uploads\/2019\/07\/ODK-crema-choco-blanco.jpg?fit=1200%2C1200&#038;ssl=1\" \/>\n\t<meta property=\"og:image:width\" content=\"1200\" \/>\n\t<meta property=\"og:image:height\" content=\"1200\" \/>\n<meta name=\"twitter:card\" content=\"summary_large_image\" \/>\n<script type=\"application\/ld+json\" class=\"yoast-schema-graph\">{\"@context\":\"https:\/\/schema.org\",\"@graph\":[{\"@type\":\"Organization\",\"@id\":\"https:\/\/www.comercialanma.es\/#organization\",\"name\":\"Comercial Anma\",\"url\":\"https:\/\/www.comercialanma.es\/\",\"sameAs\":[\"https:\/\/www.facebook.com\/AnmaHosteleria\",\"https:\/\/www.instagram.com\/anmahosteleria\/?hl=es\",\"https:\/\/www.youtube.com\/channel\/UCT2nmn08Ntks0hmpZPnDgCA\"],\"logo\":{\"@type\":\"ImageObject\",\"@id\":\"https:\/\/www.comercialanma.es\/#logo\",\"inLanguage\":\"es\",\"url\":\"https:\/\/i2.wp.com\/www.comercialanma.es\/wp-content\/uploads\/2019\/06\/logo-anma-color.png?fit=247%2C101&ssl=1\",\"width\":247,\"height\":101,\"caption\":\"Comercial Anma\"},\"image\":{\"@id\":\"https:\/\/www.comercialanma.es\/#logo\"}},{\"@type\":\"WebSite\",\"@id\":\"https:\/\/www.comercialanma.es\/#website\",\"url\":\"https:\/\/www.comercialanma.es\/\",\"name\":\"Comercial de Hosteleria Anma\",\"description\":\"\",\"publisher\":{\"@id\":\"https:\/\/www.comercialanma.es\/#organization\"},\"potentialAction\":[{\"@type\":\"SearchAction\",\"target\":\"https:\/\/www.comercialanma.es\/?s={search_term_string}\",\"query-input\":\"required name=search_term_string\"}],\"inLanguage\":\"es\"},{\"@type\":\"ImageObject\",\"@id\":\"https:\/\/www.comercialanma.es\/?product=odk-crema-chocolate-blanco-1l#primaryimage\",\"inLanguage\":\"es\",\"url\":\"https:\/\/i0.wp.com\/www.comercialanma.es\/wp-content\/uploads\/2019\/07\/ODK-crema-choco-blanco.jpg?fit=1200%2C1200&ssl=1\",\"width\":1200,\"height\":1200},{\"@type\":\"WebPage\",\"@id\":\"https:\/\/www.comercialanma.es\/?product=odk-crema-chocolate-blanco-1l#webpage\",\"url\":\"https:\/\/www.comercialanma.es\/?product=odk-crema-chocolate-blanco-1l\",\"name\":\"ODK crema Chocolate blanco 1L. - Comercial de Hosteleria Anma\",\"isPartOf\":{\"@id\":\"https:\/\/www.comercialanma.es\/#website\"},\"primaryImageOfPage\":{\"@id\":\"https:\/\/www.comercialanma.es\/?product=odk-crema-chocolate-blanco-1l#primaryimage\"},\"datePublished\":\"2019-07-11T07:41:09+00:00\",\"dateModified\":\"2019-07-11T07:46:50+00:00\",\"breadcrumb\":{\"@id\":\"https:\/\/www.comercialanma.es\/?product=odk-crema-chocolate-blanco-1l#breadcrumb\"},\"inLanguage\":\"es\",\"potentialAction\":[{\"@type\":\"ReadAction\",\"target\":[\"https:\/\/www.comercialanma.es\/?product=odk-crema-chocolate-blanco-1l\"]}]},{\"@type\":\"BreadcrumbList\",\"@id\":\"https:\/\/www.comercialanma.es\/?product=odk-crema-chocolate-blanco-1l#breadcrumb\",\"itemListElement\":[{\"@type\":\"ListItem\",\"position\":1,\"item\":{\"@type\":\"WebPage\",\"@id\":\"https:\/\/www.comercialanma.es\/\",\"url\":\"https:\/\/www.comercialanma.es\/\",\"name\":\"Portada\"}},{\"@type\":\"ListItem\",\"position\":2,\"item\":{\"@type\":\"WebPage\",\"@id\":\"https:\/\/www.comercialanma.es\/?page_id=3963\",\"url\":\"https:\/\/www.comercialanma.es\/?page_id=3963\",\"name\":\"Cat\\u00e1logo de Productos\"}},{\"@type\":\"ListItem\",\"position\":3,\"item\":{\"@type\":\"WebPage\",\"@id\":\"https:\/\/www.comercialanma.es\/?product=odk-crema-chocolate-blanco-1l\",\"url\":\"https:\/\/www.comercialanma.es\/?product=odk-crema-chocolate-blanco-1l\",\"name\":\"ODK crema Chocolate blanco 1L.\"}}]}]}<\/script>\n<!-- \/ Yoast SEO plugin. -->","_links":{"self":[{"href":"https:\/\/www.comercialanma.es\/index.php?rest_route=\/wp\/v2\/product\/7852"}],"collection":[{"href":"https:\/\/www.comercialanma.es\/index.php?rest_route=\/wp\/v2\/product"}],"about":[{"href":"https:\/\/www.comercialanma.es\/index.php?rest_route=\/wp\/v2\/types\/product"}],"version-history":[{"count":1,"href":"https:\/\/www.comercialanma.es\/index.php?rest_route=\/wp\/v2\/product\/7852\/revisions"}],"predecessor-version":[{"id":7854,"href":"https:\/\/www.comercialanma.es\/index.php?rest_route=\/wp\/v2\/product\/7852\/revisions\/7854"}],"wp:featuredmedia":[{"embeddable":true,"href":"https:\/\/www.comercialanma.es\/index.php?rest_route=\/wp\/v2\/media\/7853"}],"wp:attachment":[{"href":"https:\/\/www.comercialanma.es\/index.php?rest_route=%2Fwp%2Fv2%2Fmedia&parent=7852"}],"curies":[{"name":"wp","href":"https:\/\/api.w.org\/{rel}","templated":true}]}}