
{"id":7877,"date":"2019-07-11T11:21:55","date_gmt":"2019-07-11T09:21:55","guid":{"rendered":"http:\/\/www.comercialanma.es\/?post_type=product&#038;p=7877"},"modified":"2019-07-11T11:31:50","modified_gmt":"2019-07-11T09:31:50","slug":"bitter-boston-bittahs-120ml","status":"publish","type":"product","link":"https:\/\/www.comercialanma.es\/?product=bitter-boston-bittahs-120ml","title":{"rendered":"Bitter Boston Bittahs 120ml."},"content":{"rendered":"","protected":false},"excerpt":{"rendered":"<p><span class=\"tlid-translation translation\" lang=\"es\"><span class=\"\" title=\"\">Bittermens recomienda agregar un gui\u00f3n a las libaciones que prefieras beber mientras te relajas al aire libre en una c\u00e1lida noche de verano.<\/span> <span class=\"\" title=\"\">Despu\u00e9s del gran \u00e9xito de &#8216;Elemakule Bitters, se propusieron crear un nuevo bitter que celebra el regreso del verano y nuestro regreso a Boston despu\u00e9s de 14 a\u00f1os.<\/span> <span class=\"\" title=\"\">Son c\u00edtricos, c\u00edtricos, c\u00edtricos y m\u00e1s c\u00edtricos, soportados con una gran dosis de manzanilla.<\/span> <span class=\"\" title=\"\">Creen que huele a verano.<\/span> <span title=\"\">Pru\u00e9balo en tu bebida glaseada, agria o brillante tropical favorita.<\/span> <span title=\"\">Funciona extremadamente bien con pisco y whisky tambi\u00e9n.<\/span><\/span><\/p>\n","protected":false},"featured_media":7880,"template":"","meta":{"spay_email":""},"yoast_head":"<!-- This site is optimized with the Yoast SEO plugin v15.9 - https:\/\/yoast.com\/wordpress\/plugins\/seo\/ -->\n<title>Bitter Boston Bittahs 120ml. - Comercial de Hosteleria Anma<\/title>\n<meta name=\"robots\" content=\"index, follow, max-snippet:-1, max-image-preview:large, max-video-preview:-1\" \/>\n<link rel=\"canonical\" href=\"https:\/\/www.comercialanma.es\/?product=bitter-boston-bittahs-120ml\" \/>\n<meta property=\"og:locale\" content=\"es_ES\" \/>\n<meta property=\"og:type\" content=\"article\" \/>\n<meta property=\"og:title\" content=\"Bitter Boston Bittahs 120ml. - Comercial de Hosteleria Anma\" \/>\n<meta property=\"og:description\" content=\"Bittermens recomienda agregar un gui\u00f3n a las libaciones que prefieras beber mientras te relajas al aire libre en una c\u00e1lida noche de verano. Despu\u00e9s del gran \u00e9xito de &#039;Elemakule Bitters, se propusieron crear un nuevo bitter que celebra el regreso del verano y nuestro regreso a Boston despu\u00e9s de 14 a\u00f1os. Son c\u00edtricos, c\u00edtricos, c\u00edtricos y m\u00e1s c\u00edtricos, soportados con una gran dosis de manzanilla. Creen que huele a verano. Pru\u00e9balo en tu bebida glaseada, agria o brillante tropical favorita. Funciona extremadamente bien con pisco y whisky tambi\u00e9n.\" \/>\n<meta property=\"og:url\" content=\"https:\/\/www.comercialanma.es\/?product=bitter-boston-bittahs-120ml\" \/>\n<meta property=\"og:site_name\" content=\"Comercial de Hosteleria Anma\" \/>\n<meta property=\"article:publisher\" content=\"https:\/\/www.facebook.com\/AnmaHosteleria\" \/>\n<meta property=\"article:modified_time\" content=\"2019-07-11T09:31:50+00:00\" \/>\n<meta property=\"og:image\" content=\"https:\/\/i2.wp.com\/www.comercialanma.es\/wp-content\/uploads\/2019\/07\/Better-Boston-Bittahs.jpg?fit=1200%2C1200&#038;ssl=1\" \/>\n\t<meta property=\"og:image:width\" content=\"1200\" \/>\n\t<meta property=\"og:image:height\" content=\"1200\" \/>\n<meta name=\"twitter:card\" content=\"summary_large_image\" \/>\n<script type=\"application\/ld+json\" class=\"yoast-schema-graph\">{\"@context\":\"https:\/\/schema.org\",\"@graph\":[{\"@type\":\"Organization\",\"@id\":\"https:\/\/www.comercialanma.es\/#organization\",\"name\":\"Comercial Anma\",\"url\":\"https:\/\/www.comercialanma.es\/\",\"sameAs\":[\"https:\/\/www.facebook.com\/AnmaHosteleria\",\"https:\/\/www.instagram.com\/anmahosteleria\/?hl=es\",\"https:\/\/www.youtube.com\/channel\/UCT2nmn08Ntks0hmpZPnDgCA\"],\"logo\":{\"@type\":\"ImageObject\",\"@id\":\"https:\/\/www.comercialanma.es\/#logo\",\"inLanguage\":\"es\",\"url\":\"https:\/\/i2.wp.com\/www.comercialanma.es\/wp-content\/uploads\/2019\/06\/logo-anma-color.png?fit=247%2C101&ssl=1\",\"width\":247,\"height\":101,\"caption\":\"Comercial Anma\"},\"image\":{\"@id\":\"https:\/\/www.comercialanma.es\/#logo\"}},{\"@type\":\"WebSite\",\"@id\":\"https:\/\/www.comercialanma.es\/#website\",\"url\":\"https:\/\/www.comercialanma.es\/\",\"name\":\"Comercial de Hosteleria Anma\",\"description\":\"\",\"publisher\":{\"@id\":\"https:\/\/www.comercialanma.es\/#organization\"},\"potentialAction\":[{\"@type\":\"SearchAction\",\"target\":\"https:\/\/www.comercialanma.es\/?s={search_term_string}\",\"query-input\":\"required name=search_term_string\"}],\"inLanguage\":\"es\"},{\"@type\":\"ImageObject\",\"@id\":\"https:\/\/www.comercialanma.es\/?product=bitter-boston-bittahs-120ml#primaryimage\",\"inLanguage\":\"es\",\"url\":\"https:\/\/i2.wp.com\/www.comercialanma.es\/wp-content\/uploads\/2019\/07\/Better-Boston-Bittahs.jpg?fit=1200%2C1200&ssl=1\",\"width\":1200,\"height\":1200},{\"@type\":\"WebPage\",\"@id\":\"https:\/\/www.comercialanma.es\/?product=bitter-boston-bittahs-120ml#webpage\",\"url\":\"https:\/\/www.comercialanma.es\/?product=bitter-boston-bittahs-120ml\",\"name\":\"Bitter Boston Bittahs 120ml. - Comercial de Hosteleria Anma\",\"isPartOf\":{\"@id\":\"https:\/\/www.comercialanma.es\/#website\"},\"primaryImageOfPage\":{\"@id\":\"https:\/\/www.comercialanma.es\/?product=bitter-boston-bittahs-120ml#primaryimage\"},\"datePublished\":\"2019-07-11T09:21:55+00:00\",\"dateModified\":\"2019-07-11T09:31:50+00:00\",\"breadcrumb\":{\"@id\":\"https:\/\/www.comercialanma.es\/?product=bitter-boston-bittahs-120ml#breadcrumb\"},\"inLanguage\":\"es\",\"potentialAction\":[{\"@type\":\"ReadAction\",\"target\":[\"https:\/\/www.comercialanma.es\/?product=bitter-boston-bittahs-120ml\"]}]},{\"@type\":\"BreadcrumbList\",\"@id\":\"https:\/\/www.comercialanma.es\/?product=bitter-boston-bittahs-120ml#breadcrumb\",\"itemListElement\":[{\"@type\":\"ListItem\",\"position\":1,\"item\":{\"@type\":\"WebPage\",\"@id\":\"https:\/\/www.comercialanma.es\/\",\"url\":\"https:\/\/www.comercialanma.es\/\",\"name\":\"Portada\"}},{\"@type\":\"ListItem\",\"position\":2,\"item\":{\"@type\":\"WebPage\",\"@id\":\"https:\/\/www.comercialanma.es\/?page_id=3963\",\"url\":\"https:\/\/www.comercialanma.es\/?page_id=3963\",\"name\":\"Cat\\u00e1logo de Productos\"}},{\"@type\":\"ListItem\",\"position\":3,\"item\":{\"@type\":\"WebPage\",\"@id\":\"https:\/\/www.comercialanma.es\/?product=bitter-boston-bittahs-120ml\",\"url\":\"https:\/\/www.comercialanma.es\/?product=bitter-boston-bittahs-120ml\",\"name\":\"Bitter Boston Bittahs 120ml.\"}}]}]}<\/script>\n<!-- \/ Yoast SEO plugin. -->","_links":{"self":[{"href":"https:\/\/www.comercialanma.es\/index.php?rest_route=\/wp\/v2\/product\/7877"}],"collection":[{"href":"https:\/\/www.comercialanma.es\/index.php?rest_route=\/wp\/v2\/product"}],"about":[{"href":"https:\/\/www.comercialanma.es\/index.php?rest_route=\/wp\/v2\/types\/product"}],"version-history":[{"count":1,"href":"https:\/\/www.comercialanma.es\/index.php?rest_route=\/wp\/v2\/product\/7877\/revisions"}],"predecessor-version":[{"id":7881,"href":"https:\/\/www.comercialanma.es\/index.php?rest_route=\/wp\/v2\/product\/7877\/revisions\/7881"}],"wp:featuredmedia":[{"embeddable":true,"href":"https:\/\/www.comercialanma.es\/index.php?rest_route=\/wp\/v2\/media\/7880"}],"wp:attachment":[{"href":"https:\/\/www.comercialanma.es\/index.php?rest_route=%2Fwp%2Fv2%2Fmedia&parent=7877"}],"curies":[{"name":"wp","href":"https:\/\/api.w.org\/{rel}","templated":true}]}}