
{"id":7928,"date":"2019-07-11T16:05:55","date_gmt":"2019-07-11T14:05:55","guid":{"rendered":"http:\/\/www.comercialanma.es\/?post_type=product&#038;p=7928"},"modified":"2020-01-29T13:01:02","modified_gmt":"2020-01-29T12:01:02","slug":"orochata-licor-43-70cl","status":"publish","type":"product","link":"https:\/\/www.comercialanma.es\/?product=orochata-licor-43-70cl","title":{"rendered":"Licor 43 Horchata 70cl."},"content":{"rendered":"","protected":false},"excerpt":{"rendered":"<p>Licor 43 Horchata es mucho m\u00e1s que un nuevo producto\u00a0 emocionante de Licor 43. Tomamos la receta tradicional de la Horchata de Valencia y a\u00f1adimos un toque especial mezcl\u00e1ndolo con Licor 43 Original y sus sabores mediterr\u00e1neos delicadamente suaves aromatizados con especias del Lejano Oriente.<\/p>\n<p>La Horchata es un batido fr\u00edo y refrescante elaborado a partir de chufas mezcladas con az\u00facar y en ocasiones aromatizada con canela y lim\u00f3n.<\/p>\n<p>Pero la Horchata no es una novedad, la chufa de los antiguos egipcios fue uno de los primeros cultivos domesticados y ha sido hallada en jarrones en las tumbas de los faraones egipcios. Los moros llevaron la planta consigo a Valencia donde la tierra y el sol eran perfectos para el cultivo de chufas de la mejor calidad.<\/p>\n<p>La palabra \u2018Oro\u2019 era perfecta para un licor espa\u00f1ol que contiene\u00a0 Licor 43 Original, famoso por su espl\u00e9ndidamente dorado. \u2018Chata\u2019 refleja nuestra inspiraci\u00f3n, la famosa bebida espa\u00f1ola \u201cHorchata\u201d. De su uni\u00f3n nace la \u2018Orochata\u2019.\u00a0 De este modo el nombre \u2018Orochata\u2019 refleja sus ra\u00edces.<\/p>\n<ul>\n<li><strong>Licor 43 Orochata<\/strong> tiene un sabor \u00fanico: es dulce, ligero y al mismo tiempo rico en aromas de especias del Lejano Oriente. Una bebida refrescante, absolutamente distinta de cualquier otra crema de licor jam\u00e1s concebida, si la pruebas no te dejar\u00e1 indiferente: \u00a1o te gusta o te encanta!<\/li>\n<li>Graduaci\u00f3n: 16%<\/li>\n<\/ul>\n","protected":false},"featured_media":12912,"template":"","meta":{"spay_email":""},"yoast_head":"<!-- This site is optimized with the Yoast SEO plugin v15.9 - https:\/\/yoast.com\/wordpress\/plugins\/seo\/ -->\n<title>Licor 43 Horchata 70cl. - Comercial de Hosteleria Anma<\/title>\n<meta name=\"robots\" content=\"index, follow, max-snippet:-1, max-image-preview:large, max-video-preview:-1\" \/>\n<link rel=\"canonical\" href=\"https:\/\/www.comercialanma.es\/?product=orochata-licor-43-70cl\" \/>\n<meta property=\"og:locale\" content=\"es_ES\" \/>\n<meta property=\"og:type\" content=\"article\" \/>\n<meta property=\"og:title\" content=\"Licor 43 Horchata 70cl. - Comercial de Hosteleria Anma\" \/>\n<meta property=\"og:description\" content=\"Licor 43 Horchata es mucho m\u00e1s que un nuevo producto\u00a0 emocionante de Licor 43. Tomamos la receta tradicional de la Horchata de Valencia y a\u00f1adimos un toque especial mezcl\u00e1ndolo con Licor 43 Original y sus sabores mediterr\u00e1neos delicadamente suaves aromatizados con especias del Lejano Oriente.  La Horchata es un batido fr\u00edo y refrescante elaborado a partir de chufas mezcladas con az\u00facar y en ocasiones aromatizada con canela y lim\u00f3n.  Pero la Horchata no es una novedad, la chufa de los antiguos egipcios fue uno de los primeros cultivos domesticados y ha sido hallada en jarrones en las tumbas de los faraones egipcios. Los moros llevaron la planta consigo a Valencia donde la tierra y el sol eran perfectos para el cultivo de chufas de la mejor calidad.  La palabra \u2018Oro\u2019 era perfecta para un licor espa\u00f1ol que contiene\u00a0 Licor 43 Original, famoso por su espl\u00e9ndidamente dorado. \u2018Chata\u2019 refleja nuestra inspiraci\u00f3n, la famosa bebida espa\u00f1ola \u201cHorchata\u201d. De su uni\u00f3n nace la \u2018Orochata\u2019.\u00a0 De este modo el nombre \u2018Orochata\u2019 refleja sus ra\u00edces.   Licor 43 Orochata tiene un sabor \u00fanico: es dulce, ligero y al mismo tiempo rico en aromas de especias del Lejano Oriente. Una bebida refrescante, absolutamente distinta de cualquier otra crema de licor jam\u00e1s concebida, si la pruebas no te dejar\u00e1 indiferente: \u00a1o te gusta o te encanta!  Graduaci\u00f3n: 16%\" \/>\n<meta property=\"og:url\" content=\"https:\/\/www.comercialanma.es\/?product=orochata-licor-43-70cl\" \/>\n<meta property=\"og:site_name\" content=\"Comercial de Hosteleria Anma\" \/>\n<meta property=\"article:publisher\" content=\"https:\/\/www.facebook.com\/AnmaHosteleria\" \/>\n<meta property=\"article:modified_time\" content=\"2020-01-29T12:01:02+00:00\" \/>\n<meta property=\"og:image\" content=\"https:\/\/i0.wp.com\/www.comercialanma.es\/wp-content\/uploads\/2019\/07\/Licor-43-Horchata.jpg?fit=1080%2C1080&#038;ssl=1\" \/>\n\t<meta property=\"og:image:width\" content=\"1080\" \/>\n\t<meta property=\"og:image:height\" content=\"1080\" \/>\n<meta name=\"twitter:card\" content=\"summary_large_image\" \/>\n<script type=\"application\/ld+json\" class=\"yoast-schema-graph\">{\"@context\":\"https:\/\/schema.org\",\"@graph\":[{\"@type\":\"Organization\",\"@id\":\"https:\/\/www.comercialanma.es\/#organization\",\"name\":\"Comercial Anma\",\"url\":\"https:\/\/www.comercialanma.es\/\",\"sameAs\":[\"https:\/\/www.facebook.com\/AnmaHosteleria\",\"https:\/\/www.instagram.com\/anmahosteleria\/?hl=es\",\"https:\/\/www.youtube.com\/channel\/UCT2nmn08Ntks0hmpZPnDgCA\"],\"logo\":{\"@type\":\"ImageObject\",\"@id\":\"https:\/\/www.comercialanma.es\/#logo\",\"inLanguage\":\"es\",\"url\":\"https:\/\/i2.wp.com\/www.comercialanma.es\/wp-content\/uploads\/2019\/06\/logo-anma-color.png?fit=247%2C101&ssl=1\",\"width\":247,\"height\":101,\"caption\":\"Comercial Anma\"},\"image\":{\"@id\":\"https:\/\/www.comercialanma.es\/#logo\"}},{\"@type\":\"WebSite\",\"@id\":\"https:\/\/www.comercialanma.es\/#website\",\"url\":\"https:\/\/www.comercialanma.es\/\",\"name\":\"Comercial de Hosteleria Anma\",\"description\":\"\",\"publisher\":{\"@id\":\"https:\/\/www.comercialanma.es\/#organization\"},\"potentialAction\":[{\"@type\":\"SearchAction\",\"target\":\"https:\/\/www.comercialanma.es\/?s={search_term_string}\",\"query-input\":\"required name=search_term_string\"}],\"inLanguage\":\"es\"},{\"@type\":\"ImageObject\",\"@id\":\"https:\/\/www.comercialanma.es\/?product=orochata-licor-43-70cl#primaryimage\",\"inLanguage\":\"es\",\"url\":\"https:\/\/i0.wp.com\/www.comercialanma.es\/wp-content\/uploads\/2019\/07\/Licor-43-Horchata.jpg?fit=1080%2C1080&ssl=1\",\"width\":1080,\"height\":1080},{\"@type\":\"WebPage\",\"@id\":\"https:\/\/www.comercialanma.es\/?product=orochata-licor-43-70cl#webpage\",\"url\":\"https:\/\/www.comercialanma.es\/?product=orochata-licor-43-70cl\",\"name\":\"Licor 43 Horchata 70cl. - Comercial de Hosteleria Anma\",\"isPartOf\":{\"@id\":\"https:\/\/www.comercialanma.es\/#website\"},\"primaryImageOfPage\":{\"@id\":\"https:\/\/www.comercialanma.es\/?product=orochata-licor-43-70cl#primaryimage\"},\"datePublished\":\"2019-07-11T14:05:55+00:00\",\"dateModified\":\"2020-01-29T12:01:02+00:00\",\"breadcrumb\":{\"@id\":\"https:\/\/www.comercialanma.es\/?product=orochata-licor-43-70cl#breadcrumb\"},\"inLanguage\":\"es\",\"potentialAction\":[{\"@type\":\"ReadAction\",\"target\":[\"https:\/\/www.comercialanma.es\/?product=orochata-licor-43-70cl\"]}]},{\"@type\":\"BreadcrumbList\",\"@id\":\"https:\/\/www.comercialanma.es\/?product=orochata-licor-43-70cl#breadcrumb\",\"itemListElement\":[{\"@type\":\"ListItem\",\"position\":1,\"item\":{\"@type\":\"WebPage\",\"@id\":\"https:\/\/www.comercialanma.es\/\",\"url\":\"https:\/\/www.comercialanma.es\/\",\"name\":\"Portada\"}},{\"@type\":\"ListItem\",\"position\":2,\"item\":{\"@type\":\"WebPage\",\"@id\":\"https:\/\/www.comercialanma.es\/?page_id=3963\",\"url\":\"https:\/\/www.comercialanma.es\/?page_id=3963\",\"name\":\"Cat\\u00e1logo de Productos\"}},{\"@type\":\"ListItem\",\"position\":3,\"item\":{\"@type\":\"WebPage\",\"@id\":\"https:\/\/www.comercialanma.es\/?product=orochata-licor-43-70cl\",\"url\":\"https:\/\/www.comercialanma.es\/?product=orochata-licor-43-70cl\",\"name\":\"Licor 43 Horchata 70cl.\"}}]}]}<\/script>\n<!-- \/ Yoast SEO plugin. -->","_links":{"self":[{"href":"https:\/\/www.comercialanma.es\/index.php?rest_route=\/wp\/v2\/product\/7928"}],"collection":[{"href":"https:\/\/www.comercialanma.es\/index.php?rest_route=\/wp\/v2\/product"}],"about":[{"href":"https:\/\/www.comercialanma.es\/index.php?rest_route=\/wp\/v2\/types\/product"}],"version-history":[{"count":3,"href":"https:\/\/www.comercialanma.es\/index.php?rest_route=\/wp\/v2\/product\/7928\/revisions"}],"predecessor-version":[{"id":12914,"href":"https:\/\/www.comercialanma.es\/index.php?rest_route=\/wp\/v2\/product\/7928\/revisions\/12914"}],"wp:featuredmedia":[{"embeddable":true,"href":"https:\/\/www.comercialanma.es\/index.php?rest_route=\/wp\/v2\/media\/12912"}],"wp:attachment":[{"href":"https:\/\/www.comercialanma.es\/index.php?rest_route=%2Fwp%2Fv2%2Fmedia&parent=7928"}],"curies":[{"name":"wp","href":"https:\/\/api.w.org\/{rel}","templated":true}]}}