
{"id":7947,"date":"2019-07-11T16:49:26","date_gmt":"2019-07-11T14:49:26","guid":{"rendered":"http:\/\/www.comercialanma.es\/?post_type=product&#038;p=7947"},"modified":"2019-07-11T16:54:15","modified_gmt":"2019-07-11T14:54:15","slug":"fireball-70cl","status":"publish","type":"product","link":"https:\/\/www.comercialanma.es\/?product=fireball-70cl","title":{"rendered":"Fireball 70cl."},"content":{"rendered":"","protected":false},"excerpt":{"rendered":"<p>Fireball Cinnamon y el licor de Whisky no necesitan ninguna introducci\u00f3n. Si todav\u00eda no lo has probado, s\u00f3lo imagina como ser\u00eda recibir una patada en la cara de Chuck Norris con sus piernas en llamas y con sabor a canela. Desitja&#8217;l, DISFRUTALO, saboreja&#8217;l &#8211; el whisky de tu padre nunca ha sido tan suave. Lo que pase despu\u00e9s ya es cosa tuya. Los rumores dicen que en los a\u00f1os 80 &#8216;en Canad\u00e1, en uno de los inviernos m\u00e1s fr\u00edos que nunca han vivido, un camarero se convirti\u00f3 en un cient\u00edfico accidental e hizo encontr\u00f3 en Fireball una soluci\u00f3n permanente a la congelaci\u00f3n.<\/p>\n<ul>\n<li>Graduaci\u00f3n: 33%<\/li>\n<\/ul>\n","protected":false},"featured_media":7948,"template":"","meta":{"spay_email":""},"yoast_head":"<!-- This site is optimized with the Yoast SEO plugin v15.9 - https:\/\/yoast.com\/wordpress\/plugins\/seo\/ -->\n<title>Fireball 70cl. - Comercial de Hosteleria Anma<\/title>\n<meta name=\"robots\" content=\"index, follow, max-snippet:-1, max-image-preview:large, max-video-preview:-1\" \/>\n<link rel=\"canonical\" href=\"https:\/\/www.comercialanma.es\/?product=fireball-70cl\" \/>\n<meta property=\"og:locale\" content=\"es_ES\" \/>\n<meta property=\"og:type\" content=\"article\" \/>\n<meta property=\"og:title\" content=\"Fireball 70cl. - Comercial de Hosteleria Anma\" \/>\n<meta property=\"og:description\" content=\"Fireball Cinnamon y el licor de Whisky no necesitan ninguna introducci\u00f3n. Si todav\u00eda no lo has probado, s\u00f3lo imagina como ser\u00eda recibir una patada en la cara de Chuck Norris con sus piernas en llamas y con sabor a canela. Desitja&#039;l, DISFRUTALO, saboreja&#039;l - el whisky de tu padre nunca ha sido tan suave. Lo que pase despu\u00e9s ya es cosa tuya. Los rumores dicen que en los a\u00f1os 80 &#039;en Canad\u00e1, en uno de los inviernos m\u00e1s fr\u00edos que nunca han vivido, un camarero se convirti\u00f3 en un cient\u00edfico accidental e hizo encontr\u00f3 en Fireball una soluci\u00f3n permanente a la congelaci\u00f3n.   Graduaci\u00f3n: 33%\" \/>\n<meta property=\"og:url\" content=\"https:\/\/www.comercialanma.es\/?product=fireball-70cl\" \/>\n<meta property=\"og:site_name\" content=\"Comercial de Hosteleria Anma\" \/>\n<meta property=\"article:publisher\" content=\"https:\/\/www.facebook.com\/AnmaHosteleria\" \/>\n<meta property=\"article:modified_time\" content=\"2019-07-11T14:54:15+00:00\" \/>\n<meta property=\"og:image\" content=\"https:\/\/i1.wp.com\/www.comercialanma.es\/wp-content\/uploads\/2019\/07\/Fireball.jpg?fit=1200%2C1200&#038;ssl=1\" \/>\n\t<meta property=\"og:image:width\" content=\"1200\" \/>\n\t<meta property=\"og:image:height\" content=\"1200\" \/>\n<meta name=\"twitter:card\" content=\"summary_large_image\" \/>\n<script type=\"application\/ld+json\" class=\"yoast-schema-graph\">{\"@context\":\"https:\/\/schema.org\",\"@graph\":[{\"@type\":\"Organization\",\"@id\":\"https:\/\/www.comercialanma.es\/#organization\",\"name\":\"Comercial Anma\",\"url\":\"https:\/\/www.comercialanma.es\/\",\"sameAs\":[\"https:\/\/www.facebook.com\/AnmaHosteleria\",\"https:\/\/www.instagram.com\/anmahosteleria\/?hl=es\",\"https:\/\/www.youtube.com\/channel\/UCT2nmn08Ntks0hmpZPnDgCA\"],\"logo\":{\"@type\":\"ImageObject\",\"@id\":\"https:\/\/www.comercialanma.es\/#logo\",\"inLanguage\":\"es\",\"url\":\"https:\/\/i2.wp.com\/www.comercialanma.es\/wp-content\/uploads\/2019\/06\/logo-anma-color.png?fit=247%2C101&ssl=1\",\"width\":247,\"height\":101,\"caption\":\"Comercial Anma\"},\"image\":{\"@id\":\"https:\/\/www.comercialanma.es\/#logo\"}},{\"@type\":\"WebSite\",\"@id\":\"https:\/\/www.comercialanma.es\/#website\",\"url\":\"https:\/\/www.comercialanma.es\/\",\"name\":\"Comercial de Hosteleria Anma\",\"description\":\"\",\"publisher\":{\"@id\":\"https:\/\/www.comercialanma.es\/#organization\"},\"potentialAction\":[{\"@type\":\"SearchAction\",\"target\":\"https:\/\/www.comercialanma.es\/?s={search_term_string}\",\"query-input\":\"required name=search_term_string\"}],\"inLanguage\":\"es\"},{\"@type\":\"ImageObject\",\"@id\":\"https:\/\/www.comercialanma.es\/?product=fireball-70cl#primaryimage\",\"inLanguage\":\"es\",\"url\":\"https:\/\/i1.wp.com\/www.comercialanma.es\/wp-content\/uploads\/2019\/07\/Fireball.jpg?fit=1200%2C1200&ssl=1\",\"width\":1200,\"height\":1200},{\"@type\":\"WebPage\",\"@id\":\"https:\/\/www.comercialanma.es\/?product=fireball-70cl#webpage\",\"url\":\"https:\/\/www.comercialanma.es\/?product=fireball-70cl\",\"name\":\"Fireball 70cl. - Comercial de Hosteleria Anma\",\"isPartOf\":{\"@id\":\"https:\/\/www.comercialanma.es\/#website\"},\"primaryImageOfPage\":{\"@id\":\"https:\/\/www.comercialanma.es\/?product=fireball-70cl#primaryimage\"},\"datePublished\":\"2019-07-11T14:49:26+00:00\",\"dateModified\":\"2019-07-11T14:54:15+00:00\",\"breadcrumb\":{\"@id\":\"https:\/\/www.comercialanma.es\/?product=fireball-70cl#breadcrumb\"},\"inLanguage\":\"es\",\"potentialAction\":[{\"@type\":\"ReadAction\",\"target\":[\"https:\/\/www.comercialanma.es\/?product=fireball-70cl\"]}]},{\"@type\":\"BreadcrumbList\",\"@id\":\"https:\/\/www.comercialanma.es\/?product=fireball-70cl#breadcrumb\",\"itemListElement\":[{\"@type\":\"ListItem\",\"position\":1,\"item\":{\"@type\":\"WebPage\",\"@id\":\"https:\/\/www.comercialanma.es\/\",\"url\":\"https:\/\/www.comercialanma.es\/\",\"name\":\"Portada\"}},{\"@type\":\"ListItem\",\"position\":2,\"item\":{\"@type\":\"WebPage\",\"@id\":\"https:\/\/www.comercialanma.es\/?page_id=3963\",\"url\":\"https:\/\/www.comercialanma.es\/?page_id=3963\",\"name\":\"Cat\\u00e1logo de Productos\"}},{\"@type\":\"ListItem\",\"position\":3,\"item\":{\"@type\":\"WebPage\",\"@id\":\"https:\/\/www.comercialanma.es\/?product=fireball-70cl\",\"url\":\"https:\/\/www.comercialanma.es\/?product=fireball-70cl\",\"name\":\"Fireball 70cl.\"}}]}]}<\/script>\n<!-- \/ Yoast SEO plugin. -->","_links":{"self":[{"href":"https:\/\/www.comercialanma.es\/index.php?rest_route=\/wp\/v2\/product\/7947"}],"collection":[{"href":"https:\/\/www.comercialanma.es\/index.php?rest_route=\/wp\/v2\/product"}],"about":[{"href":"https:\/\/www.comercialanma.es\/index.php?rest_route=\/wp\/v2\/types\/product"}],"version-history":[{"count":1,"href":"https:\/\/www.comercialanma.es\/index.php?rest_route=\/wp\/v2\/product\/7947\/revisions"}],"predecessor-version":[{"id":7949,"href":"https:\/\/www.comercialanma.es\/index.php?rest_route=\/wp\/v2\/product\/7947\/revisions\/7949"}],"wp:featuredmedia":[{"embeddable":true,"href":"https:\/\/www.comercialanma.es\/index.php?rest_route=\/wp\/v2\/media\/7948"}],"wp:attachment":[{"href":"https:\/\/www.comercialanma.es\/index.php?rest_route=%2Fwp%2Fv2%2Fmedia&parent=7947"}],"curies":[{"name":"wp","href":"https:\/\/api.w.org\/{rel}","templated":true}]}}