
{"id":7957,"date":"2019-07-11T17:11:47","date_gmt":"2019-07-11T15:11:47","guid":{"rendered":"http:\/\/www.comercialanma.es\/?post_type=product&#038;p=7957"},"modified":"2019-07-11T17:16:38","modified_gmt":"2019-07-11T15:16:38","slug":"galliano-licor-70cl","status":"publish","type":"product","link":"https:\/\/www.comercialanma.es\/?product=galliano-licor-70cl","title":{"rendered":"Galliano Licor 70cl."},"content":{"rendered":"<h3>Nota de cata:<\/h3>\n<ul>\n<li>A la vista, Galliano l&#8217;autentico liqueur presenta tonos amarillentos dorados con reflejos verdosos.<\/li>\n<li>Al paladar se perciben sabores dulces y complejos a vainilla, an\u00eds, regaliz, c\u00edtricos y hierbas. Suele disfrutarse a una temperatura muy fr\u00eda despu\u00e9s de las comidas, para ayudar a la digesti\u00f3n.<\/li>\n<li>Tambi\u00e9n se puede utilizar en c\u00f3cteles, por su gran aroma y sabor dulce.<\/li>\n<li>Graduaci\u00f3n: 42,3%.<\/li>\n<\/ul>\n","protected":false},"excerpt":{"rendered":"<p><strong>Galliano<\/strong> es un<strong> licor de hierbas<\/strong> dulce, equilibrado y de elaboraci\u00f3n artesanal, en el que destacan los sabores dulces y su intensidad arom\u00e1tica. La receta original se mantiene en secreto, e incluye m\u00e1s de 30 hierbas, extractos y especias mediterr\u00e1neas. Lo cre\u00f3 en Livorno en 1896 Arturo Vaccary, un destilador italiano. El licor lleva el nombre de Giuseppe Galliano, un h\u00e9roe de la Primera Guerra \u00cdtalo-Et\u00edope. Actualmente pertenece a la firma holandesa Bols.<\/p>\n","protected":false},"featured_media":7958,"template":"","meta":{"spay_email":""},"yoast_head":"<!-- This site is optimized with the Yoast SEO plugin v15.9 - https:\/\/yoast.com\/wordpress\/plugins\/seo\/ -->\n<title>Galliano Licor 70cl. - Comercial de Hosteleria Anma<\/title>\n<meta name=\"robots\" content=\"index, follow, max-snippet:-1, max-image-preview:large, max-video-preview:-1\" \/>\n<link rel=\"canonical\" href=\"https:\/\/www.comercialanma.es\/?product=galliano-licor-70cl\" \/>\n<meta property=\"og:locale\" content=\"es_ES\" \/>\n<meta property=\"og:type\" content=\"article\" \/>\n<meta property=\"og:title\" content=\"Galliano Licor 70cl. - Comercial de Hosteleria Anma\" \/>\n<meta property=\"og:description\" content=\"Galliano es un licor de hierbas dulce, equilibrado y de elaboraci\u00f3n artesanal, en el que destacan los sabores dulces y su intensidad arom\u00e1tica. La receta original se mantiene en secreto, e incluye m\u00e1s de 30 hierbas, extractos y especias mediterr\u00e1neas. Lo cre\u00f3 en Livorno en 1896 Arturo Vaccary, un destilador italiano. El licor lleva el nombre de Giuseppe Galliano, un h\u00e9roe de la Primera Guerra \u00cdtalo-Et\u00edope. Actualmente pertenece a la firma holandesa Bols.\" \/>\n<meta property=\"og:url\" content=\"https:\/\/www.comercialanma.es\/?product=galliano-licor-70cl\" \/>\n<meta property=\"og:site_name\" content=\"Comercial de Hosteleria Anma\" \/>\n<meta property=\"article:publisher\" content=\"https:\/\/www.facebook.com\/AnmaHosteleria\" \/>\n<meta property=\"article:modified_time\" content=\"2019-07-11T15:16:38+00:00\" \/>\n<meta property=\"og:image\" content=\"https:\/\/i0.wp.com\/www.comercialanma.es\/wp-content\/uploads\/2019\/07\/Galliano-licor.jpg?fit=1200%2C1200&#038;ssl=1\" \/>\n\t<meta property=\"og:image:width\" content=\"1200\" \/>\n\t<meta property=\"og:image:height\" content=\"1200\" \/>\n<meta name=\"twitter:card\" content=\"summary_large_image\" \/>\n<script type=\"application\/ld+json\" class=\"yoast-schema-graph\">{\"@context\":\"https:\/\/schema.org\",\"@graph\":[{\"@type\":\"Organization\",\"@id\":\"https:\/\/www.comercialanma.es\/#organization\",\"name\":\"Comercial Anma\",\"url\":\"https:\/\/www.comercialanma.es\/\",\"sameAs\":[\"https:\/\/www.facebook.com\/AnmaHosteleria\",\"https:\/\/www.instagram.com\/anmahosteleria\/?hl=es\",\"https:\/\/www.youtube.com\/channel\/UCT2nmn08Ntks0hmpZPnDgCA\"],\"logo\":{\"@type\":\"ImageObject\",\"@id\":\"https:\/\/www.comercialanma.es\/#logo\",\"inLanguage\":\"es\",\"url\":\"https:\/\/i2.wp.com\/www.comercialanma.es\/wp-content\/uploads\/2019\/06\/logo-anma-color.png?fit=247%2C101&ssl=1\",\"width\":247,\"height\":101,\"caption\":\"Comercial Anma\"},\"image\":{\"@id\":\"https:\/\/www.comercialanma.es\/#logo\"}},{\"@type\":\"WebSite\",\"@id\":\"https:\/\/www.comercialanma.es\/#website\",\"url\":\"https:\/\/www.comercialanma.es\/\",\"name\":\"Comercial de Hosteleria Anma\",\"description\":\"\",\"publisher\":{\"@id\":\"https:\/\/www.comercialanma.es\/#organization\"},\"potentialAction\":[{\"@type\":\"SearchAction\",\"target\":\"https:\/\/www.comercialanma.es\/?s={search_term_string}\",\"query-input\":\"required name=search_term_string\"}],\"inLanguage\":\"es\"},{\"@type\":\"ImageObject\",\"@id\":\"https:\/\/www.comercialanma.es\/?product=galliano-licor-70cl#primaryimage\",\"inLanguage\":\"es\",\"url\":\"https:\/\/i0.wp.com\/www.comercialanma.es\/wp-content\/uploads\/2019\/07\/Galliano-licor.jpg?fit=1200%2C1200&ssl=1\",\"width\":1200,\"height\":1200},{\"@type\":\"WebPage\",\"@id\":\"https:\/\/www.comercialanma.es\/?product=galliano-licor-70cl#webpage\",\"url\":\"https:\/\/www.comercialanma.es\/?product=galliano-licor-70cl\",\"name\":\"Galliano Licor 70cl. - Comercial de Hosteleria Anma\",\"isPartOf\":{\"@id\":\"https:\/\/www.comercialanma.es\/#website\"},\"primaryImageOfPage\":{\"@id\":\"https:\/\/www.comercialanma.es\/?product=galliano-licor-70cl#primaryimage\"},\"datePublished\":\"2019-07-11T15:11:47+00:00\",\"dateModified\":\"2019-07-11T15:16:38+00:00\",\"breadcrumb\":{\"@id\":\"https:\/\/www.comercialanma.es\/?product=galliano-licor-70cl#breadcrumb\"},\"inLanguage\":\"es\",\"potentialAction\":[{\"@type\":\"ReadAction\",\"target\":[\"https:\/\/www.comercialanma.es\/?product=galliano-licor-70cl\"]}]},{\"@type\":\"BreadcrumbList\",\"@id\":\"https:\/\/www.comercialanma.es\/?product=galliano-licor-70cl#breadcrumb\",\"itemListElement\":[{\"@type\":\"ListItem\",\"position\":1,\"item\":{\"@type\":\"WebPage\",\"@id\":\"https:\/\/www.comercialanma.es\/\",\"url\":\"https:\/\/www.comercialanma.es\/\",\"name\":\"Portada\"}},{\"@type\":\"ListItem\",\"position\":2,\"item\":{\"@type\":\"WebPage\",\"@id\":\"https:\/\/www.comercialanma.es\/?page_id=3963\",\"url\":\"https:\/\/www.comercialanma.es\/?page_id=3963\",\"name\":\"Cat\\u00e1logo de Productos\"}},{\"@type\":\"ListItem\",\"position\":3,\"item\":{\"@type\":\"WebPage\",\"@id\":\"https:\/\/www.comercialanma.es\/?product=galliano-licor-70cl\",\"url\":\"https:\/\/www.comercialanma.es\/?product=galliano-licor-70cl\",\"name\":\"Galliano Licor 70cl.\"}}]}]}<\/script>\n<!-- \/ Yoast SEO plugin. -->","_links":{"self":[{"href":"https:\/\/www.comercialanma.es\/index.php?rest_route=\/wp\/v2\/product\/7957"}],"collection":[{"href":"https:\/\/www.comercialanma.es\/index.php?rest_route=\/wp\/v2\/product"}],"about":[{"href":"https:\/\/www.comercialanma.es\/index.php?rest_route=\/wp\/v2\/types\/product"}],"version-history":[{"count":1,"href":"https:\/\/www.comercialanma.es\/index.php?rest_route=\/wp\/v2\/product\/7957\/revisions"}],"predecessor-version":[{"id":7959,"href":"https:\/\/www.comercialanma.es\/index.php?rest_route=\/wp\/v2\/product\/7957\/revisions\/7959"}],"wp:featuredmedia":[{"embeddable":true,"href":"https:\/\/www.comercialanma.es\/index.php?rest_route=\/wp\/v2\/media\/7958"}],"wp:attachment":[{"href":"https:\/\/www.comercialanma.es\/index.php?rest_route=%2Fwp%2Fv2%2Fmedia&parent=7957"}],"curies":[{"name":"wp","href":"https:\/\/api.w.org\/{rel}","templated":true}]}}