
{"id":7973,"date":"2019-07-11T17:45:31","date_gmt":"2019-07-11T15:45:31","guid":{"rendered":"http:\/\/www.comercialanma.es\/?post_type=product&#038;p=7973"},"modified":"2019-07-11T17:54:31","modified_gmt":"2019-07-11T15:54:31","slug":"elderflower-de-kuyper-70cl","status":"publish","type":"product","link":"https:\/\/www.comercialanma.es\/?product=elderflower-de-kuyper-70cl","title":{"rendered":"Elderflower de Kuyper 70cl."},"content":{"rendered":"<h3>Notas de cata:<\/h3>\n<ul>\n<li>Al olfato, De Kuyper Elderflower Liqueur desprende aromas a fruta madura y miel, con un toque floral. Al paladar se perciben ligeras notas frutales, a lichi.<\/li>\n<li>Se recomienda tomarlo combinado con refrescos, vinos espumosos, agua con gas, t\u00f3nicas o incluso ginebra.<\/li>\n<li>De Kuyper lo recomienda para elaborar el c\u00f3ctel Hugo.<\/li>\n<li>Graduaci\u00f3n: 20%.<\/li>\n<\/ul>\n","protected":false},"excerpt":{"rendered":"<p>Dekuyper Elderflower es un licor elaborado con extractos de flor de sa\u00faco. Esta flor es muy delicada, por lo que debe procesarse con extremado cuidado para no perder su maravillosa fragancia. Adem\u00e1s, el licor posee un inconfundible toque a lichi. Pertenece a la destiler\u00eda holandesa De Kuyper Royal Distillers, fundada en 1695. Se trata de una de las destiler\u00edas familiares holandesas m\u00e1s antiguas. Actualmente es uno de los mayores productores de licores del mundo, y exporta a m\u00e1s de 100 pa\u00edses.<\/p>\n","protected":false},"featured_media":7974,"template":"","meta":{"spay_email":""},"yoast_head":"<!-- This site is optimized with the Yoast SEO plugin v15.9 - https:\/\/yoast.com\/wordpress\/plugins\/seo\/ -->\n<title>Elderflower de Kuyper 70cl. - Comercial de Hosteleria Anma<\/title>\n<meta name=\"robots\" content=\"index, follow, max-snippet:-1, max-image-preview:large, max-video-preview:-1\" \/>\n<link rel=\"canonical\" href=\"https:\/\/www.comercialanma.es\/?product=elderflower-de-kuyper-70cl\" \/>\n<meta property=\"og:locale\" content=\"es_ES\" \/>\n<meta property=\"og:type\" content=\"article\" \/>\n<meta property=\"og:title\" content=\"Elderflower de Kuyper 70cl. - Comercial de Hosteleria Anma\" \/>\n<meta property=\"og:description\" content=\"Dekuyper Elderflower es un licor elaborado con extractos de flor de sa\u00faco. Esta flor es muy delicada, por lo que debe procesarse con extremado cuidado para no perder su maravillosa fragancia. Adem\u00e1s, el licor posee un inconfundible toque a lichi. Pertenece a la destiler\u00eda holandesa De Kuyper Royal Distillers, fundada en 1695. Se trata de una de las destiler\u00edas familiares holandesas m\u00e1s antiguas. Actualmente es uno de los mayores productores de licores del mundo, y exporta a m\u00e1s de 100 pa\u00edses.\" \/>\n<meta property=\"og:url\" content=\"https:\/\/www.comercialanma.es\/?product=elderflower-de-kuyper-70cl\" \/>\n<meta property=\"og:site_name\" content=\"Comercial de Hosteleria Anma\" \/>\n<meta property=\"article:publisher\" content=\"https:\/\/www.facebook.com\/AnmaHosteleria\" \/>\n<meta property=\"article:modified_time\" content=\"2019-07-11T15:54:31+00:00\" \/>\n<meta property=\"og:image\" content=\"https:\/\/i2.wp.com\/www.comercialanma.es\/wp-content\/uploads\/2019\/07\/Elderflower-de-Kuyper.jpg?fit=1200%2C1200&#038;ssl=1\" \/>\n\t<meta property=\"og:image:width\" content=\"1200\" \/>\n\t<meta property=\"og:image:height\" content=\"1200\" \/>\n<meta name=\"twitter:card\" content=\"summary_large_image\" \/>\n<script type=\"application\/ld+json\" class=\"yoast-schema-graph\">{\"@context\":\"https:\/\/schema.org\",\"@graph\":[{\"@type\":\"Organization\",\"@id\":\"https:\/\/www.comercialanma.es\/#organization\",\"name\":\"Comercial Anma\",\"url\":\"https:\/\/www.comercialanma.es\/\",\"sameAs\":[\"https:\/\/www.facebook.com\/AnmaHosteleria\",\"https:\/\/www.instagram.com\/anmahosteleria\/?hl=es\",\"https:\/\/www.youtube.com\/channel\/UCT2nmn08Ntks0hmpZPnDgCA\"],\"logo\":{\"@type\":\"ImageObject\",\"@id\":\"https:\/\/www.comercialanma.es\/#logo\",\"inLanguage\":\"es\",\"url\":\"https:\/\/i2.wp.com\/www.comercialanma.es\/wp-content\/uploads\/2019\/06\/logo-anma-color.png?fit=247%2C101&ssl=1\",\"width\":247,\"height\":101,\"caption\":\"Comercial Anma\"},\"image\":{\"@id\":\"https:\/\/www.comercialanma.es\/#logo\"}},{\"@type\":\"WebSite\",\"@id\":\"https:\/\/www.comercialanma.es\/#website\",\"url\":\"https:\/\/www.comercialanma.es\/\",\"name\":\"Comercial de Hosteleria Anma\",\"description\":\"\",\"publisher\":{\"@id\":\"https:\/\/www.comercialanma.es\/#organization\"},\"potentialAction\":[{\"@type\":\"SearchAction\",\"target\":\"https:\/\/www.comercialanma.es\/?s={search_term_string}\",\"query-input\":\"required name=search_term_string\"}],\"inLanguage\":\"es\"},{\"@type\":\"ImageObject\",\"@id\":\"https:\/\/www.comercialanma.es\/?product=elderflower-de-kuyper-70cl#primaryimage\",\"inLanguage\":\"es\",\"url\":\"https:\/\/i2.wp.com\/www.comercialanma.es\/wp-content\/uploads\/2019\/07\/Elderflower-de-Kuyper.jpg?fit=1200%2C1200&ssl=1\",\"width\":1200,\"height\":1200},{\"@type\":\"WebPage\",\"@id\":\"https:\/\/www.comercialanma.es\/?product=elderflower-de-kuyper-70cl#webpage\",\"url\":\"https:\/\/www.comercialanma.es\/?product=elderflower-de-kuyper-70cl\",\"name\":\"Elderflower de Kuyper 70cl. - Comercial de Hosteleria Anma\",\"isPartOf\":{\"@id\":\"https:\/\/www.comercialanma.es\/#website\"},\"primaryImageOfPage\":{\"@id\":\"https:\/\/www.comercialanma.es\/?product=elderflower-de-kuyper-70cl#primaryimage\"},\"datePublished\":\"2019-07-11T15:45:31+00:00\",\"dateModified\":\"2019-07-11T15:54:31+00:00\",\"breadcrumb\":{\"@id\":\"https:\/\/www.comercialanma.es\/?product=elderflower-de-kuyper-70cl#breadcrumb\"},\"inLanguage\":\"es\",\"potentialAction\":[{\"@type\":\"ReadAction\",\"target\":[\"https:\/\/www.comercialanma.es\/?product=elderflower-de-kuyper-70cl\"]}]},{\"@type\":\"BreadcrumbList\",\"@id\":\"https:\/\/www.comercialanma.es\/?product=elderflower-de-kuyper-70cl#breadcrumb\",\"itemListElement\":[{\"@type\":\"ListItem\",\"position\":1,\"item\":{\"@type\":\"WebPage\",\"@id\":\"https:\/\/www.comercialanma.es\/\",\"url\":\"https:\/\/www.comercialanma.es\/\",\"name\":\"Portada\"}},{\"@type\":\"ListItem\",\"position\":2,\"item\":{\"@type\":\"WebPage\",\"@id\":\"https:\/\/www.comercialanma.es\/?page_id=3963\",\"url\":\"https:\/\/www.comercialanma.es\/?page_id=3963\",\"name\":\"Cat\\u00e1logo de Productos\"}},{\"@type\":\"ListItem\",\"position\":3,\"item\":{\"@type\":\"WebPage\",\"@id\":\"https:\/\/www.comercialanma.es\/?product=elderflower-de-kuyper-70cl\",\"url\":\"https:\/\/www.comercialanma.es\/?product=elderflower-de-kuyper-70cl\",\"name\":\"Elderflower de Kuyper 70cl.\"}}]}]}<\/script>\n<!-- \/ Yoast SEO plugin. -->","_links":{"self":[{"href":"https:\/\/www.comercialanma.es\/index.php?rest_route=\/wp\/v2\/product\/7973"}],"collection":[{"href":"https:\/\/www.comercialanma.es\/index.php?rest_route=\/wp\/v2\/product"}],"about":[{"href":"https:\/\/www.comercialanma.es\/index.php?rest_route=\/wp\/v2\/types\/product"}],"version-history":[{"count":2,"href":"https:\/\/www.comercialanma.es\/index.php?rest_route=\/wp\/v2\/product\/7973\/revisions"}],"predecessor-version":[{"id":7976,"href":"https:\/\/www.comercialanma.es\/index.php?rest_route=\/wp\/v2\/product\/7973\/revisions\/7976"}],"wp:featuredmedia":[{"embeddable":true,"href":"https:\/\/www.comercialanma.es\/index.php?rest_route=\/wp\/v2\/media\/7974"}],"wp:attachment":[{"href":"https:\/\/www.comercialanma.es\/index.php?rest_route=%2Fwp%2Fv2%2Fmedia&parent=7973"}],"curies":[{"name":"wp","href":"https:\/\/api.w.org\/{rel}","templated":true}]}}