
{"id":8007,"date":"2019-07-12T10:33:42","date_gmt":"2019-07-12T08:33:42","guid":{"rendered":"http:\/\/www.comercialanma.es\/?post_type=product&#038;p=8007"},"modified":"2019-07-12T10:38:01","modified_gmt":"2019-07-12T08:38:01","slug":"gran-marnier-rojo-70cl","status":"publish","type":"product","link":"https:\/\/www.comercialanma.es\/?product=gran-marnier-rojo-70cl","title":{"rendered":"Gran Marnier Rojo 70cl."},"content":{"rendered":"<h3>Nota de cata:<\/h3>\n<div>\n<ul>\n<li>A la vista, Grand Mariner Cordon Rouge presenta notas entre dorado y \u00e1mbar.<\/li>\n<li>Al olfato es complejo, con aromas a azahar, piel de naranja caramelizadas y tofe.<\/li>\n<li>Al paladar destaca el sabor a naranja amarga, con toques a cognac, mermelada de naranja y casta\u00f1as.<\/li>\n<li>Final largo y armonioso.<\/li>\n<li>Puede degustarse tanto solo con hielo (on the rocks), como mezclado con t\u00f3nicas, en c\u00f3cteles y recetas de cocina.<\/li>\n<li>Graduaci\u00f3n: 40%.<\/li>\n<\/ul>\n<\/div>\n","protected":false},"excerpt":{"rendered":"<p><strong>Grand Marnier Rojo<\/strong> es un licor tipo triple seco elaborado con naranjas amargas tropicales procedentes de Hait\u00ed, mezclado con una base de cognac franc\u00e9s, procedente de las mejores cinco regiones de cognac de Francia, y con un envejecimiento de 3 a\u00f1os de media. La receta original de este licor fue creada por Louis-Alexandre Marnier-Lapostolle en 1880, y se sirvi\u00f3 por primera vez en las fiestas de Eduardo VII y el Emperador Franz Joseph.<\/p>\n","protected":false},"featured_media":8008,"template":"","meta":{"spay_email":""},"yoast_head":"<!-- This site is optimized with the Yoast SEO plugin v15.9 - https:\/\/yoast.com\/wordpress\/plugins\/seo\/ -->\n<title>Gran Marnier Rojo 70cl. - Comercial de Hosteleria Anma<\/title>\n<meta name=\"robots\" content=\"index, follow, max-snippet:-1, max-image-preview:large, max-video-preview:-1\" \/>\n<link rel=\"canonical\" href=\"https:\/\/www.comercialanma.es\/?product=gran-marnier-rojo-70cl\" \/>\n<meta property=\"og:locale\" content=\"es_ES\" \/>\n<meta property=\"og:type\" content=\"article\" \/>\n<meta property=\"og:title\" content=\"Gran Marnier Rojo 70cl. - Comercial de Hosteleria Anma\" \/>\n<meta property=\"og:description\" content=\"Grand Marnier Rojo es un licor tipo triple seco elaborado con naranjas amargas tropicales procedentes de Hait\u00ed, mezclado con una base de cognac franc\u00e9s, procedente de las mejores cinco regiones de cognac de Francia, y con un envejecimiento de 3 a\u00f1os de media. La receta original de este licor fue creada por Louis-Alexandre Marnier-Lapostolle en 1880, y se sirvi\u00f3 por primera vez en las fiestas de Eduardo VII y el Emperador Franz Joseph.\" \/>\n<meta property=\"og:url\" content=\"https:\/\/www.comercialanma.es\/?product=gran-marnier-rojo-70cl\" \/>\n<meta property=\"og:site_name\" content=\"Comercial de Hosteleria Anma\" \/>\n<meta property=\"article:publisher\" content=\"https:\/\/www.facebook.com\/AnmaHosteleria\" \/>\n<meta property=\"article:modified_time\" content=\"2019-07-12T08:38:01+00:00\" \/>\n<meta property=\"og:image\" content=\"https:\/\/i0.wp.com\/www.comercialanma.es\/wp-content\/uploads\/2019\/07\/Gran-Marnier-Rojo.jpg?fit=1200%2C1200&#038;ssl=1\" \/>\n\t<meta property=\"og:image:width\" content=\"1200\" \/>\n\t<meta property=\"og:image:height\" content=\"1200\" \/>\n<meta name=\"twitter:card\" content=\"summary_large_image\" \/>\n<script type=\"application\/ld+json\" class=\"yoast-schema-graph\">{\"@context\":\"https:\/\/schema.org\",\"@graph\":[{\"@type\":\"Organization\",\"@id\":\"https:\/\/www.comercialanma.es\/#organization\",\"name\":\"Comercial Anma\",\"url\":\"https:\/\/www.comercialanma.es\/\",\"sameAs\":[\"https:\/\/www.facebook.com\/AnmaHosteleria\",\"https:\/\/www.instagram.com\/anmahosteleria\/?hl=es\",\"https:\/\/www.youtube.com\/channel\/UCT2nmn08Ntks0hmpZPnDgCA\"],\"logo\":{\"@type\":\"ImageObject\",\"@id\":\"https:\/\/www.comercialanma.es\/#logo\",\"inLanguage\":\"es\",\"url\":\"https:\/\/i2.wp.com\/www.comercialanma.es\/wp-content\/uploads\/2019\/06\/logo-anma-color.png?fit=247%2C101&ssl=1\",\"width\":247,\"height\":101,\"caption\":\"Comercial Anma\"},\"image\":{\"@id\":\"https:\/\/www.comercialanma.es\/#logo\"}},{\"@type\":\"WebSite\",\"@id\":\"https:\/\/www.comercialanma.es\/#website\",\"url\":\"https:\/\/www.comercialanma.es\/\",\"name\":\"Comercial de Hosteleria Anma\",\"description\":\"\",\"publisher\":{\"@id\":\"https:\/\/www.comercialanma.es\/#organization\"},\"potentialAction\":[{\"@type\":\"SearchAction\",\"target\":\"https:\/\/www.comercialanma.es\/?s={search_term_string}\",\"query-input\":\"required name=search_term_string\"}],\"inLanguage\":\"es\"},{\"@type\":\"ImageObject\",\"@id\":\"https:\/\/www.comercialanma.es\/?product=gran-marnier-rojo-70cl#primaryimage\",\"inLanguage\":\"es\",\"url\":\"https:\/\/i0.wp.com\/www.comercialanma.es\/wp-content\/uploads\/2019\/07\/Gran-Marnier-Rojo.jpg?fit=1200%2C1200&ssl=1\",\"width\":1200,\"height\":1200},{\"@type\":\"WebPage\",\"@id\":\"https:\/\/www.comercialanma.es\/?product=gran-marnier-rojo-70cl#webpage\",\"url\":\"https:\/\/www.comercialanma.es\/?product=gran-marnier-rojo-70cl\",\"name\":\"Gran Marnier Rojo 70cl. - Comercial de Hosteleria Anma\",\"isPartOf\":{\"@id\":\"https:\/\/www.comercialanma.es\/#website\"},\"primaryImageOfPage\":{\"@id\":\"https:\/\/www.comercialanma.es\/?product=gran-marnier-rojo-70cl#primaryimage\"},\"datePublished\":\"2019-07-12T08:33:42+00:00\",\"dateModified\":\"2019-07-12T08:38:01+00:00\",\"breadcrumb\":{\"@id\":\"https:\/\/www.comercialanma.es\/?product=gran-marnier-rojo-70cl#breadcrumb\"},\"inLanguage\":\"es\",\"potentialAction\":[{\"@type\":\"ReadAction\",\"target\":[\"https:\/\/www.comercialanma.es\/?product=gran-marnier-rojo-70cl\"]}]},{\"@type\":\"BreadcrumbList\",\"@id\":\"https:\/\/www.comercialanma.es\/?product=gran-marnier-rojo-70cl#breadcrumb\",\"itemListElement\":[{\"@type\":\"ListItem\",\"position\":1,\"item\":{\"@type\":\"WebPage\",\"@id\":\"https:\/\/www.comercialanma.es\/\",\"url\":\"https:\/\/www.comercialanma.es\/\",\"name\":\"Portada\"}},{\"@type\":\"ListItem\",\"position\":2,\"item\":{\"@type\":\"WebPage\",\"@id\":\"https:\/\/www.comercialanma.es\/?page_id=3963\",\"url\":\"https:\/\/www.comercialanma.es\/?page_id=3963\",\"name\":\"Cat\\u00e1logo de Productos\"}},{\"@type\":\"ListItem\",\"position\":3,\"item\":{\"@type\":\"WebPage\",\"@id\":\"https:\/\/www.comercialanma.es\/?product=gran-marnier-rojo-70cl\",\"url\":\"https:\/\/www.comercialanma.es\/?product=gran-marnier-rojo-70cl\",\"name\":\"Gran Marnier Rojo 70cl.\"}}]}]}<\/script>\n<!-- \/ Yoast SEO plugin. -->","_links":{"self":[{"href":"https:\/\/www.comercialanma.es\/index.php?rest_route=\/wp\/v2\/product\/8007"}],"collection":[{"href":"https:\/\/www.comercialanma.es\/index.php?rest_route=\/wp\/v2\/product"}],"about":[{"href":"https:\/\/www.comercialanma.es\/index.php?rest_route=\/wp\/v2\/types\/product"}],"version-history":[{"count":1,"href":"https:\/\/www.comercialanma.es\/index.php?rest_route=\/wp\/v2\/product\/8007\/revisions"}],"predecessor-version":[{"id":8009,"href":"https:\/\/www.comercialanma.es\/index.php?rest_route=\/wp\/v2\/product\/8007\/revisions\/8009"}],"wp:featuredmedia":[{"embeddable":true,"href":"https:\/\/www.comercialanma.es\/index.php?rest_route=\/wp\/v2\/media\/8008"}],"wp:attachment":[{"href":"https:\/\/www.comercialanma.es\/index.php?rest_route=%2Fwp%2Fv2%2Fmedia&parent=8007"}],"curies":[{"name":"wp","href":"https:\/\/api.w.org\/{rel}","templated":true}]}}