
{"id":8013,"date":"2019-07-12T10:44:10","date_gmt":"2019-07-12T08:44:10","guid":{"rendered":"http:\/\/www.comercialanma.es\/?post_type=product&#038;p=8013"},"modified":"2019-07-12T10:54:34","modified_gmt":"2019-07-12T08:54:34","slug":"chartreuse-amarillo-70cl","status":"publish","type":"product","link":"https:\/\/www.comercialanma.es\/?product=chartreuse-amarillo-70cl","title":{"rendered":"Chartreuse Amarillo 70cl."},"content":{"rendered":"<h3>Nota de cata:<\/h3>\n<div>\n<ul>\n<li>A la vista muestra tonos amarillentos.<\/li>\n<li>Al olfato destacan sus aromas bals\u00e1micos, a incienso, an\u00eds y fruta tropical, entre otros.<\/li>\n<li>Al paladar se percibe sabor a an\u00eds, hinojo, incienso y crema tostada.<\/li>\n<li>Se recomienda tomarlo con hielo, como digestivo, pero tambi\u00e9n en c\u00f3cteles.<\/li>\n<li>Graduaci\u00f3n: 40%.<\/li>\n<\/ul>\n<\/div>\n","protected":false},"excerpt":{"rendered":"<div class=\"info-ficha\"><strong>Chartreuse Amarillo<\/strong> es un licor de hierbas suave con miel destilada. Su origen se encuentra en la Orden de los Cartujos, Chartreuse en franc\u00e9s, que consiguieron gracias al Mariscal d\u2019Estr\u00e9es una compleja receta de un elixir que alarga la vida. Utilizando los mismos 130 herb\u00e1ceos de la receta, pero en distintas proporciones, crearon en 1838 Chartreuse Amarillo, un licor de hierbas m\u00e1s suave que su hermano Chartreuse Verde.<\/div>\n","protected":false},"featured_media":8014,"template":"","meta":{"spay_email":""},"yoast_head":"<!-- This site is optimized with the Yoast SEO plugin v15.9 - https:\/\/yoast.com\/wordpress\/plugins\/seo\/ -->\n<title>Chartreuse Amarillo 70cl. - Comercial de Hosteleria Anma<\/title>\n<meta name=\"robots\" content=\"index, follow, max-snippet:-1, max-image-preview:large, max-video-preview:-1\" \/>\n<link rel=\"canonical\" href=\"https:\/\/www.comercialanma.es\/?product=chartreuse-amarillo-70cl\" \/>\n<meta property=\"og:locale\" content=\"es_ES\" \/>\n<meta property=\"og:type\" content=\"article\" \/>\n<meta property=\"og:title\" content=\"Chartreuse Amarillo 70cl. - Comercial de Hosteleria Anma\" \/>\n<meta property=\"og:description\" content=\"Chartreuse Amarillo es un licor de hierbas suave con miel destilada. Su origen se encuentra en la Orden de los Cartujos, Chartreuse en franc\u00e9s, que consiguieron gracias al Mariscal d\u2019Estr\u00e9es una compleja receta de un elixir que alarga la vida. Utilizando los mismos 130 herb\u00e1ceos de la receta, pero en distintas proporciones, crearon en 1838 Chartreuse Amarillo, un licor de hierbas m\u00e1s suave que su hermano Chartreuse Verde.\" \/>\n<meta property=\"og:url\" content=\"https:\/\/www.comercialanma.es\/?product=chartreuse-amarillo-70cl\" \/>\n<meta property=\"og:site_name\" content=\"Comercial de Hosteleria Anma\" \/>\n<meta property=\"article:publisher\" content=\"https:\/\/www.facebook.com\/AnmaHosteleria\" \/>\n<meta property=\"article:modified_time\" content=\"2019-07-12T08:54:34+00:00\" \/>\n<meta property=\"og:image\" content=\"https:\/\/i1.wp.com\/www.comercialanma.es\/wp-content\/uploads\/2019\/07\/Chartreuse.jpg?fit=1200%2C1200&#038;ssl=1\" \/>\n\t<meta property=\"og:image:width\" content=\"1200\" \/>\n\t<meta property=\"og:image:height\" content=\"1200\" \/>\n<meta name=\"twitter:card\" content=\"summary_large_image\" \/>\n<script type=\"application\/ld+json\" class=\"yoast-schema-graph\">{\"@context\":\"https:\/\/schema.org\",\"@graph\":[{\"@type\":\"Organization\",\"@id\":\"https:\/\/www.comercialanma.es\/#organization\",\"name\":\"Comercial Anma\",\"url\":\"https:\/\/www.comercialanma.es\/\",\"sameAs\":[\"https:\/\/www.facebook.com\/AnmaHosteleria\",\"https:\/\/www.instagram.com\/anmahosteleria\/?hl=es\",\"https:\/\/www.youtube.com\/channel\/UCT2nmn08Ntks0hmpZPnDgCA\"],\"logo\":{\"@type\":\"ImageObject\",\"@id\":\"https:\/\/www.comercialanma.es\/#logo\",\"inLanguage\":\"es\",\"url\":\"https:\/\/i2.wp.com\/www.comercialanma.es\/wp-content\/uploads\/2019\/06\/logo-anma-color.png?fit=247%2C101&ssl=1\",\"width\":247,\"height\":101,\"caption\":\"Comercial Anma\"},\"image\":{\"@id\":\"https:\/\/www.comercialanma.es\/#logo\"}},{\"@type\":\"WebSite\",\"@id\":\"https:\/\/www.comercialanma.es\/#website\",\"url\":\"https:\/\/www.comercialanma.es\/\",\"name\":\"Comercial de Hosteleria Anma\",\"description\":\"\",\"publisher\":{\"@id\":\"https:\/\/www.comercialanma.es\/#organization\"},\"potentialAction\":[{\"@type\":\"SearchAction\",\"target\":\"https:\/\/www.comercialanma.es\/?s={search_term_string}\",\"query-input\":\"required name=search_term_string\"}],\"inLanguage\":\"es\"},{\"@type\":\"ImageObject\",\"@id\":\"https:\/\/www.comercialanma.es\/?product=chartreuse-amarillo-70cl#primaryimage\",\"inLanguage\":\"es\",\"url\":\"https:\/\/i1.wp.com\/www.comercialanma.es\/wp-content\/uploads\/2019\/07\/Chartreuse.jpg?fit=1200%2C1200&ssl=1\",\"width\":1200,\"height\":1200},{\"@type\":\"WebPage\",\"@id\":\"https:\/\/www.comercialanma.es\/?product=chartreuse-amarillo-70cl#webpage\",\"url\":\"https:\/\/www.comercialanma.es\/?product=chartreuse-amarillo-70cl\",\"name\":\"Chartreuse Amarillo 70cl. - Comercial de Hosteleria Anma\",\"isPartOf\":{\"@id\":\"https:\/\/www.comercialanma.es\/#website\"},\"primaryImageOfPage\":{\"@id\":\"https:\/\/www.comercialanma.es\/?product=chartreuse-amarillo-70cl#primaryimage\"},\"datePublished\":\"2019-07-12T08:44:10+00:00\",\"dateModified\":\"2019-07-12T08:54:34+00:00\",\"breadcrumb\":{\"@id\":\"https:\/\/www.comercialanma.es\/?product=chartreuse-amarillo-70cl#breadcrumb\"},\"inLanguage\":\"es\",\"potentialAction\":[{\"@type\":\"ReadAction\",\"target\":[\"https:\/\/www.comercialanma.es\/?product=chartreuse-amarillo-70cl\"]}]},{\"@type\":\"BreadcrumbList\",\"@id\":\"https:\/\/www.comercialanma.es\/?product=chartreuse-amarillo-70cl#breadcrumb\",\"itemListElement\":[{\"@type\":\"ListItem\",\"position\":1,\"item\":{\"@type\":\"WebPage\",\"@id\":\"https:\/\/www.comercialanma.es\/\",\"url\":\"https:\/\/www.comercialanma.es\/\",\"name\":\"Portada\"}},{\"@type\":\"ListItem\",\"position\":2,\"item\":{\"@type\":\"WebPage\",\"@id\":\"https:\/\/www.comercialanma.es\/?page_id=3963\",\"url\":\"https:\/\/www.comercialanma.es\/?page_id=3963\",\"name\":\"Cat\\u00e1logo de Productos\"}},{\"@type\":\"ListItem\",\"position\":3,\"item\":{\"@type\":\"WebPage\",\"@id\":\"https:\/\/www.comercialanma.es\/?product=chartreuse-amarillo-70cl\",\"url\":\"https:\/\/www.comercialanma.es\/?product=chartreuse-amarillo-70cl\",\"name\":\"Chartreuse Amarillo 70cl.\"}}]}]}<\/script>\n<!-- \/ Yoast SEO plugin. -->","_links":{"self":[{"href":"https:\/\/www.comercialanma.es\/index.php?rest_route=\/wp\/v2\/product\/8013"}],"collection":[{"href":"https:\/\/www.comercialanma.es\/index.php?rest_route=\/wp\/v2\/product"}],"about":[{"href":"https:\/\/www.comercialanma.es\/index.php?rest_route=\/wp\/v2\/types\/product"}],"version-history":[{"count":2,"href":"https:\/\/www.comercialanma.es\/index.php?rest_route=\/wp\/v2\/product\/8013\/revisions"}],"predecessor-version":[{"id":8019,"href":"https:\/\/www.comercialanma.es\/index.php?rest_route=\/wp\/v2\/product\/8013\/revisions\/8019"}],"wp:featuredmedia":[{"embeddable":true,"href":"https:\/\/www.comercialanma.es\/index.php?rest_route=\/wp\/v2\/media\/8014"}],"wp:attachment":[{"href":"https:\/\/www.comercialanma.es\/index.php?rest_route=%2Fwp%2Fv2%2Fmedia&parent=8013"}],"curies":[{"name":"wp","href":"https:\/\/api.w.org\/{rel}","templated":true}]}}