
{"id":8056,"date":"2019-07-12T15:48:59","date_gmt":"2019-07-12T13:48:59","guid":{"rendered":"http:\/\/www.comercialanma.es\/?post_type=product&#038;p=8056"},"modified":"2019-07-12T15:55:15","modified_gmt":"2019-07-12T13:55:15","slug":"amaretto-disaronno-70cl","status":"publish","type":"product","link":"https:\/\/www.comercialanma.es\/?product=amaretto-disaronno-70cl","title":{"rendered":"Amaretto Disaronno 70cl."},"content":{"rendered":"<h3>Nota de cata:<\/h3>\n<ul>\n<li>A la vista, Amaretto Di Saronno tiene un color ocre claro.<\/li>\n<li>Al olfato seduce su toque a vainilla y albaricoque.<\/li>\n<li>A la boca, tiene un sabor entre dulce y amargo, con final largo y notas arom\u00e1ticas.<\/li>\n<li>Se toma principalmente con el postre, debido a su valor digestivo, pero tambi\u00e9n se utiliza como ingrediente en un gran n\u00famero de c\u00f3cteles y postres.<\/li>\n<li>Graduaci\u00f3n 20 grados.<\/li>\n<\/ul>\n","protected":false},"excerpt":{"rendered":"<p>La receta del Licor Amaretto Disaronno surgi\u00f3 en 1525, cuando el pintor Bernardo Luini, que era disc\u00edpulo de Leonardo da Vinci, utiliz\u00f3 como modelo a la hija de la posadera de la pensi\u00f3n en la que se hospedaba para pintar una madonna; la chica, con el fin de agradec\u00e9rselo, le prepar\u00f3 este licor con los ingredientes que encontr\u00f3 en su propio jard\u00edn. Su nombre proviene de la localidad italiana en la que tuvo lugar esta escena: Saronno.<\/p>\n","protected":false},"featured_media":8057,"template":"","meta":{"spay_email":""},"yoast_head":"<!-- This site is optimized with the Yoast SEO plugin v15.9 - https:\/\/yoast.com\/wordpress\/plugins\/seo\/ -->\n<title>Amaretto Disaronno 70cl. - Comercial de Hosteleria Anma<\/title>\n<meta name=\"robots\" content=\"index, follow, max-snippet:-1, max-image-preview:large, max-video-preview:-1\" \/>\n<link rel=\"canonical\" href=\"https:\/\/www.comercialanma.es\/?product=amaretto-disaronno-70cl\" \/>\n<meta property=\"og:locale\" content=\"es_ES\" \/>\n<meta property=\"og:type\" content=\"article\" \/>\n<meta property=\"og:title\" content=\"Amaretto Disaronno 70cl. - Comercial de Hosteleria Anma\" \/>\n<meta property=\"og:description\" content=\"La receta del Licor Amaretto Disaronno surgi\u00f3 en 1525, cuando el pintor Bernardo Luini, que era disc\u00edpulo de Leonardo da Vinci, utiliz\u00f3 como modelo a la hija de la posadera de la pensi\u00f3n en la que se hospedaba para pintar una madonna; la chica, con el fin de agradec\u00e9rselo, le prepar\u00f3 este licor con los ingredientes que encontr\u00f3 en su propio jard\u00edn. Su nombre proviene de la localidad italiana en la que tuvo lugar esta escena: Saronno.\" \/>\n<meta property=\"og:url\" content=\"https:\/\/www.comercialanma.es\/?product=amaretto-disaronno-70cl\" \/>\n<meta property=\"og:site_name\" content=\"Comercial de Hosteleria Anma\" \/>\n<meta property=\"article:publisher\" content=\"https:\/\/www.facebook.com\/AnmaHosteleria\" \/>\n<meta property=\"article:modified_time\" content=\"2019-07-12T13:55:15+00:00\" \/>\n<meta property=\"og:image\" content=\"https:\/\/i2.wp.com\/www.comercialanma.es\/wp-content\/uploads\/2019\/07\/Amaretto-Disaronno.jpg?fit=1200%2C1200&#038;ssl=1\" \/>\n\t<meta property=\"og:image:width\" content=\"1200\" \/>\n\t<meta property=\"og:image:height\" content=\"1200\" \/>\n<meta name=\"twitter:card\" content=\"summary_large_image\" \/>\n<script type=\"application\/ld+json\" class=\"yoast-schema-graph\">{\"@context\":\"https:\/\/schema.org\",\"@graph\":[{\"@type\":\"Organization\",\"@id\":\"https:\/\/www.comercialanma.es\/#organization\",\"name\":\"Comercial Anma\",\"url\":\"https:\/\/www.comercialanma.es\/\",\"sameAs\":[\"https:\/\/www.facebook.com\/AnmaHosteleria\",\"https:\/\/www.instagram.com\/anmahosteleria\/?hl=es\",\"https:\/\/www.youtube.com\/channel\/UCT2nmn08Ntks0hmpZPnDgCA\"],\"logo\":{\"@type\":\"ImageObject\",\"@id\":\"https:\/\/www.comercialanma.es\/#logo\",\"inLanguage\":\"es\",\"url\":\"https:\/\/i2.wp.com\/www.comercialanma.es\/wp-content\/uploads\/2019\/06\/logo-anma-color.png?fit=247%2C101&ssl=1\",\"width\":247,\"height\":101,\"caption\":\"Comercial Anma\"},\"image\":{\"@id\":\"https:\/\/www.comercialanma.es\/#logo\"}},{\"@type\":\"WebSite\",\"@id\":\"https:\/\/www.comercialanma.es\/#website\",\"url\":\"https:\/\/www.comercialanma.es\/\",\"name\":\"Comercial de Hosteleria Anma\",\"description\":\"\",\"publisher\":{\"@id\":\"https:\/\/www.comercialanma.es\/#organization\"},\"potentialAction\":[{\"@type\":\"SearchAction\",\"target\":\"https:\/\/www.comercialanma.es\/?s={search_term_string}\",\"query-input\":\"required name=search_term_string\"}],\"inLanguage\":\"es\"},{\"@type\":\"ImageObject\",\"@id\":\"https:\/\/www.comercialanma.es\/?product=amaretto-disaronno-70cl#primaryimage\",\"inLanguage\":\"es\",\"url\":\"https:\/\/i2.wp.com\/www.comercialanma.es\/wp-content\/uploads\/2019\/07\/Amaretto-Disaronno.jpg?fit=1200%2C1200&ssl=1\",\"width\":1200,\"height\":1200},{\"@type\":\"WebPage\",\"@id\":\"https:\/\/www.comercialanma.es\/?product=amaretto-disaronno-70cl#webpage\",\"url\":\"https:\/\/www.comercialanma.es\/?product=amaretto-disaronno-70cl\",\"name\":\"Amaretto Disaronno 70cl. - Comercial de Hosteleria Anma\",\"isPartOf\":{\"@id\":\"https:\/\/www.comercialanma.es\/#website\"},\"primaryImageOfPage\":{\"@id\":\"https:\/\/www.comercialanma.es\/?product=amaretto-disaronno-70cl#primaryimage\"},\"datePublished\":\"2019-07-12T13:48:59+00:00\",\"dateModified\":\"2019-07-12T13:55:15+00:00\",\"breadcrumb\":{\"@id\":\"https:\/\/www.comercialanma.es\/?product=amaretto-disaronno-70cl#breadcrumb\"},\"inLanguage\":\"es\",\"potentialAction\":[{\"@type\":\"ReadAction\",\"target\":[\"https:\/\/www.comercialanma.es\/?product=amaretto-disaronno-70cl\"]}]},{\"@type\":\"BreadcrumbList\",\"@id\":\"https:\/\/www.comercialanma.es\/?product=amaretto-disaronno-70cl#breadcrumb\",\"itemListElement\":[{\"@type\":\"ListItem\",\"position\":1,\"item\":{\"@type\":\"WebPage\",\"@id\":\"https:\/\/www.comercialanma.es\/\",\"url\":\"https:\/\/www.comercialanma.es\/\",\"name\":\"Portada\"}},{\"@type\":\"ListItem\",\"position\":2,\"item\":{\"@type\":\"WebPage\",\"@id\":\"https:\/\/www.comercialanma.es\/?page_id=3963\",\"url\":\"https:\/\/www.comercialanma.es\/?page_id=3963\",\"name\":\"Cat\\u00e1logo de Productos\"}},{\"@type\":\"ListItem\",\"position\":3,\"item\":{\"@type\":\"WebPage\",\"@id\":\"https:\/\/www.comercialanma.es\/?product=amaretto-disaronno-70cl\",\"url\":\"https:\/\/www.comercialanma.es\/?product=amaretto-disaronno-70cl\",\"name\":\"Amaretto Disaronno 70cl.\"}}]}]}<\/script>\n<!-- \/ Yoast SEO plugin. -->","_links":{"self":[{"href":"https:\/\/www.comercialanma.es\/index.php?rest_route=\/wp\/v2\/product\/8056"}],"collection":[{"href":"https:\/\/www.comercialanma.es\/index.php?rest_route=\/wp\/v2\/product"}],"about":[{"href":"https:\/\/www.comercialanma.es\/index.php?rest_route=\/wp\/v2\/types\/product"}],"version-history":[{"count":1,"href":"https:\/\/www.comercialanma.es\/index.php?rest_route=\/wp\/v2\/product\/8056\/revisions"}],"predecessor-version":[{"id":8058,"href":"https:\/\/www.comercialanma.es\/index.php?rest_route=\/wp\/v2\/product\/8056\/revisions\/8058"}],"wp:featuredmedia":[{"embeddable":true,"href":"https:\/\/www.comercialanma.es\/index.php?rest_route=\/wp\/v2\/media\/8057"}],"wp:attachment":[{"href":"https:\/\/www.comercialanma.es\/index.php?rest_route=%2Fwp%2Fv2%2Fmedia&parent=8056"}],"curies":[{"name":"wp","href":"https:\/\/api.w.org\/{rel}","templated":true}]}}