
{"id":8129,"date":"2019-07-15T15:38:53","date_gmt":"2019-07-15T13:38:53","guid":{"rendered":"http:\/\/www.comercialanma.es\/?post_type=product&#038;p=8129"},"modified":"2019-07-15T15:42:59","modified_gmt":"2019-07-15T13:42:59","slug":"pacharan-zoco-1l","status":"publish","type":"product","link":"https:\/\/www.comercialanma.es\/?product=pacharan-zoco-1l","title":{"rendered":"Pacharan Zoco 1L."},"content":{"rendered":"<div class=\"rte\">\n<p>En 1816, la familia Velasco se dedicaba ya a la destilaci\u00f3n de alcoholes en la localidad de Viana, Navarra. En 1956, Ambrosio Velasco comercializaba la primera marca de pachar\u00e1n:<strong>\u00a0Pachar\u00e1n Zoco<\/strong>. Hoy, tomar una copa de\u00a0<strong>Pachar\u00e1n Zoco<\/strong>\u00a0es saborear en esencia los mismo que hace cien a\u00f1os; un macerado de endrinas 100% navarras en an\u00eds natural que no contiene ning\u00fan otro tipo de agentes aromatizantes ni colorantes.<\/p>\n<p>Pachar\u00e1n Zoco ostenta la Denominaci\u00f3n Espec\u00edfica de \u201cPachar\u00e1n Navarro\u201d, lo que supone cumplir con todos los requisitos del Consejo Regulador: calidad, y cantidad de materias primas, m\u00e9todo de producci\u00f3n y realizaci\u00f3n de todo el proceso en Navarra.\u00a0El sello del Consejo Regulador y la contraetiqueta numerada de\u00a0cada envase de Pachar\u00e1n Zoco son la garant\u00eda de un producto tradicional y de calidad controlada.<\/p>\n<\/div>\n","protected":false},"excerpt":{"rendered":"<div id=\"info_valoracion\">\n<p class=\"ListParagraph1\">El Pachar\u00e1n Navarro es un\u00a0aut\u00e9ntico producto de la tierra, un licor completamente diferente a otros muchos preparados con frutas.<\/p>\n<p>Es elaborado de forma tradicional a partir de un fruto (la endrina, pachar\u00e1n, o ara\u00f1on), macerado en an\u00eds de uno a 3 meses.<\/p>\n<\/div>\n<p>&nbsp;<\/p>\n","protected":false},"featured_media":8130,"template":"","meta":{"spay_email":""},"yoast_head":"<!-- This site is optimized with the Yoast SEO plugin v15.9 - https:\/\/yoast.com\/wordpress\/plugins\/seo\/ -->\n<title>Pacharan Zoco 1L. - Comercial de Hosteleria Anma<\/title>\n<meta name=\"robots\" content=\"index, follow, max-snippet:-1, max-image-preview:large, max-video-preview:-1\" \/>\n<link rel=\"canonical\" href=\"https:\/\/www.comercialanma.es\/?product=pacharan-zoco-1l\" \/>\n<meta property=\"og:locale\" content=\"es_ES\" \/>\n<meta property=\"og:type\" content=\"article\" \/>\n<meta property=\"og:title\" content=\"Pacharan Zoco 1L. - Comercial de Hosteleria Anma\" \/>\n<meta property=\"og:description\" content=\"El Pachar\u00e1n Navarro es un\u00a0aut\u00e9ntico producto de la tierra, un licor completamente diferente a otros muchos preparados con frutas. Es elaborado de forma tradicional a partir de un fruto (la endrina, pachar\u00e1n, o ara\u00f1on), macerado en an\u00eds de uno a 3 meses.   &nbsp;\" \/>\n<meta property=\"og:url\" content=\"https:\/\/www.comercialanma.es\/?product=pacharan-zoco-1l\" \/>\n<meta property=\"og:site_name\" content=\"Comercial de Hosteleria Anma\" \/>\n<meta property=\"article:publisher\" content=\"https:\/\/www.facebook.com\/AnmaHosteleria\" \/>\n<meta property=\"article:modified_time\" content=\"2019-07-15T13:42:59+00:00\" \/>\n<meta property=\"og:image\" content=\"https:\/\/i0.wp.com\/www.comercialanma.es\/wp-content\/uploads\/2019\/07\/Zoco.jpg?fit=1200%2C1200&#038;ssl=1\" \/>\n\t<meta property=\"og:image:width\" content=\"1200\" \/>\n\t<meta property=\"og:image:height\" content=\"1200\" \/>\n<meta name=\"twitter:card\" content=\"summary_large_image\" \/>\n<meta name=\"twitter:label1\" content=\"Tiempo de lectura\">\n\t<meta name=\"twitter:data1\" content=\"1 minuto\">\n<script type=\"application\/ld+json\" class=\"yoast-schema-graph\">{\"@context\":\"https:\/\/schema.org\",\"@graph\":[{\"@type\":\"Organization\",\"@id\":\"https:\/\/www.comercialanma.es\/#organization\",\"name\":\"Comercial Anma\",\"url\":\"https:\/\/www.comercialanma.es\/\",\"sameAs\":[\"https:\/\/www.facebook.com\/AnmaHosteleria\",\"https:\/\/www.instagram.com\/anmahosteleria\/?hl=es\",\"https:\/\/www.youtube.com\/channel\/UCT2nmn08Ntks0hmpZPnDgCA\"],\"logo\":{\"@type\":\"ImageObject\",\"@id\":\"https:\/\/www.comercialanma.es\/#logo\",\"inLanguage\":\"es\",\"url\":\"https:\/\/i2.wp.com\/www.comercialanma.es\/wp-content\/uploads\/2019\/06\/logo-anma-color.png?fit=247%2C101&ssl=1\",\"width\":247,\"height\":101,\"caption\":\"Comercial Anma\"},\"image\":{\"@id\":\"https:\/\/www.comercialanma.es\/#logo\"}},{\"@type\":\"WebSite\",\"@id\":\"https:\/\/www.comercialanma.es\/#website\",\"url\":\"https:\/\/www.comercialanma.es\/\",\"name\":\"Comercial de Hosteleria Anma\",\"description\":\"\",\"publisher\":{\"@id\":\"https:\/\/www.comercialanma.es\/#organization\"},\"potentialAction\":[{\"@type\":\"SearchAction\",\"target\":\"https:\/\/www.comercialanma.es\/?s={search_term_string}\",\"query-input\":\"required name=search_term_string\"}],\"inLanguage\":\"es\"},{\"@type\":\"ImageObject\",\"@id\":\"https:\/\/www.comercialanma.es\/?product=pacharan-zoco-1l#primaryimage\",\"inLanguage\":\"es\",\"url\":\"https:\/\/i0.wp.com\/www.comercialanma.es\/wp-content\/uploads\/2019\/07\/Zoco.jpg?fit=1200%2C1200&ssl=1\",\"width\":1200,\"height\":1200},{\"@type\":\"WebPage\",\"@id\":\"https:\/\/www.comercialanma.es\/?product=pacharan-zoco-1l#webpage\",\"url\":\"https:\/\/www.comercialanma.es\/?product=pacharan-zoco-1l\",\"name\":\"Pacharan Zoco 1L. - Comercial de Hosteleria Anma\",\"isPartOf\":{\"@id\":\"https:\/\/www.comercialanma.es\/#website\"},\"primaryImageOfPage\":{\"@id\":\"https:\/\/www.comercialanma.es\/?product=pacharan-zoco-1l#primaryimage\"},\"datePublished\":\"2019-07-15T13:38:53+00:00\",\"dateModified\":\"2019-07-15T13:42:59+00:00\",\"breadcrumb\":{\"@id\":\"https:\/\/www.comercialanma.es\/?product=pacharan-zoco-1l#breadcrumb\"},\"inLanguage\":\"es\",\"potentialAction\":[{\"@type\":\"ReadAction\",\"target\":[\"https:\/\/www.comercialanma.es\/?product=pacharan-zoco-1l\"]}]},{\"@type\":\"BreadcrumbList\",\"@id\":\"https:\/\/www.comercialanma.es\/?product=pacharan-zoco-1l#breadcrumb\",\"itemListElement\":[{\"@type\":\"ListItem\",\"position\":1,\"item\":{\"@type\":\"WebPage\",\"@id\":\"https:\/\/www.comercialanma.es\/\",\"url\":\"https:\/\/www.comercialanma.es\/\",\"name\":\"Portada\"}},{\"@type\":\"ListItem\",\"position\":2,\"item\":{\"@type\":\"WebPage\",\"@id\":\"https:\/\/www.comercialanma.es\/?page_id=3963\",\"url\":\"https:\/\/www.comercialanma.es\/?page_id=3963\",\"name\":\"Cat\\u00e1logo de Productos\"}},{\"@type\":\"ListItem\",\"position\":3,\"item\":{\"@type\":\"WebPage\",\"@id\":\"https:\/\/www.comercialanma.es\/?product=pacharan-zoco-1l\",\"url\":\"https:\/\/www.comercialanma.es\/?product=pacharan-zoco-1l\",\"name\":\"Pacharan Zoco 1L.\"}}]}]}<\/script>\n<!-- \/ Yoast SEO plugin. -->","_links":{"self":[{"href":"https:\/\/www.comercialanma.es\/index.php?rest_route=\/wp\/v2\/product\/8129"}],"collection":[{"href":"https:\/\/www.comercialanma.es\/index.php?rest_route=\/wp\/v2\/product"}],"about":[{"href":"https:\/\/www.comercialanma.es\/index.php?rest_route=\/wp\/v2\/types\/product"}],"version-history":[{"count":1,"href":"https:\/\/www.comercialanma.es\/index.php?rest_route=\/wp\/v2\/product\/8129\/revisions"}],"predecessor-version":[{"id":8131,"href":"https:\/\/www.comercialanma.es\/index.php?rest_route=\/wp\/v2\/product\/8129\/revisions\/8131"}],"wp:featuredmedia":[{"embeddable":true,"href":"https:\/\/www.comercialanma.es\/index.php?rest_route=\/wp\/v2\/media\/8130"}],"wp:attachment":[{"href":"https:\/\/www.comercialanma.es\/index.php?rest_route=%2Fwp%2Fv2%2Fmedia&parent=8129"}],"curies":[{"name":"wp","href":"https:\/\/api.w.org\/{rel}","templated":true}]}}