
{"id":8166,"date":"2019-07-15T17:38:48","date_gmt":"2019-07-15T15:38:48","guid":{"rendered":"http:\/\/www.comercialanma.es\/?post_type=product&#038;p=8166"},"modified":"2019-07-15T17:45:26","modified_gmt":"2019-07-15T15:45:26","slug":"crema-de-brandy-gran-duque-de-alba-70cl","status":"publish","type":"product","link":"https:\/\/www.comercialanma.es\/?product=crema-de-brandy-gran-duque-de-alba-70cl","title":{"rendered":"Crema de Brandy Gran Duque de Alba 70cl."},"content":{"rendered":"<h3>Nota de cata:<\/h3>\n<ul>\n<li>Crema de Alba, una crema de brandy de sabor dulce elaborada en base a las soleras del brandy gran reserva &#8216;Gran Duque de Alba&#8217;, acogido a la denominaci\u00f3n Brandy de Jerez.<\/li>\n<li>En paladar, Crema de Alba conjuga una mezcla de aromas delicados que recuerdan a la vainilla o el cacao.<\/li>\n<\/ul>\n","protected":false},"excerpt":{"rendered":"<p><strong>Licores Varios. Crema Duque De Alba.<\/strong> Crema de Alba combina en una botella sabores y aromas armoniosamente y una textura sedosa otorgada por las soleras del Gran Duque de Alba y Gran Duque de Alba Oro, as\u00ed como l\u00e1cteos con un alto contenido en nata. Es el \u00fanico licor de crema del mundo elaborado a partir de un brandy Gran Reserva.<\/p>\n","protected":false},"featured_media":8167,"template":"","meta":{"spay_email":""},"yoast_head":"<!-- This site is optimized with the Yoast SEO plugin v15.9 - https:\/\/yoast.com\/wordpress\/plugins\/seo\/ -->\n<title>Crema de Brandy Gran Duque de Alba 70cl. - Comercial de Hosteleria Anma<\/title>\n<meta name=\"robots\" content=\"index, follow, max-snippet:-1, max-image-preview:large, max-video-preview:-1\" \/>\n<link rel=\"canonical\" href=\"https:\/\/www.comercialanma.es\/?product=crema-de-brandy-gran-duque-de-alba-70cl\" \/>\n<meta property=\"og:locale\" content=\"es_ES\" \/>\n<meta property=\"og:type\" content=\"article\" \/>\n<meta property=\"og:title\" content=\"Crema de Brandy Gran Duque de Alba 70cl. - Comercial de Hosteleria Anma\" \/>\n<meta property=\"og:description\" content=\"Licores Varios. Crema Duque De Alba. Crema de Alba combina en una botella sabores y aromas armoniosamente y una textura sedosa otorgada por las soleras del Gran Duque de Alba y Gran Duque de Alba Oro, as\u00ed como l\u00e1cteos con un alto contenido en nata. Es el \u00fanico licor de crema del mundo elaborado a partir de un brandy Gran Reserva.\" \/>\n<meta property=\"og:url\" content=\"https:\/\/www.comercialanma.es\/?product=crema-de-brandy-gran-duque-de-alba-70cl\" \/>\n<meta property=\"og:site_name\" content=\"Comercial de Hosteleria Anma\" \/>\n<meta property=\"article:publisher\" content=\"https:\/\/www.facebook.com\/AnmaHosteleria\" \/>\n<meta property=\"article:modified_time\" content=\"2019-07-15T15:45:26+00:00\" \/>\n<meta property=\"og:image\" content=\"https:\/\/i1.wp.com\/www.comercialanma.es\/wp-content\/uploads\/2019\/07\/Crema-Gran-Duque-de-Alba.jpg?fit=1200%2C1200&#038;ssl=1\" \/>\n\t<meta property=\"og:image:width\" content=\"1200\" \/>\n\t<meta property=\"og:image:height\" content=\"1200\" \/>\n<meta name=\"twitter:card\" content=\"summary_large_image\" \/>\n<script type=\"application\/ld+json\" class=\"yoast-schema-graph\">{\"@context\":\"https:\/\/schema.org\",\"@graph\":[{\"@type\":\"Organization\",\"@id\":\"https:\/\/www.comercialanma.es\/#organization\",\"name\":\"Comercial Anma\",\"url\":\"https:\/\/www.comercialanma.es\/\",\"sameAs\":[\"https:\/\/www.facebook.com\/AnmaHosteleria\",\"https:\/\/www.instagram.com\/anmahosteleria\/?hl=es\",\"https:\/\/www.youtube.com\/channel\/UCT2nmn08Ntks0hmpZPnDgCA\"],\"logo\":{\"@type\":\"ImageObject\",\"@id\":\"https:\/\/www.comercialanma.es\/#logo\",\"inLanguage\":\"es\",\"url\":\"https:\/\/i2.wp.com\/www.comercialanma.es\/wp-content\/uploads\/2019\/06\/logo-anma-color.png?fit=247%2C101&ssl=1\",\"width\":247,\"height\":101,\"caption\":\"Comercial Anma\"},\"image\":{\"@id\":\"https:\/\/www.comercialanma.es\/#logo\"}},{\"@type\":\"WebSite\",\"@id\":\"https:\/\/www.comercialanma.es\/#website\",\"url\":\"https:\/\/www.comercialanma.es\/\",\"name\":\"Comercial de Hosteleria Anma\",\"description\":\"\",\"publisher\":{\"@id\":\"https:\/\/www.comercialanma.es\/#organization\"},\"potentialAction\":[{\"@type\":\"SearchAction\",\"target\":\"https:\/\/www.comercialanma.es\/?s={search_term_string}\",\"query-input\":\"required name=search_term_string\"}],\"inLanguage\":\"es\"},{\"@type\":\"ImageObject\",\"@id\":\"https:\/\/www.comercialanma.es\/?product=crema-de-brandy-gran-duque-de-alba-70cl#primaryimage\",\"inLanguage\":\"es\",\"url\":\"https:\/\/i1.wp.com\/www.comercialanma.es\/wp-content\/uploads\/2019\/07\/Crema-Gran-Duque-de-Alba.jpg?fit=1200%2C1200&ssl=1\",\"width\":1200,\"height\":1200},{\"@type\":\"WebPage\",\"@id\":\"https:\/\/www.comercialanma.es\/?product=crema-de-brandy-gran-duque-de-alba-70cl#webpage\",\"url\":\"https:\/\/www.comercialanma.es\/?product=crema-de-brandy-gran-duque-de-alba-70cl\",\"name\":\"Crema de Brandy Gran Duque de Alba 70cl. - Comercial de Hosteleria Anma\",\"isPartOf\":{\"@id\":\"https:\/\/www.comercialanma.es\/#website\"},\"primaryImageOfPage\":{\"@id\":\"https:\/\/www.comercialanma.es\/?product=crema-de-brandy-gran-duque-de-alba-70cl#primaryimage\"},\"datePublished\":\"2019-07-15T15:38:48+00:00\",\"dateModified\":\"2019-07-15T15:45:26+00:00\",\"breadcrumb\":{\"@id\":\"https:\/\/www.comercialanma.es\/?product=crema-de-brandy-gran-duque-de-alba-70cl#breadcrumb\"},\"inLanguage\":\"es\",\"potentialAction\":[{\"@type\":\"ReadAction\",\"target\":[\"https:\/\/www.comercialanma.es\/?product=crema-de-brandy-gran-duque-de-alba-70cl\"]}]},{\"@type\":\"BreadcrumbList\",\"@id\":\"https:\/\/www.comercialanma.es\/?product=crema-de-brandy-gran-duque-de-alba-70cl#breadcrumb\",\"itemListElement\":[{\"@type\":\"ListItem\",\"position\":1,\"item\":{\"@type\":\"WebPage\",\"@id\":\"https:\/\/www.comercialanma.es\/\",\"url\":\"https:\/\/www.comercialanma.es\/\",\"name\":\"Portada\"}},{\"@type\":\"ListItem\",\"position\":2,\"item\":{\"@type\":\"WebPage\",\"@id\":\"https:\/\/www.comercialanma.es\/?page_id=3963\",\"url\":\"https:\/\/www.comercialanma.es\/?page_id=3963\",\"name\":\"Cat\\u00e1logo de Productos\"}},{\"@type\":\"ListItem\",\"position\":3,\"item\":{\"@type\":\"WebPage\",\"@id\":\"https:\/\/www.comercialanma.es\/?product=crema-de-brandy-gran-duque-de-alba-70cl\",\"url\":\"https:\/\/www.comercialanma.es\/?product=crema-de-brandy-gran-duque-de-alba-70cl\",\"name\":\"Crema de Brandy Gran Duque de Alba 70cl.\"}}]}]}<\/script>\n<!-- \/ Yoast SEO plugin. -->","_links":{"self":[{"href":"https:\/\/www.comercialanma.es\/index.php?rest_route=\/wp\/v2\/product\/8166"}],"collection":[{"href":"https:\/\/www.comercialanma.es\/index.php?rest_route=\/wp\/v2\/product"}],"about":[{"href":"https:\/\/www.comercialanma.es\/index.php?rest_route=\/wp\/v2\/types\/product"}],"version-history":[{"count":1,"href":"https:\/\/www.comercialanma.es\/index.php?rest_route=\/wp\/v2\/product\/8166\/revisions"}],"predecessor-version":[{"id":8168,"href":"https:\/\/www.comercialanma.es\/index.php?rest_route=\/wp\/v2\/product\/8166\/revisions\/8168"}],"wp:featuredmedia":[{"embeddable":true,"href":"https:\/\/www.comercialanma.es\/index.php?rest_route=\/wp\/v2\/media\/8167"}],"wp:attachment":[{"href":"https:\/\/www.comercialanma.es\/index.php?rest_route=%2Fwp%2Fv2%2Fmedia&parent=8166"}],"curies":[{"name":"wp","href":"https:\/\/api.w.org\/{rel}","templated":true}]}}