
{"id":8184,"date":"2019-07-16T09:21:48","date_gmt":"2019-07-16T07:21:48","guid":{"rendered":"http:\/\/www.comercialanma.es\/?post_type=product&#038;p=8184"},"modified":"2019-07-16T09:26:50","modified_gmt":"2019-07-16T07:26:50","slug":"70cl","status":"publish","type":"product","link":"https:\/\/www.comercialanma.es\/?product=70cl","title":{"rendered":"Amaro Ramazzotti 70cl."},"content":{"rendered":"<h3>Nota de cata:<\/h3>\n<div class=\"field field-name-field-oeil field-type-text-long field-label-above\">\n<div class=\"field field-name-field-oeil field-type-text-long field-label-above\">\n<ul>\n<li>A la vista, Amaro Fratelli Ramazzotti presenta tonos marrones muy limpios.<\/li>\n<li>Al olfato es intenso y equilibrado, donde destacan los aromas a pieles de naranja y hierbas.<\/li>\n<li>Al paladar es amargo y con mucho cuerpo. Final persistente y agradable.<\/li>\n<li>Suele tomarse solo o con hielo a modo de digestivo, adem\u00e1s de en c\u00f3cteles y combinados, como el Ramazzotti Menta.<\/li>\n<li>Graduaci\u00f3n: 30%.<\/li>\n<\/ul>\n<\/div>\n<div class=\"field field-name-field-bouche field-type-text-long field-label-above\">\n<div class=\"field-items\">\n<div class=\"field-item even\">\n<p>&nbsp;<\/p>\n<\/div>\n<\/div>\n<\/div>\n<\/div>\n<div class=\"field field-name-field-bouche field-type-text-long field-label-above\">\n<div class=\"field-items\">\n<div class=\"field-item even\">\n<p>&nbsp;<\/p>\n<\/div>\n<\/div>\n<\/div>\n","protected":false},"excerpt":{"rendered":"<p><strong>Amaro Ramazzotti<\/strong> es un licor bitter originario de Italia, de sabor \u00fanico e inconfundible, que se elabora con 33 hierbas y especias de todo el mundo. Su receta fue creada por Ausano Ramazzotti en Mil\u00e1n en 1815, y tuvo un gran \u00e9xito. Entre sus ingredientes se encuentran pieles de naranjas, infusiones de hierbas, sacarosa, agua, alcohol y az\u00facar.<\/p>\n","protected":false},"featured_media":8185,"template":"","meta":{"spay_email":""},"yoast_head":"<!-- This site is optimized with the Yoast SEO plugin v15.9 - https:\/\/yoast.com\/wordpress\/plugins\/seo\/ -->\n<title>Amaro Ramazzotti 70cl. - Comercial de Hosteleria Anma<\/title>\n<meta name=\"robots\" content=\"index, follow, max-snippet:-1, max-image-preview:large, max-video-preview:-1\" \/>\n<link rel=\"canonical\" href=\"https:\/\/www.comercialanma.es\/?product=70cl\" \/>\n<meta property=\"og:locale\" content=\"es_ES\" \/>\n<meta property=\"og:type\" content=\"article\" \/>\n<meta property=\"og:title\" content=\"Amaro Ramazzotti 70cl. - Comercial de Hosteleria Anma\" \/>\n<meta property=\"og:description\" content=\"Amaro Ramazzotti es un licor bitter originario de Italia, de sabor \u00fanico e inconfundible, que se elabora con 33 hierbas y especias de todo el mundo. Su receta fue creada por Ausano Ramazzotti en Mil\u00e1n en 1815, y tuvo un gran \u00e9xito. Entre sus ingredientes se encuentran pieles de naranjas, infusiones de hierbas, sacarosa, agua, alcohol y az\u00facar.\" \/>\n<meta property=\"og:url\" content=\"https:\/\/www.comercialanma.es\/?product=70cl\" \/>\n<meta property=\"og:site_name\" content=\"Comercial de Hosteleria Anma\" \/>\n<meta property=\"article:publisher\" content=\"https:\/\/www.facebook.com\/AnmaHosteleria\" \/>\n<meta property=\"article:modified_time\" content=\"2019-07-16T07:26:50+00:00\" \/>\n<meta property=\"og:image\" content=\"https:\/\/i1.wp.com\/www.comercialanma.es\/wp-content\/uploads\/2019\/07\/Amaro-Ramazzotti.jpg?fit=1200%2C1200&#038;ssl=1\" \/>\n\t<meta property=\"og:image:width\" content=\"1200\" \/>\n\t<meta property=\"og:image:height\" content=\"1200\" \/>\n<meta name=\"twitter:card\" content=\"summary_large_image\" \/>\n<script type=\"application\/ld+json\" class=\"yoast-schema-graph\">{\"@context\":\"https:\/\/schema.org\",\"@graph\":[{\"@type\":\"Organization\",\"@id\":\"https:\/\/www.comercialanma.es\/#organization\",\"name\":\"Comercial Anma\",\"url\":\"https:\/\/www.comercialanma.es\/\",\"sameAs\":[\"https:\/\/www.facebook.com\/AnmaHosteleria\",\"https:\/\/www.instagram.com\/anmahosteleria\/?hl=es\",\"https:\/\/www.youtube.com\/channel\/UCT2nmn08Ntks0hmpZPnDgCA\"],\"logo\":{\"@type\":\"ImageObject\",\"@id\":\"https:\/\/www.comercialanma.es\/#logo\",\"inLanguage\":\"es\",\"url\":\"https:\/\/i2.wp.com\/www.comercialanma.es\/wp-content\/uploads\/2019\/06\/logo-anma-color.png?fit=247%2C101&ssl=1\",\"width\":247,\"height\":101,\"caption\":\"Comercial Anma\"},\"image\":{\"@id\":\"https:\/\/www.comercialanma.es\/#logo\"}},{\"@type\":\"WebSite\",\"@id\":\"https:\/\/www.comercialanma.es\/#website\",\"url\":\"https:\/\/www.comercialanma.es\/\",\"name\":\"Comercial de Hosteleria Anma\",\"description\":\"\",\"publisher\":{\"@id\":\"https:\/\/www.comercialanma.es\/#organization\"},\"potentialAction\":[{\"@type\":\"SearchAction\",\"target\":\"https:\/\/www.comercialanma.es\/?s={search_term_string}\",\"query-input\":\"required name=search_term_string\"}],\"inLanguage\":\"es\"},{\"@type\":\"ImageObject\",\"@id\":\"https:\/\/www.comercialanma.es\/?product=70cl#primaryimage\",\"inLanguage\":\"es\",\"url\":\"https:\/\/i1.wp.com\/www.comercialanma.es\/wp-content\/uploads\/2019\/07\/Amaro-Ramazzotti.jpg?fit=1200%2C1200&ssl=1\",\"width\":1200,\"height\":1200},{\"@type\":\"WebPage\",\"@id\":\"https:\/\/www.comercialanma.es\/?product=70cl#webpage\",\"url\":\"https:\/\/www.comercialanma.es\/?product=70cl\",\"name\":\"Amaro Ramazzotti 70cl. - Comercial de Hosteleria Anma\",\"isPartOf\":{\"@id\":\"https:\/\/www.comercialanma.es\/#website\"},\"primaryImageOfPage\":{\"@id\":\"https:\/\/www.comercialanma.es\/?product=70cl#primaryimage\"},\"datePublished\":\"2019-07-16T07:21:48+00:00\",\"dateModified\":\"2019-07-16T07:26:50+00:00\",\"breadcrumb\":{\"@id\":\"https:\/\/www.comercialanma.es\/?product=70cl#breadcrumb\"},\"inLanguage\":\"es\",\"potentialAction\":[{\"@type\":\"ReadAction\",\"target\":[\"https:\/\/www.comercialanma.es\/?product=70cl\"]}]},{\"@type\":\"BreadcrumbList\",\"@id\":\"https:\/\/www.comercialanma.es\/?product=70cl#breadcrumb\",\"itemListElement\":[{\"@type\":\"ListItem\",\"position\":1,\"item\":{\"@type\":\"WebPage\",\"@id\":\"https:\/\/www.comercialanma.es\/\",\"url\":\"https:\/\/www.comercialanma.es\/\",\"name\":\"Portada\"}},{\"@type\":\"ListItem\",\"position\":2,\"item\":{\"@type\":\"WebPage\",\"@id\":\"https:\/\/www.comercialanma.es\/?page_id=3963\",\"url\":\"https:\/\/www.comercialanma.es\/?page_id=3963\",\"name\":\"Cat\\u00e1logo de Productos\"}},{\"@type\":\"ListItem\",\"position\":3,\"item\":{\"@type\":\"WebPage\",\"@id\":\"https:\/\/www.comercialanma.es\/?product=70cl\",\"url\":\"https:\/\/www.comercialanma.es\/?product=70cl\",\"name\":\"Amaro Ramazzotti 70cl.\"}}]}]}<\/script>\n<!-- \/ Yoast SEO plugin. -->","_links":{"self":[{"href":"https:\/\/www.comercialanma.es\/index.php?rest_route=\/wp\/v2\/product\/8184"}],"collection":[{"href":"https:\/\/www.comercialanma.es\/index.php?rest_route=\/wp\/v2\/product"}],"about":[{"href":"https:\/\/www.comercialanma.es\/index.php?rest_route=\/wp\/v2\/types\/product"}],"version-history":[{"count":2,"href":"https:\/\/www.comercialanma.es\/index.php?rest_route=\/wp\/v2\/product\/8184\/revisions"}],"predecessor-version":[{"id":8187,"href":"https:\/\/www.comercialanma.es\/index.php?rest_route=\/wp\/v2\/product\/8184\/revisions\/8187"}],"wp:featuredmedia":[{"embeddable":true,"href":"https:\/\/www.comercialanma.es\/index.php?rest_route=\/wp\/v2\/media\/8185"}],"wp:attachment":[{"href":"https:\/\/www.comercialanma.es\/index.php?rest_route=%2Fwp%2Fv2%2Fmedia&parent=8184"}],"curies":[{"name":"wp","href":"https:\/\/api.w.org\/{rel}","templated":true}]}}