
{"id":8226,"date":"2019-07-16T11:00:01","date_gmt":"2019-07-16T09:00:01","guid":{"rendered":"http:\/\/www.comercialanma.es\/?post_type=product&#038;p=8226"},"modified":"2021-02-01T15:27:25","modified_gmt":"2021-02-01T14:27:25","slug":"curacao-azul-marie-brizard-70cl","status":"publish","type":"product","link":"https:\/\/www.comercialanma.es\/?product=curacao-azul-marie-brizard-70cl","title":{"rendered":"Cura\u00e7ao Azul Marie Brizard 70cl."},"content":{"rendered":"<h3>Nota de cata:<\/h3>\n<div class=\"field field-name-field-oeil field-type-text-long field-label-above\">\n<ul>\n<li class=\"field-label\">A la vista: L\u00edquido, l\u00edmpido, azul.<\/li>\n<li class=\"field-label\">En nariz: Caracter\u00edstico de la naranja amarga.<\/li>\n<li class=\"field-label\">En boca: Poco azucarado, caracter\u00edsticas de la naranja amarga con algunas notas florales.<\/li>\n<\/ul>\n<\/div>\n<div class=\"field field-name-field-bouche field-type-text-long field-label-above\">\n<div class=\"field-items\">\n<div class=\"field-item even\">\n<p>&nbsp;<\/p>\n<\/div>\n<\/div>\n<\/div>\n","protected":false},"excerpt":{"rendered":"<p>Un sutil equilibrio de corteza de naranja amarga de Hait\u00ed y c\u00e1scara de naranja dulce del Sur de Espa\u00f1a con la adici\u00f3n de plantas arom\u00e1ticas para dar ese toque caracter\u00edstico del Cura\u00e7ao Azul Marie Brizard. Cuidadosamente destilados, estos ingredientes se unen con un colorante alimentario que le da su color azul intenso y profundo que tanto adorna los c\u00f3cteles.<\/p>\n","protected":false},"featured_media":8227,"template":"","meta":{"spay_email":""},"yoast_head":"<!-- This site is optimized with the Yoast SEO plugin v15.9 - https:\/\/yoast.com\/wordpress\/plugins\/seo\/ -->\n<title>Cura\u00e7ao Azul Marie Brizard 70cl. - Comercial de Hosteleria Anma<\/title>\n<meta name=\"robots\" content=\"index, follow, max-snippet:-1, max-image-preview:large, max-video-preview:-1\" \/>\n<link rel=\"canonical\" href=\"https:\/\/www.comercialanma.es\/?product=curacao-azul-marie-brizard-70cl\" \/>\n<meta property=\"og:locale\" content=\"es_ES\" \/>\n<meta property=\"og:type\" content=\"article\" \/>\n<meta property=\"og:title\" content=\"Cura\u00e7ao Azul Marie Brizard 70cl. - Comercial de Hosteleria Anma\" \/>\n<meta property=\"og:description\" content=\"Un sutil equilibrio de corteza de naranja amarga de Hait\u00ed y c\u00e1scara de naranja dulce del Sur de Espa\u00f1a con la adici\u00f3n de plantas arom\u00e1ticas para dar ese toque caracter\u00edstico del Cura\u00e7ao Azul Marie Brizard. Cuidadosamente destilados, estos ingredientes se unen con un colorante alimentario que le da su color azul intenso y profundo que tanto adorna los c\u00f3cteles.\" \/>\n<meta property=\"og:url\" content=\"https:\/\/www.comercialanma.es\/?product=curacao-azul-marie-brizard-70cl\" \/>\n<meta property=\"og:site_name\" content=\"Comercial de Hosteleria Anma\" \/>\n<meta property=\"article:publisher\" content=\"https:\/\/www.facebook.com\/AnmaHosteleria\" \/>\n<meta property=\"article:modified_time\" content=\"2021-02-01T14:27:25+00:00\" \/>\n<meta property=\"og:image\" content=\"https:\/\/i0.wp.com\/www.comercialanma.es\/wp-content\/uploads\/2019\/07\/Curac\u0327ao-Azul-Marie-Brizard.jpg?fit=1200%2C1200&#038;ssl=1\" \/>\n\t<meta property=\"og:image:width\" content=\"1200\" \/>\n\t<meta property=\"og:image:height\" content=\"1200\" \/>\n<meta name=\"twitter:card\" content=\"summary_large_image\" \/>\n<script type=\"application\/ld+json\" class=\"yoast-schema-graph\">{\"@context\":\"https:\/\/schema.org\",\"@graph\":[{\"@type\":\"Organization\",\"@id\":\"https:\/\/www.comercialanma.es\/#organization\",\"name\":\"Comercial Anma\",\"url\":\"https:\/\/www.comercialanma.es\/\",\"sameAs\":[\"https:\/\/www.facebook.com\/AnmaHosteleria\",\"https:\/\/www.instagram.com\/anmahosteleria\/?hl=es\",\"https:\/\/www.youtube.com\/channel\/UCT2nmn08Ntks0hmpZPnDgCA\"],\"logo\":{\"@type\":\"ImageObject\",\"@id\":\"https:\/\/www.comercialanma.es\/#logo\",\"inLanguage\":\"es\",\"url\":\"https:\/\/i2.wp.com\/www.comercialanma.es\/wp-content\/uploads\/2019\/06\/logo-anma-color.png?fit=247%2C101&ssl=1\",\"width\":247,\"height\":101,\"caption\":\"Comercial Anma\"},\"image\":{\"@id\":\"https:\/\/www.comercialanma.es\/#logo\"}},{\"@type\":\"WebSite\",\"@id\":\"https:\/\/www.comercialanma.es\/#website\",\"url\":\"https:\/\/www.comercialanma.es\/\",\"name\":\"Comercial de Hosteleria Anma\",\"description\":\"\",\"publisher\":{\"@id\":\"https:\/\/www.comercialanma.es\/#organization\"},\"potentialAction\":[{\"@type\":\"SearchAction\",\"target\":\"https:\/\/www.comercialanma.es\/?s={search_term_string}\",\"query-input\":\"required name=search_term_string\"}],\"inLanguage\":\"es\"},{\"@type\":\"ImageObject\",\"@id\":\"https:\/\/www.comercialanma.es\/?product=curacao-azul-marie-brizard-70cl#primaryimage\",\"inLanguage\":\"es\",\"url\":\"https:\/\/i0.wp.com\/www.comercialanma.es\/wp-content\/uploads\/2019\/07\/Curac\\u0327ao-Azul-Marie-Brizard.jpg?fit=1200%2C1200&ssl=1\",\"width\":1200,\"height\":1200},{\"@type\":\"WebPage\",\"@id\":\"https:\/\/www.comercialanma.es\/?product=curacao-azul-marie-brizard-70cl#webpage\",\"url\":\"https:\/\/www.comercialanma.es\/?product=curacao-azul-marie-brizard-70cl\",\"name\":\"Cura\\u00e7ao Azul Marie Brizard 70cl. - Comercial de Hosteleria Anma\",\"isPartOf\":{\"@id\":\"https:\/\/www.comercialanma.es\/#website\"},\"primaryImageOfPage\":{\"@id\":\"https:\/\/www.comercialanma.es\/?product=curacao-azul-marie-brizard-70cl#primaryimage\"},\"datePublished\":\"2019-07-16T09:00:01+00:00\",\"dateModified\":\"2021-02-01T14:27:25+00:00\",\"breadcrumb\":{\"@id\":\"https:\/\/www.comercialanma.es\/?product=curacao-azul-marie-brizard-70cl#breadcrumb\"},\"inLanguage\":\"es\",\"potentialAction\":[{\"@type\":\"ReadAction\",\"target\":[\"https:\/\/www.comercialanma.es\/?product=curacao-azul-marie-brizard-70cl\"]}]},{\"@type\":\"BreadcrumbList\",\"@id\":\"https:\/\/www.comercialanma.es\/?product=curacao-azul-marie-brizard-70cl#breadcrumb\",\"itemListElement\":[{\"@type\":\"ListItem\",\"position\":1,\"item\":{\"@type\":\"WebPage\",\"@id\":\"https:\/\/www.comercialanma.es\/\",\"url\":\"https:\/\/www.comercialanma.es\/\",\"name\":\"Portada\"}},{\"@type\":\"ListItem\",\"position\":2,\"item\":{\"@type\":\"WebPage\",\"@id\":\"https:\/\/www.comercialanma.es\/?page_id=3963\",\"url\":\"https:\/\/www.comercialanma.es\/?page_id=3963\",\"name\":\"Cat\\u00e1logo de Productos\"}},{\"@type\":\"ListItem\",\"position\":3,\"item\":{\"@type\":\"WebPage\",\"@id\":\"https:\/\/www.comercialanma.es\/?product=curacao-azul-marie-brizard-70cl\",\"url\":\"https:\/\/www.comercialanma.es\/?product=curacao-azul-marie-brizard-70cl\",\"name\":\"Cura\\u00e7ao Azul Marie Brizard 70cl.\"}}]}]}<\/script>\n<!-- \/ Yoast SEO plugin. -->","_links":{"self":[{"href":"https:\/\/www.comercialanma.es\/index.php?rest_route=\/wp\/v2\/product\/8226"}],"collection":[{"href":"https:\/\/www.comercialanma.es\/index.php?rest_route=\/wp\/v2\/product"}],"about":[{"href":"https:\/\/www.comercialanma.es\/index.php?rest_route=\/wp\/v2\/types\/product"}],"version-history":[{"count":2,"href":"https:\/\/www.comercialanma.es\/index.php?rest_route=\/wp\/v2\/product\/8226\/revisions"}],"predecessor-version":[{"id":8233,"href":"https:\/\/www.comercialanma.es\/index.php?rest_route=\/wp\/v2\/product\/8226\/revisions\/8233"}],"wp:featuredmedia":[{"embeddable":true,"href":"https:\/\/www.comercialanma.es\/index.php?rest_route=\/wp\/v2\/media\/8227"}],"wp:attachment":[{"href":"https:\/\/www.comercialanma.es\/index.php?rest_route=%2Fwp%2Fv2%2Fmedia&parent=8226"}],"curies":[{"name":"wp","href":"https:\/\/api.w.org\/{rel}","templated":true}]}}