
{"id":8258,"date":"2019-07-16T12:30:58","date_gmt":"2019-07-16T10:30:58","guid":{"rendered":"http:\/\/www.comercialanma.es\/?post_type=product&#038;p=8258"},"modified":"2019-07-16T12:37:24","modified_gmt":"2019-07-16T10:37:24","slug":"licor-melocoton-rives-70cl","status":"publish","type":"product","link":"https:\/\/www.comercialanma.es\/?product=licor-melocoton-rives-70cl","title":{"rendered":"Licor Melocot\u00f3n Rives 70cl."},"content":{"rendered":"<h3>Nota de cata:<\/h3>\n<ul>\n<li>A la vista es cristalino y brillante.<\/li>\n<li>Al olfato es intenso, con aromas a melocot\u00f3n.<\/li>\n<li>Al paladar es suave y muy agradable, donde destaca el sabor afrutado a melocot\u00f3n.<\/li>\n<li>Se aconseja degustarlo muy fr\u00edo, sobre hielo, o bien combinado con zumos de frutas.<\/li>\n<li>Graduaci\u00f3n: 20 grados de alcohol.<\/li>\n<\/ul>\n<div>\n<p>&nbsp;<\/p>\n<\/div>\n<div class=\"field field-name-field-bouche field-type-text-long field-label-above\">\n<div class=\"field-items\">\n<div class=\"field-item even\">\n<p>&nbsp;<\/p>\n<\/div>\n<\/div>\n<\/div>\n","protected":false},"excerpt":{"rendered":"<p>Riv\u00e9s Melocot\u00f3n es un licor frutal elaborado con melocotones naturales maduros. Pertenece a Grupo Rives, empresa espa\u00f1ola familiar fundada en 1880 por Augusto Haupold, el c\u00f3nsul de Alemania en M\u00e1laga. En sus or\u00edgenes elaboraban vinos y brandys, pero con el paso del tiempo se ampli\u00f3 la gama a todo tipo de espirituosos, destilados, licores y concentrados, con y sin alcohol.<\/p>\n","protected":false},"featured_media":8259,"template":"","meta":{"spay_email":""},"yoast_head":"<!-- This site is optimized with the Yoast SEO plugin v15.9 - https:\/\/yoast.com\/wordpress\/plugins\/seo\/ -->\n<title>Licor Melocot\u00f3n Rives 70cl. - Comercial de Hosteleria Anma<\/title>\n<meta name=\"robots\" content=\"index, follow, max-snippet:-1, max-image-preview:large, max-video-preview:-1\" \/>\n<link rel=\"canonical\" href=\"https:\/\/www.comercialanma.es\/?product=licor-melocoton-rives-70cl\" \/>\n<meta property=\"og:locale\" content=\"es_ES\" \/>\n<meta property=\"og:type\" content=\"article\" \/>\n<meta property=\"og:title\" content=\"Licor Melocot\u00f3n Rives 70cl. - Comercial de Hosteleria Anma\" \/>\n<meta property=\"og:description\" content=\"Riv\u00e9s Melocot\u00f3n es un licor frutal elaborado con melocotones naturales maduros. Pertenece a Grupo Rives, empresa espa\u00f1ola familiar fundada en 1880 por Augusto Haupold, el c\u00f3nsul de Alemania en M\u00e1laga. En sus or\u00edgenes elaboraban vinos y brandys, pero con el paso del tiempo se ampli\u00f3 la gama a todo tipo de espirituosos, destilados, licores y concentrados, con y sin alcohol.\" \/>\n<meta property=\"og:url\" content=\"https:\/\/www.comercialanma.es\/?product=licor-melocoton-rives-70cl\" \/>\n<meta property=\"og:site_name\" content=\"Comercial de Hosteleria Anma\" \/>\n<meta property=\"article:publisher\" content=\"https:\/\/www.facebook.com\/AnmaHosteleria\" \/>\n<meta property=\"article:modified_time\" content=\"2019-07-16T10:37:24+00:00\" \/>\n<meta property=\"og:image\" content=\"https:\/\/i2.wp.com\/www.comercialanma.es\/wp-content\/uploads\/2019\/07\/Licor-Rives-Melocoton.jpg?fit=1200%2C1200&#038;ssl=1\" \/>\n\t<meta property=\"og:image:width\" content=\"1200\" \/>\n\t<meta property=\"og:image:height\" content=\"1200\" \/>\n<meta name=\"twitter:card\" content=\"summary_large_image\" \/>\n<script type=\"application\/ld+json\" class=\"yoast-schema-graph\">{\"@context\":\"https:\/\/schema.org\",\"@graph\":[{\"@type\":\"Organization\",\"@id\":\"https:\/\/www.comercialanma.es\/#organization\",\"name\":\"Comercial Anma\",\"url\":\"https:\/\/www.comercialanma.es\/\",\"sameAs\":[\"https:\/\/www.facebook.com\/AnmaHosteleria\",\"https:\/\/www.instagram.com\/anmahosteleria\/?hl=es\",\"https:\/\/www.youtube.com\/channel\/UCT2nmn08Ntks0hmpZPnDgCA\"],\"logo\":{\"@type\":\"ImageObject\",\"@id\":\"https:\/\/www.comercialanma.es\/#logo\",\"inLanguage\":\"es\",\"url\":\"https:\/\/i2.wp.com\/www.comercialanma.es\/wp-content\/uploads\/2019\/06\/logo-anma-color.png?fit=247%2C101&ssl=1\",\"width\":247,\"height\":101,\"caption\":\"Comercial Anma\"},\"image\":{\"@id\":\"https:\/\/www.comercialanma.es\/#logo\"}},{\"@type\":\"WebSite\",\"@id\":\"https:\/\/www.comercialanma.es\/#website\",\"url\":\"https:\/\/www.comercialanma.es\/\",\"name\":\"Comercial de Hosteleria Anma\",\"description\":\"\",\"publisher\":{\"@id\":\"https:\/\/www.comercialanma.es\/#organization\"},\"potentialAction\":[{\"@type\":\"SearchAction\",\"target\":\"https:\/\/www.comercialanma.es\/?s={search_term_string}\",\"query-input\":\"required name=search_term_string\"}],\"inLanguage\":\"es\"},{\"@type\":\"ImageObject\",\"@id\":\"https:\/\/www.comercialanma.es\/?product=licor-melocoton-rives-70cl#primaryimage\",\"inLanguage\":\"es\",\"url\":\"https:\/\/i2.wp.com\/www.comercialanma.es\/wp-content\/uploads\/2019\/07\/Licor-Rives-Melocoton.jpg?fit=1200%2C1200&ssl=1\",\"width\":1200,\"height\":1200},{\"@type\":\"WebPage\",\"@id\":\"https:\/\/www.comercialanma.es\/?product=licor-melocoton-rives-70cl#webpage\",\"url\":\"https:\/\/www.comercialanma.es\/?product=licor-melocoton-rives-70cl\",\"name\":\"Licor Melocot\\u00f3n Rives 70cl. - Comercial de Hosteleria Anma\",\"isPartOf\":{\"@id\":\"https:\/\/www.comercialanma.es\/#website\"},\"primaryImageOfPage\":{\"@id\":\"https:\/\/www.comercialanma.es\/?product=licor-melocoton-rives-70cl#primaryimage\"},\"datePublished\":\"2019-07-16T10:30:58+00:00\",\"dateModified\":\"2019-07-16T10:37:24+00:00\",\"breadcrumb\":{\"@id\":\"https:\/\/www.comercialanma.es\/?product=licor-melocoton-rives-70cl#breadcrumb\"},\"inLanguage\":\"es\",\"potentialAction\":[{\"@type\":\"ReadAction\",\"target\":[\"https:\/\/www.comercialanma.es\/?product=licor-melocoton-rives-70cl\"]}]},{\"@type\":\"BreadcrumbList\",\"@id\":\"https:\/\/www.comercialanma.es\/?product=licor-melocoton-rives-70cl#breadcrumb\",\"itemListElement\":[{\"@type\":\"ListItem\",\"position\":1,\"item\":{\"@type\":\"WebPage\",\"@id\":\"https:\/\/www.comercialanma.es\/\",\"url\":\"https:\/\/www.comercialanma.es\/\",\"name\":\"Portada\"}},{\"@type\":\"ListItem\",\"position\":2,\"item\":{\"@type\":\"WebPage\",\"@id\":\"https:\/\/www.comercialanma.es\/?page_id=3963\",\"url\":\"https:\/\/www.comercialanma.es\/?page_id=3963\",\"name\":\"Cat\\u00e1logo de Productos\"}},{\"@type\":\"ListItem\",\"position\":3,\"item\":{\"@type\":\"WebPage\",\"@id\":\"https:\/\/www.comercialanma.es\/?product=licor-melocoton-rives-70cl\",\"url\":\"https:\/\/www.comercialanma.es\/?product=licor-melocoton-rives-70cl\",\"name\":\"Licor Melocot\\u00f3n Rives 70cl.\"}}]}]}<\/script>\n<!-- \/ Yoast SEO plugin. -->","_links":{"self":[{"href":"https:\/\/www.comercialanma.es\/index.php?rest_route=\/wp\/v2\/product\/8258"}],"collection":[{"href":"https:\/\/www.comercialanma.es\/index.php?rest_route=\/wp\/v2\/product"}],"about":[{"href":"https:\/\/www.comercialanma.es\/index.php?rest_route=\/wp\/v2\/types\/product"}],"version-history":[{"count":1,"href":"https:\/\/www.comercialanma.es\/index.php?rest_route=\/wp\/v2\/product\/8258\/revisions"}],"predecessor-version":[{"id":8260,"href":"https:\/\/www.comercialanma.es\/index.php?rest_route=\/wp\/v2\/product\/8258\/revisions\/8260"}],"wp:featuredmedia":[{"embeddable":true,"href":"https:\/\/www.comercialanma.es\/index.php?rest_route=\/wp\/v2\/media\/8259"}],"wp:attachment":[{"href":"https:\/\/www.comercialanma.es\/index.php?rest_route=%2Fwp%2Fv2%2Fmedia&parent=8258"}],"curies":[{"name":"wp","href":"https:\/\/api.w.org\/{rel}","templated":true}]}}