
{"id":8404,"date":"2019-07-17T12:54:18","date_gmt":"2019-07-17T10:54:18","guid":{"rendered":"http:\/\/www.comercialanma.es\/?post_type=product&#038;p=8404"},"modified":"2019-07-17T12:59:23","modified_gmt":"2019-07-17T10:59:23","slug":"cassis-bardinet-70cl","status":"publish","type":"product","link":"https:\/\/www.comercialanma.es\/?product=cassis-bardinet-70cl","title":{"rendered":"Cassis Bardinet 70cl."},"content":{"rendered":"<h3>Nota de cata:<\/h3>\n<ul>\n<li>A la vista, Bardinet Cassis de Dijon muestra tonos rojo intensos.<\/li>\n<li>Al paladar es cremoso, de sabor dulce. Se suele utilizar en cocteler\u00eda, sobre todo para elaborar el famoso c\u00f3ctel Kir o Kir Royale.<\/li>\n<li>Se aconseja guardarlo alejado de la luz, para evitar su r\u00e1pida oxidaci\u00f3n, y una vez abierto, se debe conservar en el frigor\u00edfico y consumirlo en 12 meses.<\/li>\n<li>Graduaci\u00f3n: 18%.<\/li>\n<\/ul>\n","protected":false},"excerpt":{"rendered":"<p>Cassis Bardinet es un licor dulce y cremoso de color rojo, elaborado con grosellas negras originarias de la regi\u00f3n francesa de Borgo\u00f1a, que se utiliza como base para numerosos c\u00f3cteles y combinados. Sobre todo, es el ingrediente fundamental del c\u00f3ctel Kir. Lo elabora el Grupo Bardinet, cuyos or\u00edgenes se encuentran en 1857, con la creaci\u00f3n de la marca de Ron Negrita, el pilar b\u00e1sico del grupo. Actualmente distribuye variados productos de alta calidad.<\/p>\n","protected":false},"featured_media":8405,"template":"","meta":{"spay_email":""},"yoast_head":"<!-- This site is optimized with the Yoast SEO plugin v15.9 - https:\/\/yoast.com\/wordpress\/plugins\/seo\/ -->\n<title>Cassis Bardinet 70cl. - Comercial de Hosteleria Anma<\/title>\n<meta name=\"robots\" content=\"index, follow, max-snippet:-1, max-image-preview:large, max-video-preview:-1\" \/>\n<link rel=\"canonical\" href=\"https:\/\/www.comercialanma.es\/?product=cassis-bardinet-70cl\" \/>\n<meta property=\"og:locale\" content=\"es_ES\" \/>\n<meta property=\"og:type\" content=\"article\" \/>\n<meta property=\"og:title\" content=\"Cassis Bardinet 70cl. - Comercial de Hosteleria Anma\" \/>\n<meta property=\"og:description\" content=\"Cassis Bardinet es un licor dulce y cremoso de color rojo, elaborado con grosellas negras originarias de la regi\u00f3n francesa de Borgo\u00f1a, que se utiliza como base para numerosos c\u00f3cteles y combinados. Sobre todo, es el ingrediente fundamental del c\u00f3ctel Kir. Lo elabora el Grupo Bardinet, cuyos or\u00edgenes se encuentran en 1857, con la creaci\u00f3n de la marca de Ron Negrita, el pilar b\u00e1sico del grupo. Actualmente distribuye variados productos de alta calidad.\" \/>\n<meta property=\"og:url\" content=\"https:\/\/www.comercialanma.es\/?product=cassis-bardinet-70cl\" \/>\n<meta property=\"og:site_name\" content=\"Comercial de Hosteleria Anma\" \/>\n<meta property=\"article:publisher\" content=\"https:\/\/www.facebook.com\/AnmaHosteleria\" \/>\n<meta property=\"article:modified_time\" content=\"2019-07-17T10:59:23+00:00\" \/>\n<meta property=\"og:image\" content=\"https:\/\/i0.wp.com\/www.comercialanma.es\/wp-content\/uploads\/2019\/07\/Licor-de-cassis-Bardinet.jpg?fit=1200%2C1200&#038;ssl=1\" \/>\n\t<meta property=\"og:image:width\" content=\"1200\" \/>\n\t<meta property=\"og:image:height\" content=\"1200\" \/>\n<meta name=\"twitter:card\" content=\"summary_large_image\" \/>\n<script type=\"application\/ld+json\" class=\"yoast-schema-graph\">{\"@context\":\"https:\/\/schema.org\",\"@graph\":[{\"@type\":\"Organization\",\"@id\":\"https:\/\/www.comercialanma.es\/#organization\",\"name\":\"Comercial Anma\",\"url\":\"https:\/\/www.comercialanma.es\/\",\"sameAs\":[\"https:\/\/www.facebook.com\/AnmaHosteleria\",\"https:\/\/www.instagram.com\/anmahosteleria\/?hl=es\",\"https:\/\/www.youtube.com\/channel\/UCT2nmn08Ntks0hmpZPnDgCA\"],\"logo\":{\"@type\":\"ImageObject\",\"@id\":\"https:\/\/www.comercialanma.es\/#logo\",\"inLanguage\":\"es\",\"url\":\"https:\/\/i2.wp.com\/www.comercialanma.es\/wp-content\/uploads\/2019\/06\/logo-anma-color.png?fit=247%2C101&ssl=1\",\"width\":247,\"height\":101,\"caption\":\"Comercial Anma\"},\"image\":{\"@id\":\"https:\/\/www.comercialanma.es\/#logo\"}},{\"@type\":\"WebSite\",\"@id\":\"https:\/\/www.comercialanma.es\/#website\",\"url\":\"https:\/\/www.comercialanma.es\/\",\"name\":\"Comercial de Hosteleria Anma\",\"description\":\"\",\"publisher\":{\"@id\":\"https:\/\/www.comercialanma.es\/#organization\"},\"potentialAction\":[{\"@type\":\"SearchAction\",\"target\":\"https:\/\/www.comercialanma.es\/?s={search_term_string}\",\"query-input\":\"required name=search_term_string\"}],\"inLanguage\":\"es\"},{\"@type\":\"ImageObject\",\"@id\":\"https:\/\/www.comercialanma.es\/?product=cassis-bardinet-70cl#primaryimage\",\"inLanguage\":\"es\",\"url\":\"https:\/\/i0.wp.com\/www.comercialanma.es\/wp-content\/uploads\/2019\/07\/Licor-de-cassis-Bardinet.jpg?fit=1200%2C1200&ssl=1\",\"width\":1200,\"height\":1200},{\"@type\":\"WebPage\",\"@id\":\"https:\/\/www.comercialanma.es\/?product=cassis-bardinet-70cl#webpage\",\"url\":\"https:\/\/www.comercialanma.es\/?product=cassis-bardinet-70cl\",\"name\":\"Cassis Bardinet 70cl. - Comercial de Hosteleria Anma\",\"isPartOf\":{\"@id\":\"https:\/\/www.comercialanma.es\/#website\"},\"primaryImageOfPage\":{\"@id\":\"https:\/\/www.comercialanma.es\/?product=cassis-bardinet-70cl#primaryimage\"},\"datePublished\":\"2019-07-17T10:54:18+00:00\",\"dateModified\":\"2019-07-17T10:59:23+00:00\",\"breadcrumb\":{\"@id\":\"https:\/\/www.comercialanma.es\/?product=cassis-bardinet-70cl#breadcrumb\"},\"inLanguage\":\"es\",\"potentialAction\":[{\"@type\":\"ReadAction\",\"target\":[\"https:\/\/www.comercialanma.es\/?product=cassis-bardinet-70cl\"]}]},{\"@type\":\"BreadcrumbList\",\"@id\":\"https:\/\/www.comercialanma.es\/?product=cassis-bardinet-70cl#breadcrumb\",\"itemListElement\":[{\"@type\":\"ListItem\",\"position\":1,\"item\":{\"@type\":\"WebPage\",\"@id\":\"https:\/\/www.comercialanma.es\/\",\"url\":\"https:\/\/www.comercialanma.es\/\",\"name\":\"Portada\"}},{\"@type\":\"ListItem\",\"position\":2,\"item\":{\"@type\":\"WebPage\",\"@id\":\"https:\/\/www.comercialanma.es\/?page_id=3963\",\"url\":\"https:\/\/www.comercialanma.es\/?page_id=3963\",\"name\":\"Cat\\u00e1logo de Productos\"}},{\"@type\":\"ListItem\",\"position\":3,\"item\":{\"@type\":\"WebPage\",\"@id\":\"https:\/\/www.comercialanma.es\/?product=cassis-bardinet-70cl\",\"url\":\"https:\/\/www.comercialanma.es\/?product=cassis-bardinet-70cl\",\"name\":\"Cassis Bardinet 70cl.\"}}]}]}<\/script>\n<!-- \/ Yoast SEO plugin. -->","_links":{"self":[{"href":"https:\/\/www.comercialanma.es\/index.php?rest_route=\/wp\/v2\/product\/8404"}],"collection":[{"href":"https:\/\/www.comercialanma.es\/index.php?rest_route=\/wp\/v2\/product"}],"about":[{"href":"https:\/\/www.comercialanma.es\/index.php?rest_route=\/wp\/v2\/types\/product"}],"version-history":[{"count":1,"href":"https:\/\/www.comercialanma.es\/index.php?rest_route=\/wp\/v2\/product\/8404\/revisions"}],"predecessor-version":[{"id":8406,"href":"https:\/\/www.comercialanma.es\/index.php?rest_route=\/wp\/v2\/product\/8404\/revisions\/8406"}],"wp:featuredmedia":[{"embeddable":true,"href":"https:\/\/www.comercialanma.es\/index.php?rest_route=\/wp\/v2\/media\/8405"}],"wp:attachment":[{"href":"https:\/\/www.comercialanma.es\/index.php?rest_route=%2Fwp%2Fv2%2Fmedia&parent=8404"}],"curies":[{"name":"wp","href":"https:\/\/api.w.org\/{rel}","templated":true}]}}