
{"id":8407,"date":"2019-07-17T12:59:30","date_gmt":"2019-07-17T10:59:30","guid":{"rendered":"http:\/\/www.comercialanma.es\/?post_type=product&#038;p=8407"},"modified":"2019-07-17T13:04:20","modified_gmt":"2019-07-17T11:04:20","slug":"cassis-creme-de-kuyper-70cl","status":"publish","type":"product","link":"https:\/\/www.comercialanma.es\/?product=cassis-creme-de-kuyper-70cl","title":{"rendered":"Cassis Cr\u00e8me De Kuyper 70cl."},"content":{"rendered":"<h3>Nota de cata:<\/h3>\n<ul>\n<li>A la vista, De Kuyper Blackcurrant Liqueur muestra tonos rojo oscuro.<\/li>\n<li>Al olfato desprende aromas intensos a grosellas negras. Al paladar es frutal, con notas herbales.<\/li>\n<li>Se trata de un licor fundamental en cocteler\u00eda, utilizado especialmente para preparar c\u00f3cteles como Kir Royal, Arnaud o El Diablo.<\/li>\n<li>Graduaci\u00f3n: 15%.<\/li>\n<\/ul>\n","protected":false},"excerpt":{"rendered":"<p>Dekuyper Creme de Cassis es un licor cremoso elaborado con extractos de grosella negra europea, mezclado con jugos de frutas. Este licor posee una larga historia, pues ya exist\u00eda en el siglo XVI, \u00e9poca en la que se utilizaba como ant\u00eddoto para la mordedura de serpiente. Desde entonces, la receta se ha refinado sin perder su sabor tan caracter\u00edstico. Su color rojo es natural, pues no contiene colorantes. Pertenece a De Kuyper Royal Distillers, destiler\u00eda familiar holandesa fundada en 1695.<\/p>\n","protected":false},"featured_media":8408,"template":"","meta":{"spay_email":""},"yoast_head":"<!-- This site is optimized with the Yoast SEO plugin v15.9 - https:\/\/yoast.com\/wordpress\/plugins\/seo\/ -->\n<title>Cassis Cr\u00e8me De Kuyper 70cl. - Comercial de Hosteleria Anma<\/title>\n<meta name=\"robots\" content=\"index, follow, max-snippet:-1, max-image-preview:large, max-video-preview:-1\" \/>\n<link rel=\"canonical\" href=\"https:\/\/www.comercialanma.es\/?product=cassis-creme-de-kuyper-70cl\" \/>\n<meta property=\"og:locale\" content=\"es_ES\" \/>\n<meta property=\"og:type\" content=\"article\" \/>\n<meta property=\"og:title\" content=\"Cassis Cr\u00e8me De Kuyper 70cl. - Comercial de Hosteleria Anma\" \/>\n<meta property=\"og:description\" content=\"Dekuyper Creme de Cassis es un licor cremoso elaborado con extractos de grosella negra europea, mezclado con jugos de frutas. Este licor posee una larga historia, pues ya exist\u00eda en el siglo XVI, \u00e9poca en la que se utilizaba como ant\u00eddoto para la mordedura de serpiente. Desde entonces, la receta se ha refinado sin perder su sabor tan caracter\u00edstico. Su color rojo es natural, pues no contiene colorantes. Pertenece a De Kuyper Royal Distillers, destiler\u00eda familiar holandesa fundada en 1695.\" \/>\n<meta property=\"og:url\" content=\"https:\/\/www.comercialanma.es\/?product=cassis-creme-de-kuyper-70cl\" \/>\n<meta property=\"og:site_name\" content=\"Comercial de Hosteleria Anma\" \/>\n<meta property=\"article:publisher\" content=\"https:\/\/www.facebook.com\/AnmaHosteleria\" \/>\n<meta property=\"article:modified_time\" content=\"2019-07-17T11:04:20+00:00\" \/>\n<meta property=\"og:image\" content=\"https:\/\/i2.wp.com\/www.comercialanma.es\/wp-content\/uploads\/2019\/07\/Cassis-De-Kuyper.jpg?fit=1200%2C1200&#038;ssl=1\" \/>\n\t<meta property=\"og:image:width\" content=\"1200\" \/>\n\t<meta property=\"og:image:height\" content=\"1200\" \/>\n<meta name=\"twitter:card\" content=\"summary_large_image\" \/>\n<script type=\"application\/ld+json\" class=\"yoast-schema-graph\">{\"@context\":\"https:\/\/schema.org\",\"@graph\":[{\"@type\":\"Organization\",\"@id\":\"https:\/\/www.comercialanma.es\/#organization\",\"name\":\"Comercial Anma\",\"url\":\"https:\/\/www.comercialanma.es\/\",\"sameAs\":[\"https:\/\/www.facebook.com\/AnmaHosteleria\",\"https:\/\/www.instagram.com\/anmahosteleria\/?hl=es\",\"https:\/\/www.youtube.com\/channel\/UCT2nmn08Ntks0hmpZPnDgCA\"],\"logo\":{\"@type\":\"ImageObject\",\"@id\":\"https:\/\/www.comercialanma.es\/#logo\",\"inLanguage\":\"es\",\"url\":\"https:\/\/i2.wp.com\/www.comercialanma.es\/wp-content\/uploads\/2019\/06\/logo-anma-color.png?fit=247%2C101&ssl=1\",\"width\":247,\"height\":101,\"caption\":\"Comercial Anma\"},\"image\":{\"@id\":\"https:\/\/www.comercialanma.es\/#logo\"}},{\"@type\":\"WebSite\",\"@id\":\"https:\/\/www.comercialanma.es\/#website\",\"url\":\"https:\/\/www.comercialanma.es\/\",\"name\":\"Comercial de Hosteleria Anma\",\"description\":\"\",\"publisher\":{\"@id\":\"https:\/\/www.comercialanma.es\/#organization\"},\"potentialAction\":[{\"@type\":\"SearchAction\",\"target\":\"https:\/\/www.comercialanma.es\/?s={search_term_string}\",\"query-input\":\"required name=search_term_string\"}],\"inLanguage\":\"es\"},{\"@type\":\"ImageObject\",\"@id\":\"https:\/\/www.comercialanma.es\/?product=cassis-creme-de-kuyper-70cl#primaryimage\",\"inLanguage\":\"es\",\"url\":\"https:\/\/i2.wp.com\/www.comercialanma.es\/wp-content\/uploads\/2019\/07\/Cassis-De-Kuyper.jpg?fit=1200%2C1200&ssl=1\",\"width\":1200,\"height\":1200},{\"@type\":\"WebPage\",\"@id\":\"https:\/\/www.comercialanma.es\/?product=cassis-creme-de-kuyper-70cl#webpage\",\"url\":\"https:\/\/www.comercialanma.es\/?product=cassis-creme-de-kuyper-70cl\",\"name\":\"Cassis Cr\\u00e8me De Kuyper 70cl. - Comercial de Hosteleria Anma\",\"isPartOf\":{\"@id\":\"https:\/\/www.comercialanma.es\/#website\"},\"primaryImageOfPage\":{\"@id\":\"https:\/\/www.comercialanma.es\/?product=cassis-creme-de-kuyper-70cl#primaryimage\"},\"datePublished\":\"2019-07-17T10:59:30+00:00\",\"dateModified\":\"2019-07-17T11:04:20+00:00\",\"breadcrumb\":{\"@id\":\"https:\/\/www.comercialanma.es\/?product=cassis-creme-de-kuyper-70cl#breadcrumb\"},\"inLanguage\":\"es\",\"potentialAction\":[{\"@type\":\"ReadAction\",\"target\":[\"https:\/\/www.comercialanma.es\/?product=cassis-creme-de-kuyper-70cl\"]}]},{\"@type\":\"BreadcrumbList\",\"@id\":\"https:\/\/www.comercialanma.es\/?product=cassis-creme-de-kuyper-70cl#breadcrumb\",\"itemListElement\":[{\"@type\":\"ListItem\",\"position\":1,\"item\":{\"@type\":\"WebPage\",\"@id\":\"https:\/\/www.comercialanma.es\/\",\"url\":\"https:\/\/www.comercialanma.es\/\",\"name\":\"Portada\"}},{\"@type\":\"ListItem\",\"position\":2,\"item\":{\"@type\":\"WebPage\",\"@id\":\"https:\/\/www.comercialanma.es\/?page_id=3963\",\"url\":\"https:\/\/www.comercialanma.es\/?page_id=3963\",\"name\":\"Cat\\u00e1logo de Productos\"}},{\"@type\":\"ListItem\",\"position\":3,\"item\":{\"@type\":\"WebPage\",\"@id\":\"https:\/\/www.comercialanma.es\/?product=cassis-creme-de-kuyper-70cl\",\"url\":\"https:\/\/www.comercialanma.es\/?product=cassis-creme-de-kuyper-70cl\",\"name\":\"Cassis Cr\\u00e8me De Kuyper 70cl.\"}}]}]}<\/script>\n<!-- \/ Yoast SEO plugin. -->","_links":{"self":[{"href":"https:\/\/www.comercialanma.es\/index.php?rest_route=\/wp\/v2\/product\/8407"}],"collection":[{"href":"https:\/\/www.comercialanma.es\/index.php?rest_route=\/wp\/v2\/product"}],"about":[{"href":"https:\/\/www.comercialanma.es\/index.php?rest_route=\/wp\/v2\/types\/product"}],"version-history":[{"count":1,"href":"https:\/\/www.comercialanma.es\/index.php?rest_route=\/wp\/v2\/product\/8407\/revisions"}],"predecessor-version":[{"id":8409,"href":"https:\/\/www.comercialanma.es\/index.php?rest_route=\/wp\/v2\/product\/8407\/revisions\/8409"}],"wp:featuredmedia":[{"embeddable":true,"href":"https:\/\/www.comercialanma.es\/index.php?rest_route=\/wp\/v2\/media\/8408"}],"wp:attachment":[{"href":"https:\/\/www.comercialanma.es\/index.php?rest_route=%2Fwp%2Fv2%2Fmedia&parent=8407"}],"curies":[{"name":"wp","href":"https:\/\/api.w.org\/{rel}","templated":true}]}}