
{"id":8428,"date":"2019-07-17T16:14:30","date_gmt":"2019-07-17T14:14:30","guid":{"rendered":"http:\/\/www.comercialanma.es\/?post_type=product&#038;p=8428"},"modified":"2019-07-17T16:21:26","modified_gmt":"2019-07-17T14:21:26","slug":"passion-fruit-de-kuyper-70cl","status":"publish","type":"product","link":"https:\/\/www.comercialanma.es\/?product=passion-fruit-de-kuyper-70cl","title":{"rendered":"Passion Fruit De Kuyper 70cl."},"content":{"rendered":"<h3>Nota de cata:<\/h3>\n<ul>\n<li>A la vista, De Kuyper Passion Fruit Liqueur presenta tonos dorados.<\/li>\n<li>Al paladar es fresco y redondo, con sabor frutal.<\/li>\n<li>Se recomienda utilizarla para elaborar diferentes c\u00f3cteles, tales como Pornstar Martini.<\/li>\n<li>Graduaci\u00f3n: 20 grados de alcohol.<\/li>\n<\/ul>\n","protected":false},"excerpt":{"rendered":"<p>Dekuyper Passion Fruit es un licor de calidad Premium con sabor tropical que se elabora con fruta de la pasi\u00f3n, tambi\u00e9n llamada maracuy\u00e1, adem\u00e1s de naranja y pomelo. Pertenece a De Kuyper Royal Distillers, una empresa familiar holandesa fundada en 1695. En sus m\u00e1s de 300 a\u00f1os de historia se han convertido en uno de los principales productores de licores de gran calidad y productos de cocteler\u00eda del mundo.<\/p>\n","protected":false},"featured_media":8429,"template":"","meta":{"spay_email":""},"yoast_head":"<!-- This site is optimized with the Yoast SEO plugin v15.9 - https:\/\/yoast.com\/wordpress\/plugins\/seo\/ -->\n<title>Passion Fruit De Kuyper 70cl. - Comercial de Hosteleria Anma<\/title>\n<meta name=\"robots\" content=\"index, follow, max-snippet:-1, max-image-preview:large, max-video-preview:-1\" \/>\n<link rel=\"canonical\" href=\"https:\/\/www.comercialanma.es\/?product=passion-fruit-de-kuyper-70cl\" \/>\n<meta property=\"og:locale\" content=\"es_ES\" \/>\n<meta property=\"og:type\" content=\"article\" \/>\n<meta property=\"og:title\" content=\"Passion Fruit De Kuyper 70cl. - Comercial de Hosteleria Anma\" \/>\n<meta property=\"og:description\" content=\"Dekuyper Passion Fruit es un licor de calidad Premium con sabor tropical que se elabora con fruta de la pasi\u00f3n, tambi\u00e9n llamada maracuy\u00e1, adem\u00e1s de naranja y pomelo. Pertenece a De Kuyper Royal Distillers, una empresa familiar holandesa fundada en 1695. En sus m\u00e1s de 300 a\u00f1os de historia se han convertido en uno de los principales productores de licores de gran calidad y productos de cocteler\u00eda del mundo.\" \/>\n<meta property=\"og:url\" content=\"https:\/\/www.comercialanma.es\/?product=passion-fruit-de-kuyper-70cl\" \/>\n<meta property=\"og:site_name\" content=\"Comercial de Hosteleria Anma\" \/>\n<meta property=\"article:publisher\" content=\"https:\/\/www.facebook.com\/AnmaHosteleria\" \/>\n<meta property=\"article:modified_time\" content=\"2019-07-17T14:21:26+00:00\" \/>\n<meta property=\"og:image\" content=\"https:\/\/i2.wp.com\/www.comercialanma.es\/wp-content\/uploads\/2019\/07\/Licor-maracuya-Passion-Fruit-De-Kuyper.jpg?fit=1200%2C1200&#038;ssl=1\" \/>\n\t<meta property=\"og:image:width\" content=\"1200\" \/>\n\t<meta property=\"og:image:height\" content=\"1200\" \/>\n<meta name=\"twitter:card\" content=\"summary_large_image\" \/>\n<script type=\"application\/ld+json\" class=\"yoast-schema-graph\">{\"@context\":\"https:\/\/schema.org\",\"@graph\":[{\"@type\":\"Organization\",\"@id\":\"https:\/\/www.comercialanma.es\/#organization\",\"name\":\"Comercial Anma\",\"url\":\"https:\/\/www.comercialanma.es\/\",\"sameAs\":[\"https:\/\/www.facebook.com\/AnmaHosteleria\",\"https:\/\/www.instagram.com\/anmahosteleria\/?hl=es\",\"https:\/\/www.youtube.com\/channel\/UCT2nmn08Ntks0hmpZPnDgCA\"],\"logo\":{\"@type\":\"ImageObject\",\"@id\":\"https:\/\/www.comercialanma.es\/#logo\",\"inLanguage\":\"es\",\"url\":\"https:\/\/i2.wp.com\/www.comercialanma.es\/wp-content\/uploads\/2019\/06\/logo-anma-color.png?fit=247%2C101&ssl=1\",\"width\":247,\"height\":101,\"caption\":\"Comercial Anma\"},\"image\":{\"@id\":\"https:\/\/www.comercialanma.es\/#logo\"}},{\"@type\":\"WebSite\",\"@id\":\"https:\/\/www.comercialanma.es\/#website\",\"url\":\"https:\/\/www.comercialanma.es\/\",\"name\":\"Comercial de Hosteleria Anma\",\"description\":\"\",\"publisher\":{\"@id\":\"https:\/\/www.comercialanma.es\/#organization\"},\"potentialAction\":[{\"@type\":\"SearchAction\",\"target\":\"https:\/\/www.comercialanma.es\/?s={search_term_string}\",\"query-input\":\"required name=search_term_string\"}],\"inLanguage\":\"es\"},{\"@type\":\"ImageObject\",\"@id\":\"https:\/\/www.comercialanma.es\/?product=passion-fruit-de-kuyper-70cl#primaryimage\",\"inLanguage\":\"es\",\"url\":\"https:\/\/i2.wp.com\/www.comercialanma.es\/wp-content\/uploads\/2019\/07\/Licor-maracuya-Passion-Fruit-De-Kuyper.jpg?fit=1200%2C1200&ssl=1\",\"width\":1200,\"height\":1200},{\"@type\":\"WebPage\",\"@id\":\"https:\/\/www.comercialanma.es\/?product=passion-fruit-de-kuyper-70cl#webpage\",\"url\":\"https:\/\/www.comercialanma.es\/?product=passion-fruit-de-kuyper-70cl\",\"name\":\"Passion Fruit De Kuyper 70cl. - Comercial de Hosteleria Anma\",\"isPartOf\":{\"@id\":\"https:\/\/www.comercialanma.es\/#website\"},\"primaryImageOfPage\":{\"@id\":\"https:\/\/www.comercialanma.es\/?product=passion-fruit-de-kuyper-70cl#primaryimage\"},\"datePublished\":\"2019-07-17T14:14:30+00:00\",\"dateModified\":\"2019-07-17T14:21:26+00:00\",\"breadcrumb\":{\"@id\":\"https:\/\/www.comercialanma.es\/?product=passion-fruit-de-kuyper-70cl#breadcrumb\"},\"inLanguage\":\"es\",\"potentialAction\":[{\"@type\":\"ReadAction\",\"target\":[\"https:\/\/www.comercialanma.es\/?product=passion-fruit-de-kuyper-70cl\"]}]},{\"@type\":\"BreadcrumbList\",\"@id\":\"https:\/\/www.comercialanma.es\/?product=passion-fruit-de-kuyper-70cl#breadcrumb\",\"itemListElement\":[{\"@type\":\"ListItem\",\"position\":1,\"item\":{\"@type\":\"WebPage\",\"@id\":\"https:\/\/www.comercialanma.es\/\",\"url\":\"https:\/\/www.comercialanma.es\/\",\"name\":\"Portada\"}},{\"@type\":\"ListItem\",\"position\":2,\"item\":{\"@type\":\"WebPage\",\"@id\":\"https:\/\/www.comercialanma.es\/?page_id=3963\",\"url\":\"https:\/\/www.comercialanma.es\/?page_id=3963\",\"name\":\"Cat\\u00e1logo de Productos\"}},{\"@type\":\"ListItem\",\"position\":3,\"item\":{\"@type\":\"WebPage\",\"@id\":\"https:\/\/www.comercialanma.es\/?product=passion-fruit-de-kuyper-70cl\",\"url\":\"https:\/\/www.comercialanma.es\/?product=passion-fruit-de-kuyper-70cl\",\"name\":\"Passion Fruit De Kuyper 70cl.\"}}]}]}<\/script>\n<!-- \/ Yoast SEO plugin. -->","_links":{"self":[{"href":"https:\/\/www.comercialanma.es\/index.php?rest_route=\/wp\/v2\/product\/8428"}],"collection":[{"href":"https:\/\/www.comercialanma.es\/index.php?rest_route=\/wp\/v2\/product"}],"about":[{"href":"https:\/\/www.comercialanma.es\/index.php?rest_route=\/wp\/v2\/types\/product"}],"version-history":[{"count":1,"href":"https:\/\/www.comercialanma.es\/index.php?rest_route=\/wp\/v2\/product\/8428\/revisions"}],"predecessor-version":[{"id":8430,"href":"https:\/\/www.comercialanma.es\/index.php?rest_route=\/wp\/v2\/product\/8428\/revisions\/8430"}],"wp:featuredmedia":[{"embeddable":true,"href":"https:\/\/www.comercialanma.es\/index.php?rest_route=\/wp\/v2\/media\/8429"}],"wp:attachment":[{"href":"https:\/\/www.comercialanma.es\/index.php?rest_route=%2Fwp%2Fv2%2Fmedia&parent=8428"}],"curies":[{"name":"wp","href":"https:\/\/api.w.org\/{rel}","templated":true}]}}