
{"id":8431,"date":"2019-07-17T16:22:24","date_gmt":"2019-07-17T14:22:24","guid":{"rendered":"http:\/\/www.comercialanma.es\/?post_type=product&#038;p=8431"},"modified":"2019-07-17T16:25:46","modified_gmt":"2019-07-17T14:25:46","slug":"watermelon-de-kuyper-70cl","status":"publish","type":"product","link":"https:\/\/www.comercialanma.es\/?product=watermelon-de-kuyper-70cl","title":{"rendered":"Watermelon De Kuyper 70cl."},"content":{"rendered":"<h3>Nota de cata:<\/h3>\n<ul>\n<li>A la vista, De Kuyper Passion Fruit Liqueur presenta tonos dorados.<\/li>\n<li>Al paladar es fresco y redondo, con sabor frutal.<\/li>\n<li>Se recomienda utilizarla para elaborar diferentes c\u00f3cteles, tales como Pornstar Martini.<\/li>\n<li>Graduaci\u00f3n: 20 grados de alcohol.<\/li>\n<\/ul>\n","protected":false},"excerpt":{"rendered":"<p>Dekuyper Watermelon es un licor de sand\u00eda que contiene todo el aroma y sabor de esta fruta veraniega en su punto \u00f3ptimo de maduraci\u00f3n. Se consigue mediante la maceraci\u00f3n de la fruta en alcohol. Lo elabora De Kuyper Royal Distillers, empresa familiar fundada en 1695 en Holanda. Es una de las empresas m\u00e1s innovadoras e importantes del mundo en la elaboraci\u00f3n de licores y productos de cocteler\u00eda.<\/p>\n","protected":false},"featured_media":8432,"template":"","meta":{"spay_email":""},"yoast_head":"<!-- This site is optimized with the Yoast SEO plugin v15.9 - https:\/\/yoast.com\/wordpress\/plugins\/seo\/ -->\n<title>Watermelon De Kuyper 70cl. - Comercial de Hosteleria Anma<\/title>\n<meta name=\"robots\" content=\"index, follow, max-snippet:-1, max-image-preview:large, max-video-preview:-1\" \/>\n<link rel=\"canonical\" href=\"https:\/\/www.comercialanma.es\/?product=watermelon-de-kuyper-70cl\" \/>\n<meta property=\"og:locale\" content=\"es_ES\" \/>\n<meta property=\"og:type\" content=\"article\" \/>\n<meta property=\"og:title\" content=\"Watermelon De Kuyper 70cl. - Comercial de Hosteleria Anma\" \/>\n<meta property=\"og:description\" content=\"Dekuyper Watermelon es un licor de sand\u00eda que contiene todo el aroma y sabor de esta fruta veraniega en su punto \u00f3ptimo de maduraci\u00f3n. Se consigue mediante la maceraci\u00f3n de la fruta en alcohol. Lo elabora De Kuyper Royal Distillers, empresa familiar fundada en 1695 en Holanda. Es una de las empresas m\u00e1s innovadoras e importantes del mundo en la elaboraci\u00f3n de licores y productos de cocteler\u00eda.\" \/>\n<meta property=\"og:url\" content=\"https:\/\/www.comercialanma.es\/?product=watermelon-de-kuyper-70cl\" \/>\n<meta property=\"og:site_name\" content=\"Comercial de Hosteleria Anma\" \/>\n<meta property=\"article:publisher\" content=\"https:\/\/www.facebook.com\/AnmaHosteleria\" \/>\n<meta property=\"article:modified_time\" content=\"2019-07-17T14:25:46+00:00\" \/>\n<meta property=\"og:image\" content=\"https:\/\/i0.wp.com\/www.comercialanma.es\/wp-content\/uploads\/2019\/07\/Licor-de-sandia-De-Kuyper.jpg?fit=1200%2C1200&#038;ssl=1\" \/>\n\t<meta property=\"og:image:width\" content=\"1200\" \/>\n\t<meta property=\"og:image:height\" content=\"1200\" \/>\n<meta name=\"twitter:card\" content=\"summary_large_image\" \/>\n<script type=\"application\/ld+json\" class=\"yoast-schema-graph\">{\"@context\":\"https:\/\/schema.org\",\"@graph\":[{\"@type\":\"Organization\",\"@id\":\"https:\/\/www.comercialanma.es\/#organization\",\"name\":\"Comercial Anma\",\"url\":\"https:\/\/www.comercialanma.es\/\",\"sameAs\":[\"https:\/\/www.facebook.com\/AnmaHosteleria\",\"https:\/\/www.instagram.com\/anmahosteleria\/?hl=es\",\"https:\/\/www.youtube.com\/channel\/UCT2nmn08Ntks0hmpZPnDgCA\"],\"logo\":{\"@type\":\"ImageObject\",\"@id\":\"https:\/\/www.comercialanma.es\/#logo\",\"inLanguage\":\"es\",\"url\":\"https:\/\/i2.wp.com\/www.comercialanma.es\/wp-content\/uploads\/2019\/06\/logo-anma-color.png?fit=247%2C101&ssl=1\",\"width\":247,\"height\":101,\"caption\":\"Comercial Anma\"},\"image\":{\"@id\":\"https:\/\/www.comercialanma.es\/#logo\"}},{\"@type\":\"WebSite\",\"@id\":\"https:\/\/www.comercialanma.es\/#website\",\"url\":\"https:\/\/www.comercialanma.es\/\",\"name\":\"Comercial de Hosteleria Anma\",\"description\":\"\",\"publisher\":{\"@id\":\"https:\/\/www.comercialanma.es\/#organization\"},\"potentialAction\":[{\"@type\":\"SearchAction\",\"target\":\"https:\/\/www.comercialanma.es\/?s={search_term_string}\",\"query-input\":\"required name=search_term_string\"}],\"inLanguage\":\"es\"},{\"@type\":\"ImageObject\",\"@id\":\"https:\/\/www.comercialanma.es\/?product=watermelon-de-kuyper-70cl#primaryimage\",\"inLanguage\":\"es\",\"url\":\"https:\/\/i0.wp.com\/www.comercialanma.es\/wp-content\/uploads\/2019\/07\/Licor-de-sandia-De-Kuyper.jpg?fit=1200%2C1200&ssl=1\",\"width\":1200,\"height\":1200},{\"@type\":\"WebPage\",\"@id\":\"https:\/\/www.comercialanma.es\/?product=watermelon-de-kuyper-70cl#webpage\",\"url\":\"https:\/\/www.comercialanma.es\/?product=watermelon-de-kuyper-70cl\",\"name\":\"Watermelon De Kuyper 70cl. - Comercial de Hosteleria Anma\",\"isPartOf\":{\"@id\":\"https:\/\/www.comercialanma.es\/#website\"},\"primaryImageOfPage\":{\"@id\":\"https:\/\/www.comercialanma.es\/?product=watermelon-de-kuyper-70cl#primaryimage\"},\"datePublished\":\"2019-07-17T14:22:24+00:00\",\"dateModified\":\"2019-07-17T14:25:46+00:00\",\"breadcrumb\":{\"@id\":\"https:\/\/www.comercialanma.es\/?product=watermelon-de-kuyper-70cl#breadcrumb\"},\"inLanguage\":\"es\",\"potentialAction\":[{\"@type\":\"ReadAction\",\"target\":[\"https:\/\/www.comercialanma.es\/?product=watermelon-de-kuyper-70cl\"]}]},{\"@type\":\"BreadcrumbList\",\"@id\":\"https:\/\/www.comercialanma.es\/?product=watermelon-de-kuyper-70cl#breadcrumb\",\"itemListElement\":[{\"@type\":\"ListItem\",\"position\":1,\"item\":{\"@type\":\"WebPage\",\"@id\":\"https:\/\/www.comercialanma.es\/\",\"url\":\"https:\/\/www.comercialanma.es\/\",\"name\":\"Portada\"}},{\"@type\":\"ListItem\",\"position\":2,\"item\":{\"@type\":\"WebPage\",\"@id\":\"https:\/\/www.comercialanma.es\/?page_id=3963\",\"url\":\"https:\/\/www.comercialanma.es\/?page_id=3963\",\"name\":\"Cat\\u00e1logo de Productos\"}},{\"@type\":\"ListItem\",\"position\":3,\"item\":{\"@type\":\"WebPage\",\"@id\":\"https:\/\/www.comercialanma.es\/?product=watermelon-de-kuyper-70cl\",\"url\":\"https:\/\/www.comercialanma.es\/?product=watermelon-de-kuyper-70cl\",\"name\":\"Watermelon De Kuyper 70cl.\"}}]}]}<\/script>\n<!-- \/ Yoast SEO plugin. -->","_links":{"self":[{"href":"https:\/\/www.comercialanma.es\/index.php?rest_route=\/wp\/v2\/product\/8431"}],"collection":[{"href":"https:\/\/www.comercialanma.es\/index.php?rest_route=\/wp\/v2\/product"}],"about":[{"href":"https:\/\/www.comercialanma.es\/index.php?rest_route=\/wp\/v2\/types\/product"}],"version-history":[{"count":1,"href":"https:\/\/www.comercialanma.es\/index.php?rest_route=\/wp\/v2\/product\/8431\/revisions"}],"predecessor-version":[{"id":8433,"href":"https:\/\/www.comercialanma.es\/index.php?rest_route=\/wp\/v2\/product\/8431\/revisions\/8433"}],"wp:featuredmedia":[{"embeddable":true,"href":"https:\/\/www.comercialanma.es\/index.php?rest_route=\/wp\/v2\/media\/8432"}],"wp:attachment":[{"href":"https:\/\/www.comercialanma.es\/index.php?rest_route=%2Fwp%2Fv2%2Fmedia&parent=8431"}],"curies":[{"name":"wp","href":"https:\/\/api.w.org\/{rel}","templated":true}]}}