
{"id":8475,"date":"2019-07-17T17:55:59","date_gmt":"2019-07-17T15:55:59","guid":{"rendered":"http:\/\/www.comercialanma.es\/?post_type=product&#038;p=8475"},"modified":"2019-07-17T18:00:39","modified_gmt":"2019-07-17T16:00:39","slug":"ron-cacique-70cl","status":"publish","type":"product","link":"https:\/\/www.comercialanma.es\/?product=ron-cacique-70cl","title":{"rendered":"Ron Cacique 70cl."},"content":{"rendered":"<h3>Nota de cata:<\/h3>\n<ul>\n<li>Vista: Ron Cacique tiene un color dorado, brillante.<\/li>\n<li>Nariz: Al igual que en boca, presenta unos aromas equilibrados e intensos.<\/li>\n<li>Boca: Posee un sabor equilibrado e intenso.<\/li>\n<li>Graduaci\u00f3n: 37,5% vol.<\/li>\n<\/ul>\n","protected":false},"excerpt":{"rendered":"<div id=\"short_description_content\">\n<div id=\"short_description_content\">\n<p>Ron Cacique es un ron procedente de Venezuela nacido en 1959. Se decidi\u00f3 darle ese nombre porque en la tradici\u00f3n de las tribus venezolanas, el Cacique era el que ten\u00eda el privilegio de repartir el ron.<\/p>\n<p>El ron Cacique de Venezuela fue l\u00edder en el mercado la d\u00e9cada pasada pero la desbanc\u00f3 sus competidores dominicanos al tener un sabor m\u00e1s dulce y f\u00e1cil.<\/p>\n<\/div>\n<\/div>\n","protected":false},"featured_media":8476,"template":"","meta":{"spay_email":""},"yoast_head":"<!-- This site is optimized with the Yoast SEO plugin v15.9 - https:\/\/yoast.com\/wordpress\/plugins\/seo\/ -->\n<title>Ron Cacique 70cl. - Comercial de Hosteleria Anma<\/title>\n<meta name=\"robots\" content=\"index, follow, max-snippet:-1, max-image-preview:large, max-video-preview:-1\" \/>\n<link rel=\"canonical\" href=\"https:\/\/www.comercialanma.es\/?product=ron-cacique-70cl\" \/>\n<meta property=\"og:locale\" content=\"es_ES\" \/>\n<meta property=\"og:type\" content=\"article\" \/>\n<meta property=\"og:title\" content=\"Ron Cacique 70cl. - Comercial de Hosteleria Anma\" \/>\n<meta property=\"og:description\" content=\"Ron Cacique es un ron procedente de Venezuela nacido en 1959. Se decidi\u00f3 darle ese nombre porque en la tradici\u00f3n de las tribus venezolanas, el Cacique era el que ten\u00eda el privilegio de repartir el ron.  El ron Cacique de Venezuela fue l\u00edder en el mercado la d\u00e9cada pasada pero la desbanc\u00f3 sus competidores dominicanos al tener un sabor m\u00e1s dulce y f\u00e1cil.\" \/>\n<meta property=\"og:url\" content=\"https:\/\/www.comercialanma.es\/?product=ron-cacique-70cl\" \/>\n<meta property=\"og:site_name\" content=\"Comercial de Hosteleria Anma\" \/>\n<meta property=\"article:publisher\" content=\"https:\/\/www.facebook.com\/AnmaHosteleria\" \/>\n<meta property=\"article:modified_time\" content=\"2019-07-17T16:00:39+00:00\" \/>\n<meta property=\"og:image\" content=\"https:\/\/i2.wp.com\/www.comercialanma.es\/wp-content\/uploads\/2019\/07\/Ron-Cacique.jpg?fit=1200%2C1200&#038;ssl=1\" \/>\n\t<meta property=\"og:image:width\" content=\"1200\" \/>\n\t<meta property=\"og:image:height\" content=\"1200\" \/>\n<meta name=\"twitter:card\" content=\"summary_large_image\" \/>\n<script type=\"application\/ld+json\" class=\"yoast-schema-graph\">{\"@context\":\"https:\/\/schema.org\",\"@graph\":[{\"@type\":\"Organization\",\"@id\":\"https:\/\/www.comercialanma.es\/#organization\",\"name\":\"Comercial Anma\",\"url\":\"https:\/\/www.comercialanma.es\/\",\"sameAs\":[\"https:\/\/www.facebook.com\/AnmaHosteleria\",\"https:\/\/www.instagram.com\/anmahosteleria\/?hl=es\",\"https:\/\/www.youtube.com\/channel\/UCT2nmn08Ntks0hmpZPnDgCA\"],\"logo\":{\"@type\":\"ImageObject\",\"@id\":\"https:\/\/www.comercialanma.es\/#logo\",\"inLanguage\":\"es\",\"url\":\"https:\/\/i2.wp.com\/www.comercialanma.es\/wp-content\/uploads\/2019\/06\/logo-anma-color.png?fit=247%2C101&ssl=1\",\"width\":247,\"height\":101,\"caption\":\"Comercial Anma\"},\"image\":{\"@id\":\"https:\/\/www.comercialanma.es\/#logo\"}},{\"@type\":\"WebSite\",\"@id\":\"https:\/\/www.comercialanma.es\/#website\",\"url\":\"https:\/\/www.comercialanma.es\/\",\"name\":\"Comercial de Hosteleria Anma\",\"description\":\"\",\"publisher\":{\"@id\":\"https:\/\/www.comercialanma.es\/#organization\"},\"potentialAction\":[{\"@type\":\"SearchAction\",\"target\":\"https:\/\/www.comercialanma.es\/?s={search_term_string}\",\"query-input\":\"required name=search_term_string\"}],\"inLanguage\":\"es\"},{\"@type\":\"ImageObject\",\"@id\":\"https:\/\/www.comercialanma.es\/?product=ron-cacique-70cl#primaryimage\",\"inLanguage\":\"es\",\"url\":\"https:\/\/i2.wp.com\/www.comercialanma.es\/wp-content\/uploads\/2019\/07\/Ron-Cacique.jpg?fit=1200%2C1200&ssl=1\",\"width\":1200,\"height\":1200},{\"@type\":\"WebPage\",\"@id\":\"https:\/\/www.comercialanma.es\/?product=ron-cacique-70cl#webpage\",\"url\":\"https:\/\/www.comercialanma.es\/?product=ron-cacique-70cl\",\"name\":\"Ron Cacique 70cl. - Comercial de Hosteleria Anma\",\"isPartOf\":{\"@id\":\"https:\/\/www.comercialanma.es\/#website\"},\"primaryImageOfPage\":{\"@id\":\"https:\/\/www.comercialanma.es\/?product=ron-cacique-70cl#primaryimage\"},\"datePublished\":\"2019-07-17T15:55:59+00:00\",\"dateModified\":\"2019-07-17T16:00:39+00:00\",\"breadcrumb\":{\"@id\":\"https:\/\/www.comercialanma.es\/?product=ron-cacique-70cl#breadcrumb\"},\"inLanguage\":\"es\",\"potentialAction\":[{\"@type\":\"ReadAction\",\"target\":[\"https:\/\/www.comercialanma.es\/?product=ron-cacique-70cl\"]}]},{\"@type\":\"BreadcrumbList\",\"@id\":\"https:\/\/www.comercialanma.es\/?product=ron-cacique-70cl#breadcrumb\",\"itemListElement\":[{\"@type\":\"ListItem\",\"position\":1,\"item\":{\"@type\":\"WebPage\",\"@id\":\"https:\/\/www.comercialanma.es\/\",\"url\":\"https:\/\/www.comercialanma.es\/\",\"name\":\"Portada\"}},{\"@type\":\"ListItem\",\"position\":2,\"item\":{\"@type\":\"WebPage\",\"@id\":\"https:\/\/www.comercialanma.es\/?page_id=3963\",\"url\":\"https:\/\/www.comercialanma.es\/?page_id=3963\",\"name\":\"Cat\\u00e1logo de Productos\"}},{\"@type\":\"ListItem\",\"position\":3,\"item\":{\"@type\":\"WebPage\",\"@id\":\"https:\/\/www.comercialanma.es\/?product=ron-cacique-70cl\",\"url\":\"https:\/\/www.comercialanma.es\/?product=ron-cacique-70cl\",\"name\":\"Ron Cacique 70cl.\"}}]}]}<\/script>\n<!-- \/ Yoast SEO plugin. -->","_links":{"self":[{"href":"https:\/\/www.comercialanma.es\/index.php?rest_route=\/wp\/v2\/product\/8475"}],"collection":[{"href":"https:\/\/www.comercialanma.es\/index.php?rest_route=\/wp\/v2\/product"}],"about":[{"href":"https:\/\/www.comercialanma.es\/index.php?rest_route=\/wp\/v2\/types\/product"}],"version-history":[{"count":1,"href":"https:\/\/www.comercialanma.es\/index.php?rest_route=\/wp\/v2\/product\/8475\/revisions"}],"predecessor-version":[{"id":8477,"href":"https:\/\/www.comercialanma.es\/index.php?rest_route=\/wp\/v2\/product\/8475\/revisions\/8477"}],"wp:featuredmedia":[{"embeddable":true,"href":"https:\/\/www.comercialanma.es\/index.php?rest_route=\/wp\/v2\/media\/8476"}],"wp:attachment":[{"href":"https:\/\/www.comercialanma.es\/index.php?rest_route=%2Fwp%2Fv2%2Fmedia&parent=8475"}],"curies":[{"name":"wp","href":"https:\/\/api.w.org\/{rel}","templated":true}]}}