
{"id":8478,"date":"2019-07-18T08:56:02","date_gmt":"2019-07-18T06:56:02","guid":{"rendered":"http:\/\/www.comercialanma.es\/?post_type=product&#038;p=8478"},"modified":"2019-07-18T09:02:39","modified_gmt":"2019-07-18T07:02:39","slug":"ron-cacique-500-70cl","status":"publish","type":"product","link":"https:\/\/www.comercialanma.es\/?product=ron-cacique-500-70cl","title":{"rendered":"Ron Cacique 500 70cl."},"content":{"rendered":"<h3>Nota de cata:<\/h3>\n<ul>\n<li>Vista: El Ron Cacique 500 Extra Viejo Gran Reserva es de color \u00e1mbar, con tonos dorados y de aspecto viscoso.<\/li>\n<li>Nariz: Es\u00a0suave, dulce, con matices de chocolate, caramelo y mantequilla. Se percibe el az\u00facar moreno, algo de vainilla y una peque\u00f1a cantidad de madera de roble.<\/li>\n<li>Boca: Su sabor se inicia con un leve toque a tequila, amargura suave, viscoso y aterciopelado. Se trata de un ron muy dulce.<\/li>\n<li>Graduaci\u00f3n: 40% vol.<\/li>\n<\/ul>\n","protected":false},"excerpt":{"rendered":"<div id=\"short_description_content\">\n<div id=\"short_description_content\">\n<p>Ron Cacique 500 Extra Viejo Gran Reserva es un ron totalmente artesanal hecho de melaza, destilado en alambiques de cobre y envejecido durante ocho a\u00f1os en barricas de roble cuidadosamente seleccionadas.<\/p>\n<p>Tras el proceso de envejecimiento, el maestro destilador escoge del resultado final s\u00f3lo las mejores barricas para el Cacique 500.<\/p>\n<p>Es un ron que se elabora en la selva, por lo tanto, las\u00a0condiciones climatol\u00f3gicas (altas temperaturas por el d\u00eda, bajas por la noche y niveles muy altos de humedad de hasta un 90%) hacen de Hacienda Saruro el lugar perfecto para su producci\u00f3n.<\/p>\n<p>Esta elaborado con agua pura de manantial y ca\u00f1a de az\u00facar venezolana.<\/p>\n<\/div>\n<\/div>\n","protected":false},"featured_media":8479,"template":"","meta":{"spay_email":""},"yoast_head":"<!-- This site is optimized with the Yoast SEO plugin v15.9 - https:\/\/yoast.com\/wordpress\/plugins\/seo\/ -->\n<title>Ron Cacique 500 70cl. - Comercial de Hosteleria Anma<\/title>\n<meta name=\"robots\" content=\"index, follow, max-snippet:-1, max-image-preview:large, max-video-preview:-1\" \/>\n<link rel=\"canonical\" href=\"https:\/\/www.comercialanma.es\/?product=ron-cacique-500-70cl\" \/>\n<meta property=\"og:locale\" content=\"es_ES\" \/>\n<meta property=\"og:type\" content=\"article\" \/>\n<meta property=\"og:title\" content=\"Ron Cacique 500 70cl. - Comercial de Hosteleria Anma\" \/>\n<meta property=\"og:description\" content=\"Ron Cacique 500 Extra Viejo Gran Reserva es un ron totalmente artesanal hecho de melaza, destilado en alambiques de cobre y envejecido durante ocho a\u00f1os en barricas de roble cuidadosamente seleccionadas.  Tras el proceso de envejecimiento, el maestro destilador escoge del resultado final s\u00f3lo las mejores barricas para el Cacique 500.  Es un ron que se elabora en la selva, por lo tanto, las\u00a0condiciones climatol\u00f3gicas (altas temperaturas por el d\u00eda, bajas por la noche y niveles muy altos de humedad de hasta un 90%) hacen de Hacienda Saruro el lugar perfecto para su producci\u00f3n.  Esta elaborado con agua pura de manantial y ca\u00f1a de az\u00facar venezolana.\" \/>\n<meta property=\"og:url\" content=\"https:\/\/www.comercialanma.es\/?product=ron-cacique-500-70cl\" \/>\n<meta property=\"og:site_name\" content=\"Comercial de Hosteleria Anma\" \/>\n<meta property=\"article:publisher\" content=\"https:\/\/www.facebook.com\/AnmaHosteleria\" \/>\n<meta property=\"article:modified_time\" content=\"2019-07-18T07:02:39+00:00\" \/>\n<meta property=\"og:image\" content=\"https:\/\/i0.wp.com\/www.comercialanma.es\/wp-content\/uploads\/2019\/07\/Ron-cacique-500.jpg?fit=1200%2C1200&#038;ssl=1\" \/>\n\t<meta property=\"og:image:width\" content=\"1200\" \/>\n\t<meta property=\"og:image:height\" content=\"1200\" \/>\n<meta name=\"twitter:card\" content=\"summary_large_image\" \/>\n<script type=\"application\/ld+json\" class=\"yoast-schema-graph\">{\"@context\":\"https:\/\/schema.org\",\"@graph\":[{\"@type\":\"Organization\",\"@id\":\"https:\/\/www.comercialanma.es\/#organization\",\"name\":\"Comercial Anma\",\"url\":\"https:\/\/www.comercialanma.es\/\",\"sameAs\":[\"https:\/\/www.facebook.com\/AnmaHosteleria\",\"https:\/\/www.instagram.com\/anmahosteleria\/?hl=es\",\"https:\/\/www.youtube.com\/channel\/UCT2nmn08Ntks0hmpZPnDgCA\"],\"logo\":{\"@type\":\"ImageObject\",\"@id\":\"https:\/\/www.comercialanma.es\/#logo\",\"inLanguage\":\"es\",\"url\":\"https:\/\/i2.wp.com\/www.comercialanma.es\/wp-content\/uploads\/2019\/06\/logo-anma-color.png?fit=247%2C101&ssl=1\",\"width\":247,\"height\":101,\"caption\":\"Comercial Anma\"},\"image\":{\"@id\":\"https:\/\/www.comercialanma.es\/#logo\"}},{\"@type\":\"WebSite\",\"@id\":\"https:\/\/www.comercialanma.es\/#website\",\"url\":\"https:\/\/www.comercialanma.es\/\",\"name\":\"Comercial de Hosteleria Anma\",\"description\":\"\",\"publisher\":{\"@id\":\"https:\/\/www.comercialanma.es\/#organization\"},\"potentialAction\":[{\"@type\":\"SearchAction\",\"target\":\"https:\/\/www.comercialanma.es\/?s={search_term_string}\",\"query-input\":\"required name=search_term_string\"}],\"inLanguage\":\"es\"},{\"@type\":\"ImageObject\",\"@id\":\"https:\/\/www.comercialanma.es\/?product=ron-cacique-500-70cl#primaryimage\",\"inLanguage\":\"es\",\"url\":\"https:\/\/i0.wp.com\/www.comercialanma.es\/wp-content\/uploads\/2019\/07\/Ron-cacique-500.jpg?fit=1200%2C1200&ssl=1\",\"width\":1200,\"height\":1200},{\"@type\":\"WebPage\",\"@id\":\"https:\/\/www.comercialanma.es\/?product=ron-cacique-500-70cl#webpage\",\"url\":\"https:\/\/www.comercialanma.es\/?product=ron-cacique-500-70cl\",\"name\":\"Ron Cacique 500 70cl. - Comercial de Hosteleria Anma\",\"isPartOf\":{\"@id\":\"https:\/\/www.comercialanma.es\/#website\"},\"primaryImageOfPage\":{\"@id\":\"https:\/\/www.comercialanma.es\/?product=ron-cacique-500-70cl#primaryimage\"},\"datePublished\":\"2019-07-18T06:56:02+00:00\",\"dateModified\":\"2019-07-18T07:02:39+00:00\",\"breadcrumb\":{\"@id\":\"https:\/\/www.comercialanma.es\/?product=ron-cacique-500-70cl#breadcrumb\"},\"inLanguage\":\"es\",\"potentialAction\":[{\"@type\":\"ReadAction\",\"target\":[\"https:\/\/www.comercialanma.es\/?product=ron-cacique-500-70cl\"]}]},{\"@type\":\"BreadcrumbList\",\"@id\":\"https:\/\/www.comercialanma.es\/?product=ron-cacique-500-70cl#breadcrumb\",\"itemListElement\":[{\"@type\":\"ListItem\",\"position\":1,\"item\":{\"@type\":\"WebPage\",\"@id\":\"https:\/\/www.comercialanma.es\/\",\"url\":\"https:\/\/www.comercialanma.es\/\",\"name\":\"Portada\"}},{\"@type\":\"ListItem\",\"position\":2,\"item\":{\"@type\":\"WebPage\",\"@id\":\"https:\/\/www.comercialanma.es\/?page_id=3963\",\"url\":\"https:\/\/www.comercialanma.es\/?page_id=3963\",\"name\":\"Cat\\u00e1logo de Productos\"}},{\"@type\":\"ListItem\",\"position\":3,\"item\":{\"@type\":\"WebPage\",\"@id\":\"https:\/\/www.comercialanma.es\/?product=ron-cacique-500-70cl\",\"url\":\"https:\/\/www.comercialanma.es\/?product=ron-cacique-500-70cl\",\"name\":\"Ron Cacique 500 70cl.\"}}]}]}<\/script>\n<!-- \/ Yoast SEO plugin. -->","_links":{"self":[{"href":"https:\/\/www.comercialanma.es\/index.php?rest_route=\/wp\/v2\/product\/8478"}],"collection":[{"href":"https:\/\/www.comercialanma.es\/index.php?rest_route=\/wp\/v2\/product"}],"about":[{"href":"https:\/\/www.comercialanma.es\/index.php?rest_route=\/wp\/v2\/types\/product"}],"version-history":[{"count":1,"href":"https:\/\/www.comercialanma.es\/index.php?rest_route=\/wp\/v2\/product\/8478\/revisions"}],"predecessor-version":[{"id":8480,"href":"https:\/\/www.comercialanma.es\/index.php?rest_route=\/wp\/v2\/product\/8478\/revisions\/8480"}],"wp:featuredmedia":[{"embeddable":true,"href":"https:\/\/www.comercialanma.es\/index.php?rest_route=\/wp\/v2\/media\/8479"}],"wp:attachment":[{"href":"https:\/\/www.comercialanma.es\/index.php?rest_route=%2Fwp%2Fv2%2Fmedia&parent=8478"}],"curies":[{"name":"wp","href":"https:\/\/api.w.org\/{rel}","templated":true}]}}