
{"id":8481,"date":"2019-07-18T09:06:30","date_gmt":"2019-07-18T07:06:30","guid":{"rendered":"http:\/\/www.comercialanma.es\/?post_type=product&#038;p=8481"},"modified":"2019-07-22T12:26:33","modified_gmt":"2019-07-22T10:26:33","slug":"ron-cacique-antiguo-70cl","status":"publish","type":"product","link":"https:\/\/www.comercialanma.es\/?product=ron-cacique-antiguo-70cl","title":{"rendered":"Ron Cacique Antiguo 70cl."},"content":{"rendered":"<h3>Nota de cata:<\/h3>\n<ul>\n<li>A la vista muestra tonos \u00e1mbar brillantes.<\/li>\n<li>Al olfato es intenso y arom\u00e1tico, con notas tostadas.<\/li>\n<li>Al paladar es fino y persistente. Se aconseja degustarlo en un vaso bajo con hielo (on the rocks) para apreciar mejor sus cualidades.<\/li>\n<li>Graduaci\u00f3n: 40 grados de alcohol.<\/li>\n<\/ul>\n","protected":false},"excerpt":{"rendered":"<p>Cacique Antiguo es un ron de calidad super Premium y edici\u00f3n limitada, de la que \u00fanicamente se elaboran 25 barricas anuales. Sus botellas est\u00e1n numeradas a mano, lo que le a\u00f1ade exclusividad. Se elabora en Venezuela, en la Hacienda Sauro, de forma artesanal, mediante destilaci\u00f3n triple en alambiques de cobre y con\u00a0maduraci\u00f3n lenta en barricas de roble blanco. Su receta se ha transmitido de generaci\u00f3n en generaci\u00f3n por parte de los mejores maestros de ron de Venezuela.<\/p>\n","protected":false},"featured_media":8482,"template":"","meta":{"spay_email":""},"yoast_head":"<!-- This site is optimized with the Yoast SEO plugin v15.9 - https:\/\/yoast.com\/wordpress\/plugins\/seo\/ -->\n<title>Ron Cacique Antiguo 70cl. - Comercial de Hosteleria Anma<\/title>\n<meta name=\"robots\" content=\"index, follow, max-snippet:-1, max-image-preview:large, max-video-preview:-1\" \/>\n<link rel=\"canonical\" href=\"https:\/\/www.comercialanma.es\/?product=ron-cacique-antiguo-70cl\" \/>\n<meta property=\"og:locale\" content=\"es_ES\" \/>\n<meta property=\"og:type\" content=\"article\" \/>\n<meta property=\"og:title\" content=\"Ron Cacique Antiguo 70cl. - Comercial de Hosteleria Anma\" \/>\n<meta property=\"og:description\" content=\"Cacique Antiguo es un ron de calidad super Premium y edici\u00f3n limitada, de la que \u00fanicamente se elaboran 25 barricas anuales. Sus botellas est\u00e1n numeradas a mano, lo que le a\u00f1ade exclusividad. Se elabora en Venezuela, en la Hacienda Sauro, de forma artesanal, mediante destilaci\u00f3n triple en alambiques de cobre y con\u00a0maduraci\u00f3n lenta en barricas de roble blanco. Su receta se ha transmitido de generaci\u00f3n en generaci\u00f3n por parte de los mejores maestros de ron de Venezuela.\" \/>\n<meta property=\"og:url\" content=\"https:\/\/www.comercialanma.es\/?product=ron-cacique-antiguo-70cl\" \/>\n<meta property=\"og:site_name\" content=\"Comercial de Hosteleria Anma\" \/>\n<meta property=\"article:publisher\" content=\"https:\/\/www.facebook.com\/AnmaHosteleria\" \/>\n<meta property=\"article:modified_time\" content=\"2019-07-22T10:26:33+00:00\" \/>\n<meta property=\"og:image\" content=\"https:\/\/i0.wp.com\/www.comercialanma.es\/wp-content\/uploads\/2019\/07\/Ron-cacique-antiguo.jpg?fit=1200%2C1200&#038;ssl=1\" \/>\n\t<meta property=\"og:image:width\" content=\"1200\" \/>\n\t<meta property=\"og:image:height\" content=\"1200\" \/>\n<meta name=\"twitter:card\" content=\"summary_large_image\" \/>\n<script type=\"application\/ld+json\" class=\"yoast-schema-graph\">{\"@context\":\"https:\/\/schema.org\",\"@graph\":[{\"@type\":\"Organization\",\"@id\":\"https:\/\/www.comercialanma.es\/#organization\",\"name\":\"Comercial Anma\",\"url\":\"https:\/\/www.comercialanma.es\/\",\"sameAs\":[\"https:\/\/www.facebook.com\/AnmaHosteleria\",\"https:\/\/www.instagram.com\/anmahosteleria\/?hl=es\",\"https:\/\/www.youtube.com\/channel\/UCT2nmn08Ntks0hmpZPnDgCA\"],\"logo\":{\"@type\":\"ImageObject\",\"@id\":\"https:\/\/www.comercialanma.es\/#logo\",\"inLanguage\":\"es\",\"url\":\"https:\/\/i2.wp.com\/www.comercialanma.es\/wp-content\/uploads\/2019\/06\/logo-anma-color.png?fit=247%2C101&ssl=1\",\"width\":247,\"height\":101,\"caption\":\"Comercial Anma\"},\"image\":{\"@id\":\"https:\/\/www.comercialanma.es\/#logo\"}},{\"@type\":\"WebSite\",\"@id\":\"https:\/\/www.comercialanma.es\/#website\",\"url\":\"https:\/\/www.comercialanma.es\/\",\"name\":\"Comercial de Hosteleria Anma\",\"description\":\"\",\"publisher\":{\"@id\":\"https:\/\/www.comercialanma.es\/#organization\"},\"potentialAction\":[{\"@type\":\"SearchAction\",\"target\":\"https:\/\/www.comercialanma.es\/?s={search_term_string}\",\"query-input\":\"required name=search_term_string\"}],\"inLanguage\":\"es\"},{\"@type\":\"ImageObject\",\"@id\":\"https:\/\/www.comercialanma.es\/?product=ron-cacique-antiguo-70cl#primaryimage\",\"inLanguage\":\"es\",\"url\":\"https:\/\/i0.wp.com\/www.comercialanma.es\/wp-content\/uploads\/2019\/07\/Ron-cacique-antiguo.jpg?fit=1200%2C1200&ssl=1\",\"width\":1200,\"height\":1200},{\"@type\":\"WebPage\",\"@id\":\"https:\/\/www.comercialanma.es\/?product=ron-cacique-antiguo-70cl#webpage\",\"url\":\"https:\/\/www.comercialanma.es\/?product=ron-cacique-antiguo-70cl\",\"name\":\"Ron Cacique Antiguo 70cl. - Comercial de Hosteleria Anma\",\"isPartOf\":{\"@id\":\"https:\/\/www.comercialanma.es\/#website\"},\"primaryImageOfPage\":{\"@id\":\"https:\/\/www.comercialanma.es\/?product=ron-cacique-antiguo-70cl#primaryimage\"},\"datePublished\":\"2019-07-18T07:06:30+00:00\",\"dateModified\":\"2019-07-22T10:26:33+00:00\",\"breadcrumb\":{\"@id\":\"https:\/\/www.comercialanma.es\/?product=ron-cacique-antiguo-70cl#breadcrumb\"},\"inLanguage\":\"es\",\"potentialAction\":[{\"@type\":\"ReadAction\",\"target\":[\"https:\/\/www.comercialanma.es\/?product=ron-cacique-antiguo-70cl\"]}]},{\"@type\":\"BreadcrumbList\",\"@id\":\"https:\/\/www.comercialanma.es\/?product=ron-cacique-antiguo-70cl#breadcrumb\",\"itemListElement\":[{\"@type\":\"ListItem\",\"position\":1,\"item\":{\"@type\":\"WebPage\",\"@id\":\"https:\/\/www.comercialanma.es\/\",\"url\":\"https:\/\/www.comercialanma.es\/\",\"name\":\"Portada\"}},{\"@type\":\"ListItem\",\"position\":2,\"item\":{\"@type\":\"WebPage\",\"@id\":\"https:\/\/www.comercialanma.es\/?page_id=3963\",\"url\":\"https:\/\/www.comercialanma.es\/?page_id=3963\",\"name\":\"Cat\\u00e1logo de Productos\"}},{\"@type\":\"ListItem\",\"position\":3,\"item\":{\"@type\":\"WebPage\",\"@id\":\"https:\/\/www.comercialanma.es\/?product=ron-cacique-antiguo-70cl\",\"url\":\"https:\/\/www.comercialanma.es\/?product=ron-cacique-antiguo-70cl\",\"name\":\"Ron Cacique Antiguo 70cl.\"}}]}]}<\/script>\n<!-- \/ Yoast SEO plugin. -->","_links":{"self":[{"href":"https:\/\/www.comercialanma.es\/index.php?rest_route=\/wp\/v2\/product\/8481"}],"collection":[{"href":"https:\/\/www.comercialanma.es\/index.php?rest_route=\/wp\/v2\/product"}],"about":[{"href":"https:\/\/www.comercialanma.es\/index.php?rest_route=\/wp\/v2\/types\/product"}],"version-history":[{"count":2,"href":"https:\/\/www.comercialanma.es\/index.php?rest_route=\/wp\/v2\/product\/8481\/revisions"}],"predecessor-version":[{"id":8499,"href":"https:\/\/www.comercialanma.es\/index.php?rest_route=\/wp\/v2\/product\/8481\/revisions\/8499"}],"wp:featuredmedia":[{"embeddable":true,"href":"https:\/\/www.comercialanma.es\/index.php?rest_route=\/wp\/v2\/media\/8482"}],"wp:attachment":[{"href":"https:\/\/www.comercialanma.es\/index.php?rest_route=%2Fwp%2Fv2%2Fmedia&parent=8481"}],"curies":[{"name":"wp","href":"https:\/\/api.w.org\/{rel}","templated":true}]}}