
{"id":8530,"date":"2019-07-22T17:35:42","date_gmt":"2019-07-22T15:35:42","guid":{"rendered":"http:\/\/www.comercialanma.es\/?post_type=product&#038;p=8530"},"modified":"2019-07-22T17:41:41","modified_gmt":"2019-07-22T15:41:41","slug":"ron-negrita-blanco-1l","status":"publish","type":"product","link":"https:\/\/www.comercialanma.es\/?product=ron-negrita-blanco-1l","title":{"rendered":"Ron Negrita Blanco 1L."},"content":{"rendered":"<h3>Nota de cata:<\/h3>\n<ul>\n<li>Vista: Ron Negrita Blanco tiene un color transparente.<\/li>\n<li>Nariz: Es intenso, con toques de vainilla y frutas.<\/li>\n<li>Boca: Alcohol bien integrado, boca redondo, arom\u00e1tico, largo.<\/li>\n<li>Graduaci\u00f3n: 38% vol.<\/li>\n<\/ul>\n","protected":false},"excerpt":{"rendered":"<p><span id=\"dnn_ctr673_ProducteFitxa_lblDesc\"><strong>Ron Negrita Blanco<\/strong> elaborado en Espa\u00f1a con 100% de ca\u00f1a de az\u00facar, es un ron espa\u00f1ol, con materia prima importada directamente de Venezuela se elabora en la f\u00e1brica que el grupo Bardinet posee en Gelida (Catalu\u00f1a). L\u00edder indiscutible en Francia, con un 51% del mercado y 2\u00ba lugar en ventas en Espa\u00f1a en las grandes superficies por su relaci\u00f3n calidad-precio<\/span><\/p>\n","protected":false},"featured_media":8531,"template":"","meta":{"spay_email":""},"yoast_head":"<!-- This site is optimized with the Yoast SEO plugin v15.9 - https:\/\/yoast.com\/wordpress\/plugins\/seo\/ -->\n<title>Ron Negrita Blanco 1L. - Comercial de Hosteleria Anma<\/title>\n<meta name=\"robots\" content=\"index, follow, max-snippet:-1, max-image-preview:large, max-video-preview:-1\" \/>\n<link rel=\"canonical\" href=\"https:\/\/www.comercialanma.es\/?product=ron-negrita-blanco-1l\" \/>\n<meta property=\"og:locale\" content=\"es_ES\" \/>\n<meta property=\"og:type\" content=\"article\" \/>\n<meta property=\"og:title\" content=\"Ron Negrita Blanco 1L. - Comercial de Hosteleria Anma\" \/>\n<meta property=\"og:description\" content=\"Ron Negrita Blanco elaborado en Espa\u00f1a con 100% de ca\u00f1a de az\u00facar, es un ron espa\u00f1ol, con materia prima importada directamente de Venezuela se elabora en la f\u00e1brica que el grupo Bardinet posee en Gelida (Catalu\u00f1a). L\u00edder indiscutible en Francia, con un 51% del mercado y 2\u00ba lugar en ventas en Espa\u00f1a en las grandes superficies por su relaci\u00f3n calidad-precio\" \/>\n<meta property=\"og:url\" content=\"https:\/\/www.comercialanma.es\/?product=ron-negrita-blanco-1l\" \/>\n<meta property=\"og:site_name\" content=\"Comercial de Hosteleria Anma\" \/>\n<meta property=\"article:publisher\" content=\"https:\/\/www.facebook.com\/AnmaHosteleria\" \/>\n<meta property=\"article:modified_time\" content=\"2019-07-22T15:41:41+00:00\" \/>\n<meta property=\"og:image\" content=\"https:\/\/i0.wp.com\/www.comercialanma.es\/wp-content\/uploads\/2019\/07\/Ron-Negrita-Blanco-1L..jpg?fit=1200%2C1200&#038;ssl=1\" \/>\n\t<meta property=\"og:image:width\" content=\"1200\" \/>\n\t<meta property=\"og:image:height\" content=\"1200\" \/>\n<meta name=\"twitter:card\" content=\"summary_large_image\" \/>\n<script type=\"application\/ld+json\" class=\"yoast-schema-graph\">{\"@context\":\"https:\/\/schema.org\",\"@graph\":[{\"@type\":\"Organization\",\"@id\":\"https:\/\/www.comercialanma.es\/#organization\",\"name\":\"Comercial Anma\",\"url\":\"https:\/\/www.comercialanma.es\/\",\"sameAs\":[\"https:\/\/www.facebook.com\/AnmaHosteleria\",\"https:\/\/www.instagram.com\/anmahosteleria\/?hl=es\",\"https:\/\/www.youtube.com\/channel\/UCT2nmn08Ntks0hmpZPnDgCA\"],\"logo\":{\"@type\":\"ImageObject\",\"@id\":\"https:\/\/www.comercialanma.es\/#logo\",\"inLanguage\":\"es\",\"url\":\"https:\/\/i2.wp.com\/www.comercialanma.es\/wp-content\/uploads\/2019\/06\/logo-anma-color.png?fit=247%2C101&ssl=1\",\"width\":247,\"height\":101,\"caption\":\"Comercial Anma\"},\"image\":{\"@id\":\"https:\/\/www.comercialanma.es\/#logo\"}},{\"@type\":\"WebSite\",\"@id\":\"https:\/\/www.comercialanma.es\/#website\",\"url\":\"https:\/\/www.comercialanma.es\/\",\"name\":\"Comercial de Hosteleria Anma\",\"description\":\"\",\"publisher\":{\"@id\":\"https:\/\/www.comercialanma.es\/#organization\"},\"potentialAction\":[{\"@type\":\"SearchAction\",\"target\":\"https:\/\/www.comercialanma.es\/?s={search_term_string}\",\"query-input\":\"required name=search_term_string\"}],\"inLanguage\":\"es\"},{\"@type\":\"ImageObject\",\"@id\":\"https:\/\/www.comercialanma.es\/?product=ron-negrita-blanco-1l#primaryimage\",\"inLanguage\":\"es\",\"url\":\"https:\/\/i0.wp.com\/www.comercialanma.es\/wp-content\/uploads\/2019\/07\/Ron-Negrita-Blanco-1L..jpg?fit=1200%2C1200&ssl=1\",\"width\":1200,\"height\":1200},{\"@type\":\"WebPage\",\"@id\":\"https:\/\/www.comercialanma.es\/?product=ron-negrita-blanco-1l#webpage\",\"url\":\"https:\/\/www.comercialanma.es\/?product=ron-negrita-blanco-1l\",\"name\":\"Ron Negrita Blanco 1L. - Comercial de Hosteleria Anma\",\"isPartOf\":{\"@id\":\"https:\/\/www.comercialanma.es\/#website\"},\"primaryImageOfPage\":{\"@id\":\"https:\/\/www.comercialanma.es\/?product=ron-negrita-blanco-1l#primaryimage\"},\"datePublished\":\"2019-07-22T15:35:42+00:00\",\"dateModified\":\"2019-07-22T15:41:41+00:00\",\"breadcrumb\":{\"@id\":\"https:\/\/www.comercialanma.es\/?product=ron-negrita-blanco-1l#breadcrumb\"},\"inLanguage\":\"es\",\"potentialAction\":[{\"@type\":\"ReadAction\",\"target\":[\"https:\/\/www.comercialanma.es\/?product=ron-negrita-blanco-1l\"]}]},{\"@type\":\"BreadcrumbList\",\"@id\":\"https:\/\/www.comercialanma.es\/?product=ron-negrita-blanco-1l#breadcrumb\",\"itemListElement\":[{\"@type\":\"ListItem\",\"position\":1,\"item\":{\"@type\":\"WebPage\",\"@id\":\"https:\/\/www.comercialanma.es\/\",\"url\":\"https:\/\/www.comercialanma.es\/\",\"name\":\"Portada\"}},{\"@type\":\"ListItem\",\"position\":2,\"item\":{\"@type\":\"WebPage\",\"@id\":\"https:\/\/www.comercialanma.es\/?page_id=3963\",\"url\":\"https:\/\/www.comercialanma.es\/?page_id=3963\",\"name\":\"Cat\\u00e1logo de Productos\"}},{\"@type\":\"ListItem\",\"position\":3,\"item\":{\"@type\":\"WebPage\",\"@id\":\"https:\/\/www.comercialanma.es\/?product=ron-negrita-blanco-1l\",\"url\":\"https:\/\/www.comercialanma.es\/?product=ron-negrita-blanco-1l\",\"name\":\"Ron Negrita Blanco 1L.\"}}]}]}<\/script>\n<!-- \/ Yoast SEO plugin. -->","_links":{"self":[{"href":"https:\/\/www.comercialanma.es\/index.php?rest_route=\/wp\/v2\/product\/8530"}],"collection":[{"href":"https:\/\/www.comercialanma.es\/index.php?rest_route=\/wp\/v2\/product"}],"about":[{"href":"https:\/\/www.comercialanma.es\/index.php?rest_route=\/wp\/v2\/types\/product"}],"version-history":[{"count":1,"href":"https:\/\/www.comercialanma.es\/index.php?rest_route=\/wp\/v2\/product\/8530\/revisions"}],"predecessor-version":[{"id":8532,"href":"https:\/\/www.comercialanma.es\/index.php?rest_route=\/wp\/v2\/product\/8530\/revisions\/8532"}],"wp:featuredmedia":[{"embeddable":true,"href":"https:\/\/www.comercialanma.es\/index.php?rest_route=\/wp\/v2\/media\/8531"}],"wp:attachment":[{"href":"https:\/\/www.comercialanma.es\/index.php?rest_route=%2Fwp%2Fv2%2Fmedia&parent=8530"}],"curies":[{"name":"wp","href":"https:\/\/api.w.org\/{rel}","templated":true}]}}