
{"id":8537,"date":"2019-07-22T17:48:07","date_gmt":"2019-07-22T15:48:07","guid":{"rendered":"http:\/\/www.comercialanma.es\/?post_type=product&#038;p=8537"},"modified":"2019-07-22T17:52:48","modified_gmt":"2019-07-22T15:52:48","slug":"ron-havana-club-15-anos-70cl","status":"publish","type":"product","link":"https:\/\/www.comercialanma.es\/?product=ron-havana-club-15-anos-70cl","title":{"rendered":"Ron Havana Club 15 a\u00f1os 70cl."},"content":{"rendered":"<h3>Nota de cata:<\/h3>\n<ul>\n<li>A la vista, Havana Club Ron A\u00f1ejo Gran Reserva 15 A\u00f1os es de color caoba transparente.<\/li>\n<li>Al olfato destacan los aromas a frutos secos, ciruelas y pasas, con toques a roble.<\/li>\n<li>Al paladar es suave y complejo, con sabores muy bien integrados a fruta dulce, chocolate, tabaco y especias.<\/li>\n<li>Final largo y dulce, con notas a vainilla y cacao.<\/li>\n<li>Graduaci\u00f3n: 40 grados de alcohol.<\/li>\n<\/ul>\n","protected":false},"excerpt":{"rendered":"<p>Ron Havana Club 15 es un ron a\u00f1ejo cubano de gama alta de edici\u00f3n limitada (solamente 58 barriles al a\u00f1o). Se elabora con rones especialmente seleccionados de las mejores reservas de ron de Cuba, que se mezclan y envejecen durante un periodo m\u00ednimo de 15 a\u00f1os en barricas de roble viejo. De esta forma se consigue un ron suave y de aromas y sabores muy caracter\u00edsticos. Pertenece a la destiler\u00eda Havana Club, que representa la tradici\u00f3n ronera cubana en su m\u00e1xima expresi\u00f3n. Havana Club 15 A\u00f1os ha sido premiado en numerosas ocasiones, gracias su gran calidad y sabor. Entre los premios m\u00e1s importantes que ha recibido se encuentran las dos medallas que obtuvo en 2012 en el International Wines and Spirits Challenge.<\/p>\n","protected":false},"featured_media":8538,"template":"","meta":{"spay_email":""},"yoast_head":"<!-- This site is optimized with the Yoast SEO plugin v15.9 - https:\/\/yoast.com\/wordpress\/plugins\/seo\/ -->\n<title>Ron Havana Club 15 a\u00f1os 70cl. - Comercial de Hosteleria Anma<\/title>\n<meta name=\"robots\" content=\"index, follow, max-snippet:-1, max-image-preview:large, max-video-preview:-1\" \/>\n<link rel=\"canonical\" href=\"https:\/\/www.comercialanma.es\/?product=ron-havana-club-15-anos-70cl\" \/>\n<meta property=\"og:locale\" content=\"es_ES\" \/>\n<meta property=\"og:type\" content=\"article\" \/>\n<meta property=\"og:title\" content=\"Ron Havana Club 15 a\u00f1os 70cl. - Comercial de Hosteleria Anma\" \/>\n<meta property=\"og:description\" content=\"Ron Havana Club 15 es un ron a\u00f1ejo cubano de gama alta de edici\u00f3n limitada (solamente 58 barriles al a\u00f1o). Se elabora con rones especialmente seleccionados de las mejores reservas de ron de Cuba, que se mezclan y envejecen durante un periodo m\u00ednimo de 15 a\u00f1os en barricas de roble viejo. De esta forma se consigue un ron suave y de aromas y sabores muy caracter\u00edsticos. Pertenece a la destiler\u00eda Havana Club, que representa la tradici\u00f3n ronera cubana en su m\u00e1xima expresi\u00f3n. Havana Club 15 A\u00f1os ha sido premiado en numerosas ocasiones, gracias su gran calidad y sabor. Entre los premios m\u00e1s importantes que ha recibido se encuentran las dos medallas que obtuvo en 2012 en el International Wines and Spirits Challenge.\" \/>\n<meta property=\"og:url\" content=\"https:\/\/www.comercialanma.es\/?product=ron-havana-club-15-anos-70cl\" \/>\n<meta property=\"og:site_name\" content=\"Comercial de Hosteleria Anma\" \/>\n<meta property=\"article:publisher\" content=\"https:\/\/www.facebook.com\/AnmaHosteleria\" \/>\n<meta property=\"article:modified_time\" content=\"2019-07-22T15:52:48+00:00\" \/>\n<meta property=\"og:image\" content=\"https:\/\/i1.wp.com\/www.comercialanma.es\/wp-content\/uploads\/2019\/07\/Havana-club-15-an\u0303os.jpg?fit=1200%2C1200&#038;ssl=1\" \/>\n\t<meta property=\"og:image:width\" content=\"1200\" \/>\n\t<meta property=\"og:image:height\" content=\"1200\" \/>\n<meta name=\"twitter:card\" content=\"summary_large_image\" \/>\n<script type=\"application\/ld+json\" class=\"yoast-schema-graph\">{\"@context\":\"https:\/\/schema.org\",\"@graph\":[{\"@type\":\"Organization\",\"@id\":\"https:\/\/www.comercialanma.es\/#organization\",\"name\":\"Comercial Anma\",\"url\":\"https:\/\/www.comercialanma.es\/\",\"sameAs\":[\"https:\/\/www.facebook.com\/AnmaHosteleria\",\"https:\/\/www.instagram.com\/anmahosteleria\/?hl=es\",\"https:\/\/www.youtube.com\/channel\/UCT2nmn08Ntks0hmpZPnDgCA\"],\"logo\":{\"@type\":\"ImageObject\",\"@id\":\"https:\/\/www.comercialanma.es\/#logo\",\"inLanguage\":\"es\",\"url\":\"https:\/\/i2.wp.com\/www.comercialanma.es\/wp-content\/uploads\/2019\/06\/logo-anma-color.png?fit=247%2C101&ssl=1\",\"width\":247,\"height\":101,\"caption\":\"Comercial Anma\"},\"image\":{\"@id\":\"https:\/\/www.comercialanma.es\/#logo\"}},{\"@type\":\"WebSite\",\"@id\":\"https:\/\/www.comercialanma.es\/#website\",\"url\":\"https:\/\/www.comercialanma.es\/\",\"name\":\"Comercial de Hosteleria Anma\",\"description\":\"\",\"publisher\":{\"@id\":\"https:\/\/www.comercialanma.es\/#organization\"},\"potentialAction\":[{\"@type\":\"SearchAction\",\"target\":\"https:\/\/www.comercialanma.es\/?s={search_term_string}\",\"query-input\":\"required name=search_term_string\"}],\"inLanguage\":\"es\"},{\"@type\":\"ImageObject\",\"@id\":\"https:\/\/www.comercialanma.es\/?product=ron-havana-club-15-anos-70cl#primaryimage\",\"inLanguage\":\"es\",\"url\":\"https:\/\/i1.wp.com\/www.comercialanma.es\/wp-content\/uploads\/2019\/07\/Havana-club-15-an\\u0303os.jpg?fit=1200%2C1200&ssl=1\",\"width\":1200,\"height\":1200},{\"@type\":\"WebPage\",\"@id\":\"https:\/\/www.comercialanma.es\/?product=ron-havana-club-15-anos-70cl#webpage\",\"url\":\"https:\/\/www.comercialanma.es\/?product=ron-havana-club-15-anos-70cl\",\"name\":\"Ron Havana Club 15 a\\u00f1os 70cl. - Comercial de Hosteleria Anma\",\"isPartOf\":{\"@id\":\"https:\/\/www.comercialanma.es\/#website\"},\"primaryImageOfPage\":{\"@id\":\"https:\/\/www.comercialanma.es\/?product=ron-havana-club-15-anos-70cl#primaryimage\"},\"datePublished\":\"2019-07-22T15:48:07+00:00\",\"dateModified\":\"2019-07-22T15:52:48+00:00\",\"breadcrumb\":{\"@id\":\"https:\/\/www.comercialanma.es\/?product=ron-havana-club-15-anos-70cl#breadcrumb\"},\"inLanguage\":\"es\",\"potentialAction\":[{\"@type\":\"ReadAction\",\"target\":[\"https:\/\/www.comercialanma.es\/?product=ron-havana-club-15-anos-70cl\"]}]},{\"@type\":\"BreadcrumbList\",\"@id\":\"https:\/\/www.comercialanma.es\/?product=ron-havana-club-15-anos-70cl#breadcrumb\",\"itemListElement\":[{\"@type\":\"ListItem\",\"position\":1,\"item\":{\"@type\":\"WebPage\",\"@id\":\"https:\/\/www.comercialanma.es\/\",\"url\":\"https:\/\/www.comercialanma.es\/\",\"name\":\"Portada\"}},{\"@type\":\"ListItem\",\"position\":2,\"item\":{\"@type\":\"WebPage\",\"@id\":\"https:\/\/www.comercialanma.es\/?page_id=3963\",\"url\":\"https:\/\/www.comercialanma.es\/?page_id=3963\",\"name\":\"Cat\\u00e1logo de Productos\"}},{\"@type\":\"ListItem\",\"position\":3,\"item\":{\"@type\":\"WebPage\",\"@id\":\"https:\/\/www.comercialanma.es\/?product=ron-havana-club-15-anos-70cl\",\"url\":\"https:\/\/www.comercialanma.es\/?product=ron-havana-club-15-anos-70cl\",\"name\":\"Ron Havana Club 15 a\\u00f1os 70cl.\"}}]}]}<\/script>\n<!-- \/ Yoast SEO plugin. -->","_links":{"self":[{"href":"https:\/\/www.comercialanma.es\/index.php?rest_route=\/wp\/v2\/product\/8537"}],"collection":[{"href":"https:\/\/www.comercialanma.es\/index.php?rest_route=\/wp\/v2\/product"}],"about":[{"href":"https:\/\/www.comercialanma.es\/index.php?rest_route=\/wp\/v2\/types\/product"}],"version-history":[{"count":1,"href":"https:\/\/www.comercialanma.es\/index.php?rest_route=\/wp\/v2\/product\/8537\/revisions"}],"predecessor-version":[{"id":8539,"href":"https:\/\/www.comercialanma.es\/index.php?rest_route=\/wp\/v2\/product\/8537\/revisions\/8539"}],"wp:featuredmedia":[{"embeddable":true,"href":"https:\/\/www.comercialanma.es\/index.php?rest_route=\/wp\/v2\/media\/8538"}],"wp:attachment":[{"href":"https:\/\/www.comercialanma.es\/index.php?rest_route=%2Fwp%2Fv2%2Fmedia&parent=8537"}],"curies":[{"name":"wp","href":"https:\/\/api.w.org\/{rel}","templated":true}]}}