
{"id":8567,"date":"2019-07-23T09:25:18","date_gmt":"2019-07-23T07:25:18","guid":{"rendered":"http:\/\/www.comercialanma.es\/?post_type=product&#038;p=8567"},"modified":"2019-07-23T09:29:52","modified_gmt":"2019-07-23T07:29:52","slug":"ron-atlantico-anejo-70cl","status":"publish","type":"product","link":"https:\/\/www.comercialanma.es\/?product=ron-atlantico-anejo-70cl","title":{"rendered":"Ron Atlantico A\u00f1ejo 70cl."},"content":{"rendered":"","protected":false},"excerpt":{"rendered":"<h2><\/h2>\n<p>Ron Atlantico Private Cask es un ron creado a partir de la mezcla de los mejores lotes de ron seleccionados. Una vez mezclados son a\u00f1ejados hasta 25 a\u00f1os en barriles peque\u00f1os. Despu\u00e9s de este paso se traspasa el ron a otras barricas de 10 a 25 a\u00f1os m\u00e1s, hasta alcanzar la madurez y complejidad necesaria, metodo solera, para luego embotellarlo a mano. Es un gran Ron, en mayusculas.<br \/>\nEste excepcional ron fue creado cuidadosamente para reflejar la herencia y la artesan\u00eda por los creadores de ron a trav\u00e9s de los siglos. Ron Atlantico Private Cask ha sido ganador de innumerables premios y ampliamente considerado como uno de los mejores rones del mundo.<\/p>\n<ul>\n<li>Tiene notas iniciales de caramelo, roble, son c\u00e1lidas y relajantes, seguido por notas de bayas y arce.<\/li>\n<li>Graduaci\u00f3n: 40% vol.<\/li>\n<\/ul>\n","protected":false},"featured_media":8568,"template":"","meta":{"spay_email":""},"yoast_head":"<!-- This site is optimized with the Yoast SEO plugin v15.9 - https:\/\/yoast.com\/wordpress\/plugins\/seo\/ -->\n<title>Ron Atlantico A\u00f1ejo 70cl. - Comercial de Hosteleria Anma<\/title>\n<meta name=\"robots\" content=\"index, follow, max-snippet:-1, max-image-preview:large, max-video-preview:-1\" \/>\n<link rel=\"canonical\" href=\"https:\/\/www.comercialanma.es\/?product=ron-atlantico-anejo-70cl\" \/>\n<meta property=\"og:locale\" content=\"es_ES\" \/>\n<meta property=\"og:type\" content=\"article\" \/>\n<meta property=\"og:title\" content=\"Ron Atlantico A\u00f1ejo 70cl. - Comercial de Hosteleria Anma\" \/>\n<meta property=\"og:description\" content=\"Ron Atlantico Private Cask es un ron creado a partir de la mezcla de los mejores lotes de ron seleccionados. Una vez mezclados son a\u00f1ejados hasta 25 a\u00f1os en barriles peque\u00f1os. Despu\u00e9s de este paso se traspasa el ron a otras barricas de 10 a 25 a\u00f1os m\u00e1s, hasta alcanzar la madurez y complejidad necesaria, metodo solera, para luego embotellarlo a mano. Es un gran Ron, en mayusculas. Este excepcional ron fue creado cuidadosamente para reflejar la herencia y la artesan\u00eda por los creadores de ron a trav\u00e9s de los siglos. Ron Atlantico Private Cask ha sido ganador de innumerables premios y ampliamente considerado como uno de los mejores rones del mundo.   Tiene notas iniciales de caramelo, roble, son c\u00e1lidas y relajantes, seguido por notas de bayas y arce.  Graduaci\u00f3n: 40% vol.\" \/>\n<meta property=\"og:url\" content=\"https:\/\/www.comercialanma.es\/?product=ron-atlantico-anejo-70cl\" \/>\n<meta property=\"og:site_name\" content=\"Comercial de Hosteleria Anma\" \/>\n<meta property=\"article:publisher\" content=\"https:\/\/www.facebook.com\/AnmaHosteleria\" \/>\n<meta property=\"article:modified_time\" content=\"2019-07-23T07:29:52+00:00\" \/>\n<meta property=\"og:image\" content=\"https:\/\/i0.wp.com\/www.comercialanma.es\/wp-content\/uploads\/2019\/07\/Atlantico-anejo.jpg?fit=1200%2C1200&#038;ssl=1\" \/>\n\t<meta property=\"og:image:width\" content=\"1200\" \/>\n\t<meta property=\"og:image:height\" content=\"1200\" \/>\n<meta name=\"twitter:card\" content=\"summary_large_image\" \/>\n<script type=\"application\/ld+json\" class=\"yoast-schema-graph\">{\"@context\":\"https:\/\/schema.org\",\"@graph\":[{\"@type\":\"Organization\",\"@id\":\"https:\/\/www.comercialanma.es\/#organization\",\"name\":\"Comercial Anma\",\"url\":\"https:\/\/www.comercialanma.es\/\",\"sameAs\":[\"https:\/\/www.facebook.com\/AnmaHosteleria\",\"https:\/\/www.instagram.com\/anmahosteleria\/?hl=es\",\"https:\/\/www.youtube.com\/channel\/UCT2nmn08Ntks0hmpZPnDgCA\"],\"logo\":{\"@type\":\"ImageObject\",\"@id\":\"https:\/\/www.comercialanma.es\/#logo\",\"inLanguage\":\"es\",\"url\":\"https:\/\/i2.wp.com\/www.comercialanma.es\/wp-content\/uploads\/2019\/06\/logo-anma-color.png?fit=247%2C101&ssl=1\",\"width\":247,\"height\":101,\"caption\":\"Comercial Anma\"},\"image\":{\"@id\":\"https:\/\/www.comercialanma.es\/#logo\"}},{\"@type\":\"WebSite\",\"@id\":\"https:\/\/www.comercialanma.es\/#website\",\"url\":\"https:\/\/www.comercialanma.es\/\",\"name\":\"Comercial de Hosteleria Anma\",\"description\":\"\",\"publisher\":{\"@id\":\"https:\/\/www.comercialanma.es\/#organization\"},\"potentialAction\":[{\"@type\":\"SearchAction\",\"target\":\"https:\/\/www.comercialanma.es\/?s={search_term_string}\",\"query-input\":\"required name=search_term_string\"}],\"inLanguage\":\"es\"},{\"@type\":\"ImageObject\",\"@id\":\"https:\/\/www.comercialanma.es\/?product=ron-atlantico-anejo-70cl#primaryimage\",\"inLanguage\":\"es\",\"url\":\"https:\/\/i0.wp.com\/www.comercialanma.es\/wp-content\/uploads\/2019\/07\/Atlantico-anejo.jpg?fit=1200%2C1200&ssl=1\",\"width\":1200,\"height\":1200},{\"@type\":\"WebPage\",\"@id\":\"https:\/\/www.comercialanma.es\/?product=ron-atlantico-anejo-70cl#webpage\",\"url\":\"https:\/\/www.comercialanma.es\/?product=ron-atlantico-anejo-70cl\",\"name\":\"Ron Atlantico A\\u00f1ejo 70cl. - Comercial de Hosteleria Anma\",\"isPartOf\":{\"@id\":\"https:\/\/www.comercialanma.es\/#website\"},\"primaryImageOfPage\":{\"@id\":\"https:\/\/www.comercialanma.es\/?product=ron-atlantico-anejo-70cl#primaryimage\"},\"datePublished\":\"2019-07-23T07:25:18+00:00\",\"dateModified\":\"2019-07-23T07:29:52+00:00\",\"breadcrumb\":{\"@id\":\"https:\/\/www.comercialanma.es\/?product=ron-atlantico-anejo-70cl#breadcrumb\"},\"inLanguage\":\"es\",\"potentialAction\":[{\"@type\":\"ReadAction\",\"target\":[\"https:\/\/www.comercialanma.es\/?product=ron-atlantico-anejo-70cl\"]}]},{\"@type\":\"BreadcrumbList\",\"@id\":\"https:\/\/www.comercialanma.es\/?product=ron-atlantico-anejo-70cl#breadcrumb\",\"itemListElement\":[{\"@type\":\"ListItem\",\"position\":1,\"item\":{\"@type\":\"WebPage\",\"@id\":\"https:\/\/www.comercialanma.es\/\",\"url\":\"https:\/\/www.comercialanma.es\/\",\"name\":\"Portada\"}},{\"@type\":\"ListItem\",\"position\":2,\"item\":{\"@type\":\"WebPage\",\"@id\":\"https:\/\/www.comercialanma.es\/?page_id=3963\",\"url\":\"https:\/\/www.comercialanma.es\/?page_id=3963\",\"name\":\"Cat\\u00e1logo de Productos\"}},{\"@type\":\"ListItem\",\"position\":3,\"item\":{\"@type\":\"WebPage\",\"@id\":\"https:\/\/www.comercialanma.es\/?product=ron-atlantico-anejo-70cl\",\"url\":\"https:\/\/www.comercialanma.es\/?product=ron-atlantico-anejo-70cl\",\"name\":\"Ron Atlantico A\\u00f1ejo 70cl.\"}}]}]}<\/script>\n<!-- \/ Yoast SEO plugin. -->","_links":{"self":[{"href":"https:\/\/www.comercialanma.es\/index.php?rest_route=\/wp\/v2\/product\/8567"}],"collection":[{"href":"https:\/\/www.comercialanma.es\/index.php?rest_route=\/wp\/v2\/product"}],"about":[{"href":"https:\/\/www.comercialanma.es\/index.php?rest_route=\/wp\/v2\/types\/product"}],"version-history":[{"count":1,"href":"https:\/\/www.comercialanma.es\/index.php?rest_route=\/wp\/v2\/product\/8567\/revisions"}],"predecessor-version":[{"id":8569,"href":"https:\/\/www.comercialanma.es\/index.php?rest_route=\/wp\/v2\/product\/8567\/revisions\/8569"}],"wp:featuredmedia":[{"embeddable":true,"href":"https:\/\/www.comercialanma.es\/index.php?rest_route=\/wp\/v2\/media\/8568"}],"wp:attachment":[{"href":"https:\/\/www.comercialanma.es\/index.php?rest_route=%2Fwp%2Fv2%2Fmedia&parent=8567"}],"curies":[{"name":"wp","href":"https:\/\/api.w.org\/{rel}","templated":true}]}}