
{"id":8573,"date":"2019-07-23T09:41:50","date_gmt":"2019-07-23T07:41:50","guid":{"rendered":"http:\/\/www.comercialanma.es\/?post_type=product&#038;p=8573"},"modified":"2019-07-23T09:48:18","modified_gmt":"2019-07-23T07:48:18","slug":"ron-barcelo-imperial-70cl","status":"publish","type":"product","link":"https:\/\/www.comercialanma.es\/?product=ron-barcelo-imperial-70cl","title":{"rendered":"Ron Barcel\u00f3 Imperial 70cl."},"content":{"rendered":"<h3>Nota de cata:<\/h3>\n<ul>\n<li>Vista: Ron Barcel\u00f3 Imperial tiene un color ambarino, con atractivos ribetes cobrizos, brillante y cristalino.<\/li>\n<li>Nariz: Aromas a fruta tropical madura con notas lejanas a pasa e higo.\u00a0Cerezas secas, vainilla intensa, mermelada de pi\u00f1a y nueces caramelizadas.<\/li>\n<li>Boca: En boca, es equilibrado, c\u00e1lido y amplio. Postgusto largo, suave y arom\u00e1tico. Invita a repetir.<\/li>\n<\/ul>\n","protected":false},"excerpt":{"rendered":"<p>Ron Barcel\u00f3 Imperial est\u00e1 elaborado cuidando los m\u00e1s m\u00ednimos detalles para obtener una mezcla perfecta de sabores y aromas que involucran a los m\u00e1s finos alcoholes. Dos d\u00e9cadas m\u00e1s tarde de su lanzamiento, fue galardonado por la prestigiosa Beverage Testing Institute of Chicago como el mejor ron del mundo, siendo el primer ron en obtener la m\u00e1s alta puntuaci\u00f3n, 97 puntos de 100.<\/p>\n","protected":false},"featured_media":8575,"template":"","meta":{"spay_email":""},"yoast_head":"<!-- This site is optimized with the Yoast SEO plugin v15.9 - https:\/\/yoast.com\/wordpress\/plugins\/seo\/ -->\n<title>Ron Barcel\u00f3 Imperial 70cl. - Comercial de Hosteleria Anma<\/title>\n<meta name=\"robots\" content=\"index, follow, max-snippet:-1, max-image-preview:large, max-video-preview:-1\" \/>\n<link rel=\"canonical\" href=\"https:\/\/www.comercialanma.es\/?product=ron-barcelo-imperial-70cl\" \/>\n<meta property=\"og:locale\" content=\"es_ES\" \/>\n<meta property=\"og:type\" content=\"article\" \/>\n<meta property=\"og:title\" content=\"Ron Barcel\u00f3 Imperial 70cl. - Comercial de Hosteleria Anma\" \/>\n<meta property=\"og:description\" content=\"Ron Barcel\u00f3 Imperial est\u00e1 elaborado cuidando los m\u00e1s m\u00ednimos detalles para obtener una mezcla perfecta de sabores y aromas que involucran a los m\u00e1s finos alcoholes. Dos d\u00e9cadas m\u00e1s tarde de su lanzamiento, fue galardonado por la prestigiosa Beverage Testing Institute of Chicago como el mejor ron del mundo, siendo el primer ron en obtener la m\u00e1s alta puntuaci\u00f3n, 97 puntos de 100.\" \/>\n<meta property=\"og:url\" content=\"https:\/\/www.comercialanma.es\/?product=ron-barcelo-imperial-70cl\" \/>\n<meta property=\"og:site_name\" content=\"Comercial de Hosteleria Anma\" \/>\n<meta property=\"article:publisher\" content=\"https:\/\/www.facebook.com\/AnmaHosteleria\" \/>\n<meta property=\"article:modified_time\" content=\"2019-07-23T07:48:18+00:00\" \/>\n<meta property=\"og:image\" content=\"https:\/\/i2.wp.com\/www.comercialanma.es\/wp-content\/uploads\/2019\/07\/Ron-barcelo-imperial.jpg?fit=1200%2C1200&#038;ssl=1\" \/>\n\t<meta property=\"og:image:width\" content=\"1200\" \/>\n\t<meta property=\"og:image:height\" content=\"1200\" \/>\n<meta name=\"twitter:card\" content=\"summary_large_image\" \/>\n<script type=\"application\/ld+json\" class=\"yoast-schema-graph\">{\"@context\":\"https:\/\/schema.org\",\"@graph\":[{\"@type\":\"Organization\",\"@id\":\"https:\/\/www.comercialanma.es\/#organization\",\"name\":\"Comercial Anma\",\"url\":\"https:\/\/www.comercialanma.es\/\",\"sameAs\":[\"https:\/\/www.facebook.com\/AnmaHosteleria\",\"https:\/\/www.instagram.com\/anmahosteleria\/?hl=es\",\"https:\/\/www.youtube.com\/channel\/UCT2nmn08Ntks0hmpZPnDgCA\"],\"logo\":{\"@type\":\"ImageObject\",\"@id\":\"https:\/\/www.comercialanma.es\/#logo\",\"inLanguage\":\"es\",\"url\":\"https:\/\/i2.wp.com\/www.comercialanma.es\/wp-content\/uploads\/2019\/06\/logo-anma-color.png?fit=247%2C101&ssl=1\",\"width\":247,\"height\":101,\"caption\":\"Comercial Anma\"},\"image\":{\"@id\":\"https:\/\/www.comercialanma.es\/#logo\"}},{\"@type\":\"WebSite\",\"@id\":\"https:\/\/www.comercialanma.es\/#website\",\"url\":\"https:\/\/www.comercialanma.es\/\",\"name\":\"Comercial de Hosteleria Anma\",\"description\":\"\",\"publisher\":{\"@id\":\"https:\/\/www.comercialanma.es\/#organization\"},\"potentialAction\":[{\"@type\":\"SearchAction\",\"target\":\"https:\/\/www.comercialanma.es\/?s={search_term_string}\",\"query-input\":\"required name=search_term_string\"}],\"inLanguage\":\"es\"},{\"@type\":\"ImageObject\",\"@id\":\"https:\/\/www.comercialanma.es\/?product=ron-barcelo-imperial-70cl#primaryimage\",\"inLanguage\":\"es\",\"url\":\"https:\/\/i2.wp.com\/www.comercialanma.es\/wp-content\/uploads\/2019\/07\/Ron-barcelo-imperial.jpg?fit=1200%2C1200&ssl=1\",\"width\":1200,\"height\":1200},{\"@type\":\"WebPage\",\"@id\":\"https:\/\/www.comercialanma.es\/?product=ron-barcelo-imperial-70cl#webpage\",\"url\":\"https:\/\/www.comercialanma.es\/?product=ron-barcelo-imperial-70cl\",\"name\":\"Ron Barcel\\u00f3 Imperial 70cl. - Comercial de Hosteleria Anma\",\"isPartOf\":{\"@id\":\"https:\/\/www.comercialanma.es\/#website\"},\"primaryImageOfPage\":{\"@id\":\"https:\/\/www.comercialanma.es\/?product=ron-barcelo-imperial-70cl#primaryimage\"},\"datePublished\":\"2019-07-23T07:41:50+00:00\",\"dateModified\":\"2019-07-23T07:48:18+00:00\",\"breadcrumb\":{\"@id\":\"https:\/\/www.comercialanma.es\/?product=ron-barcelo-imperial-70cl#breadcrumb\"},\"inLanguage\":\"es\",\"potentialAction\":[{\"@type\":\"ReadAction\",\"target\":[\"https:\/\/www.comercialanma.es\/?product=ron-barcelo-imperial-70cl\"]}]},{\"@type\":\"BreadcrumbList\",\"@id\":\"https:\/\/www.comercialanma.es\/?product=ron-barcelo-imperial-70cl#breadcrumb\",\"itemListElement\":[{\"@type\":\"ListItem\",\"position\":1,\"item\":{\"@type\":\"WebPage\",\"@id\":\"https:\/\/www.comercialanma.es\/\",\"url\":\"https:\/\/www.comercialanma.es\/\",\"name\":\"Portada\"}},{\"@type\":\"ListItem\",\"position\":2,\"item\":{\"@type\":\"WebPage\",\"@id\":\"https:\/\/www.comercialanma.es\/?page_id=3963\",\"url\":\"https:\/\/www.comercialanma.es\/?page_id=3963\",\"name\":\"Cat\\u00e1logo de Productos\"}},{\"@type\":\"ListItem\",\"position\":3,\"item\":{\"@type\":\"WebPage\",\"@id\":\"https:\/\/www.comercialanma.es\/?product=ron-barcelo-imperial-70cl\",\"url\":\"https:\/\/www.comercialanma.es\/?product=ron-barcelo-imperial-70cl\",\"name\":\"Ron Barcel\\u00f3 Imperial 70cl.\"}}]}]}<\/script>\n<!-- \/ Yoast SEO plugin. -->","_links":{"self":[{"href":"https:\/\/www.comercialanma.es\/index.php?rest_route=\/wp\/v2\/product\/8573"}],"collection":[{"href":"https:\/\/www.comercialanma.es\/index.php?rest_route=\/wp\/v2\/product"}],"about":[{"href":"https:\/\/www.comercialanma.es\/index.php?rest_route=\/wp\/v2\/types\/product"}],"version-history":[{"count":1,"href":"https:\/\/www.comercialanma.es\/index.php?rest_route=\/wp\/v2\/product\/8573\/revisions"}],"predecessor-version":[{"id":8578,"href":"https:\/\/www.comercialanma.es\/index.php?rest_route=\/wp\/v2\/product\/8573\/revisions\/8578"}],"wp:featuredmedia":[{"embeddable":true,"href":"https:\/\/www.comercialanma.es\/index.php?rest_route=\/wp\/v2\/media\/8575"}],"wp:attachment":[{"href":"https:\/\/www.comercialanma.es\/index.php?rest_route=%2Fwp%2Fv2%2Fmedia&parent=8573"}],"curies":[{"name":"wp","href":"https:\/\/api.w.org\/{rel}","templated":true}]}}