
{"id":8595,"date":"2019-07-23T10:17:40","date_gmt":"2019-07-23T08:17:40","guid":{"rendered":"http:\/\/www.comercialanma.es\/?post_type=product&#038;p=8595"},"modified":"2019-07-23T10:24:45","modified_gmt":"2019-07-23T08:24:45","slug":"ron-brugal-blanco-supremo-70cl","status":"publish","type":"product","link":"https:\/\/www.comercialanma.es\/?product=ron-brugal-blanco-supremo-70cl","title":{"rendered":"Ron Brugal Blanco Supremo 70cl."},"content":{"rendered":"<h3>Nota de cata:<\/h3>\n<div>\n<ul>\n<li>Vista: Color trasparente y limpio.\n<div><\/div>\n<\/li>\n<li>\n<div>Nariz: Exhibe un bouquet que da paso a aromas de vainilla roble, caramelo, pera y coco.<\/div>\n<\/li>\n<li>\n<div>Boca: Se aprecian notas y matices secos que demuestran que el sabor de la ca\u00f1a de az\u00facar sobrevive con toques de vainilla y coco. La experiencia termina con un toque de sabor seco y persistente.<\/div>\n<\/li>\n<\/ul>\n<\/div>\n","protected":false},"excerpt":{"rendered":"<p>El primer ron Blanco Premium del mercado. Elaborado a base de rones a\u00f1ejados en barricas de roble blanco americano que previamente han contenido bourbon. Tras un triple filtrado con filtros de carb\u00f3n activado se obtiene este l\u00edquido. Despu\u00e9s de a\u00f1ejado se le quita el color y los taninos.Para quienes quieran disfrutar de un ron de car\u00e1cter seco, fruto de un cuidado proceso de elaboraci\u00f3n tradicional, \u00fanico y exclusivo. Tiene toda la suavidad de un gran vodka y toda la firmeza de un gran ron.<\/p>\n","protected":false},"featured_media":8596,"template":"","meta":{"spay_email":""},"yoast_head":"<!-- This site is optimized with the Yoast SEO plugin v15.9 - https:\/\/yoast.com\/wordpress\/plugins\/seo\/ -->\n<title>Ron Brugal Blanco Supremo 70cl. - Comercial de Hosteleria Anma<\/title>\n<meta name=\"robots\" content=\"index, follow, max-snippet:-1, max-image-preview:large, max-video-preview:-1\" \/>\n<link rel=\"canonical\" href=\"https:\/\/www.comercialanma.es\/?product=ron-brugal-blanco-supremo-70cl\" \/>\n<meta property=\"og:locale\" content=\"es_ES\" \/>\n<meta property=\"og:type\" content=\"article\" \/>\n<meta property=\"og:title\" content=\"Ron Brugal Blanco Supremo 70cl. - Comercial de Hosteleria Anma\" \/>\n<meta property=\"og:description\" content=\"El primer ron Blanco Premium del mercado. Elaborado a base de rones a\u00f1ejados en barricas de roble blanco americano que previamente han contenido bourbon. Tras un triple filtrado con filtros de carb\u00f3n activado se obtiene este l\u00edquido. Despu\u00e9s de a\u00f1ejado se le quita el color y los taninos.Para quienes quieran disfrutar de un ron de car\u00e1cter seco, fruto de un cuidado proceso de elaboraci\u00f3n tradicional, \u00fanico y exclusivo. Tiene toda la suavidad de un gran vodka y toda la firmeza de un gran ron.\" \/>\n<meta property=\"og:url\" content=\"https:\/\/www.comercialanma.es\/?product=ron-brugal-blanco-supremo-70cl\" \/>\n<meta property=\"og:site_name\" content=\"Comercial de Hosteleria Anma\" \/>\n<meta property=\"article:publisher\" content=\"https:\/\/www.facebook.com\/AnmaHosteleria\" \/>\n<meta property=\"article:modified_time\" content=\"2019-07-23T08:24:45+00:00\" \/>\n<meta property=\"og:image\" content=\"https:\/\/i1.wp.com\/www.comercialanma.es\/wp-content\/uploads\/2019\/07\/Brugal-Blanco-supremo.jpg?fit=1200%2C1200&#038;ssl=1\" \/>\n\t<meta property=\"og:image:width\" content=\"1200\" \/>\n\t<meta property=\"og:image:height\" content=\"1200\" \/>\n<meta name=\"twitter:card\" content=\"summary_large_image\" \/>\n<script type=\"application\/ld+json\" class=\"yoast-schema-graph\">{\"@context\":\"https:\/\/schema.org\",\"@graph\":[{\"@type\":\"Organization\",\"@id\":\"https:\/\/www.comercialanma.es\/#organization\",\"name\":\"Comercial Anma\",\"url\":\"https:\/\/www.comercialanma.es\/\",\"sameAs\":[\"https:\/\/www.facebook.com\/AnmaHosteleria\",\"https:\/\/www.instagram.com\/anmahosteleria\/?hl=es\",\"https:\/\/www.youtube.com\/channel\/UCT2nmn08Ntks0hmpZPnDgCA\"],\"logo\":{\"@type\":\"ImageObject\",\"@id\":\"https:\/\/www.comercialanma.es\/#logo\",\"inLanguage\":\"es\",\"url\":\"https:\/\/i2.wp.com\/www.comercialanma.es\/wp-content\/uploads\/2019\/06\/logo-anma-color.png?fit=247%2C101&ssl=1\",\"width\":247,\"height\":101,\"caption\":\"Comercial Anma\"},\"image\":{\"@id\":\"https:\/\/www.comercialanma.es\/#logo\"}},{\"@type\":\"WebSite\",\"@id\":\"https:\/\/www.comercialanma.es\/#website\",\"url\":\"https:\/\/www.comercialanma.es\/\",\"name\":\"Comercial de Hosteleria Anma\",\"description\":\"\",\"publisher\":{\"@id\":\"https:\/\/www.comercialanma.es\/#organization\"},\"potentialAction\":[{\"@type\":\"SearchAction\",\"target\":\"https:\/\/www.comercialanma.es\/?s={search_term_string}\",\"query-input\":\"required name=search_term_string\"}],\"inLanguage\":\"es\"},{\"@type\":\"ImageObject\",\"@id\":\"https:\/\/www.comercialanma.es\/?product=ron-brugal-blanco-supremo-70cl#primaryimage\",\"inLanguage\":\"es\",\"url\":\"https:\/\/i1.wp.com\/www.comercialanma.es\/wp-content\/uploads\/2019\/07\/Brugal-Blanco-supremo.jpg?fit=1200%2C1200&ssl=1\",\"width\":1200,\"height\":1200},{\"@type\":\"WebPage\",\"@id\":\"https:\/\/www.comercialanma.es\/?product=ron-brugal-blanco-supremo-70cl#webpage\",\"url\":\"https:\/\/www.comercialanma.es\/?product=ron-brugal-blanco-supremo-70cl\",\"name\":\"Ron Brugal Blanco Supremo 70cl. - Comercial de Hosteleria Anma\",\"isPartOf\":{\"@id\":\"https:\/\/www.comercialanma.es\/#website\"},\"primaryImageOfPage\":{\"@id\":\"https:\/\/www.comercialanma.es\/?product=ron-brugal-blanco-supremo-70cl#primaryimage\"},\"datePublished\":\"2019-07-23T08:17:40+00:00\",\"dateModified\":\"2019-07-23T08:24:45+00:00\",\"breadcrumb\":{\"@id\":\"https:\/\/www.comercialanma.es\/?product=ron-brugal-blanco-supremo-70cl#breadcrumb\"},\"inLanguage\":\"es\",\"potentialAction\":[{\"@type\":\"ReadAction\",\"target\":[\"https:\/\/www.comercialanma.es\/?product=ron-brugal-blanco-supremo-70cl\"]}]},{\"@type\":\"BreadcrumbList\",\"@id\":\"https:\/\/www.comercialanma.es\/?product=ron-brugal-blanco-supremo-70cl#breadcrumb\",\"itemListElement\":[{\"@type\":\"ListItem\",\"position\":1,\"item\":{\"@type\":\"WebPage\",\"@id\":\"https:\/\/www.comercialanma.es\/\",\"url\":\"https:\/\/www.comercialanma.es\/\",\"name\":\"Portada\"}},{\"@type\":\"ListItem\",\"position\":2,\"item\":{\"@type\":\"WebPage\",\"@id\":\"https:\/\/www.comercialanma.es\/?page_id=3963\",\"url\":\"https:\/\/www.comercialanma.es\/?page_id=3963\",\"name\":\"Cat\\u00e1logo de Productos\"}},{\"@type\":\"ListItem\",\"position\":3,\"item\":{\"@type\":\"WebPage\",\"@id\":\"https:\/\/www.comercialanma.es\/?product=ron-brugal-blanco-supremo-70cl\",\"url\":\"https:\/\/www.comercialanma.es\/?product=ron-brugal-blanco-supremo-70cl\",\"name\":\"Ron Brugal Blanco Supremo 70cl.\"}}]}]}<\/script>\n<!-- \/ Yoast SEO plugin. -->","_links":{"self":[{"href":"https:\/\/www.comercialanma.es\/index.php?rest_route=\/wp\/v2\/product\/8595"}],"collection":[{"href":"https:\/\/www.comercialanma.es\/index.php?rest_route=\/wp\/v2\/product"}],"about":[{"href":"https:\/\/www.comercialanma.es\/index.php?rest_route=\/wp\/v2\/types\/product"}],"version-history":[{"count":1,"href":"https:\/\/www.comercialanma.es\/index.php?rest_route=\/wp\/v2\/product\/8595\/revisions"}],"predecessor-version":[{"id":8597,"href":"https:\/\/www.comercialanma.es\/index.php?rest_route=\/wp\/v2\/product\/8595\/revisions\/8597"}],"wp:featuredmedia":[{"embeddable":true,"href":"https:\/\/www.comercialanma.es\/index.php?rest_route=\/wp\/v2\/media\/8596"}],"wp:attachment":[{"href":"https:\/\/www.comercialanma.es\/index.php?rest_route=%2Fwp%2Fv2%2Fmedia&parent=8595"}],"curies":[{"name":"wp","href":"https:\/\/api.w.org\/{rel}","templated":true}]}}