
{"id":8616,"date":"2019-07-24T09:30:05","date_gmt":"2019-07-24T07:30:05","guid":{"rendered":"http:\/\/www.comercialanma.es\/?post_type=product&#038;p=8616"},"modified":"2019-07-24T09:52:54","modified_gmt":"2019-07-24T07:52:54","slug":"ron-habana-club-union-70cl","status":"publish","type":"product","link":"https:\/\/www.comercialanma.es\/?product=ron-habana-club-union-70cl","title":{"rendered":"Ron Habana Club Uni\u00f3n 70cl."},"content":{"rendered":"<h3>Nota de cata:<\/h3>\n<div>\n<div id=\"tabs_content_container\">\n<div id=\"tab_cata_0\">\n<ul>\n<li>En vaso presenta un color intenso a \u00e1mbar.<\/li>\n<li>En nariz es rico e intenso con notas ahumadas, de roble, coco, c\u00edtricos, frutos secos y caf\u00e9.<\/li>\n<li>En boca se muestra suave con madera, vainilla, chocolate y frutos secos.<\/li>\n<li>Presenta un acabado largo, rico y arom\u00e1tico.<\/li>\n<\/ul>\n<h3><\/h3>\n<\/div>\n<\/div>\n<\/div>\n","protected":false},"excerpt":{"rendered":"<p>Ron Havana Club Union nace de la colaboraci\u00f3n entre el Maestro Ronero Asbel Morales y el Maestro Sommelier de Habanos, Fernando Fern\u00e1ndez Milian. Ha sido creado con bases de ron a\u00f1ejado naturalmente en barriles, especialmente seleccionados para combinar idealmente con los puros Cohiba. Representan expresiones distinguidas y tradicionales de la tierra. Un ron inimitable y prestigioso.<\/p>\n","protected":false},"featured_media":8617,"template":"","meta":{"spay_email":""},"yoast_head":"<!-- This site is optimized with the Yoast SEO plugin v15.9 - https:\/\/yoast.com\/wordpress\/plugins\/seo\/ -->\n<title>Ron Habana Club Uni\u00f3n 70cl. - Comercial de Hosteleria Anma<\/title>\n<meta name=\"robots\" content=\"index, follow, max-snippet:-1, max-image-preview:large, max-video-preview:-1\" \/>\n<link rel=\"canonical\" href=\"https:\/\/www.comercialanma.es\/?product=ron-habana-club-union-70cl\" \/>\n<meta property=\"og:locale\" content=\"es_ES\" \/>\n<meta property=\"og:type\" content=\"article\" \/>\n<meta property=\"og:title\" content=\"Ron Habana Club Uni\u00f3n 70cl. - Comercial de Hosteleria Anma\" \/>\n<meta property=\"og:description\" content=\"Ron Havana Club Union nace de la colaboraci\u00f3n entre el Maestro Ronero Asbel Morales y el Maestro Sommelier de Habanos, Fernando Fern\u00e1ndez Milian. Ha sido creado con bases de ron a\u00f1ejado naturalmente en barriles, especialmente seleccionados para combinar idealmente con los puros Cohiba. Representan expresiones distinguidas y tradicionales de la tierra. Un ron inimitable y prestigioso.\" \/>\n<meta property=\"og:url\" content=\"https:\/\/www.comercialanma.es\/?product=ron-habana-club-union-70cl\" \/>\n<meta property=\"og:site_name\" content=\"Comercial de Hosteleria Anma\" \/>\n<meta property=\"article:publisher\" content=\"https:\/\/www.facebook.com\/AnmaHosteleria\" \/>\n<meta property=\"article:modified_time\" content=\"2019-07-24T07:52:54+00:00\" \/>\n<meta property=\"og:image\" content=\"https:\/\/i2.wp.com\/www.comercialanma.es\/wp-content\/uploads\/2019\/07\/Havana-club-union.jpg?fit=1200%2C1200&#038;ssl=1\" \/>\n\t<meta property=\"og:image:width\" content=\"1200\" \/>\n\t<meta property=\"og:image:height\" content=\"1200\" \/>\n<meta name=\"twitter:card\" content=\"summary_large_image\" \/>\n<script type=\"application\/ld+json\" class=\"yoast-schema-graph\">{\"@context\":\"https:\/\/schema.org\",\"@graph\":[{\"@type\":\"Organization\",\"@id\":\"https:\/\/www.comercialanma.es\/#organization\",\"name\":\"Comercial Anma\",\"url\":\"https:\/\/www.comercialanma.es\/\",\"sameAs\":[\"https:\/\/www.facebook.com\/AnmaHosteleria\",\"https:\/\/www.instagram.com\/anmahosteleria\/?hl=es\",\"https:\/\/www.youtube.com\/channel\/UCT2nmn08Ntks0hmpZPnDgCA\"],\"logo\":{\"@type\":\"ImageObject\",\"@id\":\"https:\/\/www.comercialanma.es\/#logo\",\"inLanguage\":\"es\",\"url\":\"https:\/\/i2.wp.com\/www.comercialanma.es\/wp-content\/uploads\/2019\/06\/logo-anma-color.png?fit=247%2C101&ssl=1\",\"width\":247,\"height\":101,\"caption\":\"Comercial Anma\"},\"image\":{\"@id\":\"https:\/\/www.comercialanma.es\/#logo\"}},{\"@type\":\"WebSite\",\"@id\":\"https:\/\/www.comercialanma.es\/#website\",\"url\":\"https:\/\/www.comercialanma.es\/\",\"name\":\"Comercial de Hosteleria Anma\",\"description\":\"\",\"publisher\":{\"@id\":\"https:\/\/www.comercialanma.es\/#organization\"},\"potentialAction\":[{\"@type\":\"SearchAction\",\"target\":\"https:\/\/www.comercialanma.es\/?s={search_term_string}\",\"query-input\":\"required name=search_term_string\"}],\"inLanguage\":\"es\"},{\"@type\":\"ImageObject\",\"@id\":\"https:\/\/www.comercialanma.es\/?product=ron-habana-club-union-70cl#primaryimage\",\"inLanguage\":\"es\",\"url\":\"https:\/\/i2.wp.com\/www.comercialanma.es\/wp-content\/uploads\/2019\/07\/Havana-club-union.jpg?fit=1200%2C1200&ssl=1\",\"width\":1200,\"height\":1200},{\"@type\":\"WebPage\",\"@id\":\"https:\/\/www.comercialanma.es\/?product=ron-habana-club-union-70cl#webpage\",\"url\":\"https:\/\/www.comercialanma.es\/?product=ron-habana-club-union-70cl\",\"name\":\"Ron Habana Club Uni\\u00f3n 70cl. - Comercial de Hosteleria Anma\",\"isPartOf\":{\"@id\":\"https:\/\/www.comercialanma.es\/#website\"},\"primaryImageOfPage\":{\"@id\":\"https:\/\/www.comercialanma.es\/?product=ron-habana-club-union-70cl#primaryimage\"},\"datePublished\":\"2019-07-24T07:30:05+00:00\",\"dateModified\":\"2019-07-24T07:52:54+00:00\",\"breadcrumb\":{\"@id\":\"https:\/\/www.comercialanma.es\/?product=ron-habana-club-union-70cl#breadcrumb\"},\"inLanguage\":\"es\",\"potentialAction\":[{\"@type\":\"ReadAction\",\"target\":[\"https:\/\/www.comercialanma.es\/?product=ron-habana-club-union-70cl\"]}]},{\"@type\":\"BreadcrumbList\",\"@id\":\"https:\/\/www.comercialanma.es\/?product=ron-habana-club-union-70cl#breadcrumb\",\"itemListElement\":[{\"@type\":\"ListItem\",\"position\":1,\"item\":{\"@type\":\"WebPage\",\"@id\":\"https:\/\/www.comercialanma.es\/\",\"url\":\"https:\/\/www.comercialanma.es\/\",\"name\":\"Portada\"}},{\"@type\":\"ListItem\",\"position\":2,\"item\":{\"@type\":\"WebPage\",\"@id\":\"https:\/\/www.comercialanma.es\/?page_id=3963\",\"url\":\"https:\/\/www.comercialanma.es\/?page_id=3963\",\"name\":\"Cat\\u00e1logo de Productos\"}},{\"@type\":\"ListItem\",\"position\":3,\"item\":{\"@type\":\"WebPage\",\"@id\":\"https:\/\/www.comercialanma.es\/?product=ron-habana-club-union-70cl\",\"url\":\"https:\/\/www.comercialanma.es\/?product=ron-habana-club-union-70cl\",\"name\":\"Ron Habana Club Uni\\u00f3n 70cl.\"}}]}]}<\/script>\n<!-- \/ Yoast SEO plugin. -->","_links":{"self":[{"href":"https:\/\/www.comercialanma.es\/index.php?rest_route=\/wp\/v2\/product\/8616"}],"collection":[{"href":"https:\/\/www.comercialanma.es\/index.php?rest_route=\/wp\/v2\/product"}],"about":[{"href":"https:\/\/www.comercialanma.es\/index.php?rest_route=\/wp\/v2\/types\/product"}],"version-history":[{"count":1,"href":"https:\/\/www.comercialanma.es\/index.php?rest_route=\/wp\/v2\/product\/8616\/revisions"}],"predecessor-version":[{"id":8618,"href":"https:\/\/www.comercialanma.es\/index.php?rest_route=\/wp\/v2\/product\/8616\/revisions\/8618"}],"wp:featuredmedia":[{"embeddable":true,"href":"https:\/\/www.comercialanma.es\/index.php?rest_route=\/wp\/v2\/media\/8617"}],"wp:attachment":[{"href":"https:\/\/www.comercialanma.es\/index.php?rest_route=%2Fwp%2Fv2%2Fmedia&parent=8616"}],"curies":[{"name":"wp","href":"https:\/\/api.w.org\/{rel}","templated":true}]}}