
{"id":8642,"date":"2019-07-26T15:52:15","date_gmt":"2019-07-26T13:52:15","guid":{"rendered":"http:\/\/www.comercialanma.es\/?post_type=product&#038;p=8642"},"modified":"2019-07-26T16:00:55","modified_gmt":"2019-07-26T14:00:55","slug":"ron-mount-gay-x-o-70cl","status":"publish","type":"product","link":"https:\/\/www.comercialanma.es\/?product=ron-mount-gay-x-o-70cl","title":{"rendered":"Ron Mount Gay X.O 70cl."},"content":{"rendered":"<h3>Nota de cata:<\/h3>\n<div>\n<div id=\"tabs_content_container\">\n<div id=\"tab_cata_0\">\n<div id=\"tabs_content_container\">\n<div id=\"tab_cata_0\" class=\"tab_content catas_review_container\">\n<ul>\n<li>De s\u00f3lo \u00e1mbar marr\u00f3n brillante con otras de clara luminiscencia.<\/li>\n<li>En nariz destaca el roble, seco y con un buen equilibrio de fragancias con una moderada intensidad.<\/li>\n<li>El aroma predominante es rico y meloso, roble con un equilibrio perfecto entre el dulzor, notas suaves a banana de un ron envejecido de doble destilaci\u00f3n. Suave car\u00e1cter de madera con fondo de ca\u00f1a de az\u00facar que armoniza el aroma.<\/li>\n<li>Graduaci\u00f3n: 40% vol.<\/li>\n<\/ul>\n<\/div>\n<\/div>\n<h3><\/h3>\n<\/div>\n<\/div>\n<\/div>\n","protected":false},"excerpt":{"rendered":"<p>Extra Old ha sido merecedor de diversos premios y medallas de oro internacinonales en competiciones internacinonales. En 2001, Extra Old gan\u00f3 5 medallas de Oro en la Selecci\u00f3n Mundial de Bruselas.En 2001 tambi\u00e9n gan\u00f3 el mayor premio posible en el International Spirits Challenge de Londres.<\/p>\n<p>Mount Gay Extra Old es una mezcla de mucho nivel de los rones mas finos de la destiler\u00eda, cuidadosamente seleccionadas de sus mayores reservas. El resultado de cientos de a\u00f1os de respeto por las tradiciones en la producci\u00f3n de ron. Una vez saboreado, el consumidor experimentar\u00e1 un cuerpo agrad\u00e1blemente c\u00e1lido y una extremada suavidad. Con una fuente tan fina s\u00f3lo puede conseguirse un resultado tan perfecto.<\/p>\n","protected":false},"featured_media":8643,"template":"","meta":{"spay_email":""},"yoast_head":"<!-- This site is optimized with the Yoast SEO plugin v15.9 - https:\/\/yoast.com\/wordpress\/plugins\/seo\/ -->\n<title>Ron Mount Gay X.O 70cl. - Comercial de Hosteleria Anma<\/title>\n<meta name=\"robots\" content=\"index, follow, max-snippet:-1, max-image-preview:large, max-video-preview:-1\" \/>\n<link rel=\"canonical\" href=\"https:\/\/www.comercialanma.es\/?product=ron-mount-gay-x-o-70cl\" \/>\n<meta property=\"og:locale\" content=\"es_ES\" \/>\n<meta property=\"og:type\" content=\"article\" \/>\n<meta property=\"og:title\" content=\"Ron Mount Gay X.O 70cl. - Comercial de Hosteleria Anma\" \/>\n<meta property=\"og:description\" content=\"Extra Old ha sido merecedor de diversos premios y medallas de oro internacinonales en competiciones internacinonales. En 2001, Extra Old gan\u00f3 5 medallas de Oro en la Selecci\u00f3n Mundial de Bruselas.En 2001 tambi\u00e9n gan\u00f3 el mayor premio posible en el International Spirits Challenge de Londres.  Mount Gay Extra Old es una mezcla de mucho nivel de los rones mas finos de la destiler\u00eda, cuidadosamente seleccionadas de sus mayores reservas. El resultado de cientos de a\u00f1os de respeto por las tradiciones en la producci\u00f3n de ron. Una vez saboreado, el consumidor experimentar\u00e1 un cuerpo agrad\u00e1blemente c\u00e1lido y una extremada suavidad. Con una fuente tan fina s\u00f3lo puede conseguirse un resultado tan perfecto.\" \/>\n<meta property=\"og:url\" content=\"https:\/\/www.comercialanma.es\/?product=ron-mount-gay-x-o-70cl\" \/>\n<meta property=\"og:site_name\" content=\"Comercial de Hosteleria Anma\" \/>\n<meta property=\"article:publisher\" content=\"https:\/\/www.facebook.com\/AnmaHosteleria\" \/>\n<meta property=\"article:modified_time\" content=\"2019-07-26T14:00:55+00:00\" \/>\n<meta property=\"og:image\" content=\"https:\/\/i1.wp.com\/www.comercialanma.es\/wp-content\/uploads\/2019\/07\/Mount-Gay-XO.jpg?fit=1200%2C1200&#038;ssl=1\" \/>\n\t<meta property=\"og:image:width\" content=\"1200\" \/>\n\t<meta property=\"og:image:height\" content=\"1200\" \/>\n<meta name=\"twitter:card\" content=\"summary_large_image\" \/>\n<script type=\"application\/ld+json\" class=\"yoast-schema-graph\">{\"@context\":\"https:\/\/schema.org\",\"@graph\":[{\"@type\":\"Organization\",\"@id\":\"https:\/\/www.comercialanma.es\/#organization\",\"name\":\"Comercial Anma\",\"url\":\"https:\/\/www.comercialanma.es\/\",\"sameAs\":[\"https:\/\/www.facebook.com\/AnmaHosteleria\",\"https:\/\/www.instagram.com\/anmahosteleria\/?hl=es\",\"https:\/\/www.youtube.com\/channel\/UCT2nmn08Ntks0hmpZPnDgCA\"],\"logo\":{\"@type\":\"ImageObject\",\"@id\":\"https:\/\/www.comercialanma.es\/#logo\",\"inLanguage\":\"es\",\"url\":\"https:\/\/i2.wp.com\/www.comercialanma.es\/wp-content\/uploads\/2019\/06\/logo-anma-color.png?fit=247%2C101&ssl=1\",\"width\":247,\"height\":101,\"caption\":\"Comercial Anma\"},\"image\":{\"@id\":\"https:\/\/www.comercialanma.es\/#logo\"}},{\"@type\":\"WebSite\",\"@id\":\"https:\/\/www.comercialanma.es\/#website\",\"url\":\"https:\/\/www.comercialanma.es\/\",\"name\":\"Comercial de Hosteleria Anma\",\"description\":\"\",\"publisher\":{\"@id\":\"https:\/\/www.comercialanma.es\/#organization\"},\"potentialAction\":[{\"@type\":\"SearchAction\",\"target\":\"https:\/\/www.comercialanma.es\/?s={search_term_string}\",\"query-input\":\"required name=search_term_string\"}],\"inLanguage\":\"es\"},{\"@type\":\"ImageObject\",\"@id\":\"https:\/\/www.comercialanma.es\/?product=ron-mount-gay-x-o-70cl#primaryimage\",\"inLanguage\":\"es\",\"url\":\"https:\/\/i1.wp.com\/www.comercialanma.es\/wp-content\/uploads\/2019\/07\/Mount-Gay-XO.jpg?fit=1200%2C1200&ssl=1\",\"width\":1200,\"height\":1200},{\"@type\":\"WebPage\",\"@id\":\"https:\/\/www.comercialanma.es\/?product=ron-mount-gay-x-o-70cl#webpage\",\"url\":\"https:\/\/www.comercialanma.es\/?product=ron-mount-gay-x-o-70cl\",\"name\":\"Ron Mount Gay X.O 70cl. - Comercial de Hosteleria Anma\",\"isPartOf\":{\"@id\":\"https:\/\/www.comercialanma.es\/#website\"},\"primaryImageOfPage\":{\"@id\":\"https:\/\/www.comercialanma.es\/?product=ron-mount-gay-x-o-70cl#primaryimage\"},\"datePublished\":\"2019-07-26T13:52:15+00:00\",\"dateModified\":\"2019-07-26T14:00:55+00:00\",\"breadcrumb\":{\"@id\":\"https:\/\/www.comercialanma.es\/?product=ron-mount-gay-x-o-70cl#breadcrumb\"},\"inLanguage\":\"es\",\"potentialAction\":[{\"@type\":\"ReadAction\",\"target\":[\"https:\/\/www.comercialanma.es\/?product=ron-mount-gay-x-o-70cl\"]}]},{\"@type\":\"BreadcrumbList\",\"@id\":\"https:\/\/www.comercialanma.es\/?product=ron-mount-gay-x-o-70cl#breadcrumb\",\"itemListElement\":[{\"@type\":\"ListItem\",\"position\":1,\"item\":{\"@type\":\"WebPage\",\"@id\":\"https:\/\/www.comercialanma.es\/\",\"url\":\"https:\/\/www.comercialanma.es\/\",\"name\":\"Portada\"}},{\"@type\":\"ListItem\",\"position\":2,\"item\":{\"@type\":\"WebPage\",\"@id\":\"https:\/\/www.comercialanma.es\/?page_id=3963\",\"url\":\"https:\/\/www.comercialanma.es\/?page_id=3963\",\"name\":\"Cat\\u00e1logo de Productos\"}},{\"@type\":\"ListItem\",\"position\":3,\"item\":{\"@type\":\"WebPage\",\"@id\":\"https:\/\/www.comercialanma.es\/?product=ron-mount-gay-x-o-70cl\",\"url\":\"https:\/\/www.comercialanma.es\/?product=ron-mount-gay-x-o-70cl\",\"name\":\"Ron Mount Gay X.O 70cl.\"}}]}]}<\/script>\n<!-- \/ Yoast SEO plugin. -->","_links":{"self":[{"href":"https:\/\/www.comercialanma.es\/index.php?rest_route=\/wp\/v2\/product\/8642"}],"collection":[{"href":"https:\/\/www.comercialanma.es\/index.php?rest_route=\/wp\/v2\/product"}],"about":[{"href":"https:\/\/www.comercialanma.es\/index.php?rest_route=\/wp\/v2\/types\/product"}],"version-history":[{"count":1,"href":"https:\/\/www.comercialanma.es\/index.php?rest_route=\/wp\/v2\/product\/8642\/revisions"}],"predecessor-version":[{"id":8644,"href":"https:\/\/www.comercialanma.es\/index.php?rest_route=\/wp\/v2\/product\/8642\/revisions\/8644"}],"wp:featuredmedia":[{"embeddable":true,"href":"https:\/\/www.comercialanma.es\/index.php?rest_route=\/wp\/v2\/media\/8643"}],"wp:attachment":[{"href":"https:\/\/www.comercialanma.es\/index.php?rest_route=%2Fwp%2Fv2%2Fmedia&parent=8642"}],"curies":[{"name":"wp","href":"https:\/\/api.w.org\/{rel}","templated":true}]}}