
{"id":8645,"date":"2019-07-26T16:06:51","date_gmt":"2019-07-26T14:06:51","guid":{"rendered":"http:\/\/www.comercialanma.es\/?post_type=product&#038;p=8645"},"modified":"2019-07-26T16:12:15","modified_gmt":"2019-07-26T14:12:15","slug":"ron-sailor-jerry-70cl","status":"publish","type":"product","link":"https:\/\/www.comercialanma.es\/?product=ron-sailor-jerry-70cl","title":{"rendered":"Ron Sailor Jerry 70cl."},"content":{"rendered":"<h3>Nota de cata:<\/h3>\n<div>\n<div id=\"tabs_content_container\">\n<div id=\"tab_cata_0\">\n<div id=\"tabs_content_container\">\n<div id=\"tab_cata_0\">\n<ul>\n<li>A la vista es de color \u00e1mbar anaranjado.<\/li>\n<li>Al olfato destacan aromas a vainilla con toques a canela y tofe.<\/li>\n<li>Al paladar predomina la vainilla, adem\u00e1s de notas c\u00e1lidas a canela y nuez moscada. Final largo y seco, de sabor dulce y toques a tofe tostado. Es un ron muy vers\u00e1til, que se puede tomar solo, con hielo o en combinados. 69 calor\u00edas.<\/li>\n<li>Graduaci\u00f3n: 40%.<\/li>\n<\/ul>\n<\/div>\n<\/div>\n<h3><\/h3>\n<\/div>\n<\/div>\n<\/div>\n","protected":false},"excerpt":{"rendered":"<p>Sailor Jerry es un ron blended especiado muy suave, con toques a vainilla y canela, elaborado de forma tradicional. Recibe su nombre de Norman Collins, alias Sailor Jerry, un experto tatuador de estilo oriental que perteneci\u00f3 a la armada estadounidense. Sus dise\u00f1os llenaron los brazos y torsos de numerosos soldados y marineros. Este ron lo elabora Sailor Jerry Ltd, una empresa fundada en 1999 por sus herederos. En sus or\u00edgenes vend\u00edan ropa y complementos con los dibujos de Norman, y posteriormente crearon esta bebida en su honor.<\/p>\n","protected":false},"featured_media":8646,"template":"","meta":{"spay_email":""},"yoast_head":"<!-- This site is optimized with the Yoast SEO plugin v15.9 - https:\/\/yoast.com\/wordpress\/plugins\/seo\/ -->\n<title>Ron Sailor Jerry 70cl. - Comercial de Hosteleria Anma<\/title>\n<meta name=\"robots\" content=\"index, follow, max-snippet:-1, max-image-preview:large, max-video-preview:-1\" \/>\n<link rel=\"canonical\" href=\"https:\/\/www.comercialanma.es\/?product=ron-sailor-jerry-70cl\" \/>\n<meta property=\"og:locale\" content=\"es_ES\" \/>\n<meta property=\"og:type\" content=\"article\" \/>\n<meta property=\"og:title\" content=\"Ron Sailor Jerry 70cl. - Comercial de Hosteleria Anma\" \/>\n<meta property=\"og:description\" content=\"Sailor Jerry es un ron blended especiado muy suave, con toques a vainilla y canela, elaborado de forma tradicional. Recibe su nombre de Norman Collins, alias Sailor Jerry, un experto tatuador de estilo oriental que perteneci\u00f3 a la armada estadounidense. Sus dise\u00f1os llenaron los brazos y torsos de numerosos soldados y marineros. Este ron lo elabora Sailor Jerry Ltd, una empresa fundada en 1999 por sus herederos. En sus or\u00edgenes vend\u00edan ropa y complementos con los dibujos de Norman, y posteriormente crearon esta bebida en su honor.\" \/>\n<meta property=\"og:url\" content=\"https:\/\/www.comercialanma.es\/?product=ron-sailor-jerry-70cl\" \/>\n<meta property=\"og:site_name\" content=\"Comercial de Hosteleria Anma\" \/>\n<meta property=\"article:publisher\" content=\"https:\/\/www.facebook.com\/AnmaHosteleria\" \/>\n<meta property=\"article:modified_time\" content=\"2019-07-26T14:12:15+00:00\" \/>\n<meta property=\"og:image\" content=\"https:\/\/i0.wp.com\/www.comercialanma.es\/wp-content\/uploads\/2019\/07\/Sailor-Jerry.jpg?fit=1200%2C1200&#038;ssl=1\" \/>\n\t<meta property=\"og:image:width\" content=\"1200\" \/>\n\t<meta property=\"og:image:height\" content=\"1200\" \/>\n<meta name=\"twitter:card\" content=\"summary_large_image\" \/>\n<script type=\"application\/ld+json\" class=\"yoast-schema-graph\">{\"@context\":\"https:\/\/schema.org\",\"@graph\":[{\"@type\":\"Organization\",\"@id\":\"https:\/\/www.comercialanma.es\/#organization\",\"name\":\"Comercial Anma\",\"url\":\"https:\/\/www.comercialanma.es\/\",\"sameAs\":[\"https:\/\/www.facebook.com\/AnmaHosteleria\",\"https:\/\/www.instagram.com\/anmahosteleria\/?hl=es\",\"https:\/\/www.youtube.com\/channel\/UCT2nmn08Ntks0hmpZPnDgCA\"],\"logo\":{\"@type\":\"ImageObject\",\"@id\":\"https:\/\/www.comercialanma.es\/#logo\",\"inLanguage\":\"es\",\"url\":\"https:\/\/i2.wp.com\/www.comercialanma.es\/wp-content\/uploads\/2019\/06\/logo-anma-color.png?fit=247%2C101&ssl=1\",\"width\":247,\"height\":101,\"caption\":\"Comercial Anma\"},\"image\":{\"@id\":\"https:\/\/www.comercialanma.es\/#logo\"}},{\"@type\":\"WebSite\",\"@id\":\"https:\/\/www.comercialanma.es\/#website\",\"url\":\"https:\/\/www.comercialanma.es\/\",\"name\":\"Comercial de Hosteleria Anma\",\"description\":\"\",\"publisher\":{\"@id\":\"https:\/\/www.comercialanma.es\/#organization\"},\"potentialAction\":[{\"@type\":\"SearchAction\",\"target\":\"https:\/\/www.comercialanma.es\/?s={search_term_string}\",\"query-input\":\"required name=search_term_string\"}],\"inLanguage\":\"es\"},{\"@type\":\"ImageObject\",\"@id\":\"https:\/\/www.comercialanma.es\/?product=ron-sailor-jerry-70cl#primaryimage\",\"inLanguage\":\"es\",\"url\":\"https:\/\/i0.wp.com\/www.comercialanma.es\/wp-content\/uploads\/2019\/07\/Sailor-Jerry.jpg?fit=1200%2C1200&ssl=1\",\"width\":1200,\"height\":1200},{\"@type\":\"WebPage\",\"@id\":\"https:\/\/www.comercialanma.es\/?product=ron-sailor-jerry-70cl#webpage\",\"url\":\"https:\/\/www.comercialanma.es\/?product=ron-sailor-jerry-70cl\",\"name\":\"Ron Sailor Jerry 70cl. - Comercial de Hosteleria Anma\",\"isPartOf\":{\"@id\":\"https:\/\/www.comercialanma.es\/#website\"},\"primaryImageOfPage\":{\"@id\":\"https:\/\/www.comercialanma.es\/?product=ron-sailor-jerry-70cl#primaryimage\"},\"datePublished\":\"2019-07-26T14:06:51+00:00\",\"dateModified\":\"2019-07-26T14:12:15+00:00\",\"breadcrumb\":{\"@id\":\"https:\/\/www.comercialanma.es\/?product=ron-sailor-jerry-70cl#breadcrumb\"},\"inLanguage\":\"es\",\"potentialAction\":[{\"@type\":\"ReadAction\",\"target\":[\"https:\/\/www.comercialanma.es\/?product=ron-sailor-jerry-70cl\"]}]},{\"@type\":\"BreadcrumbList\",\"@id\":\"https:\/\/www.comercialanma.es\/?product=ron-sailor-jerry-70cl#breadcrumb\",\"itemListElement\":[{\"@type\":\"ListItem\",\"position\":1,\"item\":{\"@type\":\"WebPage\",\"@id\":\"https:\/\/www.comercialanma.es\/\",\"url\":\"https:\/\/www.comercialanma.es\/\",\"name\":\"Portada\"}},{\"@type\":\"ListItem\",\"position\":2,\"item\":{\"@type\":\"WebPage\",\"@id\":\"https:\/\/www.comercialanma.es\/?page_id=3963\",\"url\":\"https:\/\/www.comercialanma.es\/?page_id=3963\",\"name\":\"Cat\\u00e1logo de Productos\"}},{\"@type\":\"ListItem\",\"position\":3,\"item\":{\"@type\":\"WebPage\",\"@id\":\"https:\/\/www.comercialanma.es\/?product=ron-sailor-jerry-70cl\",\"url\":\"https:\/\/www.comercialanma.es\/?product=ron-sailor-jerry-70cl\",\"name\":\"Ron Sailor Jerry 70cl.\"}}]}]}<\/script>\n<!-- \/ Yoast SEO plugin. -->","_links":{"self":[{"href":"https:\/\/www.comercialanma.es\/index.php?rest_route=\/wp\/v2\/product\/8645"}],"collection":[{"href":"https:\/\/www.comercialanma.es\/index.php?rest_route=\/wp\/v2\/product"}],"about":[{"href":"https:\/\/www.comercialanma.es\/index.php?rest_route=\/wp\/v2\/types\/product"}],"version-history":[{"count":1,"href":"https:\/\/www.comercialanma.es\/index.php?rest_route=\/wp\/v2\/product\/8645\/revisions"}],"predecessor-version":[{"id":8647,"href":"https:\/\/www.comercialanma.es\/index.php?rest_route=\/wp\/v2\/product\/8645\/revisions\/8647"}],"wp:featuredmedia":[{"embeddable":true,"href":"https:\/\/www.comercialanma.es\/index.php?rest_route=\/wp\/v2\/media\/8646"}],"wp:attachment":[{"href":"https:\/\/www.comercialanma.es\/index.php?rest_route=%2Fwp%2Fv2%2Fmedia&parent=8645"}],"curies":[{"name":"wp","href":"https:\/\/api.w.org\/{rel}","templated":true}]}}