
{"id":8661,"date":"2019-07-29T10:10:48","date_gmt":"2019-07-29T08:10:48","guid":{"rendered":"http:\/\/www.comercialanma.es\/?post_type=product&#038;p=8661"},"modified":"2022-03-14T11:11:24","modified_gmt":"2022-03-14T10:11:24","slug":"ron-almirante-blanco","status":"publish","type":"product","link":"https:\/\/www.comercialanma.es\/?product=ron-almirante-blanco","title":{"rendered":"Ron Almirante blanco Extra Dry 70cl."},"content":{"rendered":"<ul>\n<li>Color: Se trata de un ron transparente.<\/li>\n<li>Olor: Es muy com\u00fan mantenerlo en cubas tras su fermentaci\u00f3n, as\u00ed pueden exprimir de la mejor manera posible todos sus aromas.<\/li>\n<li>Sabor: Ligero al paladar por su baja graduaci\u00f3n, lo que tambi\u00e9n le otorga cierta suavidad. Con un final seco y limpio pero con un final fresco.<\/li>\n<\/ul>\n","protected":false},"excerpt":{"rendered":"<div>\n<div id=\"short_description_content\">\n<p>Capacidad: 70 cl.<\/p>\n<p>Elaborado por: Jos\u00e9 Estevez<\/p>\n<p>Hecho en: Espa\u00f1a<\/p>\n<p>Graduaci\u00f3n: 37,5% Vol.<\/p>\n<\/div>\n<\/div>\n","protected":false},"featured_media":21024,"template":"","meta":{"spay_email":""},"yoast_head":"<!-- This site is optimized with the Yoast SEO plugin v15.9 - https:\/\/yoast.com\/wordpress\/plugins\/seo\/ -->\n<title>Ron Almirante blanco Extra Dry 70cl. - Comercial de Hosteleria Anma<\/title>\n<meta name=\"description\" content=\"Ron Almirante blanco | 70cl. | Ron transparente, ligero al paladar por su baja graduaci\u00f3n, lo que tambi\u00e9n le otorga cierta suavidad.\" \/>\n<meta name=\"robots\" content=\"index, follow, max-snippet:-1, max-image-preview:large, max-video-preview:-1\" \/>\n<link rel=\"canonical\" href=\"https:\/\/www.comercialanma.es\/?product=ron-almirante-blanco\" \/>\n<meta property=\"og:locale\" content=\"es_ES\" \/>\n<meta property=\"og:type\" content=\"article\" \/>\n<meta property=\"og:title\" content=\"Ron Almirante blanco Extra Dry 70cl. - Comercial de Hosteleria Anma\" \/>\n<meta property=\"og:description\" content=\"Ron Almirante blanco | 70cl. | Ron transparente, ligero al paladar por su baja graduaci\u00f3n, lo que tambi\u00e9n le otorga cierta suavidad.\" \/>\n<meta property=\"og:url\" content=\"https:\/\/www.comercialanma.es\/?product=ron-almirante-blanco\" \/>\n<meta property=\"og:site_name\" content=\"Comercial de Hosteleria Anma\" \/>\n<meta property=\"article:publisher\" content=\"https:\/\/www.facebook.com\/AnmaHosteleria\" \/>\n<meta property=\"article:modified_time\" content=\"2022-03-14T10:11:24+00:00\" \/>\n<meta property=\"og:image\" content=\"https:\/\/i1.wp.com\/www.comercialanma.es\/wp-content\/uploads\/2019\/07\/RON-BLANCO-ALMIRANTE.jpg?fit=1080%2C1080&#038;ssl=1\" \/>\n\t<meta property=\"og:image:width\" content=\"1080\" \/>\n\t<meta property=\"og:image:height\" content=\"1080\" \/>\n<meta name=\"twitter:card\" content=\"summary_large_image\" \/>\n<meta name=\"twitter:label1\" content=\"Tiempo de lectura\">\n\t<meta name=\"twitter:data1\" content=\"1 minuto\">\n<script type=\"application\/ld+json\" class=\"yoast-schema-graph\">{\"@context\":\"https:\/\/schema.org\",\"@graph\":[{\"@type\":\"Organization\",\"@id\":\"https:\/\/www.comercialanma.es\/#organization\",\"name\":\"Comercial Anma\",\"url\":\"https:\/\/www.comercialanma.es\/\",\"sameAs\":[\"https:\/\/www.facebook.com\/AnmaHosteleria\",\"https:\/\/www.instagram.com\/anmahosteleria\/?hl=es\",\"https:\/\/www.youtube.com\/channel\/UCT2nmn08Ntks0hmpZPnDgCA\"],\"logo\":{\"@type\":\"ImageObject\",\"@id\":\"https:\/\/www.comercialanma.es\/#logo\",\"inLanguage\":\"es\",\"url\":\"https:\/\/i2.wp.com\/www.comercialanma.es\/wp-content\/uploads\/2019\/06\/logo-anma-color.png?fit=247%2C101&ssl=1\",\"width\":247,\"height\":101,\"caption\":\"Comercial Anma\"},\"image\":{\"@id\":\"https:\/\/www.comercialanma.es\/#logo\"}},{\"@type\":\"WebSite\",\"@id\":\"https:\/\/www.comercialanma.es\/#website\",\"url\":\"https:\/\/www.comercialanma.es\/\",\"name\":\"Comercial de Hosteleria Anma\",\"description\":\"\",\"publisher\":{\"@id\":\"https:\/\/www.comercialanma.es\/#organization\"},\"potentialAction\":[{\"@type\":\"SearchAction\",\"target\":\"https:\/\/www.comercialanma.es\/?s={search_term_string}\",\"query-input\":\"required name=search_term_string\"}],\"inLanguage\":\"es\"},{\"@type\":\"ImageObject\",\"@id\":\"https:\/\/www.comercialanma.es\/?product=ron-almirante-blanco#primaryimage\",\"inLanguage\":\"es\",\"url\":\"https:\/\/i1.wp.com\/www.comercialanma.es\/wp-content\/uploads\/2019\/07\/RON-BLANCO-ALMIRANTE.jpg?fit=1080%2C1080&ssl=1\",\"width\":1080,\"height\":1080},{\"@type\":\"WebPage\",\"@id\":\"https:\/\/www.comercialanma.es\/?product=ron-almirante-blanco#webpage\",\"url\":\"https:\/\/www.comercialanma.es\/?product=ron-almirante-blanco\",\"name\":\"Ron Almirante blanco Extra Dry 70cl. - Comercial de Hosteleria Anma\",\"isPartOf\":{\"@id\":\"https:\/\/www.comercialanma.es\/#website\"},\"primaryImageOfPage\":{\"@id\":\"https:\/\/www.comercialanma.es\/?product=ron-almirante-blanco#primaryimage\"},\"datePublished\":\"2019-07-29T08:10:48+00:00\",\"dateModified\":\"2022-03-14T10:11:24+00:00\",\"description\":\"Ron Almirante blanco | 70cl. | Ron transparente, ligero al paladar por su baja graduaci\\u00f3n, lo que tambi\\u00e9n le otorga cierta suavidad.\",\"breadcrumb\":{\"@id\":\"https:\/\/www.comercialanma.es\/?product=ron-almirante-blanco#breadcrumb\"},\"inLanguage\":\"es\",\"potentialAction\":[{\"@type\":\"ReadAction\",\"target\":[\"https:\/\/www.comercialanma.es\/?product=ron-almirante-blanco\"]}]},{\"@type\":\"BreadcrumbList\",\"@id\":\"https:\/\/www.comercialanma.es\/?product=ron-almirante-blanco#breadcrumb\",\"itemListElement\":[{\"@type\":\"ListItem\",\"position\":1,\"item\":{\"@type\":\"WebPage\",\"@id\":\"https:\/\/www.comercialanma.es\/\",\"url\":\"https:\/\/www.comercialanma.es\/\",\"name\":\"Portada\"}},{\"@type\":\"ListItem\",\"position\":2,\"item\":{\"@type\":\"WebPage\",\"@id\":\"https:\/\/www.comercialanma.es\/?page_id=3963\",\"url\":\"https:\/\/www.comercialanma.es\/?page_id=3963\",\"name\":\"Cat\\u00e1logo de Productos\"}},{\"@type\":\"ListItem\",\"position\":3,\"item\":{\"@type\":\"WebPage\",\"@id\":\"https:\/\/www.comercialanma.es\/?product=ron-almirante-blanco\",\"url\":\"https:\/\/www.comercialanma.es\/?product=ron-almirante-blanco\",\"name\":\"Ron Almirante blanco Extra Dry 70cl.\"}}]}]}<\/script>\n<!-- \/ Yoast SEO plugin. -->","_links":{"self":[{"href":"https:\/\/www.comercialanma.es\/index.php?rest_route=\/wp\/v2\/product\/8661"}],"collection":[{"href":"https:\/\/www.comercialanma.es\/index.php?rest_route=\/wp\/v2\/product"}],"about":[{"href":"https:\/\/www.comercialanma.es\/index.php?rest_route=\/wp\/v2\/types\/product"}],"version-history":[{"count":3,"href":"https:\/\/www.comercialanma.es\/index.php?rest_route=\/wp\/v2\/product\/8661\/revisions"}],"predecessor-version":[{"id":21025,"href":"https:\/\/www.comercialanma.es\/index.php?rest_route=\/wp\/v2\/product\/8661\/revisions\/21025"}],"wp:featuredmedia":[{"embeddable":true,"href":"https:\/\/www.comercialanma.es\/index.php?rest_route=\/wp\/v2\/media\/21024"}],"wp:attachment":[{"href":"https:\/\/www.comercialanma.es\/index.php?rest_route=%2Fwp%2Fv2%2Fmedia&parent=8661"}],"curies":[{"name":"wp","href":"https:\/\/api.w.org\/{rel}","templated":true}]}}