
{"id":8691,"date":"2019-07-29T11:24:35","date_gmt":"2019-07-29T09:24:35","guid":{"rendered":"http:\/\/www.comercialanma.es\/?post_type=product&#038;p=8691"},"modified":"2019-07-29T11:38:14","modified_gmt":"2019-07-29T09:38:14","slug":"ron-santa-teresa-gran-reserva-copia","status":"publish","type":"product","link":"https:\/\/www.comercialanma.es\/?product=ron-santa-teresa-gran-reserva-copia","title":{"rendered":"Ron Santa Teresa Solera 1796 70cl."},"content":{"rendered":"<h3>Nota de cata:<\/h3>\n<ul>\n<li>Color: Ron Santa Teresa 1796 es un ron de color \u00e1mbar rojizo y rico en l\u00e1grimas.<\/li>\n<li>Aromas: De aroma afrutado, con notas de miel y chocolate negro.<\/li>\n<li>Sabor: Su sabor es meloso y complejo, ofrece notas de tabaco y cuero, tostado, ahumado. Es un ron redondo, con el balance que s\u00f3lo el m\u00e9todo de Solera puede aportar. De cuerpo firme y al mismo tiempo delicado y elegante, aterciopelado. Al final evoca los atributos que le confieren los robles que lo a\u00f1ejaron.<\/li>\n<li>Graduaci\u00f3n: 40% Vol.<\/li>\n<\/ul>\n","protected":false},"excerpt":{"rendered":"<p>Ron Santa Teresa 1796 es el \u00fanico a\u00f1ejo totalmente elaborado mediante el antiguo m\u00e9todo de Solera, un proceso artesanal en barricas de roble que tradicionalmente se hab\u00eda reservado para el jerez y brandy espa\u00f1ol. Sali\u00f3 al mercado en el a\u00f1o 1996 con motivo de la celebraci\u00f3n del bicentenario de Hacienda Santa Teresa.<\/p>\n<p>Es un blend elaborado por rones j\u00f3venes y el ron madre de la Hacienda, de entre 4 a 25 a\u00f1os. Se realiza mediante un proceso artesanal de fabricaci\u00f3n mediante cuatro hileras de barrica de roble blanco americano, llenas al 50% de su capacidad lo que permite una \u00f3ptima oxigenaci\u00f3n del ron. Posteriormente se traspasa a barricas de roble franc\u00e9s donde reposa durante varios a\u00f1os hasta su embotellamiento.<\/p>\n<p>Su variedad Ron Santa Teresa 1796 Ultra Premium ha sido catalogado por los m\u00e1s exigentes jurados como \u201cel mejor ron del mundo\u201d.<\/p>\n","protected":false},"featured_media":8696,"template":"","meta":{"spay_email":""},"yoast_head":"<!-- This site is optimized with the Yoast SEO plugin v15.9 - https:\/\/yoast.com\/wordpress\/plugins\/seo\/ -->\n<title>Ron Santa Teresa Solera 1796 70cl. - Comercial de Hosteleria Anma<\/title>\n<meta name=\"robots\" content=\"index, follow, max-snippet:-1, max-image-preview:large, max-video-preview:-1\" \/>\n<link rel=\"canonical\" href=\"https:\/\/www.comercialanma.es\/?product=ron-santa-teresa-gran-reserva-copia\" \/>\n<meta property=\"og:locale\" content=\"es_ES\" \/>\n<meta property=\"og:type\" content=\"article\" \/>\n<meta property=\"og:title\" content=\"Ron Santa Teresa Solera 1796 70cl. - Comercial de Hosteleria Anma\" \/>\n<meta property=\"og:description\" content=\"Ron Santa Teresa 1796 es el \u00fanico a\u00f1ejo totalmente elaborado mediante el antiguo m\u00e9todo de Solera, un proceso artesanal en barricas de roble que tradicionalmente se hab\u00eda reservado para el jerez y brandy espa\u00f1ol. Sali\u00f3 al mercado en el a\u00f1o 1996 con motivo de la celebraci\u00f3n del bicentenario de Hacienda Santa Teresa.  Es un blend elaborado por rones j\u00f3venes y el ron madre de la Hacienda, de entre 4 a 25 a\u00f1os. Se realiza mediante un proceso artesanal de fabricaci\u00f3n mediante cuatro hileras de barrica de roble blanco americano, llenas al 50% de su capacidad lo que permite una \u00f3ptima oxigenaci\u00f3n del ron. Posteriormente se traspasa a barricas de roble franc\u00e9s donde reposa durante varios a\u00f1os hasta su embotellamiento.  Su variedad Ron Santa Teresa 1796 Ultra Premium ha sido catalogado por los m\u00e1s exigentes jurados como \u201cel mejor ron del mundo\u201d.\" \/>\n<meta property=\"og:url\" content=\"https:\/\/www.comercialanma.es\/?product=ron-santa-teresa-gran-reserva-copia\" \/>\n<meta property=\"og:site_name\" content=\"Comercial de Hosteleria Anma\" \/>\n<meta property=\"article:publisher\" content=\"https:\/\/www.facebook.com\/AnmaHosteleria\" \/>\n<meta property=\"article:modified_time\" content=\"2019-07-29T09:38:14+00:00\" \/>\n<meta property=\"og:image\" content=\"https:\/\/i1.wp.com\/www.comercialanma.es\/wp-content\/uploads\/2019\/07\/Santa-Teresa-1796.jpg?fit=1200%2C1200&#038;ssl=1\" \/>\n\t<meta property=\"og:image:width\" content=\"1200\" \/>\n\t<meta property=\"og:image:height\" content=\"1200\" \/>\n<meta name=\"twitter:card\" content=\"summary_large_image\" \/>\n<script type=\"application\/ld+json\" class=\"yoast-schema-graph\">{\"@context\":\"https:\/\/schema.org\",\"@graph\":[{\"@type\":\"Organization\",\"@id\":\"https:\/\/www.comercialanma.es\/#organization\",\"name\":\"Comercial Anma\",\"url\":\"https:\/\/www.comercialanma.es\/\",\"sameAs\":[\"https:\/\/www.facebook.com\/AnmaHosteleria\",\"https:\/\/www.instagram.com\/anmahosteleria\/?hl=es\",\"https:\/\/www.youtube.com\/channel\/UCT2nmn08Ntks0hmpZPnDgCA\"],\"logo\":{\"@type\":\"ImageObject\",\"@id\":\"https:\/\/www.comercialanma.es\/#logo\",\"inLanguage\":\"es\",\"url\":\"https:\/\/i2.wp.com\/www.comercialanma.es\/wp-content\/uploads\/2019\/06\/logo-anma-color.png?fit=247%2C101&ssl=1\",\"width\":247,\"height\":101,\"caption\":\"Comercial Anma\"},\"image\":{\"@id\":\"https:\/\/www.comercialanma.es\/#logo\"}},{\"@type\":\"WebSite\",\"@id\":\"https:\/\/www.comercialanma.es\/#website\",\"url\":\"https:\/\/www.comercialanma.es\/\",\"name\":\"Comercial de Hosteleria Anma\",\"description\":\"\",\"publisher\":{\"@id\":\"https:\/\/www.comercialanma.es\/#organization\"},\"potentialAction\":[{\"@type\":\"SearchAction\",\"target\":\"https:\/\/www.comercialanma.es\/?s={search_term_string}\",\"query-input\":\"required name=search_term_string\"}],\"inLanguage\":\"es\"},{\"@type\":\"ImageObject\",\"@id\":\"https:\/\/www.comercialanma.es\/?product=ron-santa-teresa-gran-reserva-copia#primaryimage\",\"inLanguage\":\"es\",\"url\":\"https:\/\/i1.wp.com\/www.comercialanma.es\/wp-content\/uploads\/2019\/07\/Santa-Teresa-1796.jpg?fit=1200%2C1200&ssl=1\",\"width\":1200,\"height\":1200},{\"@type\":\"WebPage\",\"@id\":\"https:\/\/www.comercialanma.es\/?product=ron-santa-teresa-gran-reserva-copia#webpage\",\"url\":\"https:\/\/www.comercialanma.es\/?product=ron-santa-teresa-gran-reserva-copia\",\"name\":\"Ron Santa Teresa Solera 1796 70cl. - Comercial de Hosteleria Anma\",\"isPartOf\":{\"@id\":\"https:\/\/www.comercialanma.es\/#website\"},\"primaryImageOfPage\":{\"@id\":\"https:\/\/www.comercialanma.es\/?product=ron-santa-teresa-gran-reserva-copia#primaryimage\"},\"datePublished\":\"2019-07-29T09:24:35+00:00\",\"dateModified\":\"2019-07-29T09:38:14+00:00\",\"breadcrumb\":{\"@id\":\"https:\/\/www.comercialanma.es\/?product=ron-santa-teresa-gran-reserva-copia#breadcrumb\"},\"inLanguage\":\"es\",\"potentialAction\":[{\"@type\":\"ReadAction\",\"target\":[\"https:\/\/www.comercialanma.es\/?product=ron-santa-teresa-gran-reserva-copia\"]}]},{\"@type\":\"BreadcrumbList\",\"@id\":\"https:\/\/www.comercialanma.es\/?product=ron-santa-teresa-gran-reserva-copia#breadcrumb\",\"itemListElement\":[{\"@type\":\"ListItem\",\"position\":1,\"item\":{\"@type\":\"WebPage\",\"@id\":\"https:\/\/www.comercialanma.es\/\",\"url\":\"https:\/\/www.comercialanma.es\/\",\"name\":\"Portada\"}},{\"@type\":\"ListItem\",\"position\":2,\"item\":{\"@type\":\"WebPage\",\"@id\":\"https:\/\/www.comercialanma.es\/?page_id=3963\",\"url\":\"https:\/\/www.comercialanma.es\/?page_id=3963\",\"name\":\"Cat\\u00e1logo de Productos\"}},{\"@type\":\"ListItem\",\"position\":3,\"item\":{\"@type\":\"WebPage\",\"@id\":\"https:\/\/www.comercialanma.es\/?product=ron-santa-teresa-gran-reserva-copia\",\"url\":\"https:\/\/www.comercialanma.es\/?product=ron-santa-teresa-gran-reserva-copia\",\"name\":\"Ron Santa Teresa Solera 1796 70cl.\"}}]}]}<\/script>\n<!-- \/ Yoast SEO plugin. -->","_links":{"self":[{"href":"https:\/\/www.comercialanma.es\/index.php?rest_route=\/wp\/v2\/product\/8691"}],"collection":[{"href":"https:\/\/www.comercialanma.es\/index.php?rest_route=\/wp\/v2\/product"}],"about":[{"href":"https:\/\/www.comercialanma.es\/index.php?rest_route=\/wp\/v2\/types\/product"}],"version-history":[{"count":3,"href":"https:\/\/www.comercialanma.es\/index.php?rest_route=\/wp\/v2\/product\/8691\/revisions"}],"predecessor-version":[{"id":8697,"href":"https:\/\/www.comercialanma.es\/index.php?rest_route=\/wp\/v2\/product\/8691\/revisions\/8697"}],"wp:featuredmedia":[{"embeddable":true,"href":"https:\/\/www.comercialanma.es\/index.php?rest_route=\/wp\/v2\/media\/8696"}],"wp:attachment":[{"href":"https:\/\/www.comercialanma.es\/index.php?rest_route=%2Fwp%2Fv2%2Fmedia&parent=8691"}],"curies":[{"name":"wp","href":"https:\/\/api.w.org\/{rel}","templated":true}]}}