
{"id":8723,"date":"2019-07-30T10:35:41","date_gmt":"2019-07-30T08:35:41","guid":{"rendered":"http:\/\/www.comercialanma.es\/?post_type=product&#038;p=8723"},"modified":"2019-07-30T10:47:38","modified_gmt":"2019-07-30T08:47:38","slug":"ron-diplomatico-muntuano-70cl","status":"publish","type":"product","link":"https:\/\/www.comercialanma.es\/?product=ron-diplomatico-muntuano-70cl","title":{"rendered":"Ron Diplom\u00e1tico Muntuano 70cl."},"content":{"rendered":"<h3>Nota de cata:<\/h3>\n<ul>\n<li>Ron Diplom\u00e1tico Edici\u00f3n Mantuano es color dorado oscuro.<\/li>\n<li>Se perciben notas de frutos secos (ciruelas), roble y un delicado toque picante.<\/li>\n<li>En boca es complejo y bien equilibrado con notas de frutos secos, madera y vainilla. Concluye con un final armonioso y ligeramente seco.<\/li>\n<li>Gracuaci\u00f3n: 40% vol.<\/li>\n<\/ul>\n<p>&nbsp;<\/p>\n<p>&nbsp;<\/p>\n","protected":false},"excerpt":{"rendered":"<div>\n<div id=\"short_description_content\">\n<p>El Ron Diplomatico Mantuano es un ron premium de Venezuela extraordinariamente mezclado y envejecido hasta 8 a\u00f1os, que muestra un excelente equilibrio. Este destilado tiene un perfil de sabor ideal para mezclar en c\u00f3cteles. Es tambi\u00e9n perfecto para tomar en solitario, por su cuerpo y complejidad. En nariz podemos encontrar unos primeros aromas de frutos secos, ciruelas, roble y un delicado toque picante. La entrada proporciona notas complejas y bien equilibradas de frutos secos, madera y vainilla concluyendo con un final agradable. El ron Diplomatico Mantuano, como todos los rones de la casa est\u00e1 cuidadosamente elaborado a partir de una ca\u00f1a de az\u00facar de alta calidad, y es destilado utilizando diversos m\u00e9todos tradicionales.<br \/>\nLa destiler\u00eda se encuentra en el Pie de Monte Andino, en Venezuela, cerca de los principales terrenos de ca\u00f1a de az\u00facar y el Parque Nacional Terepaima, que ofrece un agua muy pura para la producci\u00f3n de sus rones.<\/p>\n<\/div>\n<\/div>\n","protected":false},"featured_media":8724,"template":"","meta":{"spay_email":""},"yoast_head":"<!-- This site is optimized with the Yoast SEO plugin v15.9 - https:\/\/yoast.com\/wordpress\/plugins\/seo\/ -->\n<title>Ron Diplom\u00e1tico Muntuano 70cl. - Comercial de Hosteleria Anma<\/title>\n<meta name=\"robots\" content=\"index, follow, max-snippet:-1, max-image-preview:large, max-video-preview:-1\" \/>\n<link rel=\"canonical\" href=\"https:\/\/www.comercialanma.es\/?product=ron-diplomatico-muntuano-70cl\" \/>\n<meta property=\"og:locale\" content=\"es_ES\" \/>\n<meta property=\"og:type\" content=\"article\" \/>\n<meta property=\"og:title\" content=\"Ron Diplom\u00e1tico Muntuano 70cl. - Comercial de Hosteleria Anma\" \/>\n<meta property=\"og:description\" content=\"El Ron Diplomatico Mantuano es un ron premium de Venezuela extraordinariamente mezclado y envejecido hasta 8 a\u00f1os, que muestra un excelente equilibrio. Este destilado tiene un perfil de sabor ideal para mezclar en c\u00f3cteles. Es tambi\u00e9n perfecto para tomar en solitario, por su cuerpo y complejidad. En nariz podemos encontrar unos primeros aromas de frutos secos, ciruelas, roble y un delicado toque picante. La entrada proporciona notas complejas y bien equilibradas de frutos secos, madera y vainilla concluyendo con un final agradable. El ron Diplomatico Mantuano, como todos los rones de la casa est\u00e1 cuidadosamente elaborado a partir de una ca\u00f1a de az\u00facar de alta calidad, y es destilado utilizando diversos m\u00e9todos tradicionales. La destiler\u00eda se encuentra en el Pie de Monte Andino, en Venezuela, cerca de los principales terrenos de ca\u00f1a de az\u00facar y el Parque Nacional Terepaima, que ofrece un agua muy pura para la producci\u00f3n de sus rones.\" \/>\n<meta property=\"og:url\" content=\"https:\/\/www.comercialanma.es\/?product=ron-diplomatico-muntuano-70cl\" \/>\n<meta property=\"og:site_name\" content=\"Comercial de Hosteleria Anma\" \/>\n<meta property=\"article:publisher\" content=\"https:\/\/www.facebook.com\/AnmaHosteleria\" \/>\n<meta property=\"article:modified_time\" content=\"2019-07-30T08:47:38+00:00\" \/>\n<meta property=\"og:image\" content=\"https:\/\/i2.wp.com\/www.comercialanma.es\/wp-content\/uploads\/2019\/07\/Diplomatico-Muntuano.jpg?fit=1200%2C1200&#038;ssl=1\" \/>\n\t<meta property=\"og:image:width\" content=\"1200\" \/>\n\t<meta property=\"og:image:height\" content=\"1200\" \/>\n<meta name=\"twitter:card\" content=\"summary_large_image\" \/>\n<script type=\"application\/ld+json\" class=\"yoast-schema-graph\">{\"@context\":\"https:\/\/schema.org\",\"@graph\":[{\"@type\":\"Organization\",\"@id\":\"https:\/\/www.comercialanma.es\/#organization\",\"name\":\"Comercial Anma\",\"url\":\"https:\/\/www.comercialanma.es\/\",\"sameAs\":[\"https:\/\/www.facebook.com\/AnmaHosteleria\",\"https:\/\/www.instagram.com\/anmahosteleria\/?hl=es\",\"https:\/\/www.youtube.com\/channel\/UCT2nmn08Ntks0hmpZPnDgCA\"],\"logo\":{\"@type\":\"ImageObject\",\"@id\":\"https:\/\/www.comercialanma.es\/#logo\",\"inLanguage\":\"es\",\"url\":\"https:\/\/i2.wp.com\/www.comercialanma.es\/wp-content\/uploads\/2019\/06\/logo-anma-color.png?fit=247%2C101&ssl=1\",\"width\":247,\"height\":101,\"caption\":\"Comercial Anma\"},\"image\":{\"@id\":\"https:\/\/www.comercialanma.es\/#logo\"}},{\"@type\":\"WebSite\",\"@id\":\"https:\/\/www.comercialanma.es\/#website\",\"url\":\"https:\/\/www.comercialanma.es\/\",\"name\":\"Comercial de Hosteleria Anma\",\"description\":\"\",\"publisher\":{\"@id\":\"https:\/\/www.comercialanma.es\/#organization\"},\"potentialAction\":[{\"@type\":\"SearchAction\",\"target\":\"https:\/\/www.comercialanma.es\/?s={search_term_string}\",\"query-input\":\"required name=search_term_string\"}],\"inLanguage\":\"es\"},{\"@type\":\"ImageObject\",\"@id\":\"https:\/\/www.comercialanma.es\/?product=ron-diplomatico-muntuano-70cl#primaryimage\",\"inLanguage\":\"es\",\"url\":\"https:\/\/i2.wp.com\/www.comercialanma.es\/wp-content\/uploads\/2019\/07\/Diplomatico-Muntuano.jpg?fit=1200%2C1200&ssl=1\",\"width\":1200,\"height\":1200},{\"@type\":\"WebPage\",\"@id\":\"https:\/\/www.comercialanma.es\/?product=ron-diplomatico-muntuano-70cl#webpage\",\"url\":\"https:\/\/www.comercialanma.es\/?product=ron-diplomatico-muntuano-70cl\",\"name\":\"Ron Diplom\\u00e1tico Muntuano 70cl. - Comercial de Hosteleria Anma\",\"isPartOf\":{\"@id\":\"https:\/\/www.comercialanma.es\/#website\"},\"primaryImageOfPage\":{\"@id\":\"https:\/\/www.comercialanma.es\/?product=ron-diplomatico-muntuano-70cl#primaryimage\"},\"datePublished\":\"2019-07-30T08:35:41+00:00\",\"dateModified\":\"2019-07-30T08:47:38+00:00\",\"breadcrumb\":{\"@id\":\"https:\/\/www.comercialanma.es\/?product=ron-diplomatico-muntuano-70cl#breadcrumb\"},\"inLanguage\":\"es\",\"potentialAction\":[{\"@type\":\"ReadAction\",\"target\":[\"https:\/\/www.comercialanma.es\/?product=ron-diplomatico-muntuano-70cl\"]}]},{\"@type\":\"BreadcrumbList\",\"@id\":\"https:\/\/www.comercialanma.es\/?product=ron-diplomatico-muntuano-70cl#breadcrumb\",\"itemListElement\":[{\"@type\":\"ListItem\",\"position\":1,\"item\":{\"@type\":\"WebPage\",\"@id\":\"https:\/\/www.comercialanma.es\/\",\"url\":\"https:\/\/www.comercialanma.es\/\",\"name\":\"Portada\"}},{\"@type\":\"ListItem\",\"position\":2,\"item\":{\"@type\":\"WebPage\",\"@id\":\"https:\/\/www.comercialanma.es\/?page_id=3963\",\"url\":\"https:\/\/www.comercialanma.es\/?page_id=3963\",\"name\":\"Cat\\u00e1logo de Productos\"}},{\"@type\":\"ListItem\",\"position\":3,\"item\":{\"@type\":\"WebPage\",\"@id\":\"https:\/\/www.comercialanma.es\/?product=ron-diplomatico-muntuano-70cl\",\"url\":\"https:\/\/www.comercialanma.es\/?product=ron-diplomatico-muntuano-70cl\",\"name\":\"Ron Diplom\\u00e1tico Muntuano 70cl.\"}}]}]}<\/script>\n<!-- \/ Yoast SEO plugin. -->","_links":{"self":[{"href":"https:\/\/www.comercialanma.es\/index.php?rest_route=\/wp\/v2\/product\/8723"}],"collection":[{"href":"https:\/\/www.comercialanma.es\/index.php?rest_route=\/wp\/v2\/product"}],"about":[{"href":"https:\/\/www.comercialanma.es\/index.php?rest_route=\/wp\/v2\/types\/product"}],"version-history":[{"count":2,"href":"https:\/\/www.comercialanma.es\/index.php?rest_route=\/wp\/v2\/product\/8723\/revisions"}],"predecessor-version":[{"id":8728,"href":"https:\/\/www.comercialanma.es\/index.php?rest_route=\/wp\/v2\/product\/8723\/revisions\/8728"}],"wp:featuredmedia":[{"embeddable":true,"href":"https:\/\/www.comercialanma.es\/index.php?rest_route=\/wp\/v2\/media\/8724"}],"wp:attachment":[{"href":"https:\/\/www.comercialanma.es\/index.php?rest_route=%2Fwp%2Fv2%2Fmedia&parent=8723"}],"curies":[{"name":"wp","href":"https:\/\/api.w.org\/{rel}","templated":true}]}}